{"id":2234,"date":"2024-11-22T13:39:12","date_gmt":"2024-11-22T13:39:12","guid":{"rendered":"https:\/\/btcpaywall.com\/home\/"},"modified":"2025-12-13T13:25:39","modified_gmt":"2025-12-13T13:25:39","slug":"home","status":"publish","type":"page","link":"https:\/\/btcpaywall.com\/de\/","title":{"rendered":"HOME"},"content":{"rendered":"<div class=\"wpb-content-wrapper\">[vc_row full_width=&#8220;stretch_row&#8220; fullwidth=&#8220;yes&#8220; css=&#8220;.vc_custom_1732456449457{margin-top: -50px !important;}&#8220; background_color=&#8220;#6393C7&#8243;][vc_column][vc_empty_space height=&#8220;70px&#8220;][vc_column_text css=&#8220;&#8220;]\n<h1 style=\"text-align: center;\"><span style=\"color: #ffffff;\"><strong>Monetarisieren Sie Ihre WordPress-Inhalte mit Bitcoin Lightning<\/strong><\/span><\/h1>\n[\/vc_column_text][vc_single_image image=&#8220;33&#8243; img_size=&#8220;full&#8220; alignment=&#8220;center&#8220; css=&#8220;.vc_custom_1732456342416{padding-top: -20px !important;}&#8220;][vc_column_text css=&#8220;&#8220;]\n<h2 style=\"text-align: center;\" data-start=\"530\" data-end=\"594\"><span style=\"color: #ffffff;\"><strong data-start=\"533\" data-end=\"594\">Die WordPress Bitcoin-Paywall f\u00fcr kostenpflichtige Artikelinhalte<\/strong><\/span><\/h2>\n[\/vc_column_text][vc_empty_space height=&#8220;70px&#8220;][\/vc_column][\/vc_row][vc_row][vc_column][vc_column_text css=&#8220;&#8220;]Die Coinsnap WordPress Bitcoin Paywall ist das einfachste und schnellste Plugin f\u00fcr Pay-per-Article und Pay-per-Post Monetarisierung.<br \/>\nLeser zahlen mit Bitcoin Lightning &#8211; und schalten einzelne Posts sofort frei.<\/p>\n<p style=\"text-align: left;\" data-start=\"595\" data-end=\"677\">Monetarisieren Sie Ihre Blog-Posts mit Lightning Payments &#8211; schnell, nicht-pf\u00e4ndbar, weltweit<\/p>\n<p>Kostenlos. Einfach. Keine Konten erforderlich.[\/vc_column_text][vc_row_inner][vc_column_inner width=&#8220;1\/2&#8243;][vc_btn title=&#8220;Live-Demo ansehen&#8220; color=&#8220;warning&#8220; align=&#8220;center&#8220; css=&#8220;&#8220; link=&#8220;url:https%3A%2F%2Fbtcpaywall.com%2Fpay-per-article-demo%2F|title:Pay-per-Article%20Demo|&#8220;][\/vc_column_inner][vc_column_inner width=&#8220;1\/2&#8243;][vc_btn title=&#8220;Kostenlos herunterladen&#8220; color=&#8220;warning&#8220; align=&#8220;center&#8220; css=&#8220;&#8220; link=&#8220;url:https%3A%2F%2Fbtcpaywall.com%2Fde%2Fdownload-coinsnap-wordpress-bitcoin-paywall%2F|title:Download%20Plugin%20for%20Free|&#8220;][\/vc_column_inner][\/vc_row_inner][vc_empty_space height=&#8220;70px&#8220;][\/vc_column][\/vc_row][vc_row full_width=&#8220;stretch_row&#8220; fullwidth=&#8220;yes&#8220; css=&#8220;.vc_custom_1732460566869{margin-top: -50px !important;}&#8220; background_color=&#8220;#F7A611&#8243;][vc_column][vc_empty_space height=&#8220;70px&#8220;][vc_column_text css=&#8220;&#8220;]\n<h2 style=\"text-align: center;\"><strong><span style=\"color: #ffffff;\">Was ist die Coinsnap Bitcoin Paywall?<\/span><\/strong><\/h2>\n[\/vc_column_text][vc_single_image image=&#8220;1248&#8243; img_size=&#8220;full&#8220; alignment=&#8220;center&#8220; css=&#8220;&#8220;][vc_empty_space height=&#8220;70px&#8220;][\/vc_column][\/vc_row][vc_row][vc_column][vc_empty_space height=&#8220;70px&#8220;][vc_row_inner][vc_column_inner width=&#8220;1\/2&#8243;][vc_column_text css=&#8220;&#8220;]\n<p data-start=\"992\" data-end=\"1166\">Die <strong data-start=\"959\" data-end=\"987\">Coinsnap Bitcoin Paywall<\/strong> ist ein kostenloses WordPress-Plugin, mit dem Sie einzelne Beitr\u00e4ge oder ausgew\u00e4hlte Inhaltsbl\u00f6cke hinter einer <strong data-start=\"1087\" data-end=\"1124\">Bitcoin Lightning Pay-Per-Article<\/strong> Zahlung sperren k\u00f6nnen.<\/p>\n[\/vc_column_text][vc_column_text css=&#8220;.vc_custom_1764064054458{margin-left: 50px !important;}&#8220;]\ud83d\udd38 <strong data-start=\"1138\" data-end=\"1157\">Pay-Per-Article<\/strong> &#8211; Leser zahlen pro Beitrag<br data-start=\"1180\" data-end=\"1183\">\ud83d\udd38 <strong data-start=\"1186\" data-end=\"1202\">Pay-Per-Post<\/strong> &#8211; ideal f\u00fcr Blogs, Magazine &amp; Tutorials<br data-start=\"1243\" data-end=\"1246\">\ud83d\udd38 <strong data-start=\"1249\" data-end=\"1271\">Lightning Payments<\/strong> &#8211; ultraschnell und perfekt f\u00fcr Micropayments[\/vc_column_text][\/vc_column_inner][vc_column_inner width=&#8220;1\/2&#8243;][vc_single_image image=&#8220;2113&#8243; img_size=&#8220;full&#8220; alignment=&#8220;center&#8220; onclick=&#8220;custom_link&#8220; css=&#8220;&#8220; link=&#8220;https:\/\/wordpress.org\/plugins\/coinsnap-paywall\/&#8220;][\/vc_column_inner][\/vc_row_inner][vc_column_text css=&#8220;&#8220;]Sobald die Zahlung abgeschlossen ist, wird der Inhalt automatisch freigeschaltet &#8211; keine Konten, keine Abonnements, keine Probleme.[\/vc_column_text][vc_empty_space height=&#8220;50px&#8220;][\/vc_column][\/vc_row][vc_row full_width=&#8220;stretch_row&#8220; fullwidth=&#8220;yes&#8220; css=&#8220;.vc_custom_1732460566869{margin-top: -50px !important;}&#8220; background_color=&#8220;#F7A611&#8243;][vc_column][vc_empty_space height=&#8220;70px&#8220;][vc_column_text css=&#8220;&#8220;]\n<h2 style=\"text-align: center;\"><strong><span style=\"color: #ffffff;\">Warum Pay-Per-Artikel?<\/span><\/strong><\/h2>\n[\/vc_column_text][vc_single_image image=&#8220;1123&#8243; img_size=&#8220;full&#8220; alignment=&#8220;center&#8220; css=&#8220;&#8220;][vc_empty_space height=&#8220;70px&#8220;][\/vc_column][\/vc_row][vc_row][vc_column][vc_empty_space height=&#8220;70px&#8220;][vc_column_text css=&#8220;&#8220;]\n<h3 data-start=\"1461\" data-end=\"1504\">1. Verdienen Sie Sats aus einzelnen Posts<\/h3>\n<p data-start=\"1505\" data-end=\"1572\">Monetarisieren Sie Artikel, Expertenwissen, Tutorials und Premium-Inhalte.<\/p>\n<h3 data-start=\"1574\" data-end=\"1610\">2. Kein Abonnement erforderlich<\/h3>\n<p data-start=\"1611\" data-end=\"1657\">Die Leser zahlen nur f\u00fcr das, was sie abrufen m\u00f6chten.<\/p>\n[\/vc_column_text][vc_column_text css=&#8220;&#8220;]\n<h3 data-start=\"1659\" data-end=\"1702\">3. Blitzschnelle Bitcoin-Zahlungen<\/h3>\n<p data-start=\"1703\" data-end=\"1760\">Optimiert f\u00fcr Bitcoin-Mikrozahlungen: schnell, g\u00fcnstig, global.<\/p>\n<h3 data-start=\"1762\" data-end=\"1800\">4. 100% Auszahlungen ohne Freiheitsentzug<\/h3>\n[\/vc_column_text][vc_column_text css=&#8220;.vc_custom_1764064356653{margin-left: 50px !important;}&#8220;]\n<ul data-start=\"1801\" data-end=\"1920\">\n<li data-start=\"1801\" data-end=\"1857\">\n<p data-start=\"1803\" data-end=\"1857\">Lightning \u2192 direkt auf <em data-start=\"1832\" data-end=\"1838\">Ihre<\/em> Lightning-Geldb\u00f6rse gezahlt<\/p>\n<\/li>\n<li data-start=\"1858\" data-end=\"1920\">\n<p data-start=\"1860\" data-end=\"1920\">On-Chain \u2192 direkt auf <em data-start=\"1888\" data-end=\"1894\">Ihre<\/em> Bitcoin-Brieftasche \u00fcber xPub bezahlt<\/p>\n<\/li>\n<\/ul>\n[\/vc_column_text][vc_column_text css=&#8220;&#8220;]\n<p data-start=\"1922\" data-end=\"1993\">Coinsnap h\u00e4lt niemals H\u00e4ndlergelder &#8211; der BTCPay Server ist vollst\u00e4ndig souver\u00e4n.<\/p>\n<h3 data-start=\"1995\" data-end=\"2033\">5. Einfache WordPress-Integration<\/h3>\n<p data-start=\"2034\" data-end=\"2094\">Funktioniert mit jedem WordPress-Theme, das Gutenberg oder Shortcodes verwendet.<\/p>\n<h3 data-start=\"2096\" data-end=\"2134\">6. Datenschutzfreundliches Design<\/h3>\n<p data-start=\"2135\" data-end=\"2266\">Verwendet ein einziges <em data-start=\"2149\" data-end=\"2172\">technisch notwendiges<\/em> Cookie, damit wiederkehrende Benutzer den Zugang behalten.<br data-start=\"2211\" data-end=\"2214\">Keine Tracking-Cookies. Keine Analytik. Keine pers\u00f6nlichen Daten.  <\/p>\n[\/vc_column_text][vc_empty_space height=&#8220;70px&#8220;][\/vc_column][\/vc_row][vc_row full_width=&#8220;stretch_row&#8220; fullwidth=&#8220;yes&#8220; css=&#8220;.vc_custom_1732460566869{margin-top: -50px !important;}&#8220; background_color=&#8220;#F7A611&#8243;][vc_column][vc_empty_space height=&#8220;70px&#8220;][vc_column_text css=&#8220;&#8220;]\n<h2 style=\"text-align: center;\"><strong><span style=\"color: #ffffff;\">Wie es funktioniert<\/span><\/strong><\/h2>\n[\/vc_column_text][vc_single_image image=&#8220;1141&#8243; img_size=&#8220;full&#8220; alignment=&#8220;center&#8220; css=&#8220;&#8220;][vc_empty_space height=&#8220;50px&#8220;][\/vc_column][\/vc_row][vc_row][vc_column][vc_empty_space height=&#8220;50px&#8220;][vc_column_text css=&#8220;&#8220;]\n<h3 data-start=\"2293\" data-end=\"2328\">1. Installieren Sie das kostenlose Plugin<\/h3>\n<p data-start=\"2329\" data-end=\"2367\">Verf\u00fcgbar auf WordPress.org und GitHub.<\/p>\n<h3 data-start=\"2369\" data-end=\"2408\">2. W\u00e4hlen Sie Ihr Zahlungsportal<\/h3>\n[\/vc_column_text][vc_column_text css=&#8220;.vc_custom_1764064458596{margin-left: 50px !important;}&#8220;]\n<p data-start=\"1803\" data-end=\"1857\">\u2714 <strong data-start=\"2411\" data-end=\"2423\">Coinsnap<\/strong> (ohne Lightning &amp; Bitcoin, kein Knotenpunkt erforderlich)<br data-start=\"2475\" data-end=\"2478\">\u2714 <strong data-start=\"2480\" data-end=\"2497\">BTCPay Server<\/strong> (selbst gehostet, volle Bitcoin-Souver\u00e4nit\u00e4t)<\/p>\n[\/vc_column_text][vc_column_text css=&#8220;&#8220;]\n<h3 data-start=\"2539\" data-end=\"2571\">3. Sch\u00fctzen Sie Ihre Inhalte<\/h3>\n<p data-start=\"2572\" data-end=\"2637\">F\u00fcgen Sie den Paywall-Block zum Beitrag hinzu oder verpacken Sie den Inhalt in einen Shortcode.<\/p>\n<h3 data-start=\"2639\" data-end=\"2662\">4. Einen Preis festlegen<\/h3>\n<p data-start=\"2663\" data-end=\"2697\">Definieren Sie Ihren Preis in Sats oder Fiat.<\/p>\n<h3 data-start=\"2699\" data-end=\"2745\">5. Lightning Zahlung \u2192 Sofortige Freischaltung<\/h3>\n<p data-start=\"2746\" data-end=\"2805\">Nach der Lightning-Zahlung wird der vollst\u00e4ndige Beitrag sichtbar.<\/p>\n[\/vc_column_text][vc_btn title=&#8220;Live-Demo ansehen&#8220; color=&#8220;warning&#8220; align=&#8220;center&#8220; css=&#8220;&#8220; link=&#8220;url:https%3A%2F%2Fbtcpaywall.com%2Fpay-per-article-demo%2F|title:Pay-per-Article%20Demo|&#8220;][vc_empty_space height=&#8220;70px&#8220;][\/vc_column][\/vc_row][vc_row full_width=&#8220;stretch_row&#8220; fullwidth=&#8220;yes&#8220; css=&#8220;.vc_custom_1732460566869{margin-top: -50px !important;}&#8220; background_color=&#8220;#F7A611&#8243;][vc_column][vc_empty_space height=&#8220;70px&#8220;][vc_column_text css=&#8220;&#8220;]\n<h2 style=\"text-align: center;\"><strong><span style=\"color: #ffffff;\">Wesentliche Merkmale<\/span><\/strong><\/h2>\n[\/vc_column_text][vc_single_image image=&#8220;1153&#8243; img_size=&#8220;full&#8220; alignment=&#8220;center&#8220; css=&#8220;&#8220;][vc_empty_space height=&#8220;50px&#8220;][\/vc_column][\/vc_row][vc_row][vc_column][vc_empty_space height=&#8220;50px&#8220;][vc_column_text css=&#8220;.vc_custom_1764082758980{margin-left: 50px !important;}&#8220;]\n<p data-start=\"2866\" data-end=\"2917\">\u2714 Pay-Per-Article \/ Pay-Per-Post Monetarisierung<\/p>\n<p data-start=\"2920\" data-end=\"2954\">\u2714 Bitcoin Lightning-Zahlungen<\/p>\n<p data-start=\"2957\" data-end=\"2998\">\u2714 On-Chain Bitcoin Unterst\u00fctzung \u00fcber xPub<\/p>\n<p data-start=\"3001\" data-end=\"3036\">\u2714 Vollst\u00e4ndige Auszahlung ohne Freiheitsentzug<\/p>\n<p data-start=\"3039\" data-end=\"3082\">\u2714 BTCPay Server &amp; Coinsnap Kompatibel<\/p>\n<p data-start=\"3085\" data-end=\"3120\">\u2714 Gutenberg Block + Shortcode<\/p>\n<p data-start=\"3123\" data-end=\"3170\">\u2714 Nur ein wesentlicher Cookie (kein Tracking)<\/p>\n<p data-start=\"3173\" data-end=\"3207\">\u2714 100% kostenloses WordPress Plugin<\/p>\n<p data-start=\"3210\" data-end=\"3232\">\u2714 Einrichtung in Minuten<\/p>\n[\/vc_column_text][vc_empty_space height=&#8220;50px&#8220;][\/vc_column][\/vc_row][vc_row full_width=&#8220;stretch_row&#8220; fullwidth=&#8220;yes&#8220; css=&#8220;.vc_custom_1732460566869{margin-top: -50px !important;}&#8220; background_color=&#8220;#F7A611&#8243;][vc_column][vc_empty_space height=&#8220;70px&#8220;][vc_column_text css=&#8220;&#8220;]\n<h2 style=\"text-align: center;\"><strong><span style=\"color: #ffffff;\">Kompatibel mit BTCPay Server &amp; Coinsnap<\/span><\/strong><\/h2>\n[\/vc_column_text][vc_single_image image=&#8220;1198&#8243; img_size=&#8220;full&#8220; alignment=&#8220;center&#8220; css=&#8220;&#8220;][vc_empty_space height=&#8220;50px&#8220;][\/vc_column][\/vc_row][vc_row][vc_column][vc_empty_space height=&#8220;50px&#8220;][vc_column_text css=&#8220;&#8220;]\n<h3>BTCPay Server<\/h3>\n[\/vc_column_text][vc_row_inner][vc_column_inner width=&#8220;1\/2&#8243;][vc_column_text css=&#8220;.vc_custom_1764064646455{margin-left: 50px !important;}&#8220;]\n<ul>\n<li data-start=\"3332\" data-end=\"3365\">Selbstgehostete Bitcoin &amp; Lightning<\/li>\n<li data-start=\"3368\" data-end=\"3390\">Ihr Knoten, Ihre Schl\u00fcssel<\/li>\n<li data-start=\"3393\" data-end=\"3426\">Maximale Souver\u00e4nit\u00e4t und Privatsph\u00e4re<\/li>\n<\/ul>\n[\/vc_column_text][\/vc_column_inner][vc_column_inner width=&#8220;1\/2&#8243;][vc_single_image image=&#8220;1186&#8243; img_size=&#8220;medium&#8220; alignment=&#8220;center&#8220; onclick=&#8220;custom_link&#8220; img_link_target=&#8220;_blank&#8220; css=&#8220;&#8220; link=&#8220;https:\/\/btcpayserver.org&#8220;][\/vc_column_inner][\/vc_row_inner][vc_column_text css=&#8220;&#8220;]Perfekt f\u00fcr Entwickler und technische Benutzer.[\/vc_column_text][\/vc_column][\/vc_row][vc_row][vc_column][vc_column_text css=&#8220;&#8220;]\n<h3>Coinsnap<\/h3>\n[\/vc_column_text][vc_row_inner][vc_column_inner width=&#8220;1\/2&#8243;][vc_column_text css=&#8220;.vc_custom_1764064743090{margin-left: 50px !important;}&#8220;]\n<ul>\n<li data-start=\"3545\" data-end=\"3601\">Lightning-Zahlungen \u2192 direkt auf Ihre Lightning-Geldb\u00f6rse<\/li>\n<li data-start=\"3604\" data-end=\"3657\">Bitcoin on-chain \u2192 direkt zu Ihrer Geldb\u00f6rse \u00fcber xPub<\/li>\n<li data-start=\"3660\" data-end=\"3682\">Kein eigener Knoten erforderlich<\/li>\n<li data-start=\"3685\" data-end=\"3750\">Einfache Einrichtung f\u00fcr Kreative, Blogger, Zeitschriften und kleine Unternehmen<\/li>\n<\/ul>\n[\/vc_column_text][\/vc_column_inner][vc_column_inner width=&#8220;1\/2&#8243;][vc_single_image image=&#8220;1175&#8243; img_size=&#8220;medium&#8220; alignment=&#8220;center&#8220; onclick=&#8220;custom_link&#8220; img_link_target=&#8220;_blank&#8220; css=&#8220;&#8220; link=&#8220;https:\/\/coinsnap.io&#8220;][\/vc_column_inner][\/vc_row_inner][vc_column_text css=&#8220;&#8220;]Coinsnap speichert niemals Bitcoin &#8211; alle Auszahlungen gehen direkt an den H\u00e4ndler.[\/vc_column_text][vc_empty_space height=&#8220;50px&#8220;][\/vc_column][\/vc_row][vc_row full_width=&#8220;stretch_row&#8220; fullwidth=&#8220;yes&#8220; css=&#8220;.vc_custom_1732460566869{margin-top: -50px !important;}&#8220; background_color=&#8220;#F7A611&#8243;][vc_column][vc_empty_space height=&#8220;70px&#8220;][vc_column_text css=&#8220;&#8220;]\n<h2 style=\"text-align: center;\"><span style=\"color: #ffffff;\"><strong>Testen Sie die Pay-Per-Article Demo<\/strong><\/span><\/h2>\n[\/vc_column_text][vc_single_image image=&#8220;1210&#8243; img_size=&#8220;full&#8220; alignment=&#8220;center&#8220; css=&#8220;&#8220;][vc_empty_space height=&#8220;50px&#8220;][\/vc_column][\/vc_row][vc_row][vc_column][vc_empty_space height=&#8220;50px&#8220;][vc_column_text css=&#8220;&#8220;]Sehen Sie genau, was Ihre Leser erleben werden.<br data-start=\"3913\" data-end=\"3916\">Testen Sie die Lightning Paywall in Echtzeit.[\/vc_column_text][vc_btn title=&#8220;Live-Demo ansehen&#8220; color=&#8220;warning&#8220; align=&#8220;center&#8220; css=&#8220;&#8220; link=&#8220;url:https%3A%2F%2Fbtcpaywall.com%2Fpay-per-article-demo%2F|title:Pay-per-Article%20Demo|&#8220;][vc_empty_space height=&#8220;50px&#8220;][\/vc_column][\/vc_row][vc_row full_width=&#8220;stretch_row&#8220; fullwidth=&#8220;yes&#8220; css=&#8220;.vc_custom_1732460566869{margin-top: -50px !important;}&#8220; background_color=&#8220;#F7A611&#8243;][vc_column][vc_empty_space height=&#8220;70px&#8220;][vc_column_text css=&#8220;&#8220;]\n<h2 style=\"text-align: center;\"><span style=\"color: #ffffff;\"><strong>Das Plugin herunterladen<\/strong><\/span><\/h2>\n[\/vc_column_text][vc_single_image image=&#8220;1222&#8243; img_size=&#8220;full&#8220; alignment=&#8220;center&#8220; css=&#8220;&#8220;][vc_empty_space height=&#8220;50px&#8220;][\/vc_column][\/vc_row][vc_row][vc_column][vc_empty_space height=&#8220;50px&#8220;][vc_column_text css=&#8220;&#8220;]Das Bitcoin Paywall Plugin ist <strong data-start=\"4046\" data-end=\"4065\">v\u00f6llig kostenlos<\/strong> und quelloffen.[\/vc_column_text][vc_column_text css=&#8220;.vc_custom_1764065216710{margin-left: 50px !important;}&#8220;]\ud83d\udd17 <strong data-start=\"4087\" data-end=\"4117\">WordPress Plugin Directory<\/strong> &#8211; stabile Versionen<br data-start=\"4135\" data-end=\"4138\">\ud83d\udd17 <strong data-start=\"4141\" data-end=\"4162\">GitHub Repository<\/strong> &#8211; Entwicklung &amp; fr\u00fche Versionen[\/vc_column_text][vc_row_inner][vc_column_inner width=&#8220;1\/2&#8243;][vc_btn title=&#8220;Herunterladen auf WordPress.org&#8220; color=&#8220;warning&#8220; align=&#8220;center&#8220; css=&#8220;&#8220; link=&#8220;url:https%3A%2F%2Fwordpress.org%2Fplugins%2Fcoinsnap-paywall%2F|title:WordPress%20Bitcoin%20Paywall|target:_blank|&#8220;][\/vc_column_inner][vc_column_inner width=&#8220;1\/2&#8243;][vc_btn title=&#8220;Auf GitHub ansehen&#8220; color=&#8220;warning&#8220; align=&#8220;center&#8220; css=&#8220;&#8220; link=&#8220;url:https%3A%2F%2Fgithub.com%2FCoinsnap%2FCoinsnap-Paywall|title:Bitcoin%20Paywall%20GitHub|target:_blank|&#8220;][\/vc_column_inner][\/vc_row_inner][vc_empty_space height=&#8220;50px&#8220;][\/vc_column][\/vc_row][vc_row full_width=&#8220;stretch_row&#8220; fullwidth=&#8220;yes&#8220; css=&#8220;.vc_custom_1732460566869{margin-top: -50px !important;}&#8220; background_color=&#8220;#F7A611&#8243;][vc_column][vc_empty_space height=&#8220;70px&#8220;][vc_column_text css=&#8220;&#8220;]\n<h2 style=\"text-align: center;\"><span style=\"color: #ffffff;\"><strong>Blog: Erfahren Sie mehr \u00fcber Pay-Per-Use &amp; Bitcoin Paywalls<\/strong><\/span><\/h2>\n[\/vc_column_text][vc_single_image image=&#8220;1234&#8243; img_size=&#8220;full&#8220; alignment=&#8220;center&#8220; css=&#8220;&#8220;][vc_empty_space height=&#8220;50px&#8220;][\/vc_column][\/vc_row][vc_row][vc_column][vc_column_text css=&#8220;&#8220;]\n<p data-start=\"4317\" data-end=\"4442\">Entdecken Sie Tutorials, Artikel und Einblicke in Bitcoin Paywalls, Lightning Micropayments und Pay-Per-Article Monetarisierung.<\/p>\n[\/vc_column_text][vc_btn title=&#8220;Blog besuchen&#8220; color=&#8220;warning&#8220; align=&#8220;center&#8220; css=&#8220;&#8220; link=&#8220;url:https%3A%2F%2Fbtcpaywall.com%2Fde%2Fblog%2F|title:BTCPaywall%20Blog|&#8220;][\/vc_column][\/vc_row]\n<\/div>","protected":false},"excerpt":{"rendered":"<p>[vc_row full_width=&#8220;stretch_row&#8220; fullwidth=&#8220;yes&#8220; css=&#8220;.vc_custom_1732456449457{margin-top: -50px !important;}&#8220; background_color=&#8220;#6393C7&#8243;][vc_column][vc_empty_space height=&#8220;70px&#8220;][vc_column_text css=&#8220;&#8220;] Monetarisieren Sie Ihre WordPress-Inhalte mit Bitcoin Lightning [\/vc_column_text][vc_single_image image=&#8220;33&#8243; img_size=&#8220;full&#8220; alignment=&#8220;center&#8220; [&hellip;]<\/p>\n","protected":false},"author":1,"featured_media":1110,"parent":0,"menu_order":0,"comment_status":"closed","ping_status":"closed","template":"","meta":{"footnotes":""},"class_list":["post-2234","page","type-page","status-publish","has-post-thumbnail","hentry"],"_links":{"self":[{"href":"https:\/\/btcpaywall.com\/de\/wp-json\/wp\/v2\/pages\/2234","targetHints":{"allow":["GET"]}}],"collection":[{"href":"https:\/\/btcpaywall.com\/de\/wp-json\/wp\/v2\/pages"}],"about":[{"href":"https:\/\/btcpaywall.com\/de\/wp-json\/wp\/v2\/types\/page"}],"author":[{"embeddable":true,"href":"https:\/\/btcpaywall.com\/de\/wp-json\/wp\/v2\/users\/1"}],"replies":[{"embeddable":true,"href":"https:\/\/btcpaywall.com\/de\/wp-json\/wp\/v2\/comments?post=2234"}],"version-history":[{"count":7,"href":"https:\/\/btcpaywall.com\/de\/wp-json\/wp\/v2\/pages\/2234\/revisions"}],"predecessor-version":[{"id":2263,"href":"https:\/\/btcpaywall.com\/de\/wp-json\/wp\/v2\/pages\/2234\/revisions\/2263"}],"wp:featuredmedia":[{"embeddable":true,"href":"https:\/\/btcpaywall.com\/de\/wp-json\/wp\/v2\/media\/1110"}],"wp:attachment":[{"href":"https:\/\/btcpaywall.com\/de\/wp-json\/wp\/v2\/media?parent=2234"}],"curies":[{"name":"wp","href":"https:\/\/api.w.org\/{rel}","templated":true}]}}