{"id":2384,"date":"2024-11-24T13:44:45","date_gmt":"2024-11-24T13:44:45","guid":{"rendered":"https:\/\/btcpaywall.com\/pay-per-artikel-demo\/"},"modified":"2025-12-13T13:29:39","modified_gmt":"2025-12-13T13:29:39","slug":"pay-per-artikel-demo","status":"publish","type":"page","link":"https:\/\/btcpaywall.com\/de\/pay-per-artikel-demo\/","title":{"rendered":"Pay-Per-Artikel Demo"},"content":{"rendered":"<div class=\"wpb-content-wrapper\">[vc_row full_width=&#8220;stretch_row&#8220; fullwidth=&#8220;yes&#8220; background_color=&#8220;#6193C9&#8243; css=&#8220;.vc_custom_1732466484126{margin-top: -50px !important;}&#8220;][vc_column][vc_empty_space height=&#8220;70px&#8220;][vc_column_text css=&#8220;&#8220;]\n<h1 style=\"text-align: center;\"><span style=\"color: #ffffff;\"><strong>Pay-Per-Artikel Demo<\/strong><\/span><\/h1>\n[\/vc_column_text][vc_single_image image=&#8220;33&#8243; img_size=&#8220;full&#8220; alignment=&#8220;center&#8220; css=&#8220;.vc_custom_1732466358619{padding-top: -20px !important;}&#8220;][vc_empty_space height=&#8220;50px&#8220;][\/vc_column][\/vc_row][vc_row][vc_column][vc_empty_space height=&#8220;70px&#8220;][\/vc_column][\/vc_row][vc_row][vc_column][vc_column_text css=&#8220;&#8220;]\n<h2><strong>Warum Pay-Per-Article ein Gamechanger f\u00fcr Content Creators ist<\/strong><\/h2>\n[\/vc_column_text][vc_row_inner][vc_column_inner width=&#8220;2\/3&#8243;][vc_column_text css=&#8220;&#8220;]\n<p data-start=\"436\" data-end=\"732\">Immer mehr Kreative und unabh\u00e4ngige Blogger suchen nach M\u00f6glichkeiten, ihre Arbeit zu monetarisieren, ohne sich auf Werbung, aufdringliche Pop-ups, Algorithmen oder langfristige Abonnementmodelle zu verlassen. Dank der Bitcoin Lightning-Zahlungen ist eine v\u00f6llig neue Art der Online-Monetarisierung im Kommen: <strong data-start=\"712\" data-end=\"731\">Pay-Per-Article<\/strong>. <\/p>\n<p data-start=\"734\" data-end=\"954\">Anstatt den Zugang \u00fcber monatliche Abonnements zu verkaufen oder Nutzerdaten zu sammeln, k\u00f6nnen Leser einfach <strong data-start=\"838\" data-end=\"865\">winzige Betr\u00e4ge in Bitcoin<\/strong> bezahlen, um einzelne Artikel freizuschalten &#8211; sofort, anonym und ohne ein Konto zu erstellen.<\/p>\n<p data-start=\"956\" data-end=\"1083\">Warum dieses Modell f\u00fcr unabh\u00e4ngige Kreative, P\u00e4dagogen und Journalisten so wirkungsvoll ist, erfahren Sie im vollst\u00e4ndigen Artikel.<\/p>\n[\/vc_column_text][\/vc_column_inner][vc_column_inner width=&#8220;1\/3&#8243;][vc_single_image image=&#8220;1210&#8243; img_size=&#8220;full&#8220; alignment=&#8220;center&#8220; css=&#8220;&#8220;][\/vc_column_inner][\/vc_row_inner][\/vc_column][\/vc_row][vc_row css=&#8220;.vc_custom_1764072915983{border-top-width: 5px !important;background-color: #FFFFFF !important;border-color: #DD3333 !important;}&#8220;][vc_column][vc_column_text css=&#8220;&#8220;]\n<p data-start=\"1148\" data-end=\"1320\"><strong data-start=\"1151\" data-end=\"1181\">Dies ist ein Premium-Artikel.<\/strong><br data-start=\"1181\" data-end=\"1184\">Schalten Sie den vollst\u00e4ndigen Beitrag f\u00fcr <strong data-start=\"1209\" data-end=\"1247\">1 Eurocent in Bitcoin (Lightning)<\/strong> frei und unterst\u00fctzen Sie unabh\u00e4ngige Inhalte ohne Werbung, Abonnements oder Tracking.<\/p>\n<p data-start=\"1322\" data-end=\"1376\">\ud83d\udc49 <em data-start=\"1325\" data-end=\"1376\">Bezahlen mit Lightning &#8211; sofortiger Zugriff nach der Zahlung<\/em><\/p>\n[\/vc_column_text][vc_column_text css=&#8220;.vc_custom_1764072951373{border-color: #DD9933 !important;}&#8220;]\n<p style=\"text-align: center;\">      <div class=\"paywall light\"\r\n           data-price=\"0.01\"\r\n           data-currency=\"EUR\"\r\n           data-duration=\"24\"\r\n           data-post-id=\"2384\">\r\n        <h2>0,01 Euro Pay-per-Article<\/h2>\r\n        <p>Unlock the full article for \u20ac0,01 in Bitcoin (Lightning)<\/p>\r\n        <div class=\"price-display\">\r\n\t\t\t0.01 EUR        <\/div>\r\n        <button class=\"paywall-payment-button\">Pay Now<\/button>\r\n      <\/div>\r\n    <p class=\"restricted light\">\r\n        This content is restricted. Please complete payment to access.    <\/p>\r\n\r\n\t\t<\/div>","protected":false},"excerpt":{"rendered":"<p>[vc_row full_width=&#8220;stretch_row&#8220; fullwidth=&#8220;yes&#8220; background_color=&#8220;#6193C9&#8243; css=&#8220;.vc_custom_1732466484126{margin-top: -50px !important;}&#8220;][vc_column][vc_empty_space height=&#8220;70px&#8220;][vc_column_text css=&#8220;&#8220;] Pay-Per-Artikel Demo [\/vc_column_text][vc_single_image image=&#8220;33&#8243; img_size=&#8220;full&#8220; alignment=&#8220;center&#8220; css=&#8220;.vc_custom_1732466358619{padding-top: -20px !important;}&#8220;][vc_empty_space height=&#8220;50px&#8220;][\/vc_column][\/vc_row][vc_row][vc_column][vc_empty_space height=&#8220;70px&#8220;][\/vc_column][\/vc_row][vc_row][vc_column][vc_column_text [&hellip;]<\/p>\n","protected":false},"author":1,"featured_media":0,"parent":0,"menu_order":0,"comment_status":"closed","ping_status":"closed","template":"","meta":{"footnotes":""},"class_list":["post-2384","page","type-page","status-publish","hentry"],"_links":{"self":[{"href":"https:\/\/btcpaywall.com\/de\/wp-json\/wp\/v2\/pages\/2384","targetHints":{"allow":["GET"]}}],"collection":[{"href":"https:\/\/btcpaywall.com\/de\/wp-json\/wp\/v2\/pages"}],"about":[{"href":"https:\/\/btcpaywall.com\/de\/wp-json\/wp\/v2\/types\/page"}],"author":[{"embeddable":true,"href":"https:\/\/btcpaywall.com\/de\/wp-json\/wp\/v2\/users\/1"}],"replies":[{"embeddable":true,"href":"https:\/\/btcpaywall.com\/de\/wp-json\/wp\/v2\/comments?post=2384"}],"version-history":[{"count":7,"href":"https:\/\/btcpaywall.com\/de\/wp-json\/wp\/v2\/pages\/2384\/revisions"}],"predecessor-version":[{"id":2413,"href":"https:\/\/btcpaywall.com\/de\/wp-json\/wp\/v2\/pages\/2384\/revisions\/2413"}],"wp:attachment":[{"href":"https:\/\/btcpaywall.com\/de\/wp-json\/wp\/v2\/media?parent=2384"}],"curies":[{"name":"wp","href":"https:\/\/api.w.org\/{rel}","templated":true}]}}