{"id":27,"date":"2024-11-24T13:46:14","date_gmt":"2024-11-24T13:46:14","guid":{"rendered":"https:\/\/bitcoin-paywall.coinsnap.org\/?page_id=27"},"modified":"2024-11-27T07:44:31","modified_gmt":"2024-11-27T07:44:31","slug":"demo-pay-per-view","status":"publish","type":"page","link":"https:\/\/btcpaywall.com\/de\/demo-pay-per-view\/","title":{"rendered":"Demo Pay-per-View"},"content":{"rendered":"<div class=\"wpb-content-wrapper\">[vc_row full_width=&#8220;stretch_row&#8220; fullwidth=&#8220;yes&#8220; background_color=&#8220;#6193C9&#8243; css=&#8220;.vc_custom_1732466484126{margin-top: -50px !important;}&#8220;][vc_column][vc_empty_space height=&#8220;70px&#8220;][vc_column_text css=&#8220;&#8220;]\n<h1 style=\"text-align: center;\"><span style=\"color: #ffffff;\">Demo: Pay-per-View Bitcoin Paywall<\/span><\/h1>\n[\/vc_column_text][vc_single_image image=&#8220;33&#8243; img_size=&#8220;full&#8220; alignment=&#8220;center&#8220; css=&#8220;.vc_custom_1732466358619{padding-top: -20px !important;}&#8220;][vc_column_text css=&#8220;&#8220;]\n<h3 style=\"text-align: center;\"><span style=\"color: #ffffff;\">Schau das Video f\u00fcr nur 0,10 \u20ac!<\/span><\/h3>\n[\/vc_column_text][vc_empty_space height=&#8220;50px&#8220;][\/vc_column][\/vc_row][vc_row][vc_column][vc_empty_space height=&#8220;70px&#8220;][\/vc_column][\/vc_row][vc_row][vc_column][vc_column_text css=&#8220;&#8220;]\n<h2>Wie Blogger und Video-Produzenten mit der Coinsnap Bitcoin Payment Wall Geld verdienen k\u00f6nnen<\/h2>\n[\/vc_column_text][vc_row_inner][vc_column_inner width=&#8220;2\/3&#8243;][vc_column_text css=&#8220;&#8220;]Die Welt der Video-Produzenten und Influencer bietet unz\u00e4hlige M\u00f6glichkeiten, Inhalte zu erstellen und ein gro\u00dfes Publikum zu erreichen.<\/p>\n<p>Doch monetarisieren l\u00e4sst sich dieser Erfolg oft nur \u00fcber eingeschr\u00e4nkte Wege wie Werbeeinnahmen, Produktplatzierungen oder Abonnements.<\/p>\n<p>Die Coinsnap Bitcoin Payment Wall bietet eine innovative L\u00f6sung, die Influencern und Video-Produzenten erm\u00f6glicht, f\u00fcr ihre kreative Arbeit direkt und unabh\u00e4ngig Geld zu verdienen.[\/vc_column_text][\/vc_column_inner][vc_column_inner width=&#8220;1\/3&#8243;][vc_single_image image=&#8220;76&#8243; img_size=&#8220;full&#8220; alignment=&#8220;center&#8220; css=&#8220;&#8220;][\/vc_column_inner][\/vc_row_inner][vc_row_inner][vc_column_inner width=&#8220;1\/2&#8243;][vc_column_text css=&#8220;&#8220;]\n<h3>Um das Video anzusehen, bezahle bitte erst durch Klicken auf den nachfolgenden Button:<\/h3>\n[\/vc_column_text][\/vc_column_inner][vc_column_inner width=&#8220;1\/2&#8243;][vc_single_image image=&#8220;83&#8243; img_size=&#8220;full&#8220; alignment=&#8220;center&#8220; css=&#8220;&#8220;][\/vc_column_inner][\/vc_row_inner][vc_column_text css=&#8220;&#8220;]      <div class=\"paywall light\"\r\n           data-price=\"0.01\"\r\n           data-currency=\"EUR\"\r\n           data-duration=\"24\"\r\n           data-post-id=\"27\">\r\n        <h2>0,01 Euro Pay-per-Article<\/h2>\r\n        <p>Unlock the full article for \u20ac0,01 in Bitcoin (Lightning)<\/p>\r\n        <div class=\"price-display\">\r\n\t\t\t0.01 EUR        <\/div>\r\n        <button class=\"paywall-payment-button\">Pay Now<\/button>\r\n      <\/div>\r\n    <p class=\"restricted light\">\r\n        This content is restricted. Please complete payment to access.    <\/p>\r\n\r\n\t\t<\/div>","protected":false},"excerpt":{"rendered":"<p>[vc_row full_width=&#8220;stretch_row&#8220; fullwidth=&#8220;yes&#8220; background_color=&#8220;#6193C9&#8243; css=&#8220;.vc_custom_1732466484126{margin-top: -50px !important;}&#8220;][vc_column][vc_empty_space height=&#8220;70px&#8220;][vc_column_text css=&#8220;&#8220;] Demo: Pay-per-View Bitcoin Paywall [\/vc_column_text][vc_single_image image=&#8220;33&#8243; img_size=&#8220;full&#8220; alignment=&#8220;center&#8220; css=&#8220;.vc_custom_1732466358619{padding-top: -20px !important;}&#8220;][vc_column_text [&hellip;]<\/p>\n","protected":false},"author":1,"featured_media":0,"parent":0,"menu_order":0,"comment_status":"closed","ping_status":"closed","template":"","meta":{"footnotes":""},"class_list":["post-27","page","type-page","status-publish","hentry"],"_links":{"self":[{"href":"https:\/\/btcpaywall.com\/de\/wp-json\/wp\/v2\/pages\/27","targetHints":{"allow":["GET"]}}],"collection":[{"href":"https:\/\/btcpaywall.com\/de\/wp-json\/wp\/v2\/pages"}],"about":[{"href":"https:\/\/btcpaywall.com\/de\/wp-json\/wp\/v2\/types\/page"}],"author":[{"embeddable":true,"href":"https:\/\/btcpaywall.com\/de\/wp-json\/wp\/v2\/users\/1"}],"replies":[{"embeddable":true,"href":"https:\/\/btcpaywall.com\/de\/wp-json\/wp\/v2\/comments?post=27"}],"version-history":[{"count":11,"href":"https:\/\/btcpaywall.com\/de\/wp-json\/wp\/v2\/pages\/27\/revisions"}],"predecessor-version":[{"id":148,"href":"https:\/\/btcpaywall.com\/de\/wp-json\/wp\/v2\/pages\/27\/revisions\/148"}],"wp:attachment":[{"href":"https:\/\/btcpaywall.com\/de\/wp-json\/wp\/v2\/media?parent=27"}],"curies":[{"name":"wp","href":"https:\/\/api.w.org\/{rel}","templated":true}]}}