{"id":89,"date":"2024-11-25T16:25:18","date_gmt":"2024-11-25T16:25:18","guid":{"rendered":"https:\/\/btcpaywall.com\/?page_id=89"},"modified":"2024-11-28T09:08:07","modified_gmt":"2024-11-28T09:08:07","slug":"installation-und-nutzung","status":"publish","type":"page","link":"https:\/\/btcpaywall.com\/de\/installation-und-nutzung\/","title":{"rendered":"Installation"},"content":{"rendered":"<div class=\"wpb-content-wrapper\">[vc_row full_width=&#8220;stretch_row&#8220; fullwidth=&#8220;yes&#8220; css=&#8220;.vc_custom_1732456449457{margin-top: -50px !important;}&#8220; background_color=&#8220;#6393C7&#8243;][vc_column][vc_empty_space height=&#8220;70px&#8220;][vc_column_text css=&#8220;&#8220;]\n<h1 style=\"text-align: center;\"><span style=\"color: #ffffff;\">Coinsnap Bitcoin Paywall installieren und nutzen<\/span><\/h1>\n[\/vc_column_text][vc_single_image image=&#8220;33&#8243; img_size=&#8220;full&#8220; alignment=&#8220;center&#8220; css=&#8220;.vc_custom_1732456342416{padding-top: -20px !important;}&#8220;][vc_column_text css=&#8220;&#8220;]\n<h3 style=\"text-align: center;\"><span style=\"color: #ffffff;\">Bitcoin akzeptieren f\u00fcr deine Inhalte in nur 5 Minuten!<\/span><\/h3>\n[\/vc_column_text][vc_empty_space height=&#8220;70px&#8220;][\/vc_column][\/vc_row][vc_row][vc_column][vc_empty_space height=&#8220;70px&#8220;][vc_column_text css=&#8220;&#8220;]Die Coinsnsap Bitcoin Paywall erm\u00f6glicht es dir, deine Texte einfach und schnell f\u00fcr eine geringe Geb\u00fchr in Bitcoin (Satoshis) zu verkaufen. So kannst du deine Inhalte monetarisieren und gleichzeitig von den Vorteilen des Bitcoin-Lightning-Netzwerks profitieren. Das geht ganz einfach:[\/vc_column_text][vc_row_inner][vc_column_inner width=&#8220;1\/2&#8243;][vc_column_text css=&#8220;&#8220;]\n<div class=\"markdown-heading\" dir=\"auto\">\n<h3>1. Installiere die Coinsnap Bitcoin Paywall von der Github-Seite<\/h3>\n<p>Wenn du die Coinsnap Bitcoin Paywall installieren m\u00f6chtest, musst du sie zun\u00e4chst von der Coinsnap Github Seite <a href=\"https:\/\/github.com\/Coinsnap\/Bitcoin-Paywall\">hier herunterladen<\/a>.<\/p>\n<p>Suche dann die gr\u00fcne Schaltfl\u00e4che mit der Aufschrift &#8222;Code&#8220;. Wenn du darauf klickst, \u00f6ffnet sich das Men\u00fc und Download ZIP erscheint.<\/p>\n<p>Hier kannst du die neueste Version der Coinsnap Bitcoin Paywall auf deinen Computer herunterladen.<\/p><\/div>\n[\/vc_column_text][\/vc_column_inner][vc_column_inner width=&#8220;1\/2&#8243;][vc_single_image image=&#8220;95&#8243; img_size=&#8220;medium&#8220; onclick=&#8220;zoom&#8220; css=&#8220;&#8220;][vc_column_text css=&#8220;&#8220;]Zuerst l\u00e4dst du das Plugin bei <a href=\"https:\/\/github.com\/Coinsnap\/Bitcoin-Paywall\">Github<\/a> herunter.<\/p>\n<p>Dann musst du das ZIP in der Plugin-Verwaltung bei WordPress hochladen:[\/vc_column_text][\/vc_column_inner][\/vc_row_inner][vc_row_inner][vc_column_inner width=&#8220;1\/2&#8243;][vc_column_text css=&#8220;&#8220;]Verwende nun die WordPress-Funktion \u201ePlugin hochladen\u201c, um die Paywall zu installieren.<\/p>\n<p>Klicke auf \u201eJetzt installieren\u201c und die Coinsnap Bitcoin Paywall wird zu deiner WordPress-Website hinzugef\u00fcgt. Sie kann dann mit dem Coinsnap-Zahlungsgateway verbunden werden.[\/vc_column_text][\/vc_column_inner][vc_column_inner width=&#8220;1\/2&#8243;][vc_single_image image=&#8220;96&#8243; img_size=&#8220;full&#8220; alignment=&#8220;center&#8220; onclick=&#8220;zoom&#8220; css=&#8220;&#8220;][\/vc_column_inner][\/vc_row_inner][vc_row_inner][vc_column_inner width=&#8220;1\/2&#8243;][vc_column_text css=&#8220;&#8220;]\n<h3>2. Coinsnap-Konto mit Bitcoin Paywall verbinden<\/h3>\n<h4>2.1. Coinsnap Bitcoin Paywall-Einstellungen<\/h4>\n<p>Nachdem du die Coinsnap Bitcoin Paywall installiert und aktiviert hast, musst du die Coinsnap-Einstellungen vornehmen. Du findest diese links in der Sidebar unter &#8222;Coinsnap Bitcoin Paywall&#8220;.[\/vc_column_text][\/vc_column_inner][vc_column_inner width=&#8220;1\/2&#8243;][vc_single_image image=&#8220;140&#8243; img_size=&#8220;large&#8220; onclick=&#8220;zoom&#8220; css=&#8220;&#8220;][\/vc_column_inner][\/vc_row_inner][vc_row_inner][vc_column_inner width=&#8220;1\/2&#8243;][vc_column_text css=&#8220;&#8220;]Trage dort einfach deine Coinsnap Store ID und deinen API-Key ein; du findest diese in deinem Coinsnap Account unter &#8222;Einstellungen&#8220;, &#8222;Coinsnap Shop Settings&#8220;.[\/vc_column_text][\/vc_column_inner][vc_column_inner width=&#8220;1\/2&#8243;][vc_single_image image=&#8220;141&#8243; img_size=&#8220;large&#8220; onclick=&#8220;zoom&#8220; css=&#8220;&#8220;][\/vc_column_inner][\/vc_row_inner][vc_column_text css=&#8220;&#8220;]\n<h4 style=\"text-align: center;\">Du hast deine Coinsnap Bitcoin Paywall jetzt erfolgreich aktiviert und kannst ab sofort f\u00fcr deine Inhalte Bitcoin-Lightning akzeptieren.<\/h4>\n<p style=\"text-align: center;\"><a href=\"https:\/\/github.com\/Coinsnap\/Bitcoin-Paywall\" class=\"hb-button special-icon hb-orange hb-large-button\" target=\"_blank\" style=\"-webkit-border-radius: 2px;-moz-border-radius: 2px;border-radius: 2px;\"><i class=\"icon-download-alt\"><\/i>jetzt downloaden!<\/a>\n[\/vc_column_text][vc_empty_space][\/vc_column][\/vc_row][vc_row full_width=&#8220;stretch_row&#8220; fullwidth=&#8220;yes&#8220; css=&#8220;.vc_custom_1732456449457{margin-top: -50px !important;}&#8220; background_color=&#8220;#6393C7&#8243;][vc_column][vc_empty_space height=&#8220;70px&#8220;][vc_column_text css=&#8220;&#8220;]\n<h2 style=\"text-align: center;\"><span style=\"color: #ffffff;\">Coinsnap Bitcoin Paywall konfigurieren<\/span><\/h2>\n[\/vc_column_text][vc_empty_space height=&#8220;70px&#8220;][\/vc_column][\/vc_row][vc_row][vc_column][vc_empty_space][vc_row_inner][vc_column_inner width=&#8220;1\/2&#8243;][vc_column_text css=&#8220;&#8220;]\n<h3>1. Erstelle einen Paywall Shortcode<\/h3>\n<p>Gehe im Sideboard links in deinem WordPress auf Coinsnap Bitcoin Paywall und klicke auf Paywall Shortcodes.<\/p>\n<p>Dann klicke obern auf &#8222;Add New Paywall Shortcode&#8220;.<\/p>\n[\/vc_column_text][\/vc_column_inner][vc_column_inner width=&#8220;1\/2&#8243;][vc_single_image image=&#8220;105&#8243; img_size=&#8220;full&#8220; alignment=&#8220;center&#8220; onclick=&#8220;zoom&#8220; css=&#8220;&#8220;][\/vc_column_inner][\/vc_row_inner][vc_row_inner equal_height=&#8220;yes&#8220; content_placement=&#8220;middle&#8220;][vc_column_inner width=&#8220;1\/2&#8243;][vc_column_text css=&#8220;&#8220;]\n<h3>2. Konfiguriere deinen Paywall Shortcode<\/h3>\n<p>in dem nun erschienenen Fenster machst du nun folgende Einstellungen (siehe orange Eintr\u00e4ge):[\/vc_column_text][vc_column_text css=&#8220;.vc_custom_1732610210604{padding-left: 20px !important;}&#8220;]\n<ol>\n<li>Zun\u00e4chst vergibst du einen Namen, damit du sp\u00e4ter weisst, wof\u00fcr der Short Code gedacht ist.<\/li>\n<li>Dann kannst du eine kurze Beschreibung eingeben, als Hintergrundinfo f\u00fcr dich oder deine Redakteure.<\/li>\n<li>Dann setzt du den Text des Zahlungsbuttons.<\/li>\n<li>Bestimme deinen Preis!<\/li>\n<li>W\u00e4hle die W\u00e4hrung, in der der Preis angezeigt werden soll<\/li>\n<li>Lege die Dauer der Freischaltung fest und<\/li>\n<li>w\u00e4hle das Farbschema der Paywall aus.<\/li>\n<\/ol>\n[\/vc_column_text][vc_column_text css=&#8220;&#8220;]Nun kannst du ganz unten den Shortcode kopieren und in deinen Inhalten verwenden (siehe unten).[\/vc_column_text][\/vc_column_inner][vc_column_inner width=&#8220;1\/2&#8243;][vc_single_image image=&#8220;107&#8243; img_size=&#8220;full&#8220; alignment=&#8220;center&#8220; onclick=&#8220;zoom&#8220; css=&#8220;&#8220;][\/vc_column_inner][\/vc_row_inner][vc_empty_space][\/vc_column][\/vc_row][vc_row full_width=&#8220;stretch_row&#8220; fullwidth=&#8220;yes&#8220; css=&#8220;.vc_custom_1732456449457{margin-top: -50px !important;}&#8220; background_color=&#8220;#6393C7&#8243;][vc_column][vc_empty_space height=&#8220;70px&#8220;][vc_column_text css=&#8220;&#8220;]\n<h2 style=\"text-align: center;\"><span style=\"color: #ffffff;\">Inhalte hinter die Coinsnap Bitcoin Paywall legen<\/span><\/h2>\n[\/vc_column_text][vc_empty_space height=&#8220;70px&#8220;][\/vc_column][\/vc_row][vc_row][vc_column][vc_empty_space][vc_row_inner][vc_column_inner width=&#8220;1\/2&#8243;][vc_column_text css=&#8220;&#8220;]\n<h3>1. Inhalt erstellen<\/h3>\n<p>Erstelle nun wie gewohnt in deinem WordPress einen Inhalt, zum Beispiel einen Text wie in diesem Beispiel.<\/p>\n<p>Sobald du den Artikel fertiggestellt hast, musst du an der Stelle, ab der du eine Bezahlung von deinem Leser erwartest, den eben produzierten Shortcode platzieren. Das machst du \u00fcblicherweise nach dem einleitenden Absatz, siehe rechts:[\/vc_column_text][\/vc_column_inner][vc_column_inner width=&#8220;1\/2&#8243;][vc_single_image image=&#8220;112&#8243; img_size=&#8220;full&#8220; alignment=&#8220;center&#8220; onclick=&#8220;zoom&#8220; css=&#8220;&#8220;][\/vc_column_inner][\/vc_row_inner][vc_row_inner][vc_column_inner width=&#8220;1\/2&#8243;][vc_column_text css=&#8220;&#8220;]\n<h4>Tipp:<\/h4>\n<p>Wenn du eine Paywall vor den Download eines Videos setzen willst, erstelle als Einleitung einen Kurzbeschreibung des Video-Inhalts und setze daneben ein Bild des Startbildschirms des Videos.<\/p>\n<p>So sehen deine User, was sie erwartet und warum sie f\u00fcr das Video bezahlen wollen![\/vc_column_text][\/vc_column_inner][vc_column_inner width=&#8220;1\/2&#8243;][vc_single_image image=&#8220;113&#8243; img_size=&#8220;full&#8220; alignment=&#8220;center&#8220; onclick=&#8220;zoom&#8220; css=&#8220;&#8220;][\/vc_column_inner][\/vc_row_inner][vc_empty_space][\/vc_column][\/vc_row]\n<\/div>","protected":false},"excerpt":{"rendered":"<p>[vc_row full_width=&#8220;stretch_row&#8220; fullwidth=&#8220;yes&#8220; css=&#8220;.vc_custom_1732456449457{margin-top: -50px !important;}&#8220; background_color=&#8220;#6393C7&#8243;][vc_column][vc_empty_space height=&#8220;70px&#8220;][vc_column_text css=&#8220;&#8220;] Coinsnap Bitcoin Paywall installieren und nutzen [\/vc_column_text][vc_single_image image=&#8220;33&#8243; img_size=&#8220;full&#8220; alignment=&#8220;center&#8220; css=&#8220;.vc_custom_1732456342416{padding-top: [&hellip;]<\/p>\n","protected":false},"author":1,"featured_media":41,"parent":0,"menu_order":0,"comment_status":"closed","ping_status":"closed","template":"","meta":{"footnotes":""},"class_list":["post-89","page","type-page","status-publish","has-post-thumbnail","hentry"],"_links":{"self":[{"href":"https:\/\/btcpaywall.com\/de\/wp-json\/wp\/v2\/pages\/89","targetHints":{"allow":["GET"]}}],"collection":[{"href":"https:\/\/btcpaywall.com\/de\/wp-json\/wp\/v2\/pages"}],"about":[{"href":"https:\/\/btcpaywall.com\/de\/wp-json\/wp\/v2\/types\/page"}],"author":[{"embeddable":true,"href":"https:\/\/btcpaywall.com\/de\/wp-json\/wp\/v2\/users\/1"}],"replies":[{"embeddable":true,"href":"https:\/\/btcpaywall.com\/de\/wp-json\/wp\/v2\/comments?post=89"}],"version-history":[{"count":20,"href":"https:\/\/btcpaywall.com\/de\/wp-json\/wp\/v2\/pages\/89\/revisions"}],"predecessor-version":[{"id":204,"href":"https:\/\/btcpaywall.com\/de\/wp-json\/wp\/v2\/pages\/89\/revisions\/204"}],"wp:featuredmedia":[{"embeddable":true,"href":"https:\/\/btcpaywall.com\/de\/wp-json\/wp\/v2\/media\/41"}],"wp:attachment":[{"href":"https:\/\/btcpaywall.com\/de\/wp-json\/wp\/v2\/media?parent=89"}],"curies":[{"name":"wp","href":"https:\/\/api.w.org\/{rel}","templated":true}]}}