{"id":1656,"date":"2025-11-25T12:53:33","date_gmt":"2025-11-25T12:53:33","guid":{"rendered":"https:\/\/btcpaywall.com\/descargar-coinsnap-wordpress-bitcoin-paywall\/"},"modified":"2025-12-13T13:30:24","modified_gmt":"2025-12-13T13:30:24","slug":"descargar-coinsnap-wordpress-bitcoin-paywall","status":"publish","type":"page","link":"https:\/\/btcpaywall.com\/es\/descargar-coinsnap-wordpress-bitcoin-paywall\/","title":{"rendered":"Descargar Coinsnap WordPress Bitcoin Paywall"},"content":{"rendered":"<div class=\"wpb-content-wrapper\">[vc_row full_width=\u00bbstretch_row\u00bb fullwidth=\u00bbyes\u00bb css=\u00bb.vc_custom_1732456449457{margin-top: -50px !important;}\u00bb background_color=\u00bb#6393C7&#8243;][vc_column][vc_empty_space height=\u00bb70px\u00bb][vc_column_text css=\u00bb\u00bb]\n<h1 style=\"text-align: center;\"><span style=\"color: #ffffff;\">Descargar Coinsnap WordPress Bitcoin Paywall<\/span><\/h1>\n[\/vc_column_text][vc_single_image image=\u00bb227&#8243; img_size=\u00bbfull\u00bb alignment=\u00bbcenter\u00bb css=\u00bb.vc_custom_1732456342416{padding-top: -20px !important;}\u00bb][vc_empty_space height=\u00bb70px\u00bb][\/vc_column][\/vc_row][vc_row][vc_column][vc_empty_space height=\u00bb70px\u00bb][vc_column_text css=\u00bb\u00bb]\n<p data-start=\"261\" data-end=\"436\">El <strong data-start=\"265\" data-end=\"300\">plugin Coinsnap Bitcoin Paywall<\/strong> es completamente gratuito y de c\u00f3digo abierto.<br data-start=\"336\" data-end=\"339\">Puedes descargarlo del <strong data-start=\"377\" data-end=\"407\">directorio<\/strong> oficial <strong data-start=\"377\" data-end=\"407\">de plugins de WordPress<\/strong> o directamente de <strong data-start=\"425\" data-end=\"435\">GitHub<\/strong>.<\/p>\n<p data-start=\"438\" data-end=\"482\">Elige la opci\u00f3n que mejor se adapte a tus necesidades:<\/p>\n[\/vc_column_text][vc_column_text css=\u00bb\u00bb]\n<h2 data-start=\"489\" data-end=\"545\"><strong data-start=\"492\" data-end=\"543\">1. Desc\u00e1rgalo del directorio de plugins de WordPress<\/strong><\/h2>\n[\/vc_column_text][vc_row_inner][vc_column_inner width=\u00bb1\/2&#8243;][vc_column_text css=\u00bb\u00bb]\n<div class=\"markdown-heading\" dir=\"auto\">\n<p data-start=\"546\" data-end=\"574\"><em data-start=\"546\" data-end=\"574\">Recomendado para la mayor\u00eda de los usuarios<\/em><\/p>\n<p data-start=\"576\" data-end=\"693\">El Directorio de plugins de WordPress es la forma m\u00e1s f\u00e1cil y c\u00f3moda de instalar el plugin Coinsnap Bitcoin Paywall.<\/p>\n<p data-start=\"695\" data-end=\"810\">\u2714 Siempre la \u00faltima versi\u00f3n estable<br data-start=\"729\" data-end=\"732\">\u2714 Instalaci\u00f3n con un solo clic<br data-start=\"756\" data-end=\"759\">\u2714 Actualizaciones autom\u00e1ticas<br data-start=\"778\" data-end=\"781\">\u2714 Verificado por WordPress.org<\/p>\n<p data-start=\"812\" data-end=\"908\"><strong data-start=\"812\" data-end=\"908\">Perfecto para creadores, blogueros y propietarios de sitios web que quieran una experiencia de instalaci\u00f3n perfecta.<\/strong><\/p>\n<p data-start=\"910\" data-end=\"946\">\ud83d\udc49 <a href=\"https:\/\/wordpress.org\/plugins\/coinsnap-paywall\/\" target=\"_blank\" rel=\"noopener\" data-schema-attribute=\"\"><strong data-start=\"913\" data-end=\"946\">Descargar desde WordPress.org<\/strong><\/a><\/p>\n<\/div>\n[\/vc_column_text][\/vc_column_inner][vc_column_inner width=\u00bb1\/2&#8243;][vc_single_image image=\u00bb1733&#8243; img_size=\u00bbmedium\u00bb alignment=\u00bbcenter\u00bb onclick=\u00bbcustom_link\u00bb img_link_target=\u00bb_blank\u00bb css=\u00bb\u00bb link=\u00bbhttps:\/\/wordpress.org\/plugins\/coinsnap-paywall\/\u00bb][vc_column_text css=\u00bb\u00bb]Instala el <a href=\"https:\/\/wordpress.org\/plugins\/coinsnap-paywall\/\" target=\"_blank\" rel=\"noopener\" data-schema-attribute=\"\">Paywall Bitcoin de Coinsnap WordPress<\/a> desde WordPress.org[\/vc_column_text][\/vc_column_inner][\/vc_row_inner][vc_column_text css=\u00bb\u00bb]\n<h2 data-start=\"953\" data-end=\"985\"><strong data-start=\"956\" data-end=\"983\">2. Descargar desde GitHub<\/strong><\/h2>\n[\/vc_column_text][vc_row_inner][vc_column_inner width=\u00bb1\/2&#8243;][vc_column_text css=\u00bb\u00bb]\n<div class=\"markdown-heading\" dir=\"auto\">\n<p data-start=\"986\" data-end=\"1026\"><em data-start=\"986\" data-end=\"1026\">Recomendado para desarrolladores y probadores<\/em><\/p>\n<p data-start=\"1028\" data-end=\"1181\">Si prefieres inspeccionar el c\u00f3digo, contribuir al desarrollo o descargar versiones preliminares, puedes acceder al repositorio completo de c\u00f3digo abierto en GitHub.<\/p>\n<p data-start=\"1183\" data-end=\"1274\">\u2714 Acceso al c\u00f3digo fuente<br data-start=\"1203\" data-end=\"1206\">\u2714 Ramas de desarrollo<br data-start=\"1228\" data-end=\"1231\">\u2714 Seguimiento de incidencias<br data-start=\"1247\" data-end=\"1250\">\u2714 Descargas manuales ZIP<\/p>\n<p data-start=\"1276\" data-end=\"1330\"><strong data-start=\"1276\" data-end=\"1330\">Ideal para desarrolladores, probadores y usuarios avanzados.<\/strong><\/p>\n<p data-start=\"1332\" data-end=\"1355\">\ud83d\udc49 <a href=\"https:\/\/github.com\/Coinsnap\/Coinsnap-Paywall\"><strong data-start=\"1335\" data-end=\"1355\">Ver en GitHub<\/strong><\/a><\/p>\n<\/div>\n[\/vc_column_text][\/vc_column_inner][vc_column_inner width=\u00bb1\/2&#8243;][vc_single_image image=\u00bb486&#8243; img_size=\u00bbmedium\u00bb alignment=\u00bbcenter\u00bb onclick=\u00bbcustom_link\u00bb css=\u00bb\u00bb link=\u00bbhttps:\/\/github.com\/Coinsnap\/Coinsnap-Paywall\u00bb][vc_column_text css=\u00bb\u00bb]Primero te descargas el plugin de <a href=\"https:\/\/github.com\/Coinsnap\/Bitcoin-Paywall\">Github<\/a>.<\/p>\n<p>Luego tienes que subir el ZIP en la administraci\u00f3n de plugins de WordPress:[\/vc_column_text][\/vc_column_inner][\/vc_row_inner][vc_empty_space][\/vc_column][\/vc_row][vc_row][vc_column][vc_column_text css=\u00bb\u00bb]\n<h2 data-start=\"1362\" data-end=\"1394\"><strong data-start=\"1365\" data-end=\"1394\">100% libre y de c\u00f3digo abierto<\/strong><\/h2>\n<p data-start=\"1396\" data-end=\"1435\">El plugin Coinsnap Bitcoin Paywall es:<\/p>\n[\/vc_column_text][vc_column_text css=\u00bb.vc_custom_1764076422419{margin-left: 50px !important;}\u00bb]\n<ul>\n<li data-start=\"1439\" data-end=\"1452\">Uso gratuito<\/li>\n<li data-start=\"1455\" data-end=\"1486\">C\u00f3digo abierto bajo licencia MIT<\/li>\n<li data-start=\"1489\" data-end=\"1514\">No privativa de libertad por dise\u00f1o<\/li>\n<li data-start=\"1517\" data-end=\"1559\">Compatible con BTCPay Server y Coinsnap<\/li>\n<li data-start=\"1562\" data-end=\"1617\">Creado para la monetizaci\u00f3n de pago por art\u00edculo \/ pago por post<\/li>\n<\/ul>\n[\/vc_column_text][vc_column_text css=\u00bb\u00bb]Eres libre de utilizarlo, modificarlo e integrarlo en tus proyectos de WordPress.[\/vc_column_text][\/vc_column][\/vc_row][vc_row][vc_column][vc_column_text css=\u00bb\u00bb]\n<h2 data-start=\"1707\" data-end=\"1739\"><strong data-start=\"1710\" data-end=\"1739\">Instrucciones de instalaci\u00f3n<\/strong><\/h2>\n<p data-start=\"1741\" data-end=\"1813\">Si necesitas ayuda para configurar el plugin, consulta nuestra gu\u00eda de instalaci\u00f3n completa:<\/p>\n<p data-start=\"1815\" data-end=\"1842\">\ud83d\udc49 <a title=\"Gu\u00eda de Instalaci\u00f3n del Paywall de Bitcoin\" href=\"https:\/\/btcpaywall.com\/es\/guia-de-instalacion-y-configuracion-del-paywall-de-bitcoin\/\" data-schema-attribute=\"\"><strong data-start=\"1818\" data-end=\"1842\">Gu\u00eda de instalaci\u00f3n<\/strong><\/a><\/p>\n<p data-start=\"1844\" data-end=\"1858\">Esto incluye<\/p>\n[\/vc_column_text][vc_column_text css=\u00bb.vc_custom_1764076474845{margin-left: 50px !important;}\u00bb]\n<ul>\n<li data-start=\"1862\" data-end=\"1889\">C\u00f3mo instalar el plugin<\/li>\n<li data-start=\"1892\" data-end=\"1932\">C\u00f3mo conectar tu sitio con Coinsnap<\/li>\n<li data-start=\"1935\" data-end=\"1965\">C\u00f3mo conectar el Servidor BTCPay<\/li>\n<li data-start=\"1968\" data-end=\"2012\">C\u00f3mo a\u00f1adir el Bloqueo Paywall a tus entradas<\/li>\n<li data-start=\"2015\" data-end=\"2047\">C\u00f3mo fijar tus precios en sats<\/li>\n<\/ul>\n[\/vc_column_text][vc_column_text css=\u00bb\u00bb]\n<h2 data-start=\"2054\" data-end=\"2078\"><strong data-start=\"2057\" data-end=\"2078\">Empieza hoy mismo<\/strong><\/h2>\n<p data-start=\"2080\" data-end=\"2185\">A\u00f1ade un muro de pago por art\u00edculo con tecnolog\u00eda Lightning a tu sitio WordPress en cuesti\u00f3n de minutos, completamente gratis.<\/p>\n<p data-start=\"2187\" data-end=\"2261\">\ud83d\udc49 <strong data-start=\"2190\" data-end=\"2261\"><a href=\"https:\/\/wordpress.org\/plugins\/coinsnap-paywall\/\" data-schema-attribute=\"\">Descarga el plugin y empieza a monetizar tu contenido con Bitcoin<\/a>.<\/strong><\/p>\n[\/vc_column_text][\/vc_column][\/vc_row]\n<\/div>","protected":false},"excerpt":{"rendered":"<p>[vc_row full_width=\u00bbstretch_row\u00bb fullwidth=\u00bbyes\u00bb css=\u00bb.vc_custom_1732456449457{margin-top: -50px !important;}\u00bb background_color=\u00bb#6393C7&#8243;][vc_column][vc_empty_space height=\u00bb70px\u00bb][vc_column_text css=\u00bb\u00bb] Descargar Coinsnap WordPress Bitcoin Paywall [\/vc_column_text][vc_single_image image=\u00bb227&#8243; img_size=\u00bbfull\u00bb alignment=\u00bbcenter\u00bb css=\u00bb.vc_custom_1732456342416{padding-top: -20px [&hellip;]<\/p>\n","protected":false},"author":1,"featured_media":1228,"parent":0,"menu_order":0,"comment_status":"closed","ping_status":"closed","template":"","meta":{"footnotes":""},"class_list":["post-1656","page","type-page","status-publish","has-post-thumbnail","hentry"],"_links":{"self":[{"href":"https:\/\/btcpaywall.com\/es\/wp-json\/wp\/v2\/pages\/1656","targetHints":{"allow":["GET"]}}],"collection":[{"href":"https:\/\/btcpaywall.com\/es\/wp-json\/wp\/v2\/pages"}],"about":[{"href":"https:\/\/btcpaywall.com\/es\/wp-json\/wp\/v2\/types\/page"}],"author":[{"embeddable":true,"href":"https:\/\/btcpaywall.com\/es\/wp-json\/wp\/v2\/users\/1"}],"replies":[{"embeddable":true,"href":"https:\/\/btcpaywall.com\/es\/wp-json\/wp\/v2\/comments?post=1656"}],"version-history":[{"count":60,"href":"https:\/\/btcpaywall.com\/es\/wp-json\/wp\/v2\/pages\/1656\/revisions"}],"predecessor-version":[{"id":2472,"href":"https:\/\/btcpaywall.com\/es\/wp-json\/wp\/v2\/pages\/1656\/revisions\/2472"}],"wp:featuredmedia":[{"embeddable":true,"href":"https:\/\/btcpaywall.com\/es\/wp-json\/wp\/v2\/media\/1228"}],"wp:attachment":[{"href":"https:\/\/btcpaywall.com\/es\/wp-json\/wp\/v2\/media?parent=1656"}],"curies":[{"name":"wp","href":"https:\/\/api.w.org\/{rel}","templated":true}]}}