{"id":2189,"date":"2024-11-22T13:39:12","date_gmt":"2024-11-22T13:39:12","guid":{"rendered":"https:\/\/btcpaywall.com\/inicio-2\/"},"modified":"2025-12-13T13:24:50","modified_gmt":"2025-12-13T13:24:50","slug":"inicio-2","status":"publish","type":"page","link":"https:\/\/btcpaywall.com\/es\/","title":{"rendered":"INICIO"},"content":{"rendered":"<div class=\"wpb-content-wrapper\">[vc_row full_width=\u00bbstretch_row\u00bb fullwidth=\u00bbyes\u00bb css=\u00bb.vc_custom_1732456449457{margin-top: -50px !important;}\u00bb background_color=\u00bb#6393C7&#8243;][vc_column][vc_empty_space height=\u00bb70px\u00bb][vc_column_text css=\u00bb\u00bb]\n<h1 style=\"text-align: center;\"><span style=\"color: #ffffff;\"><strong>Monetiza el contenido de tu WordPress con Bitcoin Lightning<\/strong><\/span><\/h1>\n[\/vc_column_text][vc_single_image image=\u00bb227&#8243; img_size=\u00bbfull\u00bb alignment=\u00bbcenter\u00bb css=\u00bb.vc_custom_1732456342416{padding-top: -20px !important;}\u00bb][vc_column_text css=\u00bb\u00bb]\n<h2 style=\"text-align: center;\" data-start=\"530\" data-end=\"594\"><span style=\"color: #ffffff;\"><strong data-start=\"533\" data-end=\"594\">El muro de pago Bitcoin de WordPress para contenidos de pago por art\u00edculo<\/strong><\/span><\/h2>\n[\/vc_column_text][vc_empty_space height=\u00bb70px\u00bb][\/vc_column][\/vc_row][vc_row][vc_column][vc_column_text css=\u00bb\u00bb]El Coinsnap WordPress Bitcoin Paywall es el plugin m\u00e1s f\u00e1cil y r\u00e1pido para la monetizaci\u00f3n de pago por art\u00edculo y pago por post.<br \/>\nLos lectores pagan con Bitcoin Lightning &#8211; y desbloquean posts individuales al instante.<\/p>\n<p style=\"text-align: left;\" data-start=\"595\" data-end=\"677\">Monetiza las publicaciones de tu blog con Lightning Payments: r\u00e1pido, sin custodia y global<\/p>\n<p>Gratis. Sencillo. No se necesitan cuentas.[\/vc_column_text][vc_row_inner][vc_column_inner width=\u00bb1\/2&#8243;][vc_btn title=\u00bbVer demostraci\u00f3n en directo\u00bb color=\u00bbwarning\u00bb align=\u00bbcenter\u00bb css=\u00bb\u00bb link=\u00bburl:https%3A%2F%2Fbtcpaywall.com%2Fpay-per-article-demo%2F|title:Pay-per-Article%20Demo|\u00bb][\/vc_column_inner][vc_column_inner width=\u00bb1\/2&#8243;][vc_btn title=\u00bbDescargar gratis\u00bb color=\u00bbwarning\u00bb align=\u00bbcenter\u00bb css=\u00bb\u00bb link=\u00bburl:https%3A%2F%2Fbtcpaywall.com%2Fes%2Fdescargar-coinsnap-wordpress-bitcoin-paywall%2F|title:Download%20Plugin%20for%20Free|\u00bb][\/vc_column_inner][\/vc_row_inner][vc_empty_space height=\u00bb70px\u00bb][\/vc_column][\/vc_row][vc_row full_width=\u00bbstretch_row\u00bb fullwidth=\u00bbyes\u00bb css=\u00bb.vc_custom_1732460566869{margin-top: -50px !important;}\u00bb background_color=\u00bb#F7A611&#8243;][vc_column][vc_empty_space height=\u00bb70px\u00bb][vc_column_text css=\u00bb\u00bb]\n<h2 style=\"text-align: center;\"><strong><span style=\"color: #ffffff;\">\u00bfQu\u00e9 es el Paywall Bitcoin de Coinsnap?<\/span><\/strong><\/h2>\n[\/vc_column_text][vc_single_image image=\u00bb1254&#8243; img_size=\u00bbfull\u00bb alignment=\u00bbcenter\u00bb css=\u00bb\u00bb][vc_empty_space height=\u00bb70px\u00bb][\/vc_column][\/vc_row][vc_row][vc_column][vc_empty_space height=\u00bb70px\u00bb][vc_row_inner][vc_column_inner width=\u00bb1\/2&#8243;][vc_column_text css=\u00bb\u00bb]\n<p data-start=\"992\" data-end=\"1166\">El <strong data-start=\"959\" data-end=\"987\">muro de pago Bitcoin de Coinsnap<\/strong> es un plugin gratuito de WordPress que te permite bloquear entradas individuales o bloques de contenido seleccionados tras un pago <strong data-start=\"1087\" data-end=\"1124\">por art\u00edculo de Bitcoin Lightning<\/strong>.<\/p>\n[\/vc_column_text][vc_column_text css=\u00bb.vc_custom_1764064054458{margin-left: 50px !important;}\u00bb]\ud83d\udd38 <strong data-start=\"1138\" data-end=\"1157\">Pay-Per-Article<\/strong> &#8211; los lectores pagan por post<br data-start=\"1180\" data-end=\"1183\">\ud83d\udd38 <strong data-start=\"1186\" data-end=\"1202\">Pay-Per-Post<\/strong> &#8211; ideal para blogs, revistas y tutoriales<br data-start=\"1243\" data-end=\"1246\">\ud83d\udd38 <strong data-start=\"1249\" data-end=\"1271\">Lightning Payments<\/strong> &#8211; ultrarr\u00e1pido y perfecto para micropagos[\/vc_column_text][\/vc_column_inner][vc_column_inner width=\u00bb1\/2&#8243;][vc_single_image image=\u00bb2119&#8243; img_size=\u00bbfull\u00bb alignment=\u00bbcenter\u00bb onclick=\u00bbcustom_link\u00bb css=\u00bb\u00bb link=\u00bbhttps:\/\/wordpress.org\/plugins\/coinsnap-paywall\/\u00bb][\/vc_column_inner][\/vc_row_inner][vc_column_text css=\u00bb\u00bb]Una vez completado el pago, el contenido se desbloquea autom\u00e1ticamente: sin cuentas, sin suscripciones, sin fricciones.[\/vc_column_text][vc_empty_space height=\u00bb50px\u00bb][\/vc_column][\/vc_row][vc_row full_width=\u00bbstretch_row\u00bb fullwidth=\u00bbyes\u00bb css=\u00bb.vc_custom_1732460566869{margin-top: -50px !important;}\u00bb background_color=\u00bb#F7A611&#8243;][vc_column][vc_empty_space height=\u00bb70px\u00bb][vc_column_text css=\u00bb\u00bb]\n<h2 style=\"text-align: center;\"><strong><span style=\"color: #ffffff;\">\u00bfPor qu\u00e9 pagar por art\u00edculo?<\/span><\/strong><\/h2>\n[\/vc_column_text][vc_single_image image=\u00bb1129&#8243; img_size=\u00bbfull\u00bb alignment=\u00bbcenter\u00bb css=\u00bb\u00bb][vc_empty_space height=\u00bb70px\u00bb][\/vc_column][\/vc_row][vc_row][vc_column][vc_empty_space height=\u00bb70px\u00bb][vc_column_text css=\u00bb\u00bb]\n<h3 data-start=\"1461\" data-end=\"1504\">1. Ganar Sats de puestos individuales<\/h3>\n<p data-start=\"1505\" data-end=\"1572\">Monetiza art\u00edculos, opiniones de expertos, tutoriales y contenido premium.<\/p>\n<h3 data-start=\"1574\" data-end=\"1610\">2. No requiere suscripci\u00f3n<\/h3>\n<p data-start=\"1611\" data-end=\"1657\">Los lectores s\u00f3lo pagan por aquello a lo que quieren acceder.<\/p>\n[\/vc_column_text][vc_column_text css=\u00bb\u00bb]\n<h3 data-start=\"1659\" data-end=\"1702\">3. Pagos Bitcoin r\u00e1pidos como el rayo<\/h3>\n<p data-start=\"1703\" data-end=\"1760\">Optimizado para micropagos Bitcoin: r\u00e1pido, barato, global.<\/p>\n<h3 data-start=\"1762\" data-end=\"1800\">4. Pagos del 100% sin custodia<\/h3>\n[\/vc_column_text][vc_column_text css=\u00bb.vc_custom_1764064356653{margin-left: 50px !important;}\u00bb]\n<ul data-start=\"1801\" data-end=\"1920\">\n<li data-start=\"1801\" data-end=\"1857\">\n<p data-start=\"1803\" data-end=\"1857\">Lightning \u2192 pagado directamente en <em data-start=\"1832\" data-end=\"1838\">tu<\/em> monedero Lightning<\/p>\n<\/li>\n<li data-start=\"1858\" data-end=\"1920\">\n<p data-start=\"1860\" data-end=\"1920\">On-Chain \u2192 pagado directamente a <em data-start=\"1888\" data-end=\"1894\">tu<\/em> monedero Bitcoin a trav\u00e9s de xPub<\/p>\n<\/li>\n<\/ul>\n[\/vc_column_text][vc_column_text css=\u00bb\u00bb]\n<p data-start=\"1922\" data-end=\"1993\">Coinsnap nunca retiene los fondos de los comerciantes: el servidor BTCPay es totalmente soberano.<\/p>\n<h3 data-start=\"1995\" data-end=\"2033\">5. F\u00e1cil integraci\u00f3n con WordPress<\/h3>\n<p data-start=\"2034\" data-end=\"2094\">Funciona con cualquier tema de WordPress que utilice Gutenberg o shortcode.<\/p>\n<h3 data-start=\"2096\" data-end=\"2134\">6. Dise\u00f1o respetuoso con la intimidad<\/h3>\n<p data-start=\"2135\" data-end=\"2266\">Utiliza una \u00fanica cookie <em data-start=\"2149\" data-end=\"2172\">t\u00e9cnicamente necesaria<\/em> para que los usuarios que vuelven mantengan el acceso.<br data-start=\"2211\" data-end=\"2214\">Sin cookies de seguimiento. Sin an\u00e1lisis. Sin datos personales.  <\/p>\n[\/vc_column_text][vc_empty_space height=\u00bb70px\u00bb][\/vc_column][\/vc_row][vc_row full_width=\u00bbstretch_row\u00bb fullwidth=\u00bbyes\u00bb css=\u00bb.vc_custom_1732460566869{margin-top: -50px !important;}\u00bb background_color=\u00bb#F7A611&#8243;][vc_column][vc_empty_space height=\u00bb70px\u00bb][vc_column_text css=\u00bb\u00bb]\n<h2 style=\"text-align: center;\"><strong><span style=\"color: #ffffff;\">C\u00f3mo funciona<\/span><\/strong><\/h2>\n[\/vc_column_text][vc_single_image image=\u00bb1147&#8243; img_size=\u00bbfull\u00bb alignment=\u00bbcenter\u00bb css=\u00bb\u00bb][vc_empty_space height=\u00bb50px\u00bb][\/vc_column][\/vc_row][vc_row][vc_column][vc_empty_space height=\u00bb50px\u00bb][vc_column_text css=\u00bb\u00bb]\n<h3 data-start=\"2293\" data-end=\"2328\">1. Instala el plugin gratuito<\/h3>\n<p data-start=\"2329\" data-end=\"2367\">Disponible en WordPress.org y GitHub.<\/p>\n<h3 data-start=\"2369\" data-end=\"2408\">2. Elige tu pasarela de pago<\/h3>\n[\/vc_column_text][vc_column_text css=\u00bb.vc_custom_1764064458596{margin-left: 50px !important;}\u00bb]\n<p data-start=\"1803\" data-end=\"1857\">\u2714 <strong data-start=\"2411\" data-end=\"2423\">Coinsnap<\/strong> (Lightning y Bitcoin no custodiados, sin necesidad de nodo)<br data-start=\"2475\" data-end=\"2478\">\u2714 <strong data-start=\"2480\" data-end=\"2497\">Servidor BTCPay<\/strong> (autoalojado, plena soberan\u00eda de Bitcoin)<\/p>\n[\/vc_column_text][vc_column_text css=\u00bb\u00bb]\n<h3 data-start=\"2539\" data-end=\"2571\">3. Protege tu contenido<\/h3>\n<p data-start=\"2572\" data-end=\"2637\">A\u00f1ade el Bloque Paywall a la entrada o envuelve el contenido en un shortcode.<\/p>\n<h3 data-start=\"2639\" data-end=\"2662\">4. Establece un precio<\/h3>\n<p data-start=\"2663\" data-end=\"2697\">Define tu precio en sats o fiat.<\/p>\n<h3 data-start=\"2699\" data-end=\"2745\">5. Pago Lightning \u2192 Desbloqueo instant\u00e1neo<\/h3>\n<p data-start=\"2746\" data-end=\"2805\">Tras el pago Lightning, el post completo se hace visible.<\/p>\n[\/vc_column_text][vc_btn title=\u00bbVer demostraci\u00f3n en directo\u00bb color=\u00bbwarning\u00bb align=\u00bbcenter\u00bb css=\u00bb\u00bb link=\u00bburl:https%3A%2F%2Fbtcpaywall.com%2Fpay-per-article-demo%2F|title:Pay-per-Article%20Demo|\u00bb][vc_empty_space height=\u00bb70px\u00bb][\/vc_column][\/vc_row][vc_row full_width=\u00bbstretch_row\u00bb fullwidth=\u00bbyes\u00bb css=\u00bb.vc_custom_1732460566869{margin-top: -50px !important;}\u00bb background_color=\u00bb#F7A611&#8243;][vc_column][vc_empty_space height=\u00bb70px\u00bb][vc_column_text css=\u00bb\u00bb]\n<h2 style=\"text-align: center;\"><strong><span style=\"color: #ffffff;\">Caracter\u00edsticas principales<\/span><\/strong><\/h2>\n[\/vc_column_text][vc_single_image image=\u00bb1159&#8243; img_size=\u00bbfull\u00bb alignment=\u00bbcenter\u00bb css=\u00bb\u00bb][vc_empty_space height=\u00bb50px\u00bb][\/vc_column][\/vc_row][vc_row][vc_column][vc_empty_space height=\u00bb50px\u00bb][vc_column_text css=\u00bb.vc_custom_1764082758980{margin-left: 50px !important;}\u00bb]\n<p data-start=\"2866\" data-end=\"2917\">\u2714 Monetizaci\u00f3n de pago por art\u00edculo \/ pago por post<\/p>\n<p data-start=\"2920\" data-end=\"2954\">\u2714 Pagos Bitcoin Lightning<\/p>\n<p data-start=\"2957\" data-end=\"2998\">\u2714 Soporte de Bitcoin en cadena a trav\u00e9s de xPub<\/p>\n<p data-start=\"3001\" data-end=\"3036\">\u2714 Pagos sin custodia total<\/p>\n<p data-start=\"3039\" data-end=\"3082\">\u2714 Compatible con el servidor BTCPay y Coinsnap<\/p>\n<p data-start=\"3085\" data-end=\"3120\">\u2714 Bloque Gutenberg + Shortcode<\/p>\n<p data-start=\"3123\" data-end=\"3170\">\u2714 S\u00f3lo una cookie esencial (sin seguimiento)<\/p>\n<p data-start=\"3173\" data-end=\"3207\">\u2714 Plugin de WordPress 100% gratuito<\/p>\n<p data-start=\"3210\" data-end=\"3232\">\u2714 Configuraci\u00f3n en minutos<\/p>\n[\/vc_column_text][vc_empty_space height=\u00bb50px\u00bb][\/vc_column][\/vc_row][vc_row full_width=\u00bbstretch_row\u00bb fullwidth=\u00bbyes\u00bb css=\u00bb.vc_custom_1732460566869{margin-top: -50px !important;}\u00bb background_color=\u00bb#F7A611&#8243;][vc_column][vc_empty_space height=\u00bb70px\u00bb][vc_column_text css=\u00bb\u00bb]\n<h2 style=\"text-align: center;\"><strong><span style=\"color: #ffffff;\">Compatible con BTCPay Server y Coinsnap<\/span><\/strong><\/h2>\n[\/vc_column_text][vc_single_image image=\u00bb1204&#8243; img_size=\u00bbfull\u00bb alignment=\u00bbcenter\u00bb css=\u00bb\u00bb][vc_empty_space height=\u00bb50px\u00bb][\/vc_column][\/vc_row][vc_row][vc_column][vc_empty_space height=\u00bb50px\u00bb][vc_column_text css=\u00bb\u00bb]\n<h3>Servidor BTCPay<\/h3>\n[\/vc_column_text][vc_row_inner][vc_column_inner width=\u00bb1\/2&#8243;][vc_column_text css=\u00bb.vc_custom_1764064646455{margin-left: 50px !important;}\u00bb]\n<ul>\n<li data-start=\"3332\" data-end=\"3365\">Bitcoin autoalojado y Lightning<\/li>\n<li data-start=\"3368\" data-end=\"3390\">Tu nodo, tus llaves<\/li>\n<li data-start=\"3393\" data-end=\"3426\">M\u00e1xima soberan\u00eda y privacidad<\/li>\n<\/ul>\n[\/vc_column_text][\/vc_column_inner][vc_column_inner width=\u00bb1\/2&#8243;][vc_single_image image=\u00bb1192&#8243; img_size=\u00bbmedium\u00bb alignment=\u00bbcenter\u00bb onclick=\u00bbcustom_link\u00bb img_link_target=\u00bb_blank\u00bb css=\u00bb\u00bb link=\u00bbhttps:\/\/btcpayserver.org\u00bb][\/vc_column_inner][\/vc_row_inner][vc_column_text css=\u00bb\u00bb]Perfecto para desarrolladores y usuarios t\u00e9cnicos.[\/vc_column_text][\/vc_column][\/vc_row][vc_row][vc_column][vc_column_text css=\u00bb\u00bb]\n<h3>Coinsnap<\/h3>\n[\/vc_column_text][vc_row_inner][vc_column_inner width=\u00bb1\/2&#8243;][vc_column_text css=\u00bb.vc_custom_1764064743090{margin-left: 50px !important;}\u00bb]\n<ul>\n<li data-start=\"3545\" data-end=\"3601\">Pagos Lightning \u2192 directamente a tu monedero Lightning<\/li>\n<li data-start=\"3604\" data-end=\"3657\">Bitcoin en cadena \u2192 directamente a tu monedero a trav\u00e9s de xPub<\/li>\n<li data-start=\"3660\" data-end=\"3682\">No se necesita nodo propio<\/li>\n<li data-start=\"3685\" data-end=\"3750\">F\u00e1cil configuraci\u00f3n para creadores, blogueros, revistas y peque\u00f1as empresas<\/li>\n<\/ul>\n[\/vc_column_text][\/vc_column_inner][vc_column_inner width=\u00bb1\/2&#8243;][vc_single_image image=\u00bb1181&#8243; img_size=\u00bbmedium\u00bb alignment=\u00bbcenter\u00bb onclick=\u00bbcustom_link\u00bb img_link_target=\u00bb_blank\u00bb css=\u00bb\u00bb link=\u00bbhttps:\/\/coinsnap.io\u00bb][\/vc_column_inner][\/vc_row_inner][vc_column_text css=\u00bb\u00bb]Coinsnap nunca almacena Bitcoin &#8211; todos los pagos van directamente al comerciante.[\/vc_column_text][vc_empty_space height=\u00bb50px\u00bb][\/vc_column][\/vc_row][vc_row full_width=\u00bbstretch_row\u00bb fullwidth=\u00bbyes\u00bb css=\u00bb.vc_custom_1732460566869{margin-top: -50px !important;}\u00bb background_color=\u00bb#F7A611&#8243;][vc_column][vc_empty_space height=\u00bb70px\u00bb][vc_column_text css=\u00bb\u00bb]\n<h2 style=\"text-align: center;\"><span style=\"color: #ffffff;\"><strong>Prueba la demostraci\u00f3n de pago por art\u00edculo<\/strong><\/span><\/h2>\n[\/vc_column_text][vc_single_image image=\u00bb1216&#8243; img_size=\u00bbfull\u00bb alignment=\u00bbcenter\u00bb css=\u00bb\u00bb][vc_empty_space height=\u00bb50px\u00bb][\/vc_column][\/vc_row][vc_row][vc_column][vc_empty_space height=\u00bb50px\u00bb][vc_column_text css=\u00bb\u00bb]Comprueba exactamente lo que experimentar\u00e1n tus lectores.<br data-start=\"3913\" data-end=\"3916\">Prueba el Paywall Lightning en tiempo real.[\/vc_column_text][vc_btn title=\u00bbVer demostraci\u00f3n en directo\u00bb color=\u00bbwarning\u00bb align=\u00bbcenter\u00bb css=\u00bb\u00bb link=\u00bburl:https%3A%2F%2Fbtcpaywall.com%2Fpay-per-article-demo%2F|title:Pay-per-Article%20Demo|\u00bb][vc_empty_space height=\u00bb50px\u00bb][\/vc_column][\/vc_row][vc_row full_width=\u00bbstretch_row\u00bb fullwidth=\u00bbyes\u00bb css=\u00bb.vc_custom_1732460566869{margin-top: -50px !important;}\u00bb background_color=\u00bb#F7A611&#8243;][vc_column][vc_empty_space height=\u00bb70px\u00bb][vc_column_text css=\u00bb\u00bb]\n<h2 style=\"text-align: center;\"><span style=\"color: #ffffff;\"><strong>Descargar el Plugin<\/strong><\/span><\/h2>\n[\/vc_column_text][vc_single_image image=\u00bb1228&#8243; img_size=\u00bbfull\u00bb alignment=\u00bbcenter\u00bb css=\u00bb\u00bb][vc_empty_space height=\u00bb50px\u00bb][\/vc_column][\/vc_row][vc_row][vc_column][vc_empty_space height=\u00bb50px\u00bb][vc_column_text css=\u00bb\u00bb]El plugin Bitcoin Paywall es <strong data-start=\"4046\" data-end=\"4065\">completamente gratuito<\/strong> y de c\u00f3digo abierto.[\/vc_column_text][vc_column_text css=\u00bb.vc_custom_1764065216710{margin-left: 50px !important;}\u00bb]\ud83d\udd17 <strong data-start=\"4087\" data-end=\"4117\">Directorio de plugins de WordPress<\/strong> &#8211; versiones estables<br data-start=\"4135\" data-end=\"4138\">\ud83d\udd17 <strong data-start=\"4141\" data-end=\"4162\">Repositorio GitHub<\/strong> &#8211; desarrollo y primeras versiones[\/vc_column_text][vc_row_inner][vc_column_inner width=\u00bb1\/2&#8243;][vc_btn title=\u00bbDescargar en WordPress.org\u00bb color=\u00bbwarning\u00bb align=\u00bbcenter\u00bb css=\u00bb\u00bb link=\u00bburl:https%3A%2F%2Fwordpress.org%2Fplugins%2Fcoinsnap-paywall%2F|title:WordPress%20Bitcoin%20Paywall|target:_blank|\u00bb][\/vc_column_inner][vc_column_inner width=\u00bb1\/2&#8243;][vc_btn title=\u00bbVer en GitHub\u00bb color=\u00bbwarning\u00bb align=\u00bbcenter\u00bb css=\u00bb\u00bb link=\u00bburl:https%3A%2F%2Fgithub.com%2FCoinsnap%2FCoinsnap-Paywall|title:Bitcoin%20Paywall%20GitHub|target:_blank|\u00bb][\/vc_column_inner][\/vc_row_inner][vc_empty_space height=\u00bb50px\u00bb][\/vc_column][\/vc_row][vc_row full_width=\u00bbstretch_row\u00bb fullwidth=\u00bbyes\u00bb css=\u00bb.vc_custom_1732460566869{margin-top: -50px !important;}\u00bb background_color=\u00bb#F7A611&#8243;][vc_column][vc_empty_space height=\u00bb70px\u00bb][vc_column_text css=\u00bb\u00bb]\n<h2 style=\"text-align: center;\"><span style=\"color: #ffffff;\"><strong>Blog: M\u00e1s informaci\u00f3n sobre los Paywalls de pago por uso y Bitcoin<\/strong><\/span><\/h2>\n[\/vc_column_text][vc_single_image image=\u00bb1240&#8243; img_size=\u00bbfull\u00bb alignment=\u00bbcenter\u00bb css=\u00bb\u00bb][vc_empty_space height=\u00bb50px\u00bb][\/vc_column][\/vc_row][vc_row][vc_column][vc_column_text css=\u00bb\u00bb]\n<p data-start=\"4317\" data-end=\"4442\">Explora tutoriales, art\u00edculos e informaci\u00f3n sobre los muros de pago Bitcoin, los micropagos Lightning y la monetizaci\u00f3n de pago por art\u00edculo.<\/p>\n[\/vc_column_text][vc_btn title=\u00bbVisita el blog\u00bb color=\u00bbwarning\u00bb align=\u00bbcenter\u00bb css=\u00bb\u00bb link=\u00bburl:https%3A%2F%2Fbtcpaywall.com%2Fes%2Fblog%2F|title:BTCPaywall%20Blog|\u00bb][\/vc_column][\/vc_row]\n<\/div>","protected":false},"excerpt":{"rendered":"<p>[vc_row full_width=\u00bbstretch_row\u00bb fullwidth=\u00bbyes\u00bb css=\u00bb.vc_custom_1732456449457{margin-top: -50px !important;}\u00bb background_color=\u00bb#6393C7&#8243;][vc_column][vc_empty_space height=\u00bb70px\u00bb][vc_column_text css=\u00bb\u00bb] Monetiza el contenido de tu WordPress con Bitcoin Lightning [\/vc_column_text][vc_single_image image=\u00bb227&#8243; [&hellip;]<\/p>\n","protected":false},"author":1,"featured_media":1116,"parent":0,"menu_order":0,"comment_status":"closed","ping_status":"closed","template":"","meta":{"footnotes":""},"class_list":["post-2189","page","type-page","status-publish","has-post-thumbnail","hentry"],"_links":{"self":[{"href":"https:\/\/btcpaywall.com\/es\/wp-json\/wp\/v2\/pages\/2189","targetHints":{"allow":["GET"]}}],"collection":[{"href":"https:\/\/btcpaywall.com\/es\/wp-json\/wp\/v2\/pages"}],"about":[{"href":"https:\/\/btcpaywall.com\/es\/wp-json\/wp\/v2\/types\/page"}],"author":[{"embeddable":true,"href":"https:\/\/btcpaywall.com\/es\/wp-json\/wp\/v2\/users\/1"}],"replies":[{"embeddable":true,"href":"https:\/\/btcpaywall.com\/es\/wp-json\/wp\/v2\/comments?post=2189"}],"version-history":[{"count":9,"href":"https:\/\/btcpaywall.com\/es\/wp-json\/wp\/v2\/pages\/2189\/revisions"}],"predecessor-version":[{"id":2222,"href":"https:\/\/btcpaywall.com\/es\/wp-json\/wp\/v2\/pages\/2189\/revisions\/2222"}],"wp:featuredmedia":[{"embeddable":true,"href":"https:\/\/btcpaywall.com\/es\/wp-json\/wp\/v2\/media\/1116"}],"wp:attachment":[{"href":"https:\/\/btcpaywall.com\/es\/wp-json\/wp\/v2\/media?parent=2189"}],"curies":[{"name":"wp","href":"https:\/\/api.w.org\/{rel}","templated":true}]}}