{"id":2339,"date":"2024-11-24T13:44:45","date_gmt":"2024-11-24T13:44:45","guid":{"rendered":"https:\/\/btcpaywall.com\/demostracion-de-pago-por-articulo\/"},"modified":"2025-12-13T13:29:27","modified_gmt":"2025-12-13T13:29:27","slug":"demostracion-de-pago-por-articulo","status":"publish","type":"page","link":"https:\/\/btcpaywall.com\/es\/demostracion-de-pago-por-articulo\/","title":{"rendered":"Demostraci\u00f3n de pago por art\u00edculo"},"content":{"rendered":"<div class=\"wpb-content-wrapper\">[vc_row full_width=\u00bbstretch_row\u00bb fullwidth=\u00bbyes\u00bb background_color=\u00bb#6193C9&#8243; css=\u00bb.vc_custom_1732466484126{margin-top: -50px !important;}\u00bb][vc_column][vc_empty_space height=\u00bb70px\u00bb][vc_column_text css=\u00bb\u00bb]\n<h1 style=\"text-align: center;\"><span style=\"color: #ffffff;\"><strong>Demostraci\u00f3n de pago por art\u00edculo<\/strong><\/span><\/h1>\n[\/vc_column_text][vc_single_image image=\u00bb227&#8243; img_size=\u00bbfull\u00bb alignment=\u00bbcenter\u00bb css=\u00bb.vc_custom_1732466358619{padding-top: -20px !important;}\u00bb][vc_empty_space height=\u00bb50px\u00bb][\/vc_column][\/vc_row][vc_row][vc_column][vc_empty_space height=\u00bb70px\u00bb][\/vc_column][\/vc_row][vc_row][vc_column][vc_column_text css=\u00bb\u00bb]\n<h2><strong>Por qu\u00e9 el pago por art\u00edculo cambia las reglas del juego para los creadores de contenidos<\/strong><\/h2>\n[\/vc_column_text][vc_row_inner][vc_column_inner width=\u00bb2\/3&#8243;][vc_column_text css=\u00bb\u00bb]\n<p data-start=\"436\" data-end=\"732\">Cada vez m\u00e1s creadores y blogueros independientes buscan formas de monetizar su trabajo sin depender de anuncios, ventanas emergentes intrusivas, algoritmos o modelos de suscripci\u00f3n a largo plazo. Gracias a los pagos con Bitcoin Lightning, est\u00e1 surgiendo una forma completamente nueva de monetizaci\u00f3n online: <strong data-start=\"712\" data-end=\"731\">Pago por art\u00edculo<\/strong>. <\/p>\n<p data-start=\"734\" data-end=\"954\">En lugar de vender el acceso mediante suscripciones mensuales o recopilar datos de los usuarios, los lectores pueden simplemente pagar <strong data-start=\"838\" data-end=\"865\">peque\u00f1as cantidades en Bitcoin<\/strong> para desbloquear art\u00edculos individuales, de forma instant\u00e1nea, an\u00f3nima y sin crear una cuenta.<\/p>\n<p data-start=\"956\" data-end=\"1083\">Por qu\u00e9 este modelo es tan poderoso para los creadores independientes, los educadores y los periodistas es lo que descubrir\u00e1s en el art\u00edculo completo.<\/p>\n[\/vc_column_text][\/vc_column_inner][vc_column_inner width=\u00bb1\/3&#8243;][vc_single_image image=\u00bb1216&#8243; img_size=\u00bbfull\u00bb alignment=\u00bbcenter\u00bb css=\u00bb\u00bb][\/vc_column_inner][\/vc_row_inner][\/vc_column][\/vc_row][vc_row css=\u00bb.vc_custom_1764072915983{border-top-width: 5px !important;background-color: #FFFFFF !important;border-color: #DD3333 !important;}\u00bb][vc_column][vc_column_text css=\u00bb\u00bb]\n<p data-start=\"1148\" data-end=\"1320\"><strong data-start=\"1151\" data-end=\"1181\">Este es un art\u00edculo premium.<\/strong><br data-start=\"1181\" data-end=\"1184\">Desbloquea el post completo por <strong data-start=\"1209\" data-end=\"1247\">1 c\u00e9ntimo de euro en Bitcoin (Lightning)<\/strong> y apoya el contenido independiente sin anuncios, suscripciones ni seguimiento.<\/p>\n<p data-start=\"1322\" data-end=\"1376\">\ud83d\udc49 <em data-start=\"1325\" data-end=\"1376\">Paga con Lightning: acceso instant\u00e1neo tras el pago<\/em><\/p>\n[\/vc_column_text][vc_column_text css=\u00bb.vc_custom_1764072951373{border-color: #DD9933 !important;}\u00bb]\n<p style=\"text-align: center;\">      <div class=\"paywall light\"\r\n           data-price=\"0.01\"\r\n           data-currency=\"EUR\"\r\n           data-duration=\"24\"\r\n           data-post-id=\"2339\">\r\n        <h2>0,01 Euro Pay-per-Article<\/h2>\r\n        <p>Unlock the full article for \u20ac0,01 in Bitcoin (Lightning)<\/p>\r\n        <div class=\"price-display\">\r\n\t\t\t0.01 EUR        <\/div>\r\n        <button class=\"paywall-payment-button\">Pay Now<\/button>\r\n      <\/div>\r\n    <p class=\"restricted light\">\r\n        This content is restricted. Please complete payment to access.    <\/p>\r\n\r\n\t\t<\/div>","protected":false},"excerpt":{"rendered":"<p>[vc_row full_width=\u00bbstretch_row\u00bb fullwidth=\u00bbyes\u00bb background_color=\u00bb#6193C9&#8243; css=\u00bb.vc_custom_1732466484126{margin-top: -50px !important;}\u00bb][vc_column][vc_empty_space height=\u00bb70px\u00bb][vc_column_text css=\u00bb\u00bb] Demostraci\u00f3n de pago por art\u00edculo [\/vc_column_text][vc_single_image image=\u00bb227&#8243; img_size=\u00bbfull\u00bb alignment=\u00bbcenter\u00bb css=\u00bb.vc_custom_1732466358619{padding-top: -20px [&hellip;]<\/p>\n","protected":false},"author":1,"featured_media":0,"parent":0,"menu_order":0,"comment_status":"closed","ping_status":"closed","template":"","meta":{"footnotes":""},"class_list":["post-2339","page","type-page","status-publish","hentry"],"_links":{"self":[{"href":"https:\/\/btcpaywall.com\/es\/wp-json\/wp\/v2\/pages\/2339","targetHints":{"allow":["GET"]}}],"collection":[{"href":"https:\/\/btcpaywall.com\/es\/wp-json\/wp\/v2\/pages"}],"about":[{"href":"https:\/\/btcpaywall.com\/es\/wp-json\/wp\/v2\/types\/page"}],"author":[{"embeddable":true,"href":"https:\/\/btcpaywall.com\/es\/wp-json\/wp\/v2\/users\/1"}],"replies":[{"embeddable":true,"href":"https:\/\/btcpaywall.com\/es\/wp-json\/wp\/v2\/comments?post=2339"}],"version-history":[{"count":9,"href":"https:\/\/btcpaywall.com\/es\/wp-json\/wp\/v2\/pages\/2339\/revisions"}],"predecessor-version":[{"id":2372,"href":"https:\/\/btcpaywall.com\/es\/wp-json\/wp\/v2\/pages\/2339\/revisions\/2372"}],"wp:attachment":[{"href":"https:\/\/btcpaywall.com\/es\/wp-json\/wp\/v2\/media?parent=2339"}],"curies":[{"name":"wp","href":"https:\/\/api.w.org\/{rel}","templated":true}]}}