{"id":667,"date":"2024-11-24T13:46:14","date_gmt":"2024-11-24T13:46:14","guid":{"rendered":"https:\/\/btcpaywall.com\/demostracion-de-pago-por-vision\/"},"modified":"2025-02-17T22:04:31","modified_gmt":"2025-02-17T22:04:31","slug":"demostracion-de-pago-por-vision","status":"publish","type":"page","link":"https:\/\/btcpaywall.com\/es\/demostracion-de-pago-por-vision\/","title":{"rendered":"Demostraci\u00f3n de pago por visi\u00f3n"},"content":{"rendered":"<div class=\"wpb-content-wrapper\">[vc_row full_width=\u00bbstretch_row\u00bb fullwidth=\u00bbyes\u00bb background_color=\u00bb#6193C9&#8243; css=\u00bb.vc_custom_1732466484126{margin-top: -50px !important;}\u00bb][vc_column][vc_empty_space height=\u00bb70px\u00bb][vc_column_text css=\u00bb\u00bb]\n<h1 style=\"text-align: center;\"><span style=\"color: #ffffff;\">Demostraci\u00f3n: Pay-per-View Bitcoin Paywall<\/span><\/h1>\n[\/vc_column_text][vc_single_image image=\u00bb33&#8243; img_size=\u00bbfull\u00bb alignment=\u00bbcenter\u00bb css=\u00bb.vc_custom_1732466358619{padding-top: -20px !important;}\u00bb][vc_column_text css=\u00bb\u00bb]\n<h3 style=\"text-align: center;\"><span style=\"color: #ffffff;\">\u00a1Mira el v\u00eddeo por s\u00f3lo 0,10 euros!<\/span><\/h3>\n[\/vc_column_text][vc_empty_space height=\u00bb50px\u00bb][\/vc_column][\/vc_row][vc_row][vc_column][vc_empty_space height=\u00bb70px\u00bb][\/vc_column][\/vc_row][vc_row][vc_column][vc_column_text css=\u00bb\u00bb]\n<h2>C\u00f3mo pueden ganar dinero los blogueros y productores de v\u00eddeo con el muro de pago Bitcoin de Coinsnap<\/h2>\n[\/vc_column_text][vc_row_inner][vc_column_inner width=\u00bb2\/3&#8243;][vc_column_text css=\u00bb\u00bb]El mundo de los productores de v\u00eddeo y los influencers ofrece innumerables oportunidades para crear contenidos y llegar a una gran audiencia. Sin embargo, a menudo este \u00e9xito s\u00f3lo puede monetizarse a trav\u00e9s de canales limitados, como los ingresos por publicidad, la colocaci\u00f3n de productos o las suscripciones. El muro de pago Bitcoin de Coinsnap ofrece una soluci\u00f3n innovadora que permite a los influencers y productores de v\u00eddeo ganar dinero de forma directa e independiente por su trabajo creativo.[\/vc_column_text][\/vc_column_inner][vc_column_inner width=\u00bb1\/3&#8243;][vc_single_image image=\u00bb76&#8243; img_size=\u00bbfull\u00bb alignment=\u00bbcenter\u00bb css=\u00bb\u00bb][\/vc_column_inner][\/vc_row_inner][vc_row_inner][vc_column_inner width=\u00bb1\/2&#8243;][vc_column_text css=\u00bb\u00bb]\n<h3>Para ver el v\u00eddeo, paga primero haciendo clic en el bot\u00f3n de abajo:<\/h3>\n[\/vc_column_text][\/vc_column_inner][vc_column_inner width=\u00bb1\/2&#8243;][vc_single_image image=\u00bb83&#8243; img_size=\u00bbfull\u00bb alignment=\u00bbcenter\u00bb css=\u00bb\u00bb][\/vc_column_inner][\/vc_row_inner][vc_column_text css=\u00bb\u00bb]      <div class=\"paywall light\"\r\n           data-price=\"0.01\"\r\n           data-currency=\"EUR\"\r\n           data-duration=\"24\"\r\n           data-post-id=\"667\">\r\n        <h2>0,01 Euro Pay-per-Article<\/h2>\r\n        <p>Unlock the full article for \u20ac0,01 in Bitcoin (Lightning)<\/p>\r\n        <div class=\"price-display\">\r\n\t\t\t0.01 EUR        <\/div>\r\n        <button class=\"paywall-payment-button\">Pay Now<\/button>\r\n      <\/div>\r\n    <p class=\"restricted light\">\r\n        This content is restricted. Please complete payment to access.    <\/p>\r\n\r\n\t\t<\/div>","protected":false},"excerpt":{"rendered":"<p>[vc_row full_width=\u00bbstretch_row\u00bb fullwidth=\u00bbyes\u00bb background_color=\u00bb#6193C9&#8243; css=\u00bb.vc_custom_1732466484126{margin-top: -50px !important;}\u00bb][vc_column][vc_empty_space height=\u00bb70px\u00bb][vc_column_text css=\u00bb\u00bb] Demostraci\u00f3n: Pay-per-View Bitcoin Paywall [\/vc_column_text][vc_single_image image=\u00bb33&#8243; img_size=\u00bbfull\u00bb alignment=\u00bbcenter\u00bb css=\u00bb.vc_custom_1732466358619{padding-top: -20px !important;}\u00bb][vc_column_text [&hellip;]<\/p>\n","protected":false},"author":1,"featured_media":0,"parent":0,"menu_order":0,"comment_status":"closed","ping_status":"closed","template":"","meta":{"footnotes":""},"class_list":["post-667","page","type-page","status-publish","hentry"],"_links":{"self":[{"href":"https:\/\/btcpaywall.com\/es\/wp-json\/wp\/v2\/pages\/667","targetHints":{"allow":["GET"]}}],"collection":[{"href":"https:\/\/btcpaywall.com\/es\/wp-json\/wp\/v2\/pages"}],"about":[{"href":"https:\/\/btcpaywall.com\/es\/wp-json\/wp\/v2\/types\/page"}],"author":[{"embeddable":true,"href":"https:\/\/btcpaywall.com\/es\/wp-json\/wp\/v2\/users\/1"}],"replies":[{"embeddable":true,"href":"https:\/\/btcpaywall.com\/es\/wp-json\/wp\/v2\/comments?post=667"}],"version-history":[{"count":8,"href":"https:\/\/btcpaywall.com\/es\/wp-json\/wp\/v2\/pages\/667\/revisions"}],"predecessor-version":[{"id":701,"href":"https:\/\/btcpaywall.com\/es\/wp-json\/wp\/v2\/pages\/667\/revisions\/701"}],"wp:attachment":[{"href":"https:\/\/btcpaywall.com\/es\/wp-json\/wp\/v2\/media?parent=667"}],"curies":[{"name":"wp","href":"https:\/\/api.w.org\/{rel}","templated":true}]}}