{"id":717,"date":"2024-11-25T16:25:18","date_gmt":"2024-11-25T16:25:18","guid":{"rendered":"https:\/\/btcpaywall.com\/instalacion\/"},"modified":"2025-02-17T22:04:41","modified_gmt":"2025-02-17T22:04:41","slug":"instalacion","status":"publish","type":"page","link":"https:\/\/btcpaywall.com\/es\/instalacion\/","title":{"rendered":"Instalaci\u00f3n"},"content":{"rendered":"<div class=\"wpb-content-wrapper\">[vc_row full_width=\u00bbstretch_row\u00bb fullwidth=\u00bbyes\u00bb css=\u00bb.vc_custom_1732456449457{margin-top: -50px !important;}\u00bb background_color=\u00bb#6393C7&#8243;][vc_column][vc_empty_space height=\u00bb70px\u00bb][vc_column_text css=\u00bb\u00bb]\n<h1 style=\"text-align: center;\"><span style=\"color: #ffffff;\">Instalar y utilizar Coinsnap Bitcoin Paywall<\/span><\/h1>\n[\/vc_column_text][vc_single_image image=\u00bb33&#8243; img_size=\u00bbfull\u00bb alignment=\u00bbcenter\u00bb css=\u00bb.vc_custom_1732456342416{padding-top: -20px !important;}\u00bb][vc_column_text css=\u00bb\u00bb]\n<h3 style=\"text-align: center;\"><span style=\"color: #ffffff;\">\u00a1Acepta Bitcoin por tus contenidos en s\u00f3lo 5 minutos!<\/span><\/h3>\n[\/vc_column_text][vc_empty_space height=\u00bb70px\u00bb][\/vc_column][\/vc_row][vc_row][vc_column][vc_empty_space height=\u00bb70px\u00bb][vc_column_text css=\u00bb\u00bb]El Paywall Bitcoin de Coinsnsap te permite vender tus textos f\u00e1cil y r\u00e1pidamente por una peque\u00f1a cantidad en Bitcoin (Satoshis). Esto te permite monetizar tus contenidos y beneficiarte al mismo tiempo de las ventajas de la red Bitcoin Lightning Network. Es muy sencillo:[\/vc_column_text][vc_row_inner][vc_column_inner width=\u00bb1\/2&#8243;][vc_column_text css=\u00bb\u00bb]\n<div class=\"markdown-heading\" dir=\"auto\">\n<h3>1. instala el Coinsnap Bitcoin Paywall desde la p\u00e1gina de Github<\/h3>\n<p>Si quieres instalar el Paywall Bitcoin de Coinsnap, primero debes <a href=\"https:\/\/github.com\/Coinsnap\/Bitcoin-Paywall\">descargarlo de la p\u00e1gina Github de Coinsnap aqu\u00ed<\/a>.<\/p>\n<p>A continuaci\u00f3n, busca el bot\u00f3n verde llamado \u00abC\u00f3digo\u00bb. Cuando lo pulses, se abrir\u00e1 el men\u00fa y aparecer\u00e1 Descargar ZIP. <\/p>\n<p>Aqu\u00ed puedes descargar la \u00faltima versi\u00f3n del muro de pago de Bitcoin de Coinsnap a tu ordenador.<\/p><\/div>\n[\/vc_column_text][\/vc_column_inner][vc_column_inner width=\u00bb1\/2&#8243;][vc_single_image image=\u00bb95&#8243; img_size=\u00bbmedium\u00bb onclick=\u00bbzoom\u00bb css=\u00bb\u00bb][vc_column_text css=\u00bb\u00bb]\n<p>Primero descarga el plugin de <a href=\"https:\/\/github.com\/Coinsnap\/Bitcoin-Paywall\">Github<\/a>. Luego tienes que subir el ZIP en la administraci\u00f3n de plugins de WordPress:[\/vc_column_text][\/vc_column_inner][\/vc_row_inner][vc_row_inner][vc_column_inner width=\u00bb1\/2&#8243;][vc_column_text css=\u00bb\u00bb]Ahora utiliza la funci\u00f3n de WordPress \u00abSubir plugin\u00bb para instalar el paywall.<\/p>\n<p>Haz clic en \u00abInstalar ahora\u00bb y el Paywall Bitcoin de Coinsnap se a\u00f1adir\u00e1 a tu sitio web WordPress. A continuaci\u00f3n, podr\u00e1s conectarlo a la pasarela de pago Coinsnap.[\/vc_column_text][\/vc_column_inner][vc_column_inner width=\u00bb1\/2&#8243;][vc_single_image image=\u00bb96&#8243; img_size=\u00bbfull\u00bb alignment=\u00bbcenter\u00bb onclick=\u00bbzoom\u00bb css=\u00bb\u00bb][\/vc_column_inner][\/vc_row_inner][vc_row_inner][vc_column_inner width=\u00bb1\/2&#8243;][vc_column_text css=\u00bb\u00bb]\n<h3>2. conecta la cuenta Coinsnap con el Paywall Bitcoin<\/h3>\n<h4>2.1 Configuraci\u00f3n del muro de pago Bitcoin de Coinsnap <\/h4>\n<p>Despu\u00e9s de instalar y activar el Coinsnap Bitcoin Paywall, debes realizar los ajustes de Coinsnap. Puedes encontrarlos en la barra lateral de la izquierda, en \u00abCoinsnap Bitcoin Paywall\u00bb.[\/vc_column_text][\/vc_column_inner][vc_column_inner width=\u00bb1\/2&#8243;][vc_single_image image=\u00bb140&#8243; img_size=\u00bblarge\u00bb onclick=\u00bbzoom\u00bb css=\u00bb\u00bb][\/vc_column_inner][\/vc_row_inner][vc_row_inner][vc_column_inner width=\u00bb1\/2&#8243;][vc_column_text css=\u00bb\u00bb]Simplemente introduce all\u00ed tu ID de tienda Coinsnap y tu clave API; puedes encontrarlos en tu cuenta Coinsnap en \u00abConfiguraci\u00f3n\u00bb, \u00abConfiguraci\u00f3n de tienda Coinsnap\u00bb.[\/vc_column_text][\/vc_column_inner][vc_column_inner width=\u00bb1\/2&#8243;][vc_single_image image=\u00bb141&#8243; img_size=\u00bblarge\u00bb onclick=\u00bbzoom\u00bb css=\u00bb\u00bb][\/vc_column_inner][\/vc_row_inner][vc_column_text css=\u00bb\u00bb]\n<h4 style=\"text-align: center;\">Ya has activado correctamente tu Coinsnap Bitcoin Paywall y ahora puedes aceptar Bitcoin Lightning por tu contenido.<\/h4>\n<p style=\"text-align: center;\"><a href=\"https:\/\/github.com\/Coinsnap\/Bitcoin-Paywall\" class=\"hb-button special-icon hb-orange hb-large-button\" target=\"_blank\" style=\"-webkit-border-radius: 2px;-moz-border-radius: 2px;border-radius: 2px;\"><i class=\"icon-download-alt\"><\/i>\u00a1descargar ahora!<\/a>\n[\/vc_column_text][vc_empty_space][\/vc_column][\/vc_row][vc_row full_width=\u00bbstretch_row\u00bb fullwidth=\u00bbyes\u00bb css=\u00bb.vc_custom_1732456449457{margin-top: -50px !important;}\u00bb background_color=\u00bb#6393C7&#8243;][vc_column][vc_empty_space height=\u00bb70px\u00bb][vc_column_text css=\u00bb\u00bb]\n<h2 style=\"text-align: center;\"><span style=\"color: #ffffff;\">Configurar el Paywall Bitcoin de Coinsnap<\/span><\/h2>\n[\/vc_column_text][vc_empty_space height=\u00bb70px\u00bb][\/vc_column][\/vc_row][vc_row][vc_column][vc_empty_space][vc_row_inner][vc_column_inner width=\u00bb1\/2&#8243;][vc_column_text css=\u00bb\u00bb]\n<h3>1. crear un shortcode paywall<\/h3>\n<p>Ve a Coinsnap Bitcoin Paywall en el panel lateral de la izquierda de tu WordPress y haz clic en Paywall Shortcodes.<\/p>\n<p>A continuaci\u00f3n, haz clic en \u00abA\u00f1adir nuevo c\u00f3digo corto Paywall\u00bb en la parte superior.<\/p>\n[\/vc_column_text][\/vc_column_inner][vc_column_inner width=\u00bb1\/2&#8243;][vc_single_image image=\u00bb105&#8243; img_size=\u00bbfull\u00bb alignment=\u00bbcenter\u00bb onclick=\u00bbzoom\u00bb css=\u00bb\u00bb][\/vc_column_inner][\/vc_row_inner][vc_row_inner equal_height=\u00bbyes\u00bb content_placement=\u00bbmiddle\u00bb][vc_column_inner width=\u00bb1\/2&#8243;][vc_column_text css=\u00bb\u00bb]\n<h3>2. configura tu shortcode paywall<\/h3>\n<p>En la ventana que aparece ahora, realiza los siguientes ajustes (ver entradas en naranja):[\/vc_column_text][vc_column_text css=\u00bb.vc_custom_1732610210604{padding-left: 20px !important;}\u00bb]\n<ol>\n<li>En primer lugar, asigna un nombre para saber despu\u00e9s a qu\u00e9 est\u00e1 destinado el c\u00f3digo corto.<\/li>\n<li>A continuaci\u00f3n, puedes introducir una breve descripci\u00f3n como informaci\u00f3n de fondo para ti o para tus editores.<\/li>\n<li>A continuaci\u00f3n, establece el texto del bot\u00f3n de pago.<\/li>\n<li>\u00a1Fija tu precio!<\/li>\n<li>Selecciona la moneda en la que se mostrar\u00e1 el precio<\/li>\n<li>Establece la duraci\u00f3n de la activaci\u00f3n y<\/li>\n<li>Selecciona el esquema de colores del muro de pago.<\/li>\n<\/ol>\n[\/vc_column_text][vc_column_text css=\u00bb\u00bb]Ahora puedes copiar el shortcode de la parte inferior y utilizarlo en tu contenido (ver m\u00e1s abajo).[\/vc_column_text][\/vc_column_inner][vc_column_inner width=\u00bb1\/2&#8243;][vc_single_image image=\u00bb107&#8243; img_size=\u00bbfull\u00bb alignment=\u00bbcenter\u00bb onclick=\u00bbzoom\u00bb css=\u00bb\u00bb][\/vc_column_inner][\/vc_row_inner][vc_empty_space][\/vc_column][\/vc_row][vc_row full_width=\u00bbstretch_row\u00bb fullwidth=\u00bbyes\u00bb css=\u00bb.vc_custom_1732456449457{margin-top: -50px !important;}\u00bb background_color=\u00bb#6393C7&#8243;][vc_column][vc_empty_space height=\u00bb70px\u00bb][vc_column_text css=\u00bb\u00bb]\n<h2 style=\"text-align: center;\"><span style=\"color: #ffffff;\">Coloca el contenido detr\u00e1s del muro de pago de Bitcoin de Coinsnap<\/span><\/h2>\n[\/vc_column_text][vc_empty_space height=\u00bb70px\u00bb][\/vc_column][\/vc_row][vc_row][vc_column][vc_empty_space][vc_row_inner][vc_column_inner width=\u00bb1\/2&#8243;][vc_column_text css=\u00bb\u00bb]\n<h3>1. crear contenidos<\/h3>\n<p>Ahora crea contenido como de costumbre en tu WordPress, por ejemplo un texto como en este ejemplo.<\/p>\n<p>En cuanto hayas terminado el art\u00edculo, debes colocar el shortcode que acabas de producir en el punto donde esperas el pago de tu lector. Normalmente lo haces despu\u00e9s del p\u00e1rrafo introductorio, ver a la derecha:[\/vc_column_text][\/vc_column_inner][vc_column_inner width=\u00bb1\/2&#8243;][vc_single_image image=\u00bb112&#8243; img_size=\u00bbfull\u00bb alignment=\u00bbcenter\u00bb onclick=\u00bbzoom\u00bb css=\u00bb\u00bb][\/vc_column_inner][\/vc_row_inner][vc_row_inner][vc_column_inner width=\u00bb1\/2&#8243;][vc_column_text css=\u00bb\u00bb]\n<h4>Consejo:<\/h4>\n<p>Si quieres colocar un paywall antes de la descarga de un v\u00eddeo, crea una breve descripci\u00f3n del contenido del v\u00eddeo como introducci\u00f3n y coloca junto a ella una imagen de la pantalla de inicio del v\u00eddeo.<\/p>\n<p>De este modo, \u00a1tus usuarios pueden ver lo que pueden esperar y por qu\u00e9 quieren pagar por el v\u00eddeo![\/vc_column_text][\/vc_column_inner][vc_column_inner width=\u00bb1\/2&#8243;][vc_single_image image=\u00bb113&#8243; img_size=\u00bbfull\u00bb alignment=\u00bbcenter\u00bb onclick=\u00bbzoom\u00bb css=\u00bb\u00bb][\/vc_column_inner][\/vc_row_inner][vc_empty_space][\/vc_column][\/vc_row]\n<\/div>","protected":false},"excerpt":{"rendered":"<p>[vc_row full_width=\u00bbstretch_row\u00bb fullwidth=\u00bbyes\u00bb css=\u00bb.vc_custom_1732456449457{margin-top: -50px !important;}\u00bb background_color=\u00bb#6393C7&#8243;][vc_column][vc_empty_space height=\u00bb70px\u00bb][vc_column_text css=\u00bb\u00bb] Instalar y utilizar Coinsnap Bitcoin Paywall [\/vc_column_text][vc_single_image image=\u00bb33&#8243; img_size=\u00bbfull\u00bb alignment=\u00bbcenter\u00bb css=\u00bb.vc_custom_1732456342416{padding-top: [&hellip;]<\/p>\n","protected":false},"author":1,"featured_media":229,"parent":0,"menu_order":0,"comment_status":"closed","ping_status":"closed","template":"","meta":{"footnotes":""},"class_list":["post-717","page","type-page","status-publish","has-post-thumbnail","hentry"],"_links":{"self":[{"href":"https:\/\/btcpaywall.com\/es\/wp-json\/wp\/v2\/pages\/717","targetHints":{"allow":["GET"]}}],"collection":[{"href":"https:\/\/btcpaywall.com\/es\/wp-json\/wp\/v2\/pages"}],"about":[{"href":"https:\/\/btcpaywall.com\/es\/wp-json\/wp\/v2\/types\/page"}],"author":[{"embeddable":true,"href":"https:\/\/btcpaywall.com\/es\/wp-json\/wp\/v2\/users\/1"}],"replies":[{"embeddable":true,"href":"https:\/\/btcpaywall.com\/es\/wp-json\/wp\/v2\/comments?post=717"}],"version-history":[{"count":8,"href":"https:\/\/btcpaywall.com\/es\/wp-json\/wp\/v2\/pages\/717\/revisions"}],"predecessor-version":[{"id":770,"href":"https:\/\/btcpaywall.com\/es\/wp-json\/wp\/v2\/pages\/717\/revisions\/770"}],"wp:featuredmedia":[{"embeddable":true,"href":"https:\/\/btcpaywall.com\/es\/wp-json\/wp\/v2\/media\/229"}],"wp:attachment":[{"href":"https:\/\/btcpaywall.com\/es\/wp-json\/wp\/v2\/media?parent=717"}],"curies":[{"name":"wp","href":"https:\/\/api.w.org\/{rel}","templated":true}]}}