{"id":891,"date":"2024-11-24T13:44:45","date_gmt":"2024-11-24T13:44:45","guid":{"rendered":"https:\/\/btcpaywall.com\/demostracion-de-pago-por-publicacion\/"},"modified":"2025-02-17T22:05:13","modified_gmt":"2025-02-17T22:05:13","slug":"demostracion-de-pago-por-publicacion","status":"publish","type":"page","link":"https:\/\/btcpaywall.com\/es\/demostracion-de-pago-por-publicacion\/","title":{"rendered":"Demostraci\u00f3n de pago por publicaci\u00f3n"},"content":{"rendered":"<div class=\"wpb-content-wrapper\">[vc_row full_width=\u00bbstretch_row\u00bb fullwidth=\u00bbyes\u00bb background_color=\u00bb#6193C9&#8243; css=\u00bb.vc_custom_1732466484126{margin-top: -50px !important;}\u00bb][vc_column][vc_empty_space height=\u00bb70px\u00bb][vc_column_text css=\u00bb\u00bb]\n<h1 style=\"text-align: center;\"><span style=\"color: #ffffff;\">Demostraci\u00f3n: Pay-per-Post Bitcoin Paywall<\/span><\/h1>\n[\/vc_column_text][vc_single_image image=\u00bb33&#8243; img_size=\u00bbfull\u00bb alignment=\u00bbcenter\u00bb css=\u00bb.vc_custom_1732466358619{padding-top: -20px !important;}\u00bb][vc_column_text css=\u00bb\u00bb]\n<h3 style=\"text-align: center;\"><span style=\"color: #ffffff;\">\u00a1Lee todo el art\u00edculo por s\u00f3lo 0,10 euros!<\/span><\/h3>\n[\/vc_column_text][vc_empty_space height=\u00bb50px\u00bb][\/vc_column][\/vc_row][vc_row][vc_column][vc_empty_space height=\u00bb70px\u00bb][\/vc_column][\/vc_row][vc_row][vc_column][vc_column_text css=\u00bb\u00bb]\n<h2><b>Por qu\u00e9 los proveedores de contenidos pueden ganar dinero por su trabajo con un muro de pago Bitcoin<\/b><\/h2>\n[\/vc_column_text][vc_row_inner][vc_column_inner width=\u00bb2\/3&#8243;][vc_column_text css=\u00bb\u00bb]Internet ha revolucionado la forma de compartir y consumir contenidos. Sin embargo, en un mundo en el que los contenidos de alta calidad suelen estar disponibles de forma gratuita, surge una pregunta clave para los proveedores de contenidos: \u00bfc\u00f3mo puedes recibir una remuneraci\u00f3n justa por tu trabajo? Un muro de pago Bitcoin ofrece una soluci\u00f3n innovadora y eficaz que simplifica la monetizaci\u00f3n y satisface las necesidades de los usuarios.[\/vc_column_text][\/vc_column_inner][vc_column_inner width=\u00bb1\/3&#8243;][vc_single_image image=\u00bb60&#8243; img_size=\u00bbfull\u00bb alignment=\u00bbcenter\u00bb css=\u00bb\u00bb][\/vc_column_inner][\/vc_row_inner][vc_column_text css=\u00bb\u00bb]      <div class=\"paywall light\"\r\n           data-price=\"0.01\"\r\n           data-currency=\"EUR\"\r\n           data-duration=\"24\"\r\n           data-post-id=\"891\">\r\n        <h2>0,01 Euro Pay-per-Article<\/h2>\r\n        <p>Unlock the full article for \u20ac0,01 in Bitcoin (Lightning)<\/p>\r\n        <div class=\"price-display\">\r\n\t\t\t0.01 EUR        <\/div>\r\n        <button class=\"paywall-payment-button\">Pay Now<\/button>\r\n      <\/div>\r\n    <p class=\"restricted light\">\r\n        This content is restricted. Please complete payment to access.    <\/p>\r\n\r\n\t\t<\/div>","protected":false},"excerpt":{"rendered":"<p>[vc_row full_width=\u00bbstretch_row\u00bb fullwidth=\u00bbyes\u00bb background_color=\u00bb#6193C9&#8243; css=\u00bb.vc_custom_1732466484126{margin-top: -50px !important;}\u00bb][vc_column][vc_empty_space height=\u00bb70px\u00bb][vc_column_text css=\u00bb\u00bb] Demostraci\u00f3n: Pay-per-Post Bitcoin Paywall [\/vc_column_text][vc_single_image image=\u00bb33&#8243; img_size=\u00bbfull\u00bb alignment=\u00bbcenter\u00bb css=\u00bb.vc_custom_1732466358619{padding-top: -20px !important;}\u00bb][vc_column_text [&hellip;]<\/p>\n","protected":false},"author":1,"featured_media":0,"parent":0,"menu_order":0,"comment_status":"closed","ping_status":"closed","template":"","meta":{"footnotes":""},"class_list":["post-891","page","type-page","status-publish","hentry"],"_links":{"self":[{"href":"https:\/\/btcpaywall.com\/es\/wp-json\/wp\/v2\/pages\/891","targetHints":{"allow":["GET"]}}],"collection":[{"href":"https:\/\/btcpaywall.com\/es\/wp-json\/wp\/v2\/pages"}],"about":[{"href":"https:\/\/btcpaywall.com\/es\/wp-json\/wp\/v2\/types\/page"}],"author":[{"embeddable":true,"href":"https:\/\/btcpaywall.com\/es\/wp-json\/wp\/v2\/users\/1"}],"replies":[{"embeddable":true,"href":"https:\/\/btcpaywall.com\/es\/wp-json\/wp\/v2\/comments?post=891"}],"version-history":[{"count":1,"href":"https:\/\/btcpaywall.com\/es\/wp-json\/wp\/v2\/pages\/891\/revisions"}],"predecessor-version":[{"id":892,"href":"https:\/\/btcpaywall.com\/es\/wp-json\/wp\/v2\/pages\/891\/revisions\/892"}],"wp:attachment":[{"href":"https:\/\/btcpaywall.com\/es\/wp-json\/wp\/v2\/media?parent=891"}],"curies":[{"name":"wp","href":"https:\/\/api.w.org\/{rel}","templated":true}]}}