{"id":1628,"date":"2025-11-25T12:53:33","date_gmt":"2025-11-25T12:53:33","guid":{"rendered":"https:\/\/btcpaywall.com\/telechargez-coinsnap-wordpress-bitcoin-paywall\/"},"modified":"2025-12-13T13:31:07","modified_gmt":"2025-12-13T13:31:07","slug":"telechargez-coinsnap-wordpress-bitcoin-paywall","status":"publish","type":"page","link":"https:\/\/btcpaywall.com\/fr\/telechargez-coinsnap-wordpress-bitcoin-paywall\/","title":{"rendered":"T\u00e9l\u00e9chargez Coinsnap WordPress Bitcoin Paywall"},"content":{"rendered":"<div class=\"wpb-content-wrapper\">[vc_row full_width=\u00a0\u00bbstretch_row\u00a0\u00bb fullwidth=\u00a0\u00bbyes\u00a0\u00bb css=\u00a0\u00bb.vc_custom_1732456449457{margin-top: -50px !important;}\u00a0\u00bb background_color=\u00a0\u00bb#6393C7&Prime;][vc_column][vc_empty_space height=\u00a0\u00bb70px\u00a0\u00bb][vc_column_text css=\u00a0\u00bb\u00a0\u00bb]\n<h1 style=\"text-align: center;\"><span style=\"color: #ffffff;\">T\u00e9l\u00e9chargez Coinsnap WordPress Bitcoin Paywall<\/span><\/h1>\n[\/vc_column_text][vc_single_image image=\u00a0\u00bb251&Prime; img_size=\u00a0\u00bbfull\u00a0\u00bb alignment=\u00a0\u00bbcenter\u00a0\u00bb css=\u00a0\u00bb.vc_custom_1732456342416{padding-top: -20px !important;}\u00a0\u00bb][vc_empty_space height=\u00a0\u00bb70px\u00a0\u00bb][\/vc_column][\/vc_row][vc_row][vc_column][vc_empty_space height=\u00a0\u00bb70px\u00a0\u00bb][vc_column_text css=\u00a0\u00bb\u00a0\u00bb]\n<p data-start=\"261\" data-end=\"436\">Le <strong data-start=\"265\" data-end=\"300\">plugin Coinsnap Bitcoin Paywall<\/strong> est enti\u00e8rement gratuit et open-source.<br data-start=\"336\" data-end=\"339\">Vous pouvez le t\u00e9l\u00e9charger depuis le <strong data-start=\"377\" data-end=\"407\">r\u00e9pertoire<\/strong> officiel <strong data-start=\"377\" data-end=\"407\">des plugins WordPress<\/strong> ou directement depuis <strong data-start=\"425\" data-end=\"435\">GitHub<\/strong>.<\/p>\n<p data-start=\"438\" data-end=\"482\">Choisissez l&rsquo;option qui correspond le mieux \u00e0 vos besoins :<\/p>\n[\/vc_column_text][vc_column_text css=\u00a0\u00bb\u00a0\u00bb]\n<h2 data-start=\"489\" data-end=\"545\"><strong data-start=\"492\" data-end=\"543\">1. T\u00e9l\u00e9chargez depuis le r\u00e9pertoire des plugins WordPress<\/strong><\/h2>\n[\/vc_column_text][vc_row_inner][vc_column_inner width=\u00a0\u00bb1\/2&Prime;][vc_column_text css=\u00a0\u00bb\u00a0\u00bb]\n<div class=\"markdown-heading\" dir=\"auto\">\n<p data-start=\"546\" data-end=\"574\"><em data-start=\"546\" data-end=\"574\">Recommand\u00e9 pour la plupart des utilisateurs<\/em><\/p>\n<p data-start=\"576\" data-end=\"693\">Le r\u00e9pertoire de plugins WordPress est le moyen le plus simple et le plus pratique d&rsquo;installer le plugin Coinsnap Bitcoin Paywall.<\/p>\n<p data-start=\"695\" data-end=\"810\">\u2714 Toujours la derni\u00e8re version stable<br data-start=\"729\" data-end=\"732\">\u2714 Installation en un clic<br data-start=\"756\" data-end=\"759\">\u2714 Mises \u00e0 jour automatiques<br data-start=\"778\" data-end=\"781\">\u2714 V\u00e9rifi\u00e9 par WordPress.org<\/p>\n<p data-start=\"812\" data-end=\"908\"><strong data-start=\"812\" data-end=\"908\">Parfait pour les cr\u00e9ateurs, les blogueurs et les propri\u00e9taires de sites qui veulent une exp\u00e9rience d&rsquo;installation transparente.<\/strong><\/p>\n<p data-start=\"910\" data-end=\"946\">\ud83d\udc49 <a href=\"https:\/\/wordpress.org\/plugins\/coinsnap-paywall\/\" target=\"_blank\" rel=\"noopener\" data-schema-attribute=\"\"><strong data-start=\"913\" data-end=\"946\">T\u00e9l\u00e9chargez \u00e0 partir de WordPress.org<\/strong><\/a><\/p>\n<\/div>\n[\/vc_column_text][\/vc_column_inner][vc_column_inner width=\u00a0\u00bb1\/2&Prime;][vc_single_image image=\u00a0\u00bb1726&Prime; img_size=\u00a0\u00bbmedium\u00a0\u00bb alignment=\u00a0\u00bbcenter\u00a0\u00bb onclick=\u00a0\u00bbcustom_link\u00a0\u00bb img_link_target=\u00a0\u00bb_blank\u00a0\u00bb css=\u00a0\u00bb\u00a0\u00bb link=\u00a0\u00bbhttps:\/\/wordpress.org\/plugins\/coinsnap-paywall\/\u00a0\u00bb][vc_column_text css=\u00a0\u00bb\u00a0\u00bb]Installez le <a href=\"https:\/\/wordpress.org\/plugins\/coinsnap-paywall\/\" target=\"_blank\" rel=\"noopener\" data-schema-attribute=\"\">Paywall Bitcoin de Coinsnap WordPress<\/a> \u00e0 partir de WordPress.org[\/vc_column_text][\/vc_column_inner][\/vc_row_inner][vc_column_text css=\u00a0\u00bb\u00a0\u00bb]\n<h2 data-start=\"953\" data-end=\"985\"><strong data-start=\"956\" data-end=\"983\">2. T\u00e9l\u00e9chargez depuis GitHub<\/strong><\/h2>\n[\/vc_column_text][vc_row_inner][vc_column_inner width=\u00a0\u00bb1\/2&Prime;][vc_column_text css=\u00a0\u00bb\u00a0\u00bb]\n<div class=\"markdown-heading\" dir=\"auto\">\n<p data-start=\"986\" data-end=\"1026\"><em data-start=\"986\" data-end=\"1026\">Recommand\u00e9 pour les d\u00e9veloppeurs et les testeurs<\/em><\/p>\n<p data-start=\"1028\" data-end=\"1181\">Si vous pr\u00e9f\u00e9rez consulter le code, contribuer au d\u00e9veloppement ou t\u00e9l\u00e9charger des versions pr\u00e9liminaires, vous pouvez acc\u00e9der au d\u00e9p\u00f4t open-source complet sur GitHub.<\/p>\n<p data-start=\"1183\" data-end=\"1274\">\u2714 Acc\u00e8s au code source<br data-start=\"1203\" data-end=\"1206\">\u2714 Branches de d\u00e9veloppement<br data-start=\"1228\" data-end=\"1231\">\u2714 Suivi des probl\u00e8mes<br data-start=\"1247\" data-end=\"1250\">\u2714 T\u00e9l\u00e9chargements manuels ZIP<\/p>\n<p data-start=\"1276\" data-end=\"1330\"><strong data-start=\"1276\" data-end=\"1330\">Id\u00e9al pour les d\u00e9veloppeurs, les testeurs et les utilisateurs avanc\u00e9s.<\/strong><\/p>\n<p data-start=\"1332\" data-end=\"1355\">\ud83d\udc49 <a href=\"https:\/\/github.com\/Coinsnap\/Coinsnap-Paywall\"><strong data-start=\"1335\" data-end=\"1355\">Voir sur GitHub<\/strong><\/a><\/p>\n<\/div>\n[\/vc_column_text][\/vc_column_inner][vc_column_inner width=\u00a0\u00bb1\/2&Prime;][vc_single_image image=\u00a0\u00bb454&Prime; img_size=\u00a0\u00bbmedium\u00a0\u00bb alignment=\u00a0\u00bbcenter\u00a0\u00bb onclick=\u00a0\u00bbcustom_link\u00a0\u00bb css=\u00a0\u00bb\u00a0\u00bb link=\u00a0\u00bbhttps:\/\/github.com\/Coinsnap\/Coinsnap-Paywall\u00a0\u00bb][vc_column_text css=\u00a0\u00bb\u00a0\u00bb]Tout d&rsquo;abord, vous t\u00e9l\u00e9chargez le plugin depuis <a href=\"https:\/\/github.com\/Coinsnap\/Bitcoin-Paywall\">Github<\/a>.<\/p>\n<p>Ensuite, vous devez t\u00e9l\u00e9charger le ZIP dans l&rsquo;administration des plugins de WordPress :[\/vc_column_text][\/vc_column_inner][\/vc_row_inner][vc_empty_space][\/vc_column][\/vc_row][vc_row][vc_column][vc_column_text css=\u00a0\u00bb\u00a0\u00bb]\n<h2 data-start=\"1362\" data-end=\"1394\"><strong data-start=\"1365\" data-end=\"1394\">100% gratuit et open-source<\/strong><\/h2>\n<p data-start=\"1396\" data-end=\"1435\">Le plugin Coinsnap Bitcoin Paywall est :<\/p>\n[\/vc_column_text][vc_column_text css=\u00a0\u00bb.vc_custom_1764076422419{margin-left: 50px !important;}\u00a0\u00bb]\n<ul>\n<li data-start=\"1439\" data-end=\"1452\">Utilisation gratuite<\/li>\n<li data-start=\"1455\" data-end=\"1486\">Open-source sous licence MIT<\/li>\n<li data-start=\"1489\" data-end=\"1514\">Non privatif de libert\u00e9 de par sa conception<\/li>\n<li data-start=\"1517\" data-end=\"1559\">Compatible avec le serveur BTCPay et Coinsnap<\/li>\n<li data-start=\"1562\" data-end=\"1617\">Con\u00e7u pour la mon\u00e9tisation des articles et des postes payants<\/li>\n<\/ul>\n[\/vc_column_text][vc_column_text css=\u00a0\u00bb\u00a0\u00bb]Vous \u00eates libre de l&rsquo;utiliser, de le modifier et de l&rsquo;int\u00e9grer dans vos projets WordPress.[\/vc_column_text][\/vc_column][\/vc_row][vc_row][vc_column][vc_column_text css=\u00a0\u00bb\u00a0\u00bb]\n<h2 data-start=\"1707\" data-end=\"1739\"><strong data-start=\"1710\" data-end=\"1739\">Instructions d&rsquo;installation<\/strong><\/h2>\n<p data-start=\"1741\" data-end=\"1813\">Si vous avez besoin d&rsquo;aide pour installer le plugin, consultez notre guide d&rsquo;installation complet :<\/p>\n<p data-start=\"1815\" data-end=\"1842\">\ud83d\udc49 <a title=\"Guide d'installation du Paywall Bitcoin\" href=\"https:\/\/btcpaywall.com\/fr\/guide-dinstallation-et-de-configuration-du-paywall-bitcoin\/\" data-schema-attribute=\"\"><strong data-start=\"1818\" data-end=\"1842\">Guide d&rsquo;installation<\/strong><\/a><\/p>\n<p data-start=\"1844\" data-end=\"1858\">Il s&rsquo;agit notamment de<\/p>\n[\/vc_column_text][vc_column_text css=\u00a0\u00bb.vc_custom_1764076474845{margin-left: 50px !important;}\u00a0\u00bb]\n<ul>\n<li data-start=\"1862\" data-end=\"1889\">Comment installer le plugin<\/li>\n<li data-start=\"1892\" data-end=\"1932\">Comment connecter votre site \u00e0 Coinsnap ?<\/li>\n<li data-start=\"1935\" data-end=\"1965\">Comment se connecter au serveur BTCPay<\/li>\n<li data-start=\"1968\" data-end=\"2012\">Comment ajouter le bloc Paywall \u00e0 vos articles ?<\/li>\n<li data-start=\"2015\" data-end=\"2047\">Comment fixer vos prix en euros<\/li>\n<\/ul>\n[\/vc_column_text][vc_column_text css=\u00a0\u00bb\u00a0\u00bb]\n<h2 data-start=\"2054\" data-end=\"2078\"><strong data-start=\"2057\" data-end=\"2078\">Commencez d\u00e8s aujourd&rsquo;hui<\/strong><\/h2>\n<p data-start=\"2080\" data-end=\"2185\">Ajoutez un paywall Lightning-powered Pay-Per-Article \u00e0 votre site WordPress en quelques minutes &#8211; compl\u00e8tement gratuitement.<\/p>\n<p data-start=\"2187\" data-end=\"2261\">\ud83d\udc49 <strong data-start=\"2190\" data-end=\"2261\"><a href=\"https:\/\/wordpress.org\/plugins\/coinsnap-paywall\/\" data-schema-attribute=\"\">T\u00e9l\u00e9chargez le plugin et commencez \u00e0 mon\u00e9tiser votre contenu avec des bitcoins<\/a><\/strong>.<\/p>\n[\/vc_column_text][\/vc_column][\/vc_row]\n<\/div>","protected":false},"excerpt":{"rendered":"<p>[vc_row full_width=\u00a0\u00bbstretch_row\u00a0\u00bb fullwidth=\u00a0\u00bbyes\u00a0\u00bb css=\u00a0\u00bb.vc_custom_1732456449457{margin-top: -50px !important;}\u00a0\u00bb background_color=\u00a0\u00bb#6393C7&Prime;][vc_column][vc_empty_space height=\u00a0\u00bb70px\u00a0\u00bb][vc_column_text css=\u00a0\u00bb\u00a0\u00bb] T\u00e9l\u00e9chargez Coinsnap WordPress Bitcoin Paywall [\/vc_column_text][vc_single_image image=\u00a0\u00bb251&Prime; img_size=\u00a0\u00bbfull\u00a0\u00bb alignment=\u00a0\u00bbcenter\u00a0\u00bb css=\u00a0\u00bb.vc_custom_1732456342416{padding-top: -20px [&hellip;]<\/p>\n","protected":false},"author":1,"featured_media":1221,"parent":0,"menu_order":0,"comment_status":"closed","ping_status":"closed","template":"","meta":{"footnotes":""},"class_list":["post-1628","page","type-page","status-publish","has-post-thumbnail","hentry"],"_links":{"self":[{"href":"https:\/\/btcpaywall.com\/fr\/wp-json\/wp\/v2\/pages\/1628","targetHints":{"allow":["GET"]}}],"collection":[{"href":"https:\/\/btcpaywall.com\/fr\/wp-json\/wp\/v2\/pages"}],"about":[{"href":"https:\/\/btcpaywall.com\/fr\/wp-json\/wp\/v2\/types\/page"}],"author":[{"embeddable":true,"href":"https:\/\/btcpaywall.com\/fr\/wp-json\/wp\/v2\/users\/1"}],"replies":[{"embeddable":true,"href":"https:\/\/btcpaywall.com\/fr\/wp-json\/wp\/v2\/comments?post=1628"}],"version-history":[{"count":38,"href":"https:\/\/btcpaywall.com\/fr\/wp-json\/wp\/v2\/pages\/1628\/revisions"}],"predecessor-version":[{"id":2534,"href":"https:\/\/btcpaywall.com\/fr\/wp-json\/wp\/v2\/pages\/1628\/revisions\/2534"}],"wp:featuredmedia":[{"embeddable":true,"href":"https:\/\/btcpaywall.com\/fr\/wp-json\/wp\/v2\/media\/1221"}],"wp:attachment":[{"href":"https:\/\/btcpaywall.com\/fr\/wp-json\/wp\/v2\/media?parent=1628"}],"curies":[{"name":"wp","href":"https:\/\/api.w.org\/{rel}","templated":true}]}}