{"id":2241,"date":"2024-11-22T13:39:12","date_gmt":"2024-11-22T13:39:12","guid":{"rendered":"https:\/\/btcpaywall.com\/accueil\/"},"modified":"2025-12-13T13:25:39","modified_gmt":"2025-12-13T13:25:39","slug":"accueil","status":"publish","type":"page","link":"https:\/\/btcpaywall.com\/fr\/","title":{"rendered":"ACCUEIL"},"content":{"rendered":"<div class=\"wpb-content-wrapper\">[vc_row full_width=\u00a0\u00bbstretch_row\u00a0\u00bb fullwidth=\u00a0\u00bbyes\u00a0\u00bb css=\u00a0\u00bb.vc_custom_1732456449457{margin-top: -50px !important;}\u00a0\u00bb background_color=\u00a0\u00bb#6393C7&Prime;][vc_column][vc_empty_space height=\u00a0\u00bb70px\u00a0\u00bb][vc_column_text css=\u00a0\u00bb\u00a0\u00bb]\n<h1 style=\"text-align: center;\"><span style=\"color: #ffffff;\"><strong>Mon\u00e9tisez votre contenu WordPress avec Bitcoin Lightning<\/strong><\/span><\/h1>\n[\/vc_column_text][vc_single_image image=\u00a0\u00bb251&Prime; img_size=\u00a0\u00bbfull\u00a0\u00bb alignment=\u00a0\u00bbcenter\u00a0\u00bb css=\u00a0\u00bb.vc_custom_1732456342416{padding-top: -20px !important;}\u00a0\u00bb][vc_column_text css=\u00a0\u00bb\u00a0\u00bb]\n<h2 style=\"text-align: center;\" data-start=\"530\" data-end=\"594\"><span style=\"color: #ffffff;\"><strong data-start=\"533\" data-end=\"594\">Le Bitcoin Paywall de WordPress pour le contenu payant des articles<\/strong><\/span><\/h2>\n[\/vc_column_text][vc_empty_space height=\u00a0\u00bb70px\u00a0\u00bb][\/vc_column][\/vc_row][vc_row][vc_column][vc_column_text css=\u00a0\u00bb\u00a0\u00bb]Le Coinsnap WordPress Bitcoin Paywall est le plugin le plus simple et le plus rapide pour la mon\u00e9tisation des articles et des posts.<br \/>\nLes lecteurs paient avec Bitcoin Lightning &#8211; et d\u00e9bloquent les posts individuels instantan\u00e9ment.<\/p>\n<p style=\"text-align: left;\" data-start=\"595\" data-end=\"677\">Mon\u00e9tisez vos articles de blog avec les paiements Lightning &#8211; Rapide, non privatif de libert\u00e9, global.<\/p>\n<p>Gratuit. Simple. Aucun compte n&rsquo;est n\u00e9cessaire.[\/vc_column_text][vc_row_inner][vc_column_inner width=\u00a0\u00bb1\/2&Prime;][vc_btn title=\u00a0\u00bbVoir la d\u00e9monstration en direct\u00a0\u00bb color=\u00a0\u00bbwarning\u00a0\u00bb align=\u00a0\u00bbcenter\u00a0\u00bb css=\u00a0\u00bb\u00a0\u00bb link=\u00a0\u00bburl:https%3A%2F%2Fbtcpaywall.com%2Fpay-per-article-demo%2F|title:Pay-per-Article%20Demo|\u00a0\u00bb][\/vc_column_inner][vc_column_inner width=\u00a0\u00bb1\/2&Prime;][vc_btn title=\u00a0\u00bbT\u00e9l\u00e9charger gratuitement\u00a0\u00bb color=\u00a0\u00bbwarning\u00a0\u00bb align=\u00a0\u00bbcenter\u00a0\u00bb css=\u00a0\u00bb\u00a0\u00bb link=\u00a0\u00bburl:https%3A%2F%2Fbtcpaywall.com%2Ffr%2Ftelechargez-coinsnap-wordpress-bitcoin-paywall%2F|title:Download%20Plugin%20for%20Free|\u00a0\u00bb][\/vc_column_inner][\/vc_row_inner][vc_empty_space height=\u00a0\u00bb70px\u00a0\u00bb][\/vc_column][\/vc_row][vc_row full_width=\u00a0\u00bbstretch_row\u00a0\u00bb fullwidth=\u00a0\u00bbyes\u00a0\u00bb css=\u00a0\u00bb.vc_custom_1732460566869{margin-top: -50px !important;}\u00a0\u00bb background_color=\u00a0\u00bb#F7A611&Prime;][vc_column][vc_empty_space height=\u00a0\u00bb70px\u00a0\u00bb][vc_column_text css=\u00a0\u00bb\u00a0\u00bb]\n<h2 style=\"text-align: center;\"><strong><span style=\"color: #ffffff;\">Qu&rsquo;est-ce que le Paywall Bitcoin de Coinsnap ?<\/span><\/strong><\/h2>\n[\/vc_column_text][vc_single_image image=\u00a0\u00bb1247&Prime; img_size=\u00a0\u00bbfull\u00a0\u00bb alignment=\u00a0\u00bbcenter\u00a0\u00bb css=\u00a0\u00bb\u00a0\u00bb][vc_empty_space height=\u00a0\u00bb70px\u00a0\u00bb][\/vc_column][\/vc_row][vc_row][vc_column][vc_empty_space height=\u00a0\u00bb70px\u00a0\u00bb][vc_row_inner][vc_column_inner width=\u00a0\u00bb1\/2&Prime;][vc_column_text css=\u00a0\u00bb\u00a0\u00bb]\n<p data-start=\"992\" data-end=\"1166\">Le <strong data-start=\"959\" data-end=\"987\">Coinsnap Bitcoin Paywall<\/strong> est un plugin WordPress gratuit qui vous permet de verrouiller des articles individuels ou des blocs de contenu s\u00e9lectionn\u00e9s derri\u00e8re un paiement <strong data-start=\"1087\" data-end=\"1124\">\u00e0 l&rsquo;article Lightning<\/strong>.<\/p>\n[\/vc_column_text][vc_column_text css=\u00a0\u00bb.vc_custom_1764064054458{margin-left: 50px !important;}\u00a0\u00bb]\ud83d\udd38 <strong data-start=\"1138\" data-end=\"1157\">Pay-Per-Article<\/strong> &#8211; les lecteurs paient par article<br data-start=\"1180\" data-end=\"1183\">\ud83d\udd38 <strong data-start=\"1186\" data-end=\"1202\">Pay-Per-Post<\/strong> &#8211; id\u00e9al pour les blogs, les magazines et les tutoriels<br data-start=\"1243\" data-end=\"1246\">\ud83d\udd38 <strong data-start=\"1249\" data-end=\"1271\">Lightning Payments<\/strong> &#8211; ultra-rapide et parfait pour les micropaiements.[\/vc_column_text][\/vc_column_inner][vc_column_inner width=\u00a0\u00bb1\/2&Prime;][vc_single_image image=\u00a0\u00bb2112&Prime; img_size=\u00a0\u00bbfull\u00a0\u00bb alignment=\u00a0\u00bbcenter\u00a0\u00bb onclick=\u00a0\u00bbcustom_link\u00a0\u00bb css=\u00a0\u00bb\u00a0\u00bb link=\u00a0\u00bbhttps:\/\/wordpress.org\/plugins\/coinsnap-paywall\/\u00a0\u00bb][\/vc_column_inner][\/vc_row_inner][vc_column_text css=\u00a0\u00bb\u00a0\u00bb]Une fois le paiement effectu\u00e9, le contenu se d\u00e9bloque automatiquement &#8211; pas de compte, pas d&rsquo;abonnement, pas de friction.[\/vc_column_text][vc_empty_space height=\u00a0\u00bb50px\u00a0\u00bb][\/vc_column][\/vc_row][vc_row full_width=\u00a0\u00bbstretch_row\u00a0\u00bb fullwidth=\u00a0\u00bbyes\u00a0\u00bb css=\u00a0\u00bb.vc_custom_1732460566869{margin-top: -50px !important;}\u00a0\u00bb background_color=\u00a0\u00bb#F7A611&Prime;][vc_column][vc_empty_space height=\u00a0\u00bb70px\u00a0\u00bb][vc_column_text css=\u00a0\u00bb\u00a0\u00bb]\n<h2 style=\"text-align: center;\"><strong><span style=\"color: #ffffff;\">Pourquoi payer \u00e0 l&rsquo;article ?<\/span><\/strong><\/h2>\n[\/vc_column_text][vc_single_image image=\u00a0\u00bb1122&Prime; img_size=\u00a0\u00bbfull\u00a0\u00bb alignment=\u00a0\u00bbcenter\u00a0\u00bb css=\u00a0\u00bb\u00a0\u00bb][vc_empty_space height=\u00a0\u00bb70px\u00a0\u00bb][\/vc_column][\/vc_row][vc_row][vc_column][vc_empty_space height=\u00a0\u00bb70px\u00a0\u00bb][vc_column_text css=\u00a0\u00bb\u00a0\u00bb]\n<h3 data-start=\"1461\" data-end=\"1504\">1. Gagnez des Sats \u00e0 partir de postes individuels<\/h3>\n<p data-start=\"1505\" data-end=\"1572\">Mon\u00e9tisez les articles, les points de vue d&rsquo;experts, les tutoriels et le contenu premium.<\/p>\n<h3 data-start=\"1574\" data-end=\"1610\">2. Pas d&rsquo;abonnement requis<\/h3>\n<p data-start=\"1611\" data-end=\"1657\">Les lecteurs ne paient que pour ce \u00e0 quoi ils veulent acc\u00e9der.<\/p>\n[\/vc_column_text][vc_column_text css=\u00a0\u00bb\u00a0\u00bb]\n<h3 data-start=\"1659\" data-end=\"1702\">3. Des paiements en bitcoins rapides comme l&rsquo;\u00e9clair<\/h3>\n<p data-start=\"1703\" data-end=\"1760\">Optimis\u00e9 pour les micropaiements en bitcoins : rapide, bon march\u00e9, mondial.<\/p>\n<h3 data-start=\"1762\" data-end=\"1800\">4. Paiements \u00e0 100 % pour les personnes n&rsquo;ayant pas la garde d&rsquo;un enfant<\/h3>\n[\/vc_column_text][vc_column_text css=\u00a0\u00bb.vc_custom_1764064356653{margin-left: 50px !important;}\u00a0\u00bb]\n<ul data-start=\"1801\" data-end=\"1920\">\n<li data-start=\"1801\" data-end=\"1857\">\n<p data-start=\"1803\" data-end=\"1857\">Lightning \u2192 pay\u00e9 directement sur <em data-start=\"1832\" data-end=\"1838\">votre<\/em> portefeuille Lightning<\/p>\n<\/li>\n<li data-start=\"1858\" data-end=\"1920\">\n<p data-start=\"1860\" data-end=\"1920\">On-Chain \u2192 pay\u00e9 directement sur <em data-start=\"1888\" data-end=\"1894\">votre<\/em> portefeuille Bitcoin via xPub<\/p>\n<\/li>\n<\/ul>\n[\/vc_column_text][vc_column_text css=\u00a0\u00bb\u00a0\u00bb]\n<p data-start=\"1922\" data-end=\"1993\">Coinsnap ne d\u00e9tient jamais les fonds des commer\u00e7ants &#8211; le serveur BTCPay est enti\u00e8rement souverain.<\/p>\n<h3 data-start=\"1995\" data-end=\"2033\">5. Int\u00e9gration facile de WordPress<\/h3>\n<p data-start=\"2034\" data-end=\"2094\">Fonctionne avec n&rsquo;importe quel th\u00e8me WordPress utilisant Gutenberg ou shortcode.<\/p>\n<h3 data-start=\"2096\" data-end=\"2134\">6. Conception respectueuse de la vie priv\u00e9e<\/h3>\n<p data-start=\"2135\" data-end=\"2266\">Utilise un seul cookie <em data-start=\"2149\" data-end=\"2172\">techniquement n\u00e9cessaire<\/em> pour que les utilisateurs qui reviennent puissent garder l&rsquo;acc\u00e8s.<br data-start=\"2211\" data-end=\"2214\">Pas de cookies de suivi. Pas d&rsquo;analyse. Pas de donn\u00e9es personnelles.  <\/p>\n[\/vc_column_text][vc_empty_space height=\u00a0\u00bb70px\u00a0\u00bb][\/vc_column][\/vc_row][vc_row full_width=\u00a0\u00bbstretch_row\u00a0\u00bb fullwidth=\u00a0\u00bbyes\u00a0\u00bb css=\u00a0\u00bb.vc_custom_1732460566869{margin-top: -50px !important;}\u00a0\u00bb background_color=\u00a0\u00bb#F7A611&Prime;][vc_column][vc_empty_space height=\u00a0\u00bb70px\u00a0\u00bb][vc_column_text css=\u00a0\u00bb\u00a0\u00bb]\n<h2 style=\"text-align: center;\"><strong><span style=\"color: #ffffff;\">Comment \u00e7a marche<\/span><\/strong><\/h2>\n[\/vc_column_text][vc_single_image image=\u00a0\u00bb1140&Prime; img_size=\u00a0\u00bbfull\u00a0\u00bb alignment=\u00a0\u00bbcenter\u00a0\u00bb css=\u00a0\u00bb\u00a0\u00bb][vc_empty_space height=\u00a0\u00bb50px\u00a0\u00bb][\/vc_column][\/vc_row][vc_row][vc_column][vc_empty_space height=\u00a0\u00bb50px\u00a0\u00bb][vc_column_text css=\u00a0\u00bb\u00a0\u00bb]\n<h3 data-start=\"2293\" data-end=\"2328\">1. Installez le plugin gratuit<\/h3>\n<p data-start=\"2329\" data-end=\"2367\">Disponible sur WordPress.org et GitHub.<\/p>\n<h3 data-start=\"2369\" data-end=\"2408\">2. Choisissez votre passerelle de paiement<\/h3>\n[\/vc_column_text][vc_column_text css=\u00a0\u00bb.vc_custom_1764064458596{margin-left: 50px !important;}\u00a0\u00bb]\n<p data-start=\"1803\" data-end=\"1857\">\u2714 <strong data-start=\"2411\" data-end=\"2423\">Coinsnap<\/strong> (Lightning &amp; Bitcoin non conserv\u00e9s, pas de n\u0153ud n\u00e9cessaire)<br data-start=\"2475\" data-end=\"2478\">\u2714 <strong data-start=\"2480\" data-end=\"2497\">BTCPay Server<\/strong> (auto-h\u00e9berg\u00e9, souverainet\u00e9 totale sur Bitcoin).<\/p>\n[\/vc_column_text][vc_column_text css=\u00a0\u00bb\u00a0\u00bb]\n<h3 data-start=\"2539\" data-end=\"2571\">3. Prot\u00e9gez votre contenu<\/h3>\n<p data-start=\"2572\" data-end=\"2637\">Ajoutez le bloc Paywall \u00e0 l&rsquo;article ou int\u00e9grez le contenu dans un shortcode.<\/p>\n<h3 data-start=\"2639\" data-end=\"2662\">4. Fixer un prix<\/h3>\n<p data-start=\"2663\" data-end=\"2697\">D\u00e9finissez votre prix en sats ou en fiats.<\/p>\n<h3 data-start=\"2699\" data-end=\"2745\">5. Paiement Lightning \u2192 D\u00e9verrouillage instantan\u00e9<\/h3>\n<p data-start=\"2746\" data-end=\"2805\">Apr\u00e8s le paiement Lightning, le message complet devient visible.<\/p>\n[\/vc_column_text][vc_btn title=\u00a0\u00bbVoir la d\u00e9monstration en direct\u00a0\u00bb color=\u00a0\u00bbwarning\u00a0\u00bb align=\u00a0\u00bbcenter\u00a0\u00bb css=\u00a0\u00bb\u00a0\u00bb link=\u00a0\u00bburl:https%3A%2F%2Fbtcpaywall.com%2Fpay-per-article-demo%2F|title:Pay-per-Article%20Demo|\u00a0\u00bb][vc_empty_space height=\u00a0\u00bb70px\u00a0\u00bb][\/vc_column][\/vc_row][vc_row full_width=\u00a0\u00bbstretch_row\u00a0\u00bb fullwidth=\u00a0\u00bbyes\u00a0\u00bb css=\u00a0\u00bb.vc_custom_1732460566869{margin-top: -50px !important;}\u00a0\u00bb background_color=\u00a0\u00bb#F7A611&Prime;][vc_column][vc_empty_space height=\u00a0\u00bb70px\u00a0\u00bb][vc_column_text css=\u00a0\u00bb\u00a0\u00bb]\n<h2 style=\"text-align: center;\"><strong><span style=\"color: #ffffff;\">Caract\u00e9ristiques principales<\/span><\/strong><\/h2>\n[\/vc_column_text][vc_single_image image=\u00a0\u00bb1152&Prime; img_size=\u00a0\u00bbfull\u00a0\u00bb alignment=\u00a0\u00bbcenter\u00a0\u00bb css=\u00a0\u00bb\u00a0\u00bb][vc_empty_space height=\u00a0\u00bb50px\u00a0\u00bb][\/vc_column][\/vc_row][vc_row][vc_column][vc_empty_space height=\u00a0\u00bb50px\u00a0\u00bb][vc_column_text css=\u00a0\u00bb.vc_custom_1764082758980{margin-left: 50px !important;}\u00a0\u00bb]\n<p data-start=\"2866\" data-end=\"2917\">\u2714 Mon\u00e9tisation de l&rsquo;article \/ de l&rsquo;affichage payant<\/p>\n<p data-start=\"2920\" data-end=\"2954\">\u2714 Paiements Lightning en Bitcoin<\/p>\n<p data-start=\"2957\" data-end=\"2998\">Prise en charge des bitcoins en cha\u00eene via xPub<\/p>\n<p data-start=\"3001\" data-end=\"3036\">\u2714 Paiements enti\u00e8rement non gardiens<\/p>\n<p data-start=\"3039\" data-end=\"3082\">Compatible avec le serveur BTCPay et Coinsnap<\/p>\n<p data-start=\"3085\" data-end=\"3120\">\u2714 Gutenberg Block + Shortcode<\/p>\n<p data-start=\"3123\" data-end=\"3170\">Un seul cookie essentiel (pas de suivi)<\/p>\n<p data-start=\"3173\" data-end=\"3207\">\u2714 Plugin WordPress 100% gratuit<\/p>\n<p data-start=\"3210\" data-end=\"3232\">\u2714 Installation en quelques minutes<\/p>\n[\/vc_column_text][vc_empty_space height=\u00a0\u00bb50px\u00a0\u00bb][\/vc_column][\/vc_row][vc_row full_width=\u00a0\u00bbstretch_row\u00a0\u00bb fullwidth=\u00a0\u00bbyes\u00a0\u00bb css=\u00a0\u00bb.vc_custom_1732460566869{margin-top: -50px !important;}\u00a0\u00bb background_color=\u00a0\u00bb#F7A611&Prime;][vc_column][vc_empty_space height=\u00a0\u00bb70px\u00a0\u00bb][vc_column_text css=\u00a0\u00bb\u00a0\u00bb]\n<h2 style=\"text-align: center;\"><strong><span style=\"color: #ffffff;\">Compatible avec le serveur BTCPay et Coinsnap<\/span><\/strong><\/h2>\n[\/vc_column_text][vc_single_image image=\u00a0\u00bb1197&Prime; img_size=\u00a0\u00bbfull\u00a0\u00bb alignment=\u00a0\u00bbcenter\u00a0\u00bb css=\u00a0\u00bb\u00a0\u00bb][vc_empty_space height=\u00a0\u00bb50px\u00a0\u00bb][\/vc_column][\/vc_row][vc_row][vc_column][vc_empty_space height=\u00a0\u00bb50px\u00a0\u00bb][vc_column_text css=\u00a0\u00bb\u00a0\u00bb]\n<h3>Serveur BTCPay<\/h3>\n[\/vc_column_text][vc_row_inner][vc_column_inner width=\u00a0\u00bb1\/2&Prime;][vc_column_text css=\u00a0\u00bb.vc_custom_1764064646455{margin-left: 50px !important;}\u00a0\u00bb]\n<ul>\n<li data-start=\"3332\" data-end=\"3365\">Bitcoin et Lightning auto-h\u00e9berg\u00e9s<\/li>\n<li data-start=\"3368\" data-end=\"3390\">Votre n\u0153ud, vos cl\u00e9s<\/li>\n<li data-start=\"3393\" data-end=\"3426\">Souverainet\u00e9 et vie priv\u00e9e maximales<\/li>\n<\/ul>\n[\/vc_column_text][\/vc_column_inner][vc_column_inner width=\u00a0\u00bb1\/2&Prime;][vc_single_image image=\u00a0\u00bb1185&Prime; img_size=\u00a0\u00bbmedium\u00a0\u00bb alignment=\u00a0\u00bbcenter\u00a0\u00bb onclick=\u00a0\u00bbcustom_link\u00a0\u00bb img_link_target=\u00a0\u00bb_blank\u00a0\u00bb css=\u00a0\u00bb\u00a0\u00bb link=\u00a0\u00bbhttps:\/\/btcpayserver.org\u00a0\u00bb][\/vc_column_inner][\/vc_row_inner][vc_column_text css=\u00a0\u00bb\u00a0\u00bb]Parfait pour les d\u00e9veloppeurs et les utilisateurs techniques.[\/vc_column_text][\/vc_column][\/vc_row][vc_row][vc_column][vc_column_text css=\u00a0\u00bb\u00a0\u00bb]\n<h3>Coinsnap<\/h3>\n[\/vc_column_text][vc_row_inner][vc_column_inner width=\u00a0\u00bb1\/2&Prime;][vc_column_text css=\u00a0\u00bb.vc_custom_1764064743090{margin-left: 50px !important;}\u00a0\u00bb]\n<ul>\n<li data-start=\"3545\" data-end=\"3601\">Paiements Lightning \u2192 directement sur votre portefeuille Lightning.<\/li>\n<li data-start=\"3604\" data-end=\"3657\">Bitcoin on-chain \u2192 directement dans votre portefeuille via xPub<\/li>\n<li data-start=\"3660\" data-end=\"3682\">Aucun n\u0153ud propre n&rsquo;est n\u00e9cessaire<\/li>\n<li data-start=\"3685\" data-end=\"3750\">Installation facile pour les cr\u00e9ateurs, les blogueurs, les magazines et les petites entreprises<\/li>\n<\/ul>\n[\/vc_column_text][\/vc_column_inner][vc_column_inner width=\u00a0\u00bb1\/2&Prime;][vc_single_image image=\u00a0\u00bb1174&Prime; img_size=\u00a0\u00bbmedium\u00a0\u00bb alignment=\u00a0\u00bbcenter\u00a0\u00bb onclick=\u00a0\u00bbcustom_link\u00a0\u00bb img_link_target=\u00a0\u00bb_blank\u00a0\u00bb css=\u00a0\u00bb\u00a0\u00bb link=\u00a0\u00bbhttps:\/\/coinsnap.io\u00a0\u00bb][\/vc_column_inner][\/vc_row_inner][vc_column_text css=\u00a0\u00bb\u00a0\u00bb]Coinsnap ne stocke jamais de bitcoins &#8211; tous les paiements vont directement au commer\u00e7ant.[\/vc_column_text][vc_empty_space height=\u00a0\u00bb50px\u00a0\u00bb][\/vc_column][\/vc_row][vc_row full_width=\u00a0\u00bbstretch_row\u00a0\u00bb fullwidth=\u00a0\u00bbyes\u00a0\u00bb css=\u00a0\u00bb.vc_custom_1732460566869{margin-top: -50px !important;}\u00a0\u00bb background_color=\u00a0\u00bb#F7A611&Prime;][vc_column][vc_empty_space height=\u00a0\u00bb70px\u00a0\u00bb][vc_column_text css=\u00a0\u00bb\u00a0\u00bb]\n<h2 style=\"text-align: center;\"><span style=\"color: #ffffff;\"><strong>Essayez la d\u00e9monstration du paiement \u00e0 l&rsquo;article<\/strong><\/span><\/h2>\n[\/vc_column_text][vc_single_image image=\u00a0\u00bb1209&Prime; img_size=\u00a0\u00bbfull\u00a0\u00bb alignment=\u00a0\u00bbcenter\u00a0\u00bb css=\u00a0\u00bb\u00a0\u00bb][vc_empty_space height=\u00a0\u00bb50px\u00a0\u00bb][\/vc_column][\/vc_row][vc_row][vc_column][vc_empty_space height=\u00a0\u00bb50px\u00a0\u00bb][vc_column_text css=\u00a0\u00bb\u00a0\u00bb]Voyez exactement ce que vos lecteurs vont vivre.<br data-start=\"3913\" data-end=\"3916\">Testez le Paywall Lightning en temps r\u00e9el.[\/vc_column_text][vc_btn title=\u00a0\u00bbVoir la d\u00e9monstration en direct\u00a0\u00bb color=\u00a0\u00bbwarning\u00a0\u00bb align=\u00a0\u00bbcenter\u00a0\u00bb css=\u00a0\u00bb\u00a0\u00bb link=\u00a0\u00bburl:https%3A%2F%2Fbtcpaywall.com%2Fpay-per-article-demo%2F|title:Pay-per-Article%20Demo|\u00a0\u00bb][vc_empty_space height=\u00a0\u00bb50px\u00a0\u00bb][\/vc_column][\/vc_row][vc_row full_width=\u00a0\u00bbstretch_row\u00a0\u00bb fullwidth=\u00a0\u00bbyes\u00a0\u00bb css=\u00a0\u00bb.vc_custom_1732460566869{margin-top: -50px !important;}\u00a0\u00bb background_color=\u00a0\u00bb#F7A611&Prime;][vc_column][vc_empty_space height=\u00a0\u00bb70px\u00a0\u00bb][vc_column_text css=\u00a0\u00bb\u00a0\u00bb]\n<h2 style=\"text-align: center;\"><span style=\"color: #ffffff;\"><strong>T\u00e9l\u00e9chargez le plugin<\/strong><\/span><\/h2>\n[\/vc_column_text][vc_single_image image=\u00a0\u00bb1221&Prime; img_size=\u00a0\u00bbfull\u00a0\u00bb alignment=\u00a0\u00bbcenter\u00a0\u00bb css=\u00a0\u00bb\u00a0\u00bb][vc_empty_space height=\u00a0\u00bb50px\u00a0\u00bb][\/vc_column][\/vc_row][vc_row][vc_column][vc_empty_space height=\u00a0\u00bb50px\u00a0\u00bb][vc_column_text css=\u00a0\u00bb\u00a0\u00bb]Le plugin Bitcoin Paywall est <strong data-start=\"4046\" data-end=\"4065\">enti\u00e8rement gratuit<\/strong> et open-source.[\/vc_column_text][vc_column_text css=\u00a0\u00bb.vc_custom_1764065216710{margin-left: 50px !important;}\u00a0\u00bb]\ud83d\udd17 <strong data-start=\"4087\" data-end=\"4117\">WordPress Plugin Directory<\/strong> &#8211; versions stables<br data-start=\"4135\" data-end=\"4138\">\ud83d\udd17 <strong data-start=\"4141\" data-end=\"4162\">GitHub Repository<\/strong> &#8211; d\u00e9veloppement et premi\u00e8res versions[\/vc_column_text][vc_row_inner][vc_column_inner width=\u00a0\u00bb1\/2&Prime;][vc_btn title=\u00a0\u00bbT\u00e9l\u00e9charger sur WordPress.org\u00a0\u00bb color=\u00a0\u00bbwarning\u00a0\u00bb align=\u00a0\u00bbcenter\u00a0\u00bb css=\u00a0\u00bb\u00a0\u00bb link=\u00a0\u00bburl:https%3A%2F%2Fwordpress.org%2Fplugins%2Fcoinsnap-paywall%2F|title:WordPress%20Bitcoin%20Paywall|target:_blank|\u00a0\u00bb][\/vc_column_inner][vc_column_inner width=\u00a0\u00bb1\/2&Prime;][vc_btn title=\u00a0\u00bbVoir sur GitHub\u00a0\u00bb color=\u00a0\u00bbwarning\u00a0\u00bb align=\u00a0\u00bbcenter\u00a0\u00bb css=\u00a0\u00bb\u00a0\u00bb link=\u00a0\u00bburl:https%3A%2F%2Fgithub.com%2FCoinsnap%2FCoinsnap-Paywall|title:Bitcoin%20Paywall%20GitHub|target:_blank|\u00a0\u00bb][\/vc_column_inner][\/vc_row_inner][vc_empty_space height=\u00a0\u00bb50px\u00a0\u00bb][\/vc_column][\/vc_row][vc_row full_width=\u00a0\u00bbstretch_row\u00a0\u00bb fullwidth=\u00a0\u00bbyes\u00a0\u00bb css=\u00a0\u00bb.vc_custom_1732460566869{margin-top: -50px !important;}\u00a0\u00bb background_color=\u00a0\u00bb#F7A611&Prime;][vc_column][vc_empty_space height=\u00a0\u00bb70px\u00a0\u00bb][vc_column_text css=\u00a0\u00bb\u00a0\u00bb]\n<h2 style=\"text-align: center;\"><span style=\"color: #ffffff;\"><strong>Blog : En savoir plus sur le paiement \u00e0 l&rsquo;utilisation et les murs payants en bitcoins<\/strong><\/span><\/h2>\n[\/vc_column_text][vc_single_image image=\u00a0\u00bb1233&Prime; img_size=\u00a0\u00bbfull\u00a0\u00bb alignment=\u00a0\u00bbcenter\u00a0\u00bb css=\u00a0\u00bb\u00a0\u00bb][vc_empty_space height=\u00a0\u00bb50px\u00a0\u00bb][\/vc_column][\/vc_row][vc_row][vc_column][vc_column_text css=\u00a0\u00bb\u00a0\u00bb]\n<p data-start=\"4317\" data-end=\"4442\">D\u00e9couvrez des tutoriels, des articles et des points de vue sur les murs payants en bitcoins, les micropaiements Lightning et la mon\u00e9tisation par article.<\/p>\n[\/vc_column_text][vc_btn title=\u00a0\u00bbVisitez le blog\u00a0\u00bb color=\u00a0\u00bbwarning\u00a0\u00bb align=\u00a0\u00bbcenter\u00a0\u00bb css=\u00a0\u00bb\u00a0\u00bb link=\u00a0\u00bburl:https%3A%2F%2Fbtcpaywall.com%2Ffr%2Fblog%2F|title:BTCPaywall%20Blog|\u00a0\u00bb][\/vc_column][\/vc_row]\n<\/div>","protected":false},"excerpt":{"rendered":"<p>[vc_row full_width=\u00a0\u00bbstretch_row\u00a0\u00bb fullwidth=\u00a0\u00bbyes\u00a0\u00bb css=\u00a0\u00bb.vc_custom_1732456449457{margin-top: -50px !important;}\u00a0\u00bb background_color=\u00a0\u00bb#6393C7&Prime;][vc_column][vc_empty_space height=\u00a0\u00bb70px\u00a0\u00bb][vc_column_text css=\u00a0\u00bb\u00a0\u00bb] Mon\u00e9tisez votre contenu WordPress avec Bitcoin Lightning [\/vc_column_text][vc_single_image image=\u00a0\u00bb251&Prime; img_size=\u00a0\u00bbfull\u00a0\u00bb alignment=\u00a0\u00bbcenter\u00a0\u00bb [&hellip;]<\/p>\n","protected":false},"author":1,"featured_media":1109,"parent":0,"menu_order":0,"comment_status":"closed","ping_status":"closed","template":"","meta":{"footnotes":""},"class_list":["post-2241","page","type-page","status-publish","has-post-thumbnail","hentry"],"_links":{"self":[{"href":"https:\/\/btcpaywall.com\/fr\/wp-json\/wp\/v2\/pages\/2241","targetHints":{"allow":["GET"]}}],"collection":[{"href":"https:\/\/btcpaywall.com\/fr\/wp-json\/wp\/v2\/pages"}],"about":[{"href":"https:\/\/btcpaywall.com\/fr\/wp-json\/wp\/v2\/types\/page"}],"author":[{"embeddable":true,"href":"https:\/\/btcpaywall.com\/fr\/wp-json\/wp\/v2\/users\/1"}],"replies":[{"embeddable":true,"href":"https:\/\/btcpaywall.com\/fr\/wp-json\/wp\/v2\/comments?post=2241"}],"version-history":[{"count":5,"href":"https:\/\/btcpaywall.com\/fr\/wp-json\/wp\/v2\/pages\/2241\/revisions"}],"predecessor-version":[{"id":2264,"href":"https:\/\/btcpaywall.com\/fr\/wp-json\/wp\/v2\/pages\/2241\/revisions\/2264"}],"wp:featuredmedia":[{"embeddable":true,"href":"https:\/\/btcpaywall.com\/fr\/wp-json\/wp\/v2\/media\/1109"}],"wp:attachment":[{"href":"https:\/\/btcpaywall.com\/fr\/wp-json\/wp\/v2\/media?parent=2241"}],"curies":[{"name":"wp","href":"https:\/\/api.w.org\/{rel}","templated":true}]}}