{"id":2391,"date":"2024-11-24T13:44:45","date_gmt":"2024-11-24T13:44:45","guid":{"rendered":"https:\/\/btcpaywall.com\/demonstration-du-paiement-a-larticle\/"},"modified":"2025-12-13T13:29:39","modified_gmt":"2025-12-13T13:29:39","slug":"demonstration-du-paiement-a-larticle","status":"publish","type":"page","link":"https:\/\/btcpaywall.com\/fr\/demonstration-du-paiement-a-larticle\/","title":{"rendered":"D\u00e9monstration du paiement \u00e0 l&rsquo;article"},"content":{"rendered":"<div class=\"wpb-content-wrapper\">[vc_row full_width=\u00a0\u00bbstretch_row\u00a0\u00bb fullwidth=\u00a0\u00bbyes\u00a0\u00bb background_color=\u00a0\u00bb#6193C9&Prime; css=\u00a0\u00bb.vc_custom_1732466484126{margin-top: -50px !important;}\u00a0\u00bb][vc_column][vc_empty_space height=\u00a0\u00bb70px\u00a0\u00bb][vc_column_text css=\u00a0\u00bb\u00a0\u00bb]\n<h1 style=\"text-align: center;\"><span style=\"color: #ffffff;\"><strong>D\u00e9monstration du paiement \u00e0 l&rsquo;article<\/strong><\/span><\/h1>\n[\/vc_column_text][vc_single_image image=\u00a0\u00bb251&Prime; img_size=\u00a0\u00bbfull\u00a0\u00bb alignment=\u00a0\u00bbcenter\u00a0\u00bb css=\u00a0\u00bb.vc_custom_1732466358619{padding-top: -20px !important;}\u00a0\u00bb][vc_empty_space height=\u00a0\u00bb50px\u00a0\u00bb][\/vc_column][\/vc_row][vc_row][vc_column][vc_empty_space height=\u00a0\u00bb70px\u00a0\u00bb][\/vc_column][\/vc_row][vc_row][vc_column][vc_column_text css=\u00a0\u00bb\u00a0\u00bb]\n<h2><strong>Pourquoi le paiement \u00e0 l&rsquo;article change-t-il la donne pour les cr\u00e9ateurs de contenu ?<\/strong><\/h2>\n[\/vc_column_text][vc_row_inner][vc_column_inner width=\u00a0\u00bb2\/3&Prime;][vc_column_text css=\u00a0\u00bb\u00a0\u00bb]\n<p data-start=\"436\" data-end=\"732\">De plus en plus de cr\u00e9ateurs et de blogueurs ind\u00e9pendants cherchent des moyens de mon\u00e9tiser leur travail sans d\u00e9pendre des publicit\u00e9s, des fen\u00eatres pop-up intrusives, des algorithmes ou des mod\u00e8les d&rsquo;abonnement \u00e0 long terme. Gr\u00e2ce aux paiements Bitcoin Lightning, un tout nouveau mode de mon\u00e9tisation en ligne est en train d&rsquo;\u00e9merger : <strong data-start=\"712\" data-end=\"731\">Le paiement \u00e0 l&rsquo;article<\/strong>. <\/p>\n<p data-start=\"734\" data-end=\"954\">Au lieu de vendre l&rsquo;acc\u00e8s par le biais d&rsquo;abonnements mensuels ou de collecter des donn\u00e9es sur les utilisateurs, les lecteurs peuvent simplement payer de <strong data-start=\"838\" data-end=\"865\">minuscules montants en bitcoins<\/strong> pour d\u00e9bloquer des articles individuels &#8211; instantan\u00e9ment, de mani\u00e8re anonyme et sans cr\u00e9er de compte.<\/p>\n<p data-start=\"956\" data-end=\"1083\">Vous d\u00e9couvrirez dans l&rsquo;article complet pourquoi ce mod\u00e8le est si puissant pour les cr\u00e9ateurs ind\u00e9pendants, les \u00e9ducateurs et les journalistes.<\/p>\n[\/vc_column_text][\/vc_column_inner][vc_column_inner width=\u00a0\u00bb1\/3&Prime;][vc_single_image image=\u00a0\u00bb1209&Prime; img_size=\u00a0\u00bbfull\u00a0\u00bb alignment=\u00a0\u00bbcenter\u00a0\u00bb css=\u00a0\u00bb\u00a0\u00bb][\/vc_column_inner][\/vc_row_inner][\/vc_column][\/vc_row][vc_row css=\u00a0\u00bb.vc_custom_1764072915983{border-top-width: 5px !important;background-color: #FFFFFF !important;border-color: #DD3333 !important;}\u00a0\u00bb][vc_column][vc_column_text css=\u00a0\u00bb\u00a0\u00bb]\n<p data-start=\"1148\" data-end=\"1320\"><strong data-start=\"1151\" data-end=\"1181\">Ceci est un article premium.<\/strong><br data-start=\"1181\" data-end=\"1184\">D\u00e9bloquez le post complet pour <strong data-start=\"1209\" data-end=\"1247\">1 centime d&rsquo;euro en Bitcoin (Lightning<\/strong> ) et soutenez un contenu ind\u00e9pendant sans publicit\u00e9, abonnement ou suivi.<\/p>\n<p data-start=\"1322\" data-end=\"1376\">\ud83d\udc49 <em data-start=\"1325\" data-end=\"1376\">Payez avec Lightning &#8211; acc\u00e8s instantan\u00e9 apr\u00e8s le paiement<\/em><\/p>\n[\/vc_column_text][vc_column_text css=\u00a0\u00bb.vc_custom_1764072951373{border-color: #DD9933 !important;}\u00a0\u00bb]\n<p style=\"text-align: center;\">      <div class=\"paywall light\"\r\n           data-price=\"0.01\"\r\n           data-currency=\"EUR\"\r\n           data-duration=\"24\"\r\n           data-post-id=\"2391\">\r\n        <h2>0,01 Euro Pay-per-Article<\/h2>\r\n        <p>Unlock the full article for \u20ac0,01 in Bitcoin (Lightning)<\/p>\r\n        <div class=\"price-display\">\r\n\t\t\t0.01 EUR        <\/div>\r\n        <button class=\"paywall-payment-button\">Pay Now<\/button>\r\n      <\/div>\r\n    <p class=\"restricted light\">\r\n        This content is restricted. Please complete payment to access.    <\/p>\r\n\r\n\t\t<\/div>","protected":false},"excerpt":{"rendered":"<p>[vc_row full_width=\u00a0\u00bbstretch_row\u00a0\u00bb fullwidth=\u00a0\u00bbyes\u00a0\u00bb background_color=\u00a0\u00bb#6193C9&Prime; css=\u00a0\u00bb.vc_custom_1732466484126{margin-top: -50px !important;}\u00a0\u00bb][vc_column][vc_empty_space height=\u00a0\u00bb70px\u00a0\u00bb][vc_column_text css=\u00a0\u00bb\u00a0\u00bb] D\u00e9monstration du paiement \u00e0 l&rsquo;article [\/vc_column_text][vc_single_image image=\u00a0\u00bb251&Prime; img_size=\u00a0\u00bbfull\u00a0\u00bb alignment=\u00a0\u00bbcenter\u00a0\u00bb css=\u00a0\u00bb.vc_custom_1732466358619{padding-top: -20px [&hellip;]<\/p>\n","protected":false},"author":1,"featured_media":0,"parent":0,"menu_order":0,"comment_status":"closed","ping_status":"closed","template":"","meta":{"footnotes":""},"class_list":["post-2391","page","type-page","status-publish","hentry"],"_links":{"self":[{"href":"https:\/\/btcpaywall.com\/fr\/wp-json\/wp\/v2\/pages\/2391","targetHints":{"allow":["GET"]}}],"collection":[{"href":"https:\/\/btcpaywall.com\/fr\/wp-json\/wp\/v2\/pages"}],"about":[{"href":"https:\/\/btcpaywall.com\/fr\/wp-json\/wp\/v2\/types\/page"}],"author":[{"embeddable":true,"href":"https:\/\/btcpaywall.com\/fr\/wp-json\/wp\/v2\/users\/1"}],"replies":[{"embeddable":true,"href":"https:\/\/btcpaywall.com\/fr\/wp-json\/wp\/v2\/comments?post=2391"}],"version-history":[{"count":5,"href":"https:\/\/btcpaywall.com\/fr\/wp-json\/wp\/v2\/pages\/2391\/revisions"}],"predecessor-version":[{"id":2414,"href":"https:\/\/btcpaywall.com\/fr\/wp-json\/wp\/v2\/pages\/2391\/revisions\/2414"}],"wp:attachment":[{"href":"https:\/\/btcpaywall.com\/fr\/wp-json\/wp\/v2\/media?parent=2391"}],"curies":[{"name":"wp","href":"https:\/\/api.w.org\/{rel}","templated":true}]}}