{"id":675,"date":"2024-11-24T13:44:45","date_gmt":"2024-11-24T13:44:45","guid":{"rendered":"https:\/\/btcpaywall.com\/demonstration-du-paiement-a-lacte\/"},"modified":"2025-02-17T22:04:31","modified_gmt":"2025-02-17T22:04:31","slug":"demonstration-du-paiement-a-lacte","status":"publish","type":"page","link":"https:\/\/btcpaywall.com\/fr\/demonstration-du-paiement-a-lacte\/","title":{"rendered":"D\u00e9monstration du paiement \u00e0 l&rsquo;acte"},"content":{"rendered":"<div class=\"wpb-content-wrapper\">[vc_row full_width=\u00a0\u00bbstretch_row\u00a0\u00bb fullwidth=\u00a0\u00bbyes\u00a0\u00bb background_color=\u00a0\u00bb#6193C9&Prime; css=\u00a0\u00bb.vc_custom_1732466484126{margin-top: -50px !important;}\u00a0\u00bb][vc_column][vc_empty_space height=\u00a0\u00bb70px\u00a0\u00bb][vc_column_text css=\u00a0\u00bb\u00a0\u00bb]\n<h1 style=\"text-align: center;\"><span style=\"color: #ffffff;\">D\u00e9mo : Pay-per-Post Bitcoin Paywall<\/span><\/h1>\n[\/vc_column_text][vc_single_image image=\u00a0\u00bb33&Prime; img_size=\u00a0\u00bbfull\u00a0\u00bb alignment=\u00a0\u00bbcenter\u00a0\u00bb css=\u00a0\u00bb.vc_custom_1732466358619{padding-top: -20px !important;}\u00a0\u00bb][vc_column_text css=\u00a0\u00bb\u00a0\u00bb]\n<h3 style=\"text-align: center;\"><span style=\"color: #ffffff;\">Lisez l&rsquo;article complet pour seulement 0,10 \u20ac !<\/span><\/h3>\n[\/vc_column_text][vc_empty_space height=\u00a0\u00bb50px\u00a0\u00bb][\/vc_column][\/vc_row][vc_row][vc_column][vc_empty_space height=\u00a0\u00bb70px\u00a0\u00bb][\/vc_column][\/vc_row][vc_row][vc_column][vc_column_text css=\u00a0\u00bb\u00a0\u00bb]\n<h2><b>Pourquoi les fournisseurs de contenu peuvent gagner de l&rsquo;argent pour leur travail avec un mur de paiement Bitcoin<\/b><\/h2>\n[\/vc_column_text][vc_row_inner][vc_column_inner width=\u00a0\u00bb2\/3&Prime;][vc_column_text css=\u00a0\u00bb\u00a0\u00bb]Internet a r\u00e9volutionn\u00e9 la fa\u00e7on dont les contenus sont partag\u00e9s et consomm\u00e9s.<\/p>\n<p>Mais dans un monde o\u00f9 les contenus de qualit\u00e9 sont souvent disponibles gratuitement, une question centrale se pose aux fournisseurs de contenus :<\/p>\n<p>Comment \u00eatre r\u00e9mun\u00e9r\u00e9 \u00e9quitablement pour son travail ?<\/p>\n<p>Un mur de paiement Bitcoin offre ici une solution innovante et efficace qui simplifie \u00e0 la fois la mon\u00e9tisation et r\u00e9pond aux besoins des utilisateurs.[\/vc_column_text][\/vc_column_inner][vc_column_inner width=\u00a0\u00bb1\/3&Prime;][vc_single_image image=\u00a0\u00bb60&Prime; img_size=\u00a0\u00bbfull\u00a0\u00bb alignment=\u00a0\u00bbcenter\u00a0\u00bb css=\u00a0\u00bb\u00a0\u00bb][\/vc_column_inner][\/vc_row_inner][vc_column_text css=\u00a0\u00bb\u00a0\u00bb]      <div class=\"paywall light\"\r\n           data-price=\"0.01\"\r\n           data-currency=\"EUR\"\r\n           data-duration=\"24\"\r\n           data-post-id=\"675\">\r\n        <h2>0,01 Euro Pay-per-Article<\/h2>\r\n        <p>Unlock the full article for \u20ac0,01 in Bitcoin (Lightning)<\/p>\r\n        <div class=\"price-display\">\r\n\t\t\t0.01 EUR        <\/div>\r\n        <button class=\"paywall-payment-button\">Pay Now<\/button>\r\n      <\/div>\r\n    <p class=\"restricted light\">\r\n        This content is restricted. Please complete payment to access.    <\/p>\r\n\r\n\t\t<\/div>","protected":false},"excerpt":{"rendered":"<p>[vc_row full_width=\u00a0\u00bbstretch_row\u00a0\u00bb fullwidth=\u00a0\u00bbyes\u00a0\u00bb background_color=\u00a0\u00bb#6193C9&Prime; css=\u00a0\u00bb.vc_custom_1732466484126{margin-top: -50px !important;}\u00a0\u00bb][vc_column][vc_empty_space height=\u00a0\u00bb70px\u00a0\u00bb][vc_column_text css=\u00a0\u00bb\u00a0\u00bb] D\u00e9mo : Pay-per-Post Bitcoin Paywall [\/vc_column_text][vc_single_image image=\u00a0\u00bb33&Prime; img_size=\u00a0\u00bbfull\u00a0\u00bb alignment=\u00a0\u00bbcenter\u00a0\u00bb css=\u00a0\u00bb.vc_custom_1732466358619{padding-top: -20px [&hellip;]<\/p>\n","protected":false},"author":1,"featured_media":0,"parent":0,"menu_order":0,"comment_status":"closed","ping_status":"closed","template":"","meta":{"footnotes":""},"class_list":["post-675","page","type-page","status-publish","hentry"],"_links":{"self":[{"href":"https:\/\/btcpaywall.com\/fr\/wp-json\/wp\/v2\/pages\/675","targetHints":{"allow":["GET"]}}],"collection":[{"href":"https:\/\/btcpaywall.com\/fr\/wp-json\/wp\/v2\/pages"}],"about":[{"href":"https:\/\/btcpaywall.com\/fr\/wp-json\/wp\/v2\/types\/page"}],"author":[{"embeddable":true,"href":"https:\/\/btcpaywall.com\/fr\/wp-json\/wp\/v2\/users\/1"}],"replies":[{"embeddable":true,"href":"https:\/\/btcpaywall.com\/fr\/wp-json\/wp\/v2\/comments?post=675"}],"version-history":[{"count":1,"href":"https:\/\/btcpaywall.com\/fr\/wp-json\/wp\/v2\/pages\/675\/revisions"}],"predecessor-version":[{"id":680,"href":"https:\/\/btcpaywall.com\/fr\/wp-json\/wp\/v2\/pages\/675\/revisions\/680"}],"wp:attachment":[{"href":"https:\/\/btcpaywall.com\/fr\/wp-json\/wp\/v2\/media?parent=675"}],"curies":[{"name":"wp","href":"https:\/\/api.w.org\/{rel}","templated":true}]}}