{"id":785,"date":"2024-11-25T16:25:18","date_gmt":"2024-11-25T16:25:18","guid":{"rendered":"https:\/\/btcpaywall.com\/installation\/"},"modified":"2025-02-17T22:04:51","modified_gmt":"2025-02-17T22:04:51","slug":"installation","status":"publish","type":"page","link":"https:\/\/btcpaywall.com\/fr\/installation\/","title":{"rendered":"Installation"},"content":{"rendered":"<div class=\"wpb-content-wrapper\">[vc_row full_width=\u00a0\u00bbstretch_row\u00a0\u00bb fullwidth=\u00a0\u00bbyes\u00a0\u00bb css=\u00a0\u00bb.vc_custom_1732456449457{margin-top: -50px !important;}\u00a0\u00bb background_color=\u00a0\u00bb#6393C7&Prime;][vc_column][vc_empty_space height=\u00a0\u00bb70px\u00a0\u00bb][vc_column_text css=\u00a0\u00bb\u00a0\u00bb]\n<h1 style=\"text-align: center;\"><span style=\"color: #ffffff;\">Installer et utiliser Coinsnap Bitcoin Paywall<\/span><\/h1>\n[\/vc_column_text][vc_single_image image=\u00a0\u00bb33&Prime; img_size=\u00a0\u00bbfull\u00a0\u00bb alignment=\u00a0\u00bbcenter\u00a0\u00bb css=\u00a0\u00bb.vc_custom_1732456342416{padding-top: -20px !important;}\u00a0\u00bb][vc_column_text css=\u00a0\u00bb\u00a0\u00bb]\n<h3 style=\"text-align: center;\"><span style=\"color: #ffffff;\">Accepter Bitcoin pour votre contenu en seulement 5 minutes !<\/span><\/h3>\n[\/vc_column_text][vc_empty_space height=\u00a0\u00bb70px\u00a0\u00bb][\/vc_column][\/vc_row][vc_row][vc_column][vc_empty_space height=\u00a0\u00bb70px\u00a0\u00bb][vc_column_text css=\u00a0\u00bb\u00a0\u00bb]Le Coinsnsap Bitcoin Paywall vous permet de vendre facilement et rapidement vos textes en Bitcoin (Satoshis) pour une somme modique. Vous pouvez ainsi mon\u00e9tiser votre contenu tout en profitant des avantages du r\u00e9seau Bitcoin Lightning. C&rsquo;est tr\u00e8s simple :[\/vc_column_text][vc_row_inner][vc_column_inner width=\u00a0\u00bb1\/2&Prime;][vc_column_text css=\u00a0\u00bb\u00a0\u00bb]\n<div class=\"markdown-heading\" dir=\"auto\">\n<h3>1. installez le paywall Bitcoin de Coinsnap \u00e0 partir de la page Github<\/h3>\n<p>Si vous souhaitez installer Coinsnap Bitcoin Paywall, vous devez d&rsquo;abord le <a href=\"https:\/\/github.com\/Coinsnap\/Bitcoin-Paywall\">t\u00e9l\u00e9charger depuis la page Github de Coinsnap ici<\/a>.<\/p>\n<p>Cherchez ensuite le bouton vert avec l&rsquo;inscription \u00ab\u00a0Code\u00a0\u00bb. En cliquant dessus, le menu s&rsquo;ouvre et Download ZIP appara\u00eet. <\/p>\n<p>Ici, vous pouvez t\u00e9l\u00e9charger la derni\u00e8re version de Coinsnap Bitcoin Paywall sur votre ordinateur.<\/p><\/div>\n[\/vc_column_text][\/vc_column_inner][vc_column_inner width=\u00a0\u00bb1\/2&Prime;][vc_single_image image=\u00a0\u00bb95&Prime; img_size=\u00a0\u00bbmedium\u00a0\u00bb onclick=\u00a0\u00bbzoom\u00a0\u00bb css=\u00a0\u00bb\u00a0\u00bb][vc_column_text css=\u00a0\u00bb\u00a0\u00bb]Tout d&rsquo;abord, vous t\u00e9l\u00e9chargez le plugin sur <a href=\"https:\/\/github.com\/Coinsnap\/Bitcoin-Paywall\">Github<\/a>.<\/p>\n<p> Ensuite, vous devez t\u00e9l\u00e9charger le ZIP dans l&rsquo;administration des plugins de WordPress :[\/vc_column_text][\/vc_column_inner][\/vc_row_inner][vc_row_inner][vc_column_inner width=\u00a0\u00bb1\/2&Prime;][vc_column_text css=\u00a0\u00bb\u00a0\u00bb]Utilisez maintenant la fonction \u00ab\u00a0T\u00e9l\u00e9charger le plugin\u00a0\u00bb de WordPress pour installer le paywall.<\/p>\n<p>Cliquez sur \u00ab\u00a0Installer maintenant\u00a0\u00bb et le Coinsnap Bitcoin Paywall sera ajout\u00e9 \u00e0 votre site WordPress. Il peut ensuite \u00eatre connect\u00e9 \u00e0 la passerelle de paiement Coinsnap.[\/vc_column_text][\/vc_column_inner][vc_column_inner width=\u00a0\u00bb1\/2&Prime;][vc_single_image image=\u00a0\u00bb96&Prime; img_size=\u00a0\u00bbfull\u00a0\u00bb alignment=\u00a0\u00bbcenter\u00a0\u00bb onclick=\u00a0\u00bbzoom\u00a0\u00bb css=\u00a0\u00bb\u00a0\u00bb][\/vc_column_inner][\/vc_row_inner][vc_row_inner][vc_column_inner width=\u00a0\u00bb1\/2&Prime;][vc_column_text css=\u00a0\u00bb\u00a0\u00bb]\n<h3>2. associer un compte Coinsnap \u00e0 Bitcoin Paywall<\/h3>\n<h4>2.1. param\u00e8tres du paywall de Coinsnap Bitcoin <\/h4>\n<p>Une fois que vous avez install\u00e9 et activ\u00e9 le Coinsnap Bitcoin Paywall, vous devez configurer les param\u00e8tres de Coinsnap. Vous les trouverez \u00e0 gauche dans la sidebar sous \u00ab\u00a0Coinsnap Bitcoin Paywall\u00a0\u00bb.[\/vc_column_text][\/vc_column_inner][vc_column_inner width=\u00a0\u00bb1\/2&Prime;][vc_single_image image=\u00a0\u00bb140&Prime; img_size=\u00a0\u00bblarge\u00a0\u00bb onclick=\u00a0\u00bbzoom\u00a0\u00bb css=\u00a0\u00bb\u00a0\u00bb][\/vc_column_inner][\/vc_row_inner][vc_row_inner][vc_column_inner width=\u00a0\u00bb1\/2&Prime;][vc_column_text css=\u00a0\u00bb\u00a0\u00bb]Il vous suffit d&rsquo;y saisir votre identifiant de boutique Coinsnap et votre cl\u00e9 API ; vous les trouverez dans votre compte Coinsnap sous \u00ab\u00a0Param\u00e8tres\u00a0\u00bb, \u00ab\u00a0Param\u00e8tres de la boutique Coinsnap\u00a0\u00bb.[\/vc_column_text][\/vc_column_inner][vc_column_inner width=\u00a0\u00bb1\/2&Prime;][vc_single_image image=\u00a0\u00bb141&Prime; img_size=\u00a0\u00bblarge\u00a0\u00bb onclick=\u00a0\u00bbzoom\u00a0\u00bb css=\u00a0\u00bb\u00a0\u00bb][\/vc_column_inner][\/vc_row_inner][vc_column_text css=\u00a0\u00bb\u00a0\u00bb]\n<h4 style=\"text-align: center;\">Vous avez maintenant activ\u00e9 avec succ\u00e8s votre Coinsnap Bitcoin Paywall et vous pouvez d\u00e9sormais accepter le lightning Bitcoin pour votre contenu.<\/h4>\n<p style=\"text-align: center;\"><a href=\"https:\/\/github.com\/Coinsnap\/Bitcoin-Paywall\" class=\"hb-button special-icon hb-orange hb-large-button\" target=\"_blank\" style=\"-webkit-border-radius: 2px;-moz-border-radius: 2px;border-radius: 2px;\"><i class=\"icon-download-alt\"><\/i>t\u00e9l\u00e9charger maintenant !<\/a>\n[\/vc_column_text][vc_empty_space][\/vc_column][\/vc_row][vc_row full_width=\u00a0\u00bbstretch_row\u00a0\u00bb fullwidth=\u00a0\u00bbyes\u00a0\u00bb css=\u00a0\u00bb.vc_custom_1732456449457{margin-top: -50px !important;}\u00a0\u00bb background_color=\u00a0\u00bb#6393C7&Prime;][vc_column][vc_empty_space height=\u00a0\u00bb70px\u00a0\u00bb][vc_column_text css=\u00a0\u00bb\u00a0\u00bb]\n<h2 style=\"text-align: center;\"><span style=\"color: #ffffff;\">Configurer Coinsnap Bitcoin Paywall<\/span><\/h2>\n[\/vc_column_text][vc_empty_space height=\u00a0\u00bb70px\u00a0\u00bb][\/vc_column][\/vc_row][vc_row][vc_column][vc_empty_space][vc_row_inner][vc_column_inner width=\u00a0\u00bb1\/2&Prime;][vc_column_text css=\u00a0\u00bb\u00a0\u00bb]\n<h3>1. cr\u00e9er un shortcode de paywall<\/h3>\n<p>Dans le sideboard \u00e0 gauche de votre WordPress, allez sur Coinsnap Bitcoin Paywall et cliquez sur Paywall Shortcodes.<\/p>\n<p>Cliquez ensuite sur \u00ab\u00a0Add New Paywall Shortcode\u00a0\u00bb en haut de la page.<\/p>\n[\/vc_column_text][\/vc_column_inner][vc_column_inner width=\u00a0\u00bb1\/2&Prime;][vc_single_image image=\u00a0\u00bb105&Prime; img_size=\u00a0\u00bbfull\u00a0\u00bb alignment=\u00a0\u00bbcenter\u00a0\u00bb onclick=\u00a0\u00bbzoom\u00a0\u00bb css=\u00a0\u00bb\u00a0\u00bb][\/vc_column_inner][\/vc_row_inner][vc_row_inner equal_height=\u00a0\u00bbyes\u00a0\u00bb content_placement=\u00a0\u00bbmiddle\u00a0\u00bb][vc_column_inner width=\u00a0\u00bb1\/2&Prime;][vc_column_text css=\u00a0\u00bb\u00a0\u00bb]\n<h3>2. configurez votre shortcode paywall<\/h3>\n<p>dans la fen\u00eatre qui s&rsquo;affiche, faites les r\u00e9glages suivants (voir les entr\u00e9es orange) :[\/vc_column_text][vc_column_text css=\u00a0\u00bb.vc_custom_1732610210604{padding-left: 20px !important;}\u00a0\u00bb]\n<ol>\n<li>Commencez par donner un nom \u00e0 votre short code afin de savoir \u00e0 quoi il sert.<\/li>\n<li>Vous pouvez ensuite saisir une br\u00e8ve description, comme information de base pour vous ou vos r\u00e9dacteurs.<\/li>\n<li>Ensuite, vous mettez le texte du bouton de paiement.<\/li>\n<li>D\u00e9terminez votre prix !<\/li>\n<li>S\u00e9lectionnez la devise dans laquelle le prix doit \u00eatre affich\u00e9.<\/li>\n<li>D\u00e9finissez la dur\u00e9e de la d\u00e9connexion et<\/li>\n<li>choisissez le sch\u00e9ma de couleurs du paywall.<\/li>\n<\/ol>\n[\/vc_column_text][vc_column_text css=\u00a0\u00bb\u00a0\u00bb]Vous pouvez maintenant copier le shortcode tout en bas et l&rsquo;utiliser dans votre contenu (voir ci-dessous).[\/vc_column_text][\/vc_column_inner][vc_column_inner width=\u00a0\u00bb1\/2&Prime;][vc_single_image image=\u00a0\u00bb107&Prime; img_size=\u00a0\u00bbfull\u00a0\u00bb alignment=\u00a0\u00bbcenter\u00a0\u00bb onclick=\u00a0\u00bbzoom\u00a0\u00bb css=\u00a0\u00bb\u00a0\u00bb][\/vc_column_inner][\/vc_row_inner][vc_empty_space][\/vc_column][\/vc_row][vc_row full_width=\u00a0\u00bbstretch_row\u00a0\u00bb fullwidth=\u00a0\u00bbyes\u00a0\u00bb css=\u00a0\u00bb.vc_custom_1732456449457{margin-top: -50px !important;}\u00a0\u00bb background_color=\u00a0\u00bb#6393C7&Prime;][vc_column][vc_empty_space height=\u00a0\u00bb70px\u00a0\u00bb][vc_column_text css=\u00a0\u00bb\u00a0\u00bb]\n<h2 style=\"text-align: center;\"><span style=\"color: #ffffff;\">Placer le contenu derri\u00e8re le paywall de Coinsnap Bitcoin<\/span><\/h2>\n[\/vc_column_text][vc_empty_space height=\u00a0\u00bb70px\u00a0\u00bb][\/vc_column][\/vc_row][vc_row][vc_column][vc_empty_space][vc_row_inner][vc_column_inner width=\u00a0\u00bb1\/2&Prime;][vc_column_text css=\u00a0\u00bb\u00a0\u00bb]\n<h3>1. cr\u00e9er du contenu<\/h3>\n<p>Cr\u00e9ez maintenant un contenu comme d&rsquo;habitude dans votre WordPress, par exemple un texte comme dans cet exemple.<\/p>\n<p>Une fois que vous avez termin\u00e9 l&rsquo;article, vous devez placer le shortcode que vous venez de produire \u00e0 l&rsquo;endroit o\u00f9 vous attendez un paiement de la part de votre lecteur. Vous le faites g\u00e9n\u00e9ralement apr\u00e8s le paragraphe d&rsquo;introduction, voir \u00e0 droite :[\/vc_column_text][\/vc_column_inner][vc_column_inner width=\u00a0\u00bb1\/2&Prime;][vc_single_image image=\u00a0\u00bb112&Prime; img_size=\u00a0\u00bbfull\u00a0\u00bb alignment=\u00a0\u00bbcenter\u00a0\u00bb onclick=\u00a0\u00bbzoom\u00a0\u00bb css=\u00a0\u00bb\u00a0\u00bb][\/vc_column_inner][\/vc_row_inner][vc_row_inner][vc_column_inner width=\u00a0\u00bb1\/2&Prime;][vc_column_text css=\u00a0\u00bb\u00a0\u00bb]\n<h4>Conseil :<\/h4>\n<p>Si vous souhaitez placer un paywall avant le t\u00e9l\u00e9chargement d&rsquo;une vid\u00e9o, cr\u00e9ez une courte description du contenu de la vid\u00e9o en guise d&rsquo;introduction et placez \u00e0 c\u00f4t\u00e9 une image de l&rsquo;\u00e9cran de d\u00e9marrage de la vid\u00e9o.<\/p>\n<p>Ainsi, vos utilisateurs voient ce qui les attend et pourquoi ils veulent payer pour la vid\u00e9o ![\/vc_column_text][\/vc_column_inner][vc_column_inner width=\u00a0\u00bb1\/2&Prime;][vc_single_image image=\u00a0\u00bb113&Prime; img_size=\u00a0\u00bbfull\u00a0\u00bb alignment=\u00a0\u00bbcenter\u00a0\u00bb onclick=\u00a0\u00bbzoom\u00a0\u00bb css=\u00a0\u00bb\u00a0\u00bb][\/vc_column_inner][\/vc_row_inner][vc_empty_space][\/vc_column][\/vc_row]\n<\/div>","protected":false},"excerpt":{"rendered":"<p>[vc_row full_width=\u00a0\u00bbstretch_row\u00a0\u00bb fullwidth=\u00a0\u00bbyes\u00a0\u00bb css=\u00a0\u00bb.vc_custom_1732456449457{margin-top: -50px !important;}\u00a0\u00bb background_color=\u00a0\u00bb#6393C7&Prime;][vc_column][vc_empty_space height=\u00a0\u00bb70px\u00a0\u00bb][vc_column_text css=\u00a0\u00bb\u00a0\u00bb] Installer et utiliser Coinsnap Bitcoin Paywall [\/vc_column_text][vc_single_image image=\u00a0\u00bb33&Prime; img_size=\u00a0\u00bbfull\u00a0\u00bb alignment=\u00a0\u00bbcenter\u00a0\u00bb css=\u00a0\u00bb.vc_custom_1732456342416{padding-top: [&hellip;]<\/p>\n","protected":false},"author":1,"featured_media":253,"parent":0,"menu_order":0,"comment_status":"closed","ping_status":"closed","template":"","meta":{"footnotes":""},"class_list":["post-785","page","type-page","status-publish","has-post-thumbnail","hentry"],"_links":{"self":[{"href":"https:\/\/btcpaywall.com\/fr\/wp-json\/wp\/v2\/pages\/785","targetHints":{"allow":["GET"]}}],"collection":[{"href":"https:\/\/btcpaywall.com\/fr\/wp-json\/wp\/v2\/pages"}],"about":[{"href":"https:\/\/btcpaywall.com\/fr\/wp-json\/wp\/v2\/types\/page"}],"author":[{"embeddable":true,"href":"https:\/\/btcpaywall.com\/fr\/wp-json\/wp\/v2\/users\/1"}],"replies":[{"embeddable":true,"href":"https:\/\/btcpaywall.com\/fr\/wp-json\/wp\/v2\/comments?post=785"}],"version-history":[{"count":8,"href":"https:\/\/btcpaywall.com\/fr\/wp-json\/wp\/v2\/pages\/785\/revisions"}],"predecessor-version":[{"id":838,"href":"https:\/\/btcpaywall.com\/fr\/wp-json\/wp\/v2\/pages\/785\/revisions\/838"}],"wp:featuredmedia":[{"embeddable":true,"href":"https:\/\/btcpaywall.com\/fr\/wp-json\/wp\/v2\/media\/253"}],"wp:attachment":[{"href":"https:\/\/btcpaywall.com\/fr\/wp-json\/wp\/v2\/media?parent=785"}],"curies":[{"name":"wp","href":"https:\/\/api.w.org\/{rel}","templated":true}]}}