{"id":845,"date":"2024-11-26T10:10:17","date_gmt":"2024-11-26T10:10:17","guid":{"rendered":"https:\/\/btcpaywall.com\/avantages\/"},"modified":"2025-02-18T09:40:16","modified_gmt":"2025-02-18T09:40:16","slug":"avantages","status":"publish","type":"page","link":"https:\/\/btcpaywall.com\/fr\/avantages\/","title":{"rendered":"Avantages"},"content":{"rendered":"<div class=\"wpb-content-wrapper\">[vc_row fullwidth=\u00a0\u00bbyes\u00a0\u00bb background_color=\u00a0\u00bb#6192C6&Prime; css=\u00a0\u00bb.vc_custom_1732623135531{margin-top: -50px !important;}\u00a0\u00bb][vc_column][vc_empty_space height=\u00a0\u00bb70px\u00a0\u00bb][vc_column_text css=\u00a0\u00bb\u00a0\u00bb]\n<h1 style=\"text-align: center;\"><span style=\"color: #ffffff;\">Les bonnes raisons de cr\u00e9er un paywall Bitcoin<\/span><\/h1>\n[\/vc_column_text][vc_single_image image=\u00a0\u00bb33&Prime; img_size=\u00a0\u00bbfull\u00a0\u00bb alignment=\u00a0\u00bbcenter\u00a0\u00bb css=\u00a0\u00bb.vc_custom_1732456374553{padding-top: -20px !important;}\u00a0\u00bb][vc_column_text css=\u00a0\u00bb\u00a0\u00bb]\n<h3 style=\"text-align: center;\"><span style=\"color: #ffffff;\">Comment mon\u00e9tiser du contenu avec Coinsnap Bitcoin Paywall<\/span><\/h3>\n[\/vc_column_text][vc_empty_space height=\u00a0\u00bb70px\u00a0\u00bb][\/vc_column][\/vc_row][vc_row][vc_column][vc_empty_space height=\u00a0\u00bb30px\u00a0\u00bb][vc_row_inner][vc_column_inner width=\u00a0\u00bb3\/4&Prime;][vc_column_text css=\u00a0\u00bb\u00a0\u00bb]\n<h3>Les d\u00e9fis de la mon\u00e9tisation pour les producteurs de vid\u00e9os et les influenceurs<\/h3>\n<p>De nombreux influenceurs et producteurs de vid\u00e9os se tournent vers des plateformes telles que YouTube, Instagram ou TikTok pour g\u00e9n\u00e9rer de l&rsquo;audience. Mais ces plateformes n&rsquo;offrent que des options de mon\u00e9tisation limit\u00e9es qui pr\u00e9sentent des inconv\u00e9nients :<\/p>\n<h4>1. d\u00e9pendance aux algorithmes<\/h4>\n<p>Les revenus d\u00e9pendent fortement des algorithmes de la plateforme, qui peuvent \u00eatre modifi\u00e9s \u00e0 tout moment.<\/p>\n<h4>2. les revenus publicitaires sont limit\u00e9s<\/h4>\n<p>Les petites cha\u00eenes ou les contenus de niche, en particulier, ne g\u00e9n\u00e8rent souvent que de faibles revenus publicitaires, m\u00eame avec une forte fid\u00e9lisation de l&rsquo;audience.<\/p>\n<h4>3. la coop\u00e9ration externe est incertaine<\/h4>\n<p>Les placements de produits et les collaborations n\u00e9cessitent des n\u00e9gociations, souvent avec des revenus incertains et des d\u00e9pendances \u00e0 long terme.<\/p>\n<h4>4. les mod\u00e8les d&rsquo;abonnement sont complexes<\/h4>\n<p>Les mod\u00e8les d&rsquo;abonnement supposent que les spectateurs restent engag\u00e9s \u00e0 long terme, ce qui ne fonctionne pas pour tous les influenceurs ou producteurs de vid\u00e9os.<\/p>\n<p>Un mur de paiement Bitcoin cr\u00e9e ici une alternative qui permet des revenus directs et ind\u00e9pendants.[\/vc_column_text][\/vc_column_inner][vc_column_inner width=\u00a0\u00bb1\/4&Prime;][vc_column_text css=\u00a0\u00bb\u00a0\u00bb]\n\n[\/vc_column_text][\/vc_column_inner][\/vc_row_inner][vc_empty_space height=\u00a0\u00bb30px\u00a0\u00bb][vc_separator color=\u00a0\u00bbcustom\u00a0\u00bb css=\u00a0\u00bb\u00a0\u00bb accent_color=\u00a0\u00bb#6192C6&Prime;][vc_empty_space height=\u00a0\u00bb30px\u00a0\u00bb][vc_row_inner][vc_column_inner width=\u00a0\u00bb2\/3&Prime;][vc_column_text css=\u00a0\u00bb\u00a0\u00bb]\n<h3>Qu&rsquo;est-ce que le mur de paiement Bitcoin de Coinsnap ?<\/h3>\n<p>Le Coinsnap Bitcoin Payment Wall est une barri\u00e8re de paiement num\u00e9rique qui permet aux producteurs de vid\u00e9os et aux influenceurs de partager leur contenu en \u00e9change d&rsquo;un paiement en bitcoins. Cela peut se faire via une option de paiement \u00e0 la s\u00e9ance, un d\u00e9blocage de contenu exclusif ou un syst\u00e8me de paiement unique.<\/p>\n<p>Le paiement est effectu\u00e9 via le r\u00e9seau Bitcoin Lightning, une solution sp\u00e9cialement con\u00e7ue pour des transactions rapides et peu co\u00fbteuses.[\/vc_column_text][\/vc_column_inner][vc_column_inner width=\u00a0\u00bb1\/3&Prime;][vc_single_image image=\u00a0\u00bb41&Prime; img_size=\u00a0\u00bbfull\u00a0\u00bb css=\u00a0\u00bb\u00a0\u00bb][\/vc_column_inner][\/vc_row_inner][vc_empty_space height=\u00a0\u00bb30px\u00a0\u00bb][vc_separator color=\u00a0\u00bbcustom\u00a0\u00bb css=\u00a0\u00bb\u00a0\u00bb accent_color=\u00a0\u00bb#6192C6&Prime;][vc_empty_space height=\u00a0\u00bb30px\u00a0\u00bb][vc_column_text css=\u00a0\u00bb\u00a0\u00bb]\n<h3>Pourquoi un mur de paiement Bitcoin est-il id\u00e9al pour les producteurs de vid\u00e9os et les influenceurs ?<\/h3>\n<h4>1. mon\u00e9tisation directe sans frais de plateforme<\/h4>\n<p>Les plateformes comme YouTube ou Patreon conservent une part importante des revenus. Avec un Bitcoin Payment Wall, vous pouvez distribuer votre contenu de mani\u00e8re ind\u00e9pendante et conserver l&rsquo;int\u00e9gralit\u00e9 du montant &#8211; moins des frais de r\u00e9seau Bitcoin minimes.<\/p>\n<h4>2. microtransactions pour le contenu mineur<\/h4>\n<p>Le r\u00e9seau Bitcoin Lightning permet d&rsquo;accepter les plus petites sommes (microtransactions). Les spectateurs peuvent payer quelques centimes pour de courtes vid\u00e9os ou des clips exclusifs, ce qui n&rsquo;\u00e9tait gu\u00e8re possible auparavant d&rsquo;un point de vue \u00e9conomique.<\/p>\n<h4>3. s&rsquo;adresser \u00e0 un public global<\/h4>\n<p>Bitcoin est une monnaie universelle. Quel que soit l&rsquo;endroit o\u00f9 se trouve votre public, il peut facilement d\u00e9bloquer votre contenu, sans conversion de devises ni frais de transaction internationaux co\u00fbteux.<\/p>\n<h4>4. pas de rejets de d\u00e9bit ou de d\u00e9fauts de paiement<\/h4>\n<p>Contrairement aux paiements par carte de cr\u00e9dit, qui sont sujets \u00e0 des rejets de d\u00e9bit (chargebacks), les paiements en bitcoins sont d\u00e9finitifs et s\u00fbrs. Vous n&rsquo;avez pas \u00e0 vous soucier de perdre des revenus.<\/p>\n<h4>5. flexibilit\u00e9 et libert\u00e9 de cr\u00e9ation<\/h4>\n<p>Vous d\u00e9cidez de la mani\u00e8re dont vous mon\u00e9tisez votre contenu :<\/p>\n<p>&#8211; Paiement unique pour des vid\u00e9os ou des tutoriels exclusifs.<br \/>\n&#8211; Mod\u00e8les de paiement \u00e0 la s\u00e9ance pour des flux en direct ou des \u00e9v\u00e9nements sp\u00e9cifiques.<br \/>\n&#8211; Acc\u00e8s \u00e0 une communaut\u00e9 ferm\u00e9e dans laquelle les membres peuvent payer pour le contenu.<\/p>\n<h4>6. protection des donn\u00e9es et anonymat des utilisateurs<\/h4>\n<p>De nombreux t\u00e9l\u00e9spectateurs ne souhaitent pas divulguer de donn\u00e9es de paiement sensibles. Les paiements en bitcoins sont anonymes et prot\u00e8gent la vie priv\u00e9e des utilisateurs, ce qui augmente la confiance et la volont\u00e9 de payer.<\/p>\n<h4>7. paiement rapide<\/h4>\n<p>Avec un mur de paiement Bitcoin, vous recevez vos revenus en temps r\u00e9el, sans les longs d\u00e9lais d&rsquo;attente des plateformes traditionnelles.[\/vc_column_text][vc_empty_space height=\u00a0\u00bb30px\u00a0\u00bb][vc_separator color=\u00a0\u00bbcustom\u00a0\u00bb css=\u00a0\u00bb\u00a0\u00bb accent_color=\u00a0\u00bb#6192C6&Prime;][vc_empty_space height=\u00a0\u00bb30px\u00a0\u00bb][vc_column_text css=\u00a0\u00bb\u00a0\u00bb]\n<h3>Exemples d&rsquo;applications pour les influenceurs et les producteurs de vid\u00e9os<\/h3>\n<h4>1. des tutoriels et des ateliers exclusifs<\/h4>\n<p>Un influenceur de fitness propose des vid\u00e9os d&rsquo;entra\u00eenement d\u00e9taill\u00e9es ou des plans de nutrition derri\u00e8re un mur de paiement Bitcoin. Les spectateurs peuvent d\u00e9bloquer le contenu en \u00e9change d&rsquo;un petit paiement, par exemple 5.000 satoshis (environ 1,50 $).<\/p>\n<h4>2. flux live premium<\/h4>\n<p>Un gaming streamer organise un \u00e9v\u00e9nement exclusif en direct pour ses fans. L&rsquo;acc\u00e8s est disponible pour 10 000 satoshis (environ 3 $). Une fois le paiement effectu\u00e9, les participants re\u00e7oivent le code d&rsquo;acc\u00e8s au streaming.<\/p>\n<h4>3. acc\u00e8s anticip\u00e9 et contenu exclusif<\/h4>\n<p>Un producteur de vid\u00e9os qui cr\u00e9e r\u00e9guli\u00e8rement des documentaires donne aux utilisateurs payants un acc\u00e8s anticip\u00e9 exclusif \u00e0 de nouveaux contenus avant leur publication, via le Bitcoin Payment Wall.<\/p>\n<h4>4. paiement \u00e0 la s\u00e9ance pour les \u00e9v\u00e9nements sp\u00e9ciaux<\/h4>\n<p>Un influenceur qui accueille un groupe de discussion sp\u00e9cial ou un chat d&rsquo;experts peut placer cet \u00e9v\u00e9nement derri\u00e8re un mur de paiement Bitcoin. Les spectateurs paient une petite somme pour participer.[\/vc_column_text][vc_empty_space height=\u00a0\u00bb30px\u00a0\u00bb][vc_separator color=\u00a0\u00bbcustom\u00a0\u00bb css=\u00a0\u00bb\u00a0\u00bb accent_color=\u00a0\u00bb#6192C6&Prime;][vc_empty_space height=\u00a0\u00bb30px\u00a0\u00bb][vc_column_text css=\u00a0\u00bb\u00a0\u00bb]\n<h3>Pourquoi le bitcoin est l&rsquo;avenir de la mon\u00e9tisation pour les influenceurs et les producteurs de vid\u00e9os<\/h3>\n<p>Bitcoin et le r\u00e9seau Lightning offrent un moyen r\u00e9volutionnaire de mon\u00e9tiser directement le contenu. Sans d\u00e9pendance vis-\u00e0-vis des plateformes, sans frais \u00e9lev\u00e9s et avec la flexibilit\u00e9 de proposer des contenus de petite ou de grande taille \u00e0 des prix diff\u00e9rents, le Bitcoin Payment Wall devient l&rsquo;outil id\u00e9al pour les cr\u00e9atifs.<\/p>\n<p>Elle permet aux influenceurs et aux producteurs de vid\u00e9os d&rsquo;\u00eatre r\u00e9mun\u00e9r\u00e9s de mani\u00e8re ind\u00e9pendante et \u00e9quitable pour leur travail, tout en s&rsquo;adressant \u00e0 un public mondial et technophile.<\/p>\n<p>L&rsquo;avenir appartient \u00e0 ceux qui ne se contentent pas de cr\u00e9er leur contenu, mais qui le mon\u00e9tisent de mani\u00e8re innovante &#8211; avec un mur de paiement Bitcoin, c&rsquo;est d\u00e9sormais plus facile que jamais.[\/vc_column_text][vc_empty_space height=\u00a0\u00bb30px\u00a0\u00bb][vc_column_text css=\u00a0\u00bb\u00a0\u00bb]\n<p style=\"text-align: center;\"><a href=\"https:\/\/github.com\/Coinsnap\/Bitcoin-Paywall\" class=\"hb-button special-icon hb-orange hb-large-button\" target=\"_blank\" style=\"-webkit-border-radius: 2px;-moz-border-radius: 2px;border-radius: 2px;\"><i class=\"icon-download-alt\"><\/i>t\u00e9l\u00e9charger maintenant !<\/a>\n[\/vc_column_text][vc_empty_space height=\u00a0\u00bb30px\u00a0\u00bb][\/vc_column][\/vc_row]\n<\/div>","protected":false},"excerpt":{"rendered":"<p>[vc_row fullwidth=\u00a0\u00bbyes\u00a0\u00bb background_color=\u00a0\u00bb#6192C6&Prime; css=\u00a0\u00bb.vc_custom_1732623135531{margin-top: -50px !important;}\u00a0\u00bb][vc_column][vc_empty_space height=\u00a0\u00bb70px\u00a0\u00bb][vc_column_text css=\u00a0\u00bb\u00a0\u00bb] Les bonnes raisons de cr\u00e9er un paywall Bitcoin [\/vc_column_text][vc_single_image image=\u00a0\u00bb33&Prime; img_size=\u00a0\u00bbfull\u00a0\u00bb alignment=\u00a0\u00bbcenter\u00a0\u00bb [&hellip;]<\/p>\n","protected":false},"author":1,"featured_media":0,"parent":0,"menu_order":0,"comment_status":"closed","ping_status":"closed","template":"","meta":{"footnotes":""},"class_list":["post-845","page","type-page","status-publish","hentry"],"_links":{"self":[{"href":"https:\/\/btcpaywall.com\/fr\/wp-json\/wp\/v2\/pages\/845","targetHints":{"allow":["GET"]}}],"collection":[{"href":"https:\/\/btcpaywall.com\/fr\/wp-json\/wp\/v2\/pages"}],"about":[{"href":"https:\/\/btcpaywall.com\/fr\/wp-json\/wp\/v2\/types\/page"}],"author":[{"embeddable":true,"href":"https:\/\/btcpaywall.com\/fr\/wp-json\/wp\/v2\/users\/1"}],"replies":[{"embeddable":true,"href":"https:\/\/btcpaywall.com\/fr\/wp-json\/wp\/v2\/comments?post=845"}],"version-history":[{"count":8,"href":"https:\/\/btcpaywall.com\/fr\/wp-json\/wp\/v2\/pages\/845\/revisions"}],"predecessor-version":[{"id":1013,"href":"https:\/\/btcpaywall.com\/fr\/wp-json\/wp\/v2\/pages\/845\/revisions\/1013"}],"wp:attachment":[{"href":"https:\/\/btcpaywall.com\/fr\/wp-json\/wp\/v2\/media?parent=845"}],"curies":[{"name":"wp","href":"https:\/\/api.w.org\/{rel}","templated":true}]}}