{"id":2250,"date":"2024-11-22T13:39:12","date_gmt":"2024-11-22T13:39:12","guid":{"rendered":"https:\/\/btcpaywall.com\/home-2\/"},"modified":"2025-12-13T13:25:39","modified_gmt":"2025-12-13T13:25:39","slug":"home-2","status":"publish","type":"page","link":"https:\/\/btcpaywall.com\/nl\/","title":{"rendered":"HOME"},"content":{"rendered":"<div class=\"wpb-content-wrapper\">[vc_row full_width=&#8221;stretch_row&#8221; fullwidth=&#8221;yes&#8221; css=&#8221;.vc_custom_1732456449457{margin-top: -50px !important;}&#8221; background_color=&#8221;#6393C7&#8243;][vc_column][vc_empty_space height=&#8221;70px&#8221;][vc_column_text css=&#8221;&#8221;]\n<h1 style=\"text-align: center;\"><span style=\"color: #ffffff;\"><strong>Verdien uw WordPress-inhoud met Bitcoin Lightning<\/strong><\/span><\/h1>\n[\/vc_column_text][vc_single_image image=&#8221;296&#8243; img_size=&#8221;full&#8221; alignment=&#8221;center&#8221; css=&#8221;.vc_custom_1732456342416{padding-top: -20px !important;}&#8221;][vc_column_text css=&#8221;&#8221;]\n<h2 style=\"text-align: center;\" data-start=\"530\" data-end=\"594\"><span style=\"color: #ffffff;\"><strong data-start=\"533\" data-end=\"594\">De WordPress Bitcoin Paywall voor betaalde inhoud per artikel<\/strong><\/span><\/h2>\n[\/vc_column_text][vc_empty_space height=&#8221;70px&#8221;][\/vc_column][\/vc_row][vc_row][vc_column][vc_column_text css=&#8221;&#8221;]De Coinsnap WordPress Bitcoin Paywall is de gemakkelijkste en snelste plugin voor het betalen per artikel en betalen per post.<br \/>\nLezers betalen met Bitcoin Lightning &#8211; en ontgrendelen afzonderlijke berichten onmiddellijk.<\/p>\n<p style=\"text-align: left;\" data-start=\"595\" data-end=\"677\">Verzilver uw blogberichten met Lightning-betalingen &#8211; snel, onvoorwaardelijk, wereldwijd<\/p>\n<p>Gratis. Eenvoudig. Geen accounts nodig.[\/vc_column_text][vc_row_inner][vc_column_inner width=&#8221;1\/2&#8243;][vc_btn title=&#8221;Bekijk live demo&#8221; color=&#8221;warning&#8221; align=&#8221;center&#8221; css=&#8221;&#8221; link=&#8221;url:https%3A%2F%2Fbtcpaywall.com%2Fpay-per-article-demo%2F|title:Pay-per-artikel%20demo|&#8221;][\/vc_column_inner][vc_column_inner width=&#8221;1\/2&#8243;][vc_btn title=&#8221;Gratis downloaden&#8221; color=&#8221;warning&#8221; align=&#8221;center&#8221; css=&#8221;&#8221; link=&#8221;url:https%3A%2F%2Fbtcpaywall.com%2Fnl%2Fdownload-coinsnap-wordpress-bitcoin-paywall%2F|title:Plugin%20gratis%20downloaden|&#8221;][\/vc_column_inner][\/vc_row_inner][vc_empty_space height=&#8221;70px&#8221;][\/vc_column][\/vc_row][vc_row full_width=&#8221;stretch_row&#8221; fullwidth=&#8221;yes&#8221; css=&#8221;.vc_custom_1732460566869{margin-top: -50px !important;}&#8221; background_color=&#8221;#F7A611&#8243;][vc_column][vc_empty_space height=&#8221;70px&#8221;][vc_column_text css=&#8221;&#8221;]\n<h2 style=\"text-align: center;\"><strong><span style=\"color: #ffffff;\">Wat is de Coinsnap Bitcoin Paywall?<\/span><\/strong><\/h2>\n[\/vc_column_text][vc_single_image image=&#8221;1246&#8243; img_size=&#8221;full&#8221; alignment=&#8221;center&#8221; css=&#8221;&#8221;][vc_empty_space height=&#8221;70px&#8221;][\/vc_column][\/vc_row][vc_row][vc_column][vc_empty_space height=&#8221;70px&#8221;][vc_row_inner][vc_column_inner width=&#8221;1\/2&#8243;][vc_column_text css=&#8221;&#8221;]\n<p data-start=\"992\" data-end=\"1166\">De <strong data-start=\"959\" data-end=\"987\">Coinsnap Bitcoin Paywall<\/strong> is een gratis WordPress plugin waarmee je individuele berichten of geselecteerde inhoudsblokken kunt vergrendelen achter een <strong data-start=\"1087\" data-end=\"1124\">Bitcoin Lightning Pay-Per-Article<\/strong> betaling.<\/p>\n[\/vc_column_text][vc_column_text css=&#8221;.vc_custom_1764064054458{margin-left: 50px !important;}&#8221;]\ud83d\udd38 <strong data-start=\"1138\" data-end=\"1157\">Pay-Per-Article<\/strong> &#8211; lezers betalen per bericht<br data-start=\"1180\" data-end=\"1183\">\ud83d\udd38 <strong data-start=\"1186\" data-end=\"1202\">Pay-Per-Post<\/strong> &#8211; ideaal voor blogs, tijdschriften &amp; tutorials<br data-start=\"1243\" data-end=\"1246\">\ud83d\udd38 <strong data-start=\"1249\" data-end=\"1271\">Lightning Payments<\/strong> &#8211; supersnel en perfect voor microbetalingen[\/vc_column_text][\/vc_column_inner][vc_column_inner width=&#8221;1\/2&#8243;][vc_single_image image=&#8221;2111&#8243; img_size=&#8221;full&#8221; alignment=&#8221;center&#8221; onclick=&#8221;custom_link&#8221; css=&#8221;&#8221; link=&#8221;https:\/\/wordpress.org\/plugins\/coinsnap-paywall\/&#8221;][\/vc_column_inner][\/vc_row_inner][vc_column_text css=&#8221;&#8221;]Zodra de betaling is voltooid, wordt de inhoud automatisch ontgrendeld &#8211; geen accounts, geen abonnementen, geen wrijving.[\/vc_column_text][vc_empty_space height=&#8221;50px&#8221;][\/vc_column][\/vc_row][vc_row full_width=&#8221;stretch_row&#8221; fullwidth=&#8221;yes&#8221; css=&#8221;.vc_custom_1732460566869{margin-top: -50px !important;}&#8221; background_color=&#8221;#F7A611&#8243;][vc_column][vc_empty_space height=&#8221;70px&#8221;][vc_column_text css=&#8221;&#8221;]\n<h2 style=\"text-align: center;\"><strong><span style=\"color: #ffffff;\">Waarom betalen per artikel?<\/span><\/strong><\/h2>\n[\/vc_column_text][vc_single_image image=&#8221;1121&#8243; img_size=&#8221;full&#8221; alignment=&#8221;center&#8221; css=&#8221;&#8221;][vc_empty_space height=&#8221;70px&#8221;][\/vc_column][\/vc_row][vc_row][vc_column][vc_empty_space height=&#8221;70px&#8221;][vc_column_text css=&#8221;&#8221;]\n<h3 data-start=\"1461\" data-end=\"1504\">1. Sats verdienen met individuele berichten<\/h3>\n<p data-start=\"1505\" data-end=\"1572\">Verdien artikelen, expertinzichten, tutorials en premium content.<\/p>\n<h3 data-start=\"1574\" data-end=\"1610\">2. Geen abonnement nodig<\/h3>\n<p data-start=\"1611\" data-end=\"1657\">Lezers betalen alleen voor wat ze willen zien.<\/p>\n[\/vc_column_text][vc_column_text css=&#8221;&#8221;]\n<h3 data-start=\"1659\" data-end=\"1702\">3. Lightning-snelle Bitcoin-betalingen<\/h3>\n<p data-start=\"1703\" data-end=\"1760\">Geoptimaliseerd voor Bitcoin microbetalingen: snel, goedkoop, wereldwijd.<\/p>\n<h3 data-start=\"1762\" data-end=\"1800\">4. 100% Niet-vrijwillige uitbetalingen<\/h3>\n[\/vc_column_text][vc_column_text css=&#8221;.vc_custom_1764064356653{margin-left: 50px !important;}&#8221;]\n<ul data-start=\"1801\" data-end=\"1920\">\n<li data-start=\"1801\" data-end=\"1857\">\n<p data-start=\"1803\" data-end=\"1857\">Lightning \u2192 rechtstreeks betaald aan <em data-start=\"1832\" data-end=\"1838\">je<\/em> Lightning-portemonnee<\/p>\n<\/li>\n<li data-start=\"1858\" data-end=\"1920\">\n<p data-start=\"1860\" data-end=\"1920\">On-Chain \u2192 rechtstreeks betaald aan <em data-start=\"1888\" data-end=\"1894\">uw<\/em> Bitcoin portemonnee via xPub<\/p>\n<\/li>\n<\/ul>\n[\/vc_column_text][vc_column_text css=&#8221;&#8221;]\n<p data-start=\"1922\" data-end=\"1993\">Coinsnap houdt nooit handelaarsfondsen vast &#8211; BTCPay Server is volledig soeverein.<\/p>\n<h3 data-start=\"1995\" data-end=\"2033\">5. Eenvoudige integratie met WordPress<\/h3>\n<p data-start=\"2034\" data-end=\"2094\">Werkt met elk WordPress-thema dat Gutenberg of shortcode gebruikt.<\/p>\n<h3 data-start=\"2096\" data-end=\"2134\">6. Privacyvriendelijk door ontwerp<\/h3>\n<p data-start=\"2135\" data-end=\"2266\">Gebruikt een enkele <em data-start=\"2149\" data-end=\"2172\">technisch noodzakelijke<\/em> cookie zodat terugkerende gebruikers toegang houden.<br data-start=\"2211\" data-end=\"2214\">Geen tracking cookies. Geen analyses. Geen persoonlijke gegevens.  <\/p>\n[\/vc_column_text][vc_empty_space height=&#8221;70px&#8221;][\/vc_column][\/vc_row][vc_row full_width=&#8221;stretch_row&#8221; fullwidth=&#8221;yes&#8221; css=&#8221;.vc_custom_1732460566869{margin-top: -50px !important;}&#8221; background_color=&#8221;#F7A611&#8243;][vc_column][vc_empty_space height=&#8221;70px&#8221;][vc_column_text css=&#8221;&#8221;]\n<h2 style=\"text-align: center;\"><strong><span style=\"color: #ffffff;\">Hoe het werkt<\/span><\/strong><\/h2>\n[\/vc_column_text][vc_single_image image=&#8221;1139&#8243; img_size=&#8221;full&#8221; alignment=&#8221;center&#8221; css=&#8221;&#8221;][vc_empty_space height=&#8221;50px&#8221;][\/vc_column][\/vc_row][vc_row][vc_column][vc_empty_space height=&#8221;50px&#8221;][vc_column_text css=&#8221;&#8221;]\n<h3 data-start=\"2293\" data-end=\"2328\">1. Installeer de gratis plugin<\/h3>\n<p data-start=\"2329\" data-end=\"2367\">Beschikbaar op WordPress.org en GitHub.<\/p>\n<h3 data-start=\"2369\" data-end=\"2408\">2. Kies uw betalingsgateway<\/h3>\n[\/vc_column_text][vc_column_text css=&#8221;.vc_custom_1764064458596{margin-left: 50px !important;}&#8221;]\n<p data-start=\"1803\" data-end=\"1857\">\u2714 <strong data-start=\"2411\" data-end=\"2423\">Coinsnap<\/strong> (niet-autonome Lightning &amp; Bitcoin, geen node nodig)<br data-start=\"2475\" data-end=\"2478\">\u2714 <strong data-start=\"2480\" data-end=\"2497\">BTCPay Server<\/strong> (zelf gehost, volledige Bitcoin-soevereiniteit)<\/p>\n[\/vc_column_text][vc_column_text css=&#8221;&#8221;]\n<h3 data-start=\"2539\" data-end=\"2571\">3. Bescherm uw inhoud<\/h3>\n<p data-start=\"2572\" data-end=\"2637\">Voeg het Paywall-blok toe aan het bericht of verpak de inhoud in een shortcode.<\/p>\n<h3 data-start=\"2639\" data-end=\"2662\">4. Stel een prijs in<\/h3>\n<p data-start=\"2663\" data-end=\"2697\">Bepaal je prijs in sats of fiat.<\/p>\n<h3 data-start=\"2699\" data-end=\"2745\">5. Lightning Betaling \u2192 Directe Ontgrendeling<\/h3>\n<p data-start=\"2746\" data-end=\"2805\">Na de Lightning-betaling wordt het volledige bericht zichtbaar.<\/p>\n[\/vc_column_text][vc_btn title=&#8221;Bekijk live demo&#8221; color=&#8221;warning&#8221; align=&#8221;center&#8221; css=&#8221;&#8221; link=&#8221;url:https%3A%2F%2Fbtcpaywall.com%2Fpay-per-article-demo%2F|title:Pay-per-artikel%20demo|&#8221;][vc_empty_space height=&#8221;70px&#8221;][\/vc_column][\/vc_row][vc_row full_width=&#8221;stretch_row&#8221; fullwidth=&#8221;yes&#8221; css=&#8221;.vc_custom_1732460566869{margin-top: -50px !important;}&#8221; background_color=&#8221;#F7A611&#8243;][vc_column][vc_empty_space height=&#8221;70px&#8221;][vc_column_text css=&#8221;&#8221;]\n<h2 style=\"text-align: center;\"><strong><span style=\"color: #ffffff;\">Belangrijkste kenmerken<\/span><\/strong><\/h2>\n[\/vc_column_text][vc_single_image image=&#8221;1151&#8243; img_size=&#8221;full&#8221; alignment=&#8221;center&#8221; css=&#8221;&#8221;][vc_empty_space height=&#8221;50px&#8221;][\/vc_column][\/vc_row][vc_row][vc_column][vc_empty_space height=&#8221;50px&#8221;][vc_column_text css=&#8221;.vc_custom_1764082758980{margin-left: 50px !important;}&#8221;]\n<p data-start=\"2866\" data-end=\"2917\">\u2714 Pay-Per-Article \/ Pay-Per-Post Monetization<\/p>\n<p data-start=\"2920\" data-end=\"2954\">Bitcoin Lightning-betalingen<\/p>\n<p data-start=\"2957\" data-end=\"2998\">Ondersteuning voor Bitcoin op de ketting via xPub<\/p>\n<p data-start=\"3001\" data-end=\"3036\">\u2714 Volledig onvrijwillige uitbetalingen<\/p>\n<p data-start=\"3039\" data-end=\"3082\">Compatibel met BTCPay Server &amp; Coinsnap<\/p>\n<p data-start=\"3085\" data-end=\"3120\">Gutenberg Blok + Kortcode<\/p>\n<p data-start=\"3123\" data-end=\"3170\">\u2714 Alleen \u00e9\u00e9n essenti\u00eble cookie (geen tracking)<\/p>\n<p data-start=\"3173\" data-end=\"3207\">100% Gratis WordPress Plugin<\/p>\n<p data-start=\"3210\" data-end=\"3232\">\u2714 Installatie in enkele minuten<\/p>\n[\/vc_column_text][vc_empty_space height=&#8221;50px&#8221;][\/vc_column][\/vc_row][vc_row full_width=&#8221;stretch_row&#8221; fullwidth=&#8221;yes&#8221; css=&#8221;.vc_custom_1732460566869{margin-top: -50px !important;}&#8221; background_color=&#8221;#F7A611&#8243;][vc_column][vc_empty_space height=&#8221;70px&#8221;][vc_column_text css=&#8221;&#8221;]\n<h2 style=\"text-align: center;\"><strong><span style=\"color: #ffffff;\">Compatibel met BTCPay Server &amp; Coinsnap<\/span><\/strong><\/h2>\n[\/vc_column_text][vc_single_image image=&#8221;1196&#8243; img_size=&#8221;full&#8221; alignment=&#8221;center&#8221; css=&#8221;&#8221;][vc_empty_space height=&#8221;50px&#8221;][\/vc_column][\/vc_row][vc_row][vc_column][vc_empty_space height=&#8221;50px&#8221;][vc_column_text css=&#8221;&#8221;]\n<h3>BTCPay server<\/h3>\n[\/vc_column_text][vc_row_inner][vc_column_inner width=&#8221;1\/2&#8243;][vc_column_text css=&#8221;.vc_custom_1764064646455{margin-left: 50px !important;}&#8221;]\n<ul>\n<li data-start=\"3332\" data-end=\"3365\">Zelf gehoste Bitcoin &amp; Lightning<\/li>\n<li data-start=\"3368\" data-end=\"3390\">Jouw knooppunt, jouw sleutels<\/li>\n<li data-start=\"3393\" data-end=\"3426\">Maximale soevereiniteit en privacy<\/li>\n<\/ul>\n[\/vc_column_text][\/vc_column_inner][vc_column_inner width=&#8221;1\/2&#8243;][vc_single_image image=&#8221;1184&#8243; img_size=&#8221;medium&#8221; alignment=&#8221;center&#8221; onclick=&#8221;custom_link&#8221; img_link_target=&#8221;_blank&#8221; css=&#8221;&#8221; link=&#8221;https:\/\/btcpayserver.org&#8221;][\/vc_column_inner][\/vc_row_inner][vc_column_text css=&#8221;&#8221;]Perfect voor ontwikkelaars en technische gebruikers.[\/vc_column_text][\/vc_column][\/vc_row][vc_row][vc_column][vc_column_text css=&#8221;&#8221;]\n<h3>Coinsnap<\/h3>\n[\/vc_column_text][vc_row_inner][vc_column_inner width=&#8221;1\/2&#8243;][vc_column_text css=&#8221;.vc_custom_1764064743090{margin-left: 50px !important;}&#8221;]\n<ul>\n<li data-start=\"3545\" data-end=\"3601\">Lightning-betalingen \u2192 rechtstreeks naar je Lightning-portemonnee<\/li>\n<li data-start=\"3604\" data-end=\"3657\">Bitcoin on-chain \u2192 rechtstreeks naar uw portemonnee via xPub<\/li>\n<li data-start=\"3660\" data-end=\"3682\">Geen eigen node nodig<\/li>\n<li data-start=\"3685\" data-end=\"3750\">Eenvoudige installatie voor ontwerpers, bloggers, tijdschriften en kleine bedrijven<\/li>\n<\/ul>\n[\/vc_column_text][\/vc_column_inner][vc_column_inner width=&#8221;1\/2&#8243;][vc_single_image image=&#8221;1173&#8243; img_size=&#8221;medium&#8221; alignment=&#8221;center&#8221; onclick=&#8221;custom_link&#8221; img_link_target=&#8221;_blank&#8221; css=&#8221;&#8221; link=&#8221;https:\/\/coinsnap.io&#8221;][\/vc_column_inner][\/vc_row_inner][vc_column_text css=&#8221;&#8221;]Coinsnap slaat nooit Bitcoin op &#8211; alle uitbetalingen gaan rechtstreeks naar de verkoper.[\/vc_column_text][vc_empty_space height=&#8221;50px&#8221;][\/vc_column][\/vc_row][vc_row full_width=&#8221;stretch_row&#8221; fullwidth=&#8221;yes&#8221; css=&#8221;.vc_custom_1732460566869{margin-top: -50px !important;}&#8221; background_color=&#8221;#F7A611&#8243;][vc_column][vc_empty_space height=&#8221;70px&#8221;][vc_column_text css=&#8221;&#8221;]\n<h2 style=\"text-align: center;\"><span style=\"color: #ffffff;\"><strong>Probeer de Pay-Per-Article Demo<\/strong><\/span><\/h2>\n[\/vc_column_text][vc_single_image image=&#8221;1208&#8243; img_size=&#8221;full&#8221; alignment=&#8221;center&#8221; css=&#8221;&#8221;][vc_empty_space height=&#8221;50px&#8221;][\/vc_column][\/vc_row][vc_row][vc_column][vc_empty_space height=&#8221;50px&#8221;][vc_column_text css=&#8221;&#8221;]Zie precies wat je lezers zullen ervaren.<br data-start=\"3913\" data-end=\"3916\">Test de Lightning Paywall in realtime.[\/vc_column_text][vc_btn title=&#8221;Bekijk live demo&#8221; color=&#8221;warning&#8221; align=&#8221;center&#8221; css=&#8221;&#8221; link=&#8221;url:https%3A%2F%2Fbtcpaywall.com%2Fpay-per-article-demo%2F|title:Pay-per-artikel%20demo|&#8221;][vc_empty_space height=&#8221;50px&#8221;][\/vc_column][\/vc_row][vc_row full_width=&#8221;stretch_row&#8221; fullwidth=&#8221;yes&#8221; css=&#8221;.vc_custom_1732460566869{margin-top: -50px !important;}&#8221; background_color=&#8221;#F7A611&#8243;][vc_column][vc_empty_space height=&#8221;70px&#8221;][vc_column_text css=&#8221;&#8221;]\n<h2 style=\"text-align: center;\"><span style=\"color: #ffffff;\"><strong>De plug-in downloaden<\/strong><\/span><\/h2>\n[\/vc_column_text][vc_single_image image=&#8221;1220&#8243; img_size=&#8221;full&#8221; alignment=&#8221;center&#8221; css=&#8221;&#8221;][vc_empty_space height=&#8221;50px&#8221;][\/vc_column][\/vc_row][vc_row][vc_column][vc_empty_space height=&#8221;50px&#8221;][vc_column_text css=&#8221;&#8221;]De Bitcoin Paywall Plugin is <strong data-start=\"4046\" data-end=\"4065\">volledig gratis<\/strong> en open-source.[\/vc_column_text][vc_column_text css=&#8221;.vc_custom_1764065216710{margin-left: 50px !important;}&#8221;]\ud83d\udd17 <strong data-start=\"4087\" data-end=\"4117\">WordPress Plugin Directory<\/strong> &#8211; stabiele releases<br data-start=\"4135\" data-end=\"4138\">\ud83d\udd17 <strong data-start=\"4141\" data-end=\"4162\">GitHub Repository<\/strong> &#8211; ontwikkeling en vroege releases[\/vc_column_text][vc_row_inner][vc_column_inner width=&#8221;1\/2&#8243;][vc_btn title=&#8221;Downloaden op WordPress.org&#8221; color=&#8221;warning&#8221; align=&#8221;center&#8221; css=&#8221;&#8221; link=&#8221;url:https%3A%2F%2Fwordpress.org%2Fplugins%2Fcoinsnap-paywall%2F|title:WordPress%20Bitcoin%20betaalmuur|target:_blank|&#8221;][\/vc_column_inner][vc_column_inner width=&#8221;1\/2&#8243;][vc_btn title=&#8221;Bekijk op GitHub&#8221; color=&#8221;warning&#8221; align=&#8221;center&#8221; css=&#8221;&#8221; link=&#8221;url:https%3A%2F%2Fgithub.com%2FCoinsnap%2FCoinsnap-Paywall|title:Bitcoin%20betaalmuur%20GitHub|target:_blank|&#8221;][\/vc_column_inner][\/vc_row_inner][vc_empty_space height=&#8221;50px&#8221;][\/vc_column][\/vc_row][vc_row full_width=&#8221;stretch_row&#8221; fullwidth=&#8221;yes&#8221; css=&#8221;.vc_custom_1732460566869{margin-top: -50px !important;}&#8221; background_color=&#8221;#F7A611&#8243;][vc_column][vc_empty_space height=&#8221;70px&#8221;][vc_column_text css=&#8221;&#8221;]\n<h2 style=\"text-align: center;\"><span style=\"color: #ffffff;\"><strong>Blog: Meer informatie over Pay-Per-Use &amp; Bitcoin Paywalls<\/strong><\/span><\/h2>\n[\/vc_column_text][vc_single_image image=&#8221;1232&#8243; img_size=&#8221;full&#8221; alignment=&#8221;center&#8221; css=&#8221;&#8221;][vc_empty_space height=&#8221;50px&#8221;][\/vc_column][\/vc_row][vc_row][vc_column][vc_column_text css=&#8221;&#8221;]\n<p data-start=\"4317\" data-end=\"4442\">Ontdek tutorials, artikelen en inzichten over Bitcoin Paywalls, Lightning microbetalingen en Pay-Per-Article monetization.<\/p>\n[\/vc_column_text][vc_btn title=&#8221;Bezoek Blog&#8221; color=&#8221;warning&#8221; align=&#8221;center&#8221; css=&#8221;&#8221; link=&#8221;url:https%3A%2F%2Fbtcpaywall.com%2Fnl%2Fblog%2F|title:BTCPaywall%20Blog|&#8221;][\/vc_column][\/vc_row]\n<\/div>","protected":false},"excerpt":{"rendered":"<p>[vc_row full_width=&#8221;stretch_row&#8221; fullwidth=&#8221;yes&#8221; css=&#8221;.vc_custom_1732456449457{margin-top: -50px !important;}&#8221; background_color=&#8221;#6393C7&#8243;][vc_column][vc_empty_space height=&#8221;70px&#8221;][vc_column_text css=&#8221;&#8221;] Verdien uw WordPress-inhoud met Bitcoin Lightning [\/vc_column_text][vc_single_image image=&#8221;296&#8243; img_size=&#8221;full&#8221; alignment=&#8221;center&#8221; css=&#8221;.vc_custom_1732456342416{padding-top: [&hellip;]<\/p>\n","protected":false},"author":1,"featured_media":1108,"parent":0,"menu_order":0,"comment_status":"closed","ping_status":"closed","template":"","meta":{"footnotes":""},"class_list":["post-2250","page","type-page","status-publish","has-post-thumbnail","hentry"],"_links":{"self":[{"href":"https:\/\/btcpaywall.com\/nl\/wp-json\/wp\/v2\/pages\/2250","targetHints":{"allow":["GET"]}}],"collection":[{"href":"https:\/\/btcpaywall.com\/nl\/wp-json\/wp\/v2\/pages"}],"about":[{"href":"https:\/\/btcpaywall.com\/nl\/wp-json\/wp\/v2\/types\/page"}],"author":[{"embeddable":true,"href":"https:\/\/btcpaywall.com\/nl\/wp-json\/wp\/v2\/users\/1"}],"replies":[{"embeddable":true,"href":"https:\/\/btcpaywall.com\/nl\/wp-json\/wp\/v2\/comments?post=2250"}],"version-history":[{"count":3,"href":"https:\/\/btcpaywall.com\/nl\/wp-json\/wp\/v2\/pages\/2250\/revisions"}],"predecessor-version":[{"id":2265,"href":"https:\/\/btcpaywall.com\/nl\/wp-json\/wp\/v2\/pages\/2250\/revisions\/2265"}],"wp:featuredmedia":[{"embeddable":true,"href":"https:\/\/btcpaywall.com\/nl\/wp-json\/wp\/v2\/media\/1108"}],"wp:attachment":[{"href":"https:\/\/btcpaywall.com\/nl\/wp-json\/wp\/v2\/media?parent=2250"}],"curies":[{"name":"wp","href":"https:\/\/api.w.org\/{rel}","templated":true}]}}