{"id":1613,"date":"2025-11-25T12:53:33","date_gmt":"2025-11-25T12:53:33","guid":{"rendered":"https:\/\/btcpaywall.com\/pobierz-coinsnap-wordpress-bitcoin-paywall\/"},"modified":"2025-12-13T13:31:07","modified_gmt":"2025-12-13T13:31:07","slug":"pobierz-coinsnap-wordpress-bitcoin-paywall","status":"publish","type":"page","link":"https:\/\/btcpaywall.com\/pl\/pobierz-coinsnap-wordpress-bitcoin-paywall\/","title":{"rendered":"Pobierz Coinsnap WordPress Bitcoin Paywall"},"content":{"rendered":"<div class=\"wpb-content-wrapper\">[vc_row full_width=&#8221;stretch_row&#8221; fullwidth=&#8221;yes&#8221; css=&#8221;.vc_custom_1732456449457{margin-top: -50px !important;}&#8221; background_color=&#8221;#6393C7&#8243;][vc_column][vc_empty_space height=&#8221;70px&#8221;][vc_column_text css=&#8221;&#8221;]\n<h1 style=\"text-align: center;\"><span style=\"color: #ffffff;\">Pobierz Coinsnap WordPress Bitcoin Paywall<\/span><\/h1>\n[\/vc_column_text][vc_single_image image=&#8221;259&#8243; img_size=&#8221;full&#8221; alignment=&#8221;center&#8221; css=&#8221;.vc_custom_1732456342416{padding-top: -20px !important;}&#8221;][vc_empty_space height=&#8221;70px&#8221;][\/vc_column][\/vc_row][vc_row][vc_column][vc_empty_space height=&#8221;70px&#8221;][vc_column_text css=&#8221;&#8221;]\n<p data-start=\"261\" data-end=\"436\"><strong data-start=\"265\" data-end=\"300\">Wtyczka Coinsnap Bitcoin Paywall<\/strong> jest ca\u0142kowicie darmowa i open-source.<br data-start=\"336\" data-end=\"339\">Mo\u017cna j\u0105 pobra\u0107 z oficjalnego <strong data-start=\"377\" data-end=\"407\">katalogu wtyczek WordPress<\/strong> lub bezpo\u015brednio z <strong data-start=\"425\" data-end=\"435\">GitHub<\/strong>.<\/p>\n<p data-start=\"438\" data-end=\"482\">Wybierz opcj\u0119, kt\u00f3ra najlepiej odpowiada Twoim potrzebom:<\/p>\n[\/vc_column_text][vc_column_text css=&#8221;&#8221;]\n<h2 data-start=\"489\" data-end=\"545\"><strong data-start=\"492\" data-end=\"543\">1. Pobierz z katalogu wtyczek WordPress<\/strong><\/h2>\n[\/vc_column_text][vc_row_inner][vc_column_inner width=&#8221;1\/2&#8243;][vc_column_text css=&#8221;&#8221;]\n<div class=\"markdown-heading\" dir=\"auto\">\n<p data-start=\"546\" data-end=\"574\"><em data-start=\"546\" data-end=\"574\">Zalecane dla wi\u0119kszo\u015bci u\u017cytkownik\u00f3w<\/em><\/p>\n<p data-start=\"576\" data-end=\"693\">Katalog wtyczek WordPress to najprostszy i najwygodniejszy spos\u00f3b na zainstalowanie wtyczki Coinsnap Bitcoin Paywall.<\/p>\n<p data-start=\"695\" data-end=\"810\">\u2714 Zawsze najnowsze stabilne wydanie<br data-start=\"729\" data-end=\"732\">\u2714 Instalacja jednym klikni\u0119ciem<br data-start=\"756\" data-end=\"759\">\u2714 Automatyczne aktualizacje<br data-start=\"778\" data-end=\"781\">\u2714 Zweryfikowane przez WordPress.org<\/p>\n<p data-start=\"812\" data-end=\"908\"><strong data-start=\"812\" data-end=\"908\">Idealny dla tw\u00f3rc\u00f3w, bloger\u00f3w i w\u0142a\u015bcicieli witryn, kt\u00f3rzy chc\u0105 bezproblemowej instalacji.<\/strong><\/p>\n<p data-start=\"910\" data-end=\"946\">\ud83d\udc49 <a href=\"https:\/\/wordpress.org\/plugins\/coinsnap-paywall\/\" target=\"_blank\" rel=\"noopener\" data-schema-attribute=\"\"><strong data-start=\"913\" data-end=\"946\">Pobierz z WordPress.org<\/strong><\/a><\/p>\n<\/div>\n[\/vc_column_text][\/vc_column_inner][vc_column_inner width=&#8221;1\/2&#8243;][vc_single_image image=&#8221;1729&#8243; img_size=&#8221;medium&#8221; alignment=&#8221;center&#8221; onclick=&#8221;custom_link&#8221; img_link_target=&#8221;_blank&#8221; css=&#8221;&#8221; link=&#8221;https:\/\/wordpress.org\/plugins\/coinsnap-paywall\/&#8221;][vc_column_text css=&#8221;&#8221;]Zainstaluj <a href=\"https:\/\/wordpress.org\/plugins\/coinsnap-paywall\/\" target=\"_blank\" rel=\"noopener\" data-schema-attribute=\"\">Coinsnap WordPress Bitcoin Paywall<\/a> z WordPress.org[\/vc_column_text][\/vc_column_inner][\/vc_row_inner][vc_column_text css=&#8221;&#8221;]\n<h2 data-start=\"953\" data-end=\"985\"><strong data-start=\"956\" data-end=\"983\">2. Pobierz z GitHub<\/strong><\/h2>\n[\/vc_column_text][vc_row_inner][vc_column_inner width=&#8221;1\/2&#8243;][vc_column_text css=&#8221;&#8221;]\n<div class=\"markdown-heading\" dir=\"auto\">\n<p data-start=\"986\" data-end=\"1026\"><em data-start=\"986\" data-end=\"1026\">Zalecane dla programist\u00f3w i tester\u00f3w<\/em><\/p>\n<p data-start=\"1028\" data-end=\"1181\">Je\u015bli wolisz sprawdzi\u0107 kod, przyczyni\u0107 si\u0119 do rozwoju lub pobra\u0107 wersje przedpremierowe, mo\u017cesz uzyska\u0107 dost\u0119p do pe\u0142nego repozytorium open source na GitHub.<\/p>\n<p data-start=\"1183\" data-end=\"1274\">\u2714 Dost\u0119p do kodu \u017ar\u00f3d\u0142owego<br data-start=\"1203\" data-end=\"1206\">\u2714 Ga\u0142\u0119zie rozwojowe<br data-start=\"1228\" data-end=\"1231\">\u2714 \u015aledzenie b\u0142\u0119d\u00f3w<br data-start=\"1247\" data-end=\"1250\">\u2714 R\u0119czne pobieranie ZIP<\/p>\n<p data-start=\"1276\" data-end=\"1330\"><strong data-start=\"1276\" data-end=\"1330\">Idealny dla programist\u00f3w, tester\u00f3w i zaawansowanych u\u017cytkownik\u00f3w.<\/strong><\/p>\n<p data-start=\"1332\" data-end=\"1355\">\ud83d\udc49 <a href=\"https:\/\/github.com\/Coinsnap\/Coinsnap-Paywall\"><strong data-start=\"1335\" data-end=\"1355\">Wy\u015bwietl na GitHub<\/strong><\/a><\/p>\n<\/div>\n[\/vc_column_text][\/vc_column_inner][vc_column_inner width=&#8221;1\/2&#8243;][vc_single_image image=&#8221;523&#8243; img_size=&#8221;medium&#8221; alignment=&#8221;center&#8221; onclick=&#8221;custom_link&#8221; css=&#8221;&#8221; link=&#8221;https:\/\/github.com\/Coinsnap\/Coinsnap-Paywall&#8221;][vc_column_text css=&#8221;&#8221;]Najpierw nale\u017cy pobra\u0107 wtyczk\u0119 z <a href=\"https:\/\/github.com\/Coinsnap\/Bitcoin-Paywall\">Github<\/a>.<\/p>\n<p>Nast\u0119pnie nale\u017cy przes\u0142a\u0107 ZIP do administracji wtyczkami WordPress:[\/vc_column_text][\/vc_column_inner][\/vc_row_inner][vc_empty_space][\/vc_column][\/vc_row][vc_row][vc_column][vc_column_text css=&#8221;&#8221;]\n<h2 data-start=\"1362\" data-end=\"1394\"><strong data-start=\"1365\" data-end=\"1394\">100% darmowy i open source<\/strong><\/h2>\n<p data-start=\"1396\" data-end=\"1435\">Wtyczka Coinsnap Bitcoin Paywall to:<\/p>\n[\/vc_column_text][vc_column_text css=&#8221;.vc_custom_1764076422419{margin-left: 50px !important;}&#8221;]\n<ul>\n<li data-start=\"1439\" data-end=\"1452\">Darmowy w u\u017cyciu<\/li>\n<li data-start=\"1455\" data-end=\"1486\">Otwarte oprogramowanie na licencji MIT<\/li>\n<li data-start=\"1489\" data-end=\"1514\">Nieizolacyjny z za\u0142o\u017cenia<\/li>\n<li data-start=\"1517\" data-end=\"1559\">Kompatybilno\u015b\u0107 z serwerami BTCPay i Coinsnap<\/li>\n<li data-start=\"1562\" data-end=\"1617\">Stworzony do monetyzacji Pay-Per-Article \/ Pay-Per-Post<\/li>\n<\/ul>\n[\/vc_column_text][vc_column_text css=&#8221;&#8221;]Mo\u017cesz go swobodnie u\u017cywa\u0107, modyfikowa\u0107 i integrowa\u0107 ze swoimi projektami WordPress.[\/vc_column_text][\/vc_column][\/vc_row][vc_row][vc_column][vc_column_text css=&#8221;&#8221;]\n<h2 data-start=\"1707\" data-end=\"1739\"><strong data-start=\"1710\" data-end=\"1739\">Instrukcje instalacji<\/strong><\/h2>\n<p data-start=\"1741\" data-end=\"1813\">Je\u015bli potrzebujesz pomocy w konfiguracji wtyczki, zapoznaj si\u0119 z naszym pe\u0142nym przewodnikiem instalacji:<\/p>\n<p data-start=\"1815\" data-end=\"1842\">\ud83d\udc49 <a title=\"Instrukcja instalacji Paywalla Bitcoin\" href=\"https:\/\/btcpaywall.com\/pl\/podrecznik-instalacji-i-konfiguracji-paywall-bitcoin\/\" data-schema-attribute=\"\"><strong data-start=\"1818\" data-end=\"1842\">Instrukcja instalacji<\/strong><\/a><\/p>\n<p data-start=\"1844\" data-end=\"1858\">Obejmuje to:<\/p>\n[\/vc_column_text][vc_column_text css=&#8221;.vc_custom_1764076474845{margin-left: 50px !important;}&#8221;]\n<ul>\n<li data-start=\"1862\" data-end=\"1889\">Jak zainstalowa\u0107 wtyczk\u0119<\/li>\n<li data-start=\"1892\" data-end=\"1932\">Jak po\u0142\u0105czy\u0107 swoj\u0105 witryn\u0119 z Coinsnap<\/li>\n<li data-start=\"1935\" data-end=\"1965\">Jak po\u0142\u0105czy\u0107 si\u0119 z serwerem BTCPay<\/li>\n<li data-start=\"1968\" data-end=\"2012\">Jak doda\u0107 blok Paywall do swoich post\u00f3w?<\/li>\n<li data-start=\"2015\" data-end=\"2047\">Jak ustawi\u0107 ceny w sat<\/li>\n<\/ul>\n[\/vc_column_text][vc_column_text css=&#8221;&#8221;]\n<h2 data-start=\"2054\" data-end=\"2078\"><strong data-start=\"2057\" data-end=\"2078\">Zacznij ju\u017c dzi\u015b<\/strong><\/h2>\n<p data-start=\"2080\" data-end=\"2185\">Dodaj paywall Pay-Per-Article oparty na technologii Lightning do swojej witryny WordPress w zaledwie kilka minut &#8211; ca\u0142kowicie za darmo.<\/p>\n<p data-start=\"2187\" data-end=\"2261\"><strong data-start=\"2190\" data-end=\"2261\"><a href=\"https:\/\/wordpress.org\/plugins\/coinsnap-paywall\/\" data-schema-attribute=\"\">Pobierz wtyczk\u0119 i zacznij zarabia\u0107 na swoich tre\u015bciach za pomoc\u0105 Bitcoin<\/a><\/strong>.<\/p>\n[\/vc_column_text][\/vc_column][\/vc_row]\n<\/div>","protected":false},"excerpt":{"rendered":"<p>[vc_row full_width=&#8221;stretch_row&#8221; fullwidth=&#8221;yes&#8221; css=&#8221;.vc_custom_1732456449457{margin-top: -50px !important;}&#8221; background_color=&#8221;#6393C7&#8243;][vc_column][vc_empty_space height=&#8221;70px&#8221;][vc_column_text css=&#8221;&#8221;] Pobierz Coinsnap WordPress Bitcoin Paywall [\/vc_column_text][vc_single_image image=&#8221;259&#8243; img_size=&#8221;full&#8221; alignment=&#8221;center&#8221; css=&#8221;.vc_custom_1732456342416{padding-top: -20px [&hellip;]<\/p>\n","protected":false},"author":1,"featured_media":1224,"parent":0,"menu_order":0,"comment_status":"closed","ping_status":"closed","template":"","meta":{"footnotes":""},"class_list":["post-1613","page","type-page","status-publish","has-post-thumbnail","hentry"],"_links":{"self":[{"href":"https:\/\/btcpaywall.com\/pl\/wp-json\/wp\/v2\/pages\/1613","targetHints":{"allow":["GET"]}}],"collection":[{"href":"https:\/\/btcpaywall.com\/pl\/wp-json\/wp\/v2\/pages"}],"about":[{"href":"https:\/\/btcpaywall.com\/pl\/wp-json\/wp\/v2\/types\/page"}],"author":[{"embeddable":true,"href":"https:\/\/btcpaywall.com\/pl\/wp-json\/wp\/v2\/users\/1"}],"replies":[{"embeddable":true,"href":"https:\/\/btcpaywall.com\/pl\/wp-json\/wp\/v2\/comments?post=1613"}],"version-history":[{"count":54,"href":"https:\/\/btcpaywall.com\/pl\/wp-json\/wp\/v2\/pages\/1613\/revisions"}],"predecessor-version":[{"id":2531,"href":"https:\/\/btcpaywall.com\/pl\/wp-json\/wp\/v2\/pages\/1613\/revisions\/2531"}],"wp:featuredmedia":[{"embeddable":true,"href":"https:\/\/btcpaywall.com\/pl\/wp-json\/wp\/v2\/media\/1224"}],"wp:attachment":[{"href":"https:\/\/btcpaywall.com\/pl\/wp-json\/wp\/v2\/media?parent=1613"}],"curies":[{"name":"wp","href":"https:\/\/api.w.org\/{rel}","templated":true}]}}