{"id":2226,"date":"2024-11-22T13:39:12","date_gmt":"2024-11-22T13:39:12","guid":{"rendered":"https:\/\/btcpaywall.com\/dom-2\/"},"modified":"2025-12-13T13:25:39","modified_gmt":"2025-12-13T13:25:39","slug":"dom-2","status":"publish","type":"page","link":"https:\/\/btcpaywall.com\/pl\/","title":{"rendered":"DOM"},"content":{"rendered":"<div class=\"wpb-content-wrapper\">[vc_row full_width=&#8221;stretch_row&#8221; fullwidth=&#8221;yes&#8221; css=&#8221;.vc_custom_1732456449457{margin-top: -50px !important;}&#8221; background_color=&#8221;#6393C7&#8243;][vc_column][vc_empty_space height=&#8221;70px&#8221;][vc_column_text css=&#8221;&#8221;]\n<h1 style=\"text-align: center;\"><span style=\"color: #ffffff;\"><strong>Monetyzacja tre\u015bci WordPress za pomoc\u0105 Bitcoin Lightning<\/strong><\/span><\/h1>\n[\/vc_column_text][vc_single_image image=&#8221;259&#8243; img_size=&#8221;full&#8221; alignment=&#8221;center&#8221; css=&#8221;.vc_custom_1732456342416{padding-top: -20px !important;}&#8221;][vc_column_text css=&#8221;&#8221;]\n<h2 style=\"text-align: center;\" data-start=\"530\" data-end=\"594\"><span style=\"color: #ffffff;\"><strong data-start=\"533\" data-end=\"594\">Paywall WordPress Bitcoin dla tre\u015bci p\u0142atnych za artyku\u0142<\/strong><\/span><\/h2>\n[\/vc_column_text][vc_empty_space height=&#8221;70px&#8221;][\/vc_column][\/vc_row][vc_row][vc_column][vc_column_text css=&#8221;&#8221;]Coinsnap WordPress Bitcoin Paywall to naj\u0142atwiejsza i najszybsza wtyczka do monetyzacji pay-per-article i pay-per-post.<br \/>\nCzytelnicy p\u0142ac\u0105 za pomoc\u0105 Bitcoin Lightning &#8211; i natychmiast odblokowuj\u0105 poszczeg\u00f3lne posty.<\/p>\n<p style=\"text-align: left;\" data-start=\"595\" data-end=\"677\">Monetyzuj swoje posty na blogu za pomoc\u0105 Lightning Payments &#8211; szybko, bez ogranicze\u0144, globalnie<\/p>\n<p>Darmowy. Proste. Konta nie s\u0105 wymagane.[\/vc_column_text][vc_row_inner][vc_column_inner width=&#8221;1\/2&#8243;][vc_btn title=&#8221;Zobacz prezentacj\u0119 na \u017cywo&#8221; color=&#8221;warning&#8221; align=&#8221;center&#8221; css=&#8221;&#8221; link=&#8221;url:https%3A%2F%2Fbtcpaywall.com%2Fpay-per-article-demo%2F|title:Pay-per-Article%20Demo|&#8221;][\/vc_column_inner][vc_column_inner width=&#8221;1\/2&#8243;][vc_btn title=&#8221;Pobierz za darmo&#8221; color=&#8221;warning&#8221; align=&#8221;center&#8221; css=&#8221;&#8221; link=&#8221;url:https%3A%2F%2Fbtcpaywall.com%2Fpl%2Fpobierz-coinsnap-wordpress-bitcoin-paywall%2F|title:Download%20Plugin%20for%20Free|&#8221;][\/vc_column_inner][\/vc_row_inner][vc_empty_space height=&#8221;70px&#8221;][\/vc_column][\/vc_row][vc_row full_width=&#8221;stretch_row&#8221; fullwidth=&#8221;yes&#8221; css=&#8221;.vc_custom_1732460566869{margin-top: -50px !important;}&#8221; background_color=&#8221;#F7A611&#8243;][vc_column][vc_empty_space height=&#8221;70px&#8221;][vc_column_text css=&#8221;&#8221;]\n<h2 style=\"text-align: center;\"><strong><span style=\"color: #ffffff;\">Czym jest Coinsnap Bitcoin Paywall?<\/span><\/strong><\/h2>\n[\/vc_column_text][vc_single_image image=&#8221;1250&#8243; img_size=&#8221;full&#8221; alignment=&#8221;center&#8221; css=&#8221;&#8221;][vc_empty_space height=&#8221;70px&#8221;][\/vc_column][\/vc_row][vc_row][vc_column][vc_empty_space height=&#8221;70px&#8221;][vc_row_inner][vc_column_inner width=&#8221;1\/2&#8243;][vc_column_text css=&#8221;&#8221;]\n<p data-start=\"992\" data-end=\"1166\"><strong data-start=\"959\" data-end=\"987\">Coinsnap Bitcoin Paywall<\/strong> to darmowa wtyczka WordPress, kt\u00f3ra pozwala zablokowa\u0107 poszczeg\u00f3lne posty lub wybrane bloki tre\u015bci za p\u0142atno\u015bci\u0105 <strong data-start=\"1087\" data-end=\"1124\">Bitcoin Lightning Pay-Per-Article<\/strong>.<\/p>\n[\/vc_column_text][vc_column_text css=&#8221;.vc_custom_1764064054458{margin-left: 50px !important;}&#8221;]\ud83d\udd38 <strong data-start=\"1138\" data-end=\"1157\">Pay-Per-Article<\/strong> &#8211; czytelnicy p\u0142ac\u0105 za post<br data-start=\"1180\" data-end=\"1183\">\ud83d\udd38 <strong data-start=\"1186\" data-end=\"1202\">Pay-Per-Post<\/strong> &#8211; idealne rozwi\u0105zanie dla blog\u00f3w, magazyn\u00f3w i poradnik\u00f3w<br data-start=\"1243\" data-end=\"1246\">\ud83d\udd38 <strong data-start=\"1249\" data-end=\"1271\">Lightning Payments<\/strong> &#8211; ultraszybkie i idealne dla mikrop\u0142atno\u015bci[\/vc_column_text][\/vc_column_inner][vc_column_inner width=&#8221;1\/2&#8243;][vc_single_image image=&#8221;2115&#8243; img_size=&#8221;full&#8221; alignment=&#8221;center&#8221; onclick=&#8221;custom_link&#8221; css=&#8221;&#8221; link=&#8221;https:\/\/wordpress.org\/plugins\/coinsnap-paywall\/&#8221;][\/vc_column_inner][\/vc_row_inner][vc_column_text css=&#8221;&#8221;]Po zako\u0144czeniu p\u0142atno\u015bci zawarto\u015b\u0107 odblokowuje si\u0119 automatycznie &#8211; bez kont, bez subskrypcji, bez tar\u0107.[\/vc_column_text][vc_empty_space height=&#8221;50px&#8221;][\/vc_column][\/vc_row][vc_row full_width=&#8221;stretch_row&#8221; fullwidth=&#8221;yes&#8221; css=&#8221;.vc_custom_1732460566869{margin-top: -50px !important;}&#8221; background_color=&#8221;#F7A611&#8243;][vc_column][vc_empty_space height=&#8221;70px&#8221;][vc_column_text css=&#8221;&#8221;]\n<h2 style=\"text-align: center;\"><strong><span style=\"color: #ffffff;\">Dlaczego warto p\u0142aci\u0107 za artyku\u0142?<\/span><\/strong><\/h2>\n[\/vc_column_text][vc_single_image image=&#8221;1125&#8243; img_size=&#8221;full&#8221; alignment=&#8221;center&#8221; css=&#8221;&#8221;][vc_empty_space height=&#8221;70px&#8221;][\/vc_column][\/vc_row][vc_row][vc_column][vc_empty_space height=&#8221;70px&#8221;][vc_column_text css=&#8221;&#8221;]\n<h3 data-start=\"1461\" data-end=\"1504\">1. Zdobywanie Sat z poszczeg\u00f3lnych post\u00f3w<\/h3>\n<p data-start=\"1505\" data-end=\"1572\">Zarabiaj na artyku\u0142ach, opiniach ekspert\u00f3w, samouczkach i tre\u015bciach premium.<\/p>\n<h3 data-start=\"1574\" data-end=\"1610\">2. Nie jest wymagana subskrypcja<\/h3>\n<p data-start=\"1611\" data-end=\"1657\">Czytelnicy p\u0142ac\u0105 tylko za to, do czego chc\u0105 mie\u0107 dost\u0119p.<\/p>\n[\/vc_column_text][vc_column_text css=&#8221;&#8221;]\n<h3 data-start=\"1659\" data-end=\"1702\">3. B\u0142yskawiczne p\u0142atno\u015bci Bitcoin<\/h3>\n<p data-start=\"1703\" data-end=\"1760\">Zoptymalizowany dla mikrop\u0142atno\u015bci Bitcoin: szybki, tani, globalny.<\/p>\n<h3 data-start=\"1762\" data-end=\"1800\">4. 100% wyp\u0142at bez opieki<\/h3>\n[\/vc_column_text][vc_column_text css=&#8221;.vc_custom_1764064356653{margin-left: 50px !important;}&#8221;]\n<ul data-start=\"1801\" data-end=\"1920\">\n<li data-start=\"1801\" data-end=\"1857\">\n<p data-start=\"1803\" data-end=\"1857\">Lightning \u2192 p\u0142atno\u015b\u0107 bezpo\u015brednio do <em data-start=\"1832\" data-end=\"1838\">portfela<\/em> Lightning<\/p>\n<\/li>\n<li data-start=\"1858\" data-end=\"1920\">\n<p data-start=\"1860\" data-end=\"1920\">On-Chain \u2192 p\u0142atno\u015b\u0107 bezpo\u015brednio do portfela Bitcoin <em data-start=\"1888\" data-end=\"1894\">za<\/em> po\u015brednictwem xPub<\/p>\n<\/li>\n<\/ul>\n[\/vc_column_text][vc_column_text css=&#8221;&#8221;]\n<p data-start=\"1922\" data-end=\"1993\">Coinsnap nigdy nie przechowuje \u015brodk\u00f3w sprzedawcy &#8211; serwer BTCPay jest w pe\u0142ni suwerenny.<\/p>\n<h3 data-start=\"1995\" data-end=\"2033\">5. \u0141atwa integracja z WordPress<\/h3>\n<p data-start=\"2034\" data-end=\"2094\">Dzia\u0142a z ka\u017cdym motywem WordPress wykorzystuj\u0105cym Gutenberg lub shortcode.<\/p>\n<h3 data-start=\"2096\" data-end=\"2134\">6. Projekt przyjazny dla prywatno\u015bci<\/h3>\n<p data-start=\"2135\" data-end=\"2266\">U\u017cywa jednego <em data-start=\"2149\" data-end=\"2172\">technicznie niezb\u0119dnego<\/em> pliku cookie, aby powracaj\u0105cy u\u017cytkownicy mieli do niego dost\u0119p.<br data-start=\"2211\" data-end=\"2214\">Brak \u015bledz\u0105cych plik\u00f3w cookie. Brak analizy. Brak danych osobowych.  <\/p>\n[\/vc_column_text][vc_empty_space height=&#8221;70px&#8221;][\/vc_column][\/vc_row][vc_row full_width=&#8221;stretch_row&#8221; fullwidth=&#8221;yes&#8221; css=&#8221;.vc_custom_1732460566869{margin-top: -50px !important;}&#8221; background_color=&#8221;#F7A611&#8243;][vc_column][vc_empty_space height=&#8221;70px&#8221;][vc_column_text css=&#8221;&#8221;]\n<h2 style=\"text-align: center;\"><strong><span style=\"color: #ffffff;\">Jak to dzia\u0142a<\/span><\/strong><\/h2>\n[\/vc_column_text][vc_single_image image=&#8221;1143&#8243; img_size=&#8221;full&#8221; alignment=&#8221;center&#8221; css=&#8221;&#8221;][vc_empty_space height=&#8221;50px&#8221;][\/vc_column][\/vc_row][vc_row][vc_column][vc_empty_space height=&#8221;50px&#8221;][vc_column_text css=&#8221;&#8221;]\n<h3 data-start=\"2293\" data-end=\"2328\">1. Zainstaluj darmow\u0105 wtyczk\u0119<\/h3>\n<p data-start=\"2329\" data-end=\"2367\">Dost\u0119pny na WordPress.org i GitHub.<\/p>\n<h3 data-start=\"2369\" data-end=\"2408\">2. Wybierz bramk\u0119 p\u0142atno\u015bci<\/h3>\n[\/vc_column_text][vc_column_text css=&#8221;.vc_custom_1764064458596{margin-left: 50px !important;}&#8221;]\n<p data-start=\"1803\" data-end=\"1857\">\u2714 <strong data-start=\"2411\" data-end=\"2423\">Coinsnap<\/strong> (nie wymagaj\u0105cy w\u0119z\u0142a Lightning i Bitcoin)<br data-start=\"2475\" data-end=\"2478\">\u2714 <strong data-start=\"2480\" data-end=\"2497\">Serwer BTCPay<\/strong> (self-hosted, pe\u0142na suwerenno\u015b\u0107 Bitcoin)<\/p>\n[\/vc_column_text][vc_column_text css=&#8221;&#8221;]\n<h3 data-start=\"2539\" data-end=\"2571\">3. Chro\u0144 swoj\u0105 zawarto\u015b\u0107<\/h3>\n<p data-start=\"2572\" data-end=\"2637\">Dodaj blok Paywall do postu lub zawi\u0144 zawarto\u015b\u0107 w shortcode.<\/p>\n<h3 data-start=\"2639\" data-end=\"2662\">4. Ustaw cen\u0119<\/h3>\n<p data-start=\"2663\" data-end=\"2697\">Zdefiniuj cen\u0119 w sat lub fiat.<\/p>\n<h3 data-start=\"2699\" data-end=\"2745\">5. P\u0142atno\u015b\u0107 Lightning \u2192 Natychmiastowe odblokowanie<\/h3>\n<p data-start=\"2746\" data-end=\"2805\">Po dokonaniu p\u0142atno\u015bci Lightning, pe\u0142ny post staje si\u0119 widoczny.<\/p>\n[\/vc_column_text][vc_btn title=&#8221;Zobacz prezentacj\u0119 na \u017cywo&#8221; color=&#8221;warning&#8221; align=&#8221;center&#8221; css=&#8221;&#8221; link=&#8221;url:https%3A%2F%2Fbtcpaywall.com%2Fpay-per-article-demo%2F|title:Pay-per-Article%20Demo|&#8221;][vc_empty_space height=&#8221;70px&#8221;][\/vc_column][\/vc_row][vc_row full_width=&#8221;stretch_row&#8221; fullwidth=&#8221;yes&#8221; css=&#8221;.vc_custom_1732460566869{margin-top: -50px !important;}&#8221; background_color=&#8221;#F7A611&#8243;][vc_column][vc_empty_space height=&#8221;70px&#8221;][vc_column_text css=&#8221;&#8221;]\n<h2 style=\"text-align: center;\"><strong><span style=\"color: #ffffff;\">Kluczowe cechy<\/span><\/strong><\/h2>\n[\/vc_column_text][vc_single_image image=&#8221;1155&#8243; img_size=&#8221;full&#8221; alignment=&#8221;center&#8221; css=&#8221;&#8221;][vc_empty_space height=&#8221;50px&#8221;][\/vc_column][\/vc_row][vc_row][vc_column][vc_empty_space height=&#8221;50px&#8221;][vc_column_text css=&#8221;.vc_custom_1764082758980{margin-left: 50px !important;}&#8221;]\n<p data-start=\"2866\" data-end=\"2917\">Monetyzacja w modelu Pay-Per-Article \/ Pay-Per-Post<\/p>\n<p data-start=\"2920\" data-end=\"2954\">P\u0142atno\u015bci Bitcoin Lightning<\/p>\n<p data-start=\"2957\" data-end=\"2998\">\u2714 Obs\u0142uga Bitcoin na \u0142a\u0144cuchu za po\u015brednictwem xPub<\/p>\n<p data-start=\"3001\" data-end=\"3036\">Wyp\u0142aty w pe\u0142ni bez opieki<\/p>\n<p data-start=\"3039\" data-end=\"3082\">Kompatybilno\u015b\u0107 z serwerami BTCPay i Coinsnap<\/p>\n<p data-start=\"3085\" data-end=\"3120\">Blok Gutenberg + kod skr\u00f3cony<\/p>\n<p data-start=\"3123\" data-end=\"3170\">Tylko jeden niezb\u0119dny plik cookie (bez \u015bledzenia)<\/p>\n<p data-start=\"3173\" data-end=\"3207\">100% darmowa wtyczka WordPress<\/p>\n<p data-start=\"3210\" data-end=\"3232\">Konfiguracja w kilka minut<\/p>\n[\/vc_column_text][vc_empty_space height=&#8221;50px&#8221;][\/vc_column][\/vc_row][vc_row full_width=&#8221;stretch_row&#8221; fullwidth=&#8221;yes&#8221; css=&#8221;.vc_custom_1732460566869{margin-top: -50px !important;}&#8221; background_color=&#8221;#F7A611&#8243;][vc_column][vc_empty_space height=&#8221;70px&#8221;][vc_column_text css=&#8221;&#8221;]\n<h2 style=\"text-align: center;\"><strong><span style=\"color: #ffffff;\">Kompatybilno\u015b\u0107 z serwerami BTCPay i Coinsnap<\/span><\/strong><\/h2>\n[\/vc_column_text][vc_single_image image=&#8221;1200&#8243; img_size=&#8221;full&#8221; alignment=&#8221;center&#8221; css=&#8221;&#8221;][vc_empty_space height=&#8221;50px&#8221;][\/vc_column][\/vc_row][vc_row][vc_column][vc_empty_space height=&#8221;50px&#8221;][vc_column_text css=&#8221;&#8221;]\n<h3>Serwer BTCPay<\/h3>\n[\/vc_column_text][vc_row_inner][vc_column_inner width=&#8221;1\/2&#8243;][vc_column_text css=&#8221;.vc_custom_1764064646455{margin-left: 50px !important;}&#8221;]\n<ul>\n<li data-start=\"3332\" data-end=\"3365\">Self-hosted Bitcoin &amp; Lightning<\/li>\n<li data-start=\"3368\" data-end=\"3390\">Tw\u00f3j w\u0119ze\u0142, twoje klucze<\/li>\n<li data-start=\"3393\" data-end=\"3426\">Maksymalna suwerenno\u015b\u0107 i prywatno\u015b\u0107<\/li>\n<\/ul>\n[\/vc_column_text][\/vc_column_inner][vc_column_inner width=&#8221;1\/2&#8243;][vc_single_image image=&#8221;1188&#8243; img_size=&#8221;medium&#8221; alignment=&#8221;center&#8221; onclick=&#8221;custom_link&#8221; img_link_target=&#8221;_blank&#8221; css=&#8221;&#8221; link=&#8221;https:\/\/btcpayserver.org&#8221;][\/vc_column_inner][\/vc_row_inner][vc_column_text css=&#8221;&#8221;]Idealny dla programist\u00f3w i u\u017cytkownik\u00f3w technicznych.[\/vc_column_text][\/vc_column][\/vc_row][vc_row][vc_column][vc_column_text css=&#8221;&#8221;]\n<h3>Coinsnap<\/h3>\n[\/vc_column_text][vc_row_inner][vc_column_inner width=&#8221;1\/2&#8243;][vc_column_text css=&#8221;.vc_custom_1764064743090{margin-left: 50px !important;}&#8221;]\n<ul>\n<li data-start=\"3545\" data-end=\"3601\">P\u0142atno\u015bci Lightning \u2192 bezpo\u015brednio do portfela Lightning<\/li>\n<li data-start=\"3604\" data-end=\"3657\">Bitcoin on-chain \u2192 bezpo\u015brednio do portfela za po\u015brednictwem xPub<\/li>\n<li data-start=\"3660\" data-end=\"3682\">Nie jest wymagany w\u0142asny w\u0119ze\u0142<\/li>\n<li data-start=\"3685\" data-end=\"3750\">\u0141atwa konfiguracja dla tw\u00f3rc\u00f3w, bloger\u00f3w, magazyn\u00f3w i ma\u0142ych firm<\/li>\n<\/ul>\n[\/vc_column_text][\/vc_column_inner][vc_column_inner width=&#8221;1\/2&#8243;][vc_single_image image=&#8221;1177&#8243; img_size=&#8221;medium&#8221; alignment=&#8221;center&#8221; onclick=&#8221;custom_link&#8221; img_link_target=&#8221;_blank&#8221; css=&#8221;&#8221; link=&#8221;https:\/\/coinsnap.io&#8221;][\/vc_column_inner][\/vc_row_inner][vc_column_text css=&#8221;&#8221;]Coinsnap nigdy nie przechowuje Bitcoin\u00f3w &#8211; wszystkie wyp\u0142aty trafiaj\u0105 bezpo\u015brednio do sprzedawcy.[\/vc_column_text][vc_empty_space height=&#8221;50px&#8221;][\/vc_column][\/vc_row][vc_row full_width=&#8221;stretch_row&#8221; fullwidth=&#8221;yes&#8221; css=&#8221;.vc_custom_1732460566869{margin-top: -50px !important;}&#8221; background_color=&#8221;#F7A611&#8243;][vc_column][vc_empty_space height=&#8221;70px&#8221;][vc_column_text css=&#8221;&#8221;]\n<h2 style=\"text-align: center;\"><span style=\"color: #ffffff;\"><strong>Wypr\u00f3buj wersj\u0119 demonstracyjn\u0105 Pay-Per-Article<\/strong><\/span><\/h2>\n[\/vc_column_text][vc_single_image image=&#8221;1212&#8243; img_size=&#8221;full&#8221; alignment=&#8221;center&#8221; css=&#8221;&#8221;][vc_empty_space height=&#8221;50px&#8221;][\/vc_column][\/vc_row][vc_row][vc_column][vc_empty_space height=&#8221;50px&#8221;][vc_column_text css=&#8221;&#8221;]Zobacz dok\u0142adnie, czego do\u015bwiadcz\u0105 Twoi czytelnicy.<br data-start=\"3913\" data-end=\"3916\">Przetestuj Paywall Lightning w czasie rzeczywistym.[\/vc_column_text][vc_btn title=&#8221;Zobacz prezentacj\u0119 na \u017cywo&#8221; color=&#8221;warning&#8221; align=&#8221;center&#8221; css=&#8221;&#8221; link=&#8221;url:https%3A%2F%2Fbtcpaywall.com%2Fpay-per-article-demo%2F|title:Pay-per-Article%20Demo|&#8221;][vc_empty_space height=&#8221;50px&#8221;][\/vc_column][\/vc_row][vc_row full_width=&#8221;stretch_row&#8221; fullwidth=&#8221;yes&#8221; css=&#8221;.vc_custom_1732460566869{margin-top: -50px !important;}&#8221; background_color=&#8221;#F7A611&#8243;][vc_column][vc_empty_space height=&#8221;70px&#8221;][vc_column_text css=&#8221;&#8221;]\n<h2 style=\"text-align: center;\"><span style=\"color: #ffffff;\"><strong>Pobierz wtyczk\u0119<\/strong><\/span><\/h2>\n[\/vc_column_text][vc_single_image image=&#8221;1224&#8243; img_size=&#8221;full&#8221; alignment=&#8221;center&#8221; css=&#8221;&#8221;][vc_empty_space height=&#8221;50px&#8221;][\/vc_column][\/vc_row][vc_row][vc_column][vc_empty_space height=&#8221;50px&#8221;][vc_column_text css=&#8221;&#8221;]Wtyczka Bitcoin Paywall jest <strong data-start=\"4046\" data-end=\"4065\">ca\u0142kowicie darmowa<\/strong> i open-source.[\/vc_column_text][vc_column_text css=&#8221;.vc_custom_1764065216710{margin-left: 50px !important;}&#8221;]<strong data-start=\"4087\" data-end=\"4117\">Katalog wtyczek WordPress<\/strong> &#8211; stabilne wydania<br data-start=\"4135\" data-end=\"4138\">\ud83d\udd17 <strong data-start=\"4141\" data-end=\"4162\">Repozytorium GitHub<\/strong> &#8211; rozw\u00f3j i wczesne wydania[\/vc_column_text][vc_row_inner][vc_column_inner width=&#8221;1\/2&#8243;][vc_btn title=&#8221;Pobierz na WordPress.org&#8221; color=&#8221;warning&#8221; align=&#8221;center&#8221; css=&#8221;&#8221; link=&#8221;url:https%3A%2F%2Fwordpress.org%2Fplugins%2Fcoinsnap-paywall%2F|title:WordPress%20Bitcoin%20Paywall|target:_blank|&#8221;][\/vc_column_inner][vc_column_inner width=&#8221;1\/2&#8243;][vc_btn title=&#8221;Wy\u015bwietl na GitHub&#8221; color=&#8221;warning&#8221; align=&#8221;center&#8221; css=&#8221;&#8221; link=&#8221;url:https%3A%2F%2Fgithub.com%2FCoinsnap%2FCoinsnap-Paywall|title:Bitcoin%20Paywall%20GitHub|target:_blank|&#8221;][\/vc_column_inner][\/vc_row_inner][vc_empty_space height=&#8221;50px&#8221;][\/vc_column][\/vc_row][vc_row full_width=&#8221;stretch_row&#8221; fullwidth=&#8221;yes&#8221; css=&#8221;.vc_custom_1732460566869{margin-top: -50px !important;}&#8221; background_color=&#8221;#F7A611&#8243;][vc_column][vc_empty_space height=&#8221;70px&#8221;][vc_column_text css=&#8221;&#8221;]\n<h2 style=\"text-align: center;\"><span style=\"color: #ffffff;\"><strong>Blog: Dowiedz si\u0119 wi\u0119cej o Pay-Per-Use i Bitcoin Paywalls<\/strong><\/span><\/h2>\n[\/vc_column_text][vc_single_image image=&#8221;1236&#8243; img_size=&#8221;full&#8221; alignment=&#8221;center&#8221; css=&#8221;&#8221;][vc_empty_space height=&#8221;50px&#8221;][\/vc_column][\/vc_row][vc_row][vc_column][vc_column_text css=&#8221;&#8221;]\n<p data-start=\"4317\" data-end=\"4442\">Zapoznaj si\u0119 z samouczkami, artyku\u0142ami i spostrze\u017ceniami na temat Paywalli Bitcoin, mikrop\u0142atno\u015bci Lightning i monetyzacji Pay-Per-Article.<\/p>\n[\/vc_column_text][vc_btn title=&#8221;Odwied\u017a blog&#8221; color=&#8221;warning&#8221; align=&#8221;center&#8221; css=&#8221;&#8221; link=&#8221;url:https%3A%2F%2Fbtcpaywall.com%2Fpl%2Fblog%2F|title:BTCPaywall%20Blog|&#8221;][\/vc_column][\/vc_row]\n<\/div>","protected":false},"excerpt":{"rendered":"<p>[vc_row full_width=&#8221;stretch_row&#8221; fullwidth=&#8221;yes&#8221; css=&#8221;.vc_custom_1732456449457{margin-top: -50px !important;}&#8221; background_color=&#8221;#6393C7&#8243;][vc_column][vc_empty_space height=&#8221;70px&#8221;][vc_column_text css=&#8221;&#8221;] Monetyzacja tre\u015bci WordPress za pomoc\u0105 Bitcoin Lightning [\/vc_column_text][vc_single_image image=&#8221;259&#8243; img_size=&#8221;full&#8221; alignment=&#8221;center&#8221; [&hellip;]<\/p>\n","protected":false},"author":1,"featured_media":1112,"parent":0,"menu_order":0,"comment_status":"closed","ping_status":"closed","template":"","meta":{"footnotes":""},"class_list":["post-2226","page","type-page","status-publish","has-post-thumbnail","hentry"],"_links":{"self":[{"href":"https:\/\/btcpaywall.com\/pl\/wp-json\/wp\/v2\/pages\/2226","targetHints":{"allow":["GET"]}}],"collection":[{"href":"https:\/\/btcpaywall.com\/pl\/wp-json\/wp\/v2\/pages"}],"about":[{"href":"https:\/\/btcpaywall.com\/pl\/wp-json\/wp\/v2\/types\/page"}],"author":[{"embeddable":true,"href":"https:\/\/btcpaywall.com\/pl\/wp-json\/wp\/v2\/users\/1"}],"replies":[{"embeddable":true,"href":"https:\/\/btcpaywall.com\/pl\/wp-json\/wp\/v2\/comments?post=2226"}],"version-history":[{"count":11,"href":"https:\/\/btcpaywall.com\/pl\/wp-json\/wp\/v2\/pages\/2226\/revisions"}],"predecessor-version":[{"id":2261,"href":"https:\/\/btcpaywall.com\/pl\/wp-json\/wp\/v2\/pages\/2226\/revisions\/2261"}],"wp:featuredmedia":[{"embeddable":true,"href":"https:\/\/btcpaywall.com\/pl\/wp-json\/wp\/v2\/media\/1112"}],"wp:attachment":[{"href":"https:\/\/btcpaywall.com\/pl\/wp-json\/wp\/v2\/media?parent=2226"}],"curies":[{"name":"wp","href":"https:\/\/api.w.org\/{rel}","templated":true}]}}