{"id":2376,"date":"2024-11-24T13:44:45","date_gmt":"2024-11-24T13:44:45","guid":{"rendered":"https:\/\/btcpaywall.com\/demo-platnosci-za-artykul\/"},"modified":"2025-12-13T13:29:39","modified_gmt":"2025-12-13T13:29:39","slug":"demo-platnosci-za-artykul","status":"publish","type":"page","link":"https:\/\/btcpaywall.com\/pl\/demo-platnosci-za-artykul\/","title":{"rendered":"Demo p\u0142atno\u015bci za artyku\u0142"},"content":{"rendered":"<div class=\"wpb-content-wrapper\">[vc_row full_width=&#8221;stretch_row&#8221; fullwidth=&#8221;yes&#8221; background_color=&#8221;#6193C9&#8243; css=&#8221;.vc_custom_1732466484126{margin-top: -50px !important;}&#8221;][vc_column][vc_empty_space height=&#8221;70px&#8221;][vc_column_text css=&#8221;&#8221;]\n<h1 style=\"text-align: center;\"><span style=\"color: #ffffff;\"><strong>Demo p\u0142atno\u015bci za artyku\u0142<\/strong><\/span><\/h1>\n[\/vc_column_text][vc_single_image image=&#8221;259&#8243; img_size=&#8221;full&#8221; alignment=&#8221;center&#8221; css=&#8221;.vc_custom_1732466358619{padding-top: -20px !important;}&#8221;][vc_empty_space height=&#8221;50px&#8221;][\/vc_column][\/vc_row][vc_row][vc_column][vc_empty_space height=&#8221;70px&#8221;][\/vc_column][\/vc_row][vc_row][vc_column][vc_column_text css=&#8221;&#8221;]\n<h2><strong>Dlaczego p\u0142atno\u015b\u0107 za artyku\u0142 zmienia zasady gry dla tw\u00f3rc\u00f3w tre\u015bci?<\/strong><\/h2>\n[\/vc_column_text][vc_row_inner][vc_column_inner width=&#8221;2\/3&#8243;][vc_column_text css=&#8221;&#8221;]\n<p data-start=\"436\" data-end=\"732\">Coraz wi\u0119cej tw\u00f3rc\u00f3w i niezale\u017cnych bloger\u00f3w szuka sposob\u00f3w na zarabianie na swojej pracy bez polegania na reklamach, natr\u0119tnych wyskakuj\u0105cych okienkach, algorytmach lub d\u0142ugoterminowych modelach subskrypcji. Dzi\u0119ki p\u0142atno\u015bciom Bitcoin Lightning pojawia si\u0119 zupe\u0142nie nowy spos\u00f3b monetyzacji online: <strong data-start=\"712\" data-end=\"731\">Pay-Per-Article<\/strong>. <\/p>\n<p data-start=\"734\" data-end=\"954\">Zamiast sprzedawa\u0107 dost\u0119p za po\u015brednictwem miesi\u0119cznych subskrypcji lub gromadzi\u0107 dane u\u017cytkownik\u00f3w, czytelnicy mog\u0105 po prostu p\u0142aci\u0107 <strong data-start=\"838\" data-end=\"865\">niewielkie kwoty w Bitcoin<\/strong>, aby odblokowa\u0107 poszczeg\u00f3lne artyku\u0142y &#8211; natychmiast, anonimowo i bez tworzenia konta.<\/p>\n<p data-start=\"956\" data-end=\"1083\">Dlaczego ten model jest tak pot\u0119\u017cny dla niezale\u017cnych tw\u00f3rc\u00f3w, nauczycieli i dziennikarzy, dowiesz si\u0119 z ca\u0142ego artyku\u0142u.<\/p>\n[\/vc_column_text][\/vc_column_inner][vc_column_inner width=&#8221;1\/3&#8243;][vc_single_image image=&#8221;1212&#8243; img_size=&#8221;full&#8221; alignment=&#8221;center&#8221; css=&#8221;&#8221;][\/vc_column_inner][\/vc_row_inner][\/vc_column][\/vc_row][vc_row css=&#8221;.vc_custom_1764072915983{border-top-width: 5px !important;background-color: #FFFFFF !important;border-color: #DD3333 !important;}&#8221;][vc_column][vc_column_text css=&#8221;&#8221;]\n<p data-start=\"1148\" data-end=\"1320\"><strong data-start=\"1151\" data-end=\"1181\">To jest artyku\u0142 premium.<\/strong><br data-start=\"1181\" data-end=\"1184\">Odblokuj pe\u0142ny post za <strong data-start=\"1209\" data-end=\"1247\">1 eurocent w Bitcoin (Lightning)<\/strong> i wspieraj niezale\u017cne tre\u015bci bez reklam, subskrypcji i \u015bledzenia.<\/p>\n<p data-start=\"1322\" data-end=\"1376\">\ud83d\udc49 <em data-start=\"1325\" data-end=\"1376\">Pay with Lightning &#8211; natychmiastowy dost\u0119p po dokonaniu p\u0142atno\u015bci<\/em><\/p>\n[\/vc_column_text][vc_column_text css=&#8221;.vc_custom_1764072951373{border-color: #DD9933 !important;}&#8221;]\n<p style=\"text-align: center;\">      <div class=\"paywall light\"\r\n           data-price=\"0.01\"\r\n           data-currency=\"EUR\"\r\n           data-duration=\"24\"\r\n           data-post-id=\"2376\">\r\n        <h2>0,01 Euro Pay-per-Article<\/h2>\r\n        <p>Unlock the full article for \u20ac0,01 in Bitcoin (Lightning)<\/p>\r\n        <div class=\"price-display\">\r\n\t\t\t0.01 EUR        <\/div>\r\n        <button class=\"paywall-payment-button\">Pay Now<\/button>\r\n      <\/div>\r\n    <p class=\"restricted light\">\r\n        This content is restricted. Please complete payment to access.    <\/p>\r\n\r\n\t\t<\/div>","protected":false},"excerpt":{"rendered":"<p>[vc_row full_width=&#8221;stretch_row&#8221; fullwidth=&#8221;yes&#8221; background_color=&#8221;#6193C9&#8243; css=&#8221;.vc_custom_1732466484126{margin-top: -50px !important;}&#8221;][vc_column][vc_empty_space height=&#8221;70px&#8221;][vc_column_text css=&#8221;&#8221;] Demo p\u0142atno\u015bci za artyku\u0142 [\/vc_column_text][vc_single_image image=&#8221;259&#8243; img_size=&#8221;full&#8221; alignment=&#8221;center&#8221; css=&#8221;.vc_custom_1732466358619{padding-top: -20px !important;}&#8221;][vc_empty_space [&hellip;]<\/p>\n","protected":false},"author":1,"featured_media":0,"parent":0,"menu_order":0,"comment_status":"closed","ping_status":"closed","template":"","meta":{"footnotes":""},"class_list":["post-2376","page","type-page","status-publish","hentry"],"_links":{"self":[{"href":"https:\/\/btcpaywall.com\/pl\/wp-json\/wp\/v2\/pages\/2376","targetHints":{"allow":["GET"]}}],"collection":[{"href":"https:\/\/btcpaywall.com\/pl\/wp-json\/wp\/v2\/pages"}],"about":[{"href":"https:\/\/btcpaywall.com\/pl\/wp-json\/wp\/v2\/types\/page"}],"author":[{"embeddable":true,"href":"https:\/\/btcpaywall.com\/pl\/wp-json\/wp\/v2\/users\/1"}],"replies":[{"embeddable":true,"href":"https:\/\/btcpaywall.com\/pl\/wp-json\/wp\/v2\/comments?post=2376"}],"version-history":[{"count":11,"href":"https:\/\/btcpaywall.com\/pl\/wp-json\/wp\/v2\/pages\/2376\/revisions"}],"predecessor-version":[{"id":2411,"href":"https:\/\/btcpaywall.com\/pl\/wp-json\/wp\/v2\/pages\/2376\/revisions\/2411"}],"wp:attachment":[{"href":"https:\/\/btcpaywall.com\/pl\/wp-json\/wp\/v2\/media?parent=2376"}],"curies":[{"name":"wp","href":"https:\/\/api.w.org\/{rel}","templated":true}]}}