{"id":705,"date":"2024-11-24T13:46:14","date_gmt":"2024-11-24T13:46:14","guid":{"rendered":"https:\/\/btcpaywall.com\/demo-pay-per-view\/"},"modified":"2025-02-17T22:04:35","modified_gmt":"2025-02-17T22:04:35","slug":"demo-pay-per-view","status":"publish","type":"page","link":"https:\/\/btcpaywall.com\/pl\/demo-pay-per-view\/","title":{"rendered":"Demo pay-per-view"},"content":{"rendered":"<div class=\"wpb-content-wrapper\">[vc_row full_width=&#8221;stretch_row&#8221; fullwidth=&#8221;yes&#8221; background_color=&#8221;#6193C9&#8243; css=&#8221;.vc_custom_1732466484126{margin-top: -50px !important;}&#8221;][vc_column][vc_empty_space height=&#8221;70px&#8221;][vc_column_text css=&#8221;&#8221;]\n<h1 style=\"text-align: center;\"><span style=\"color: #ffffff;\">Demo: Pay-per-View Bitcoin Paywall<\/span><\/h1>\n[\/vc_column_text][vc_single_image image=&#8221;33&#8243; img_size=&#8221;full&#8221; alignment=&#8221;center&#8221; css=&#8221;.vc_custom_1732466358619{padding-top: -20px !important;}&#8221;][vc_column_text css=&#8221;&#8221;]\n<h3 style=\"text-align: center;\"><span style=\"color: #ffffff;\">Obejrzyj wideo za jedyne 0,10 \u20ac!<\/span><\/h3>\n[\/vc_column_text][vc_empty_space height=&#8221;50px&#8221;][\/vc_column][\/vc_row][vc_row][vc_column][vc_empty_space height=&#8221;70px&#8221;][\/vc_column][\/vc_row][vc_row][vc_column][vc_column_text css=&#8221;&#8221;]\n<h2>Jak blogerzy i producenci wideo mog\u0105 zarabia\u0107 pieni\u0105dze dzi\u0119ki Coinsnap Bitcoin Payment Wall<\/h2>\n[\/vc_column_text][vc_row_inner][vc_column_inner width=&#8221;2\/3&#8243;][vc_column_text css=&#8221;&#8221;]\u015awiat producent\u00f3w wideo i influencer\u00f3w oferuje niezliczone mo\u017cliwo\u015bci tworzenia tre\u015bci i docierania do du\u017cej liczby odbiorc\u00f3w. Jednak sukces ten cz\u0119sto mo\u017cna zarabia\u0107 tylko za po\u015brednictwem ograniczonych kana\u0142\u00f3w, takich jak przychody z reklam, lokowanie produkt\u00f3w lub subskrypcje. Coinsnap Bitcoin Payment Wall oferuje innowacyjne rozwi\u0105zanie, kt\u00f3re umo\u017cliwia influencerom i producentom wideo bezpo\u015brednie i niezale\u017cne zarabianie pieni\u0119dzy za ich tw\u00f3rcz\u0105 prac\u0119.[\/vc_column_text][\/vc_column_inner][vc_column_inner width=&#8221;1\/3&#8243;][vc_single_image image=&#8221;76&#8243; img_size=&#8221;full&#8221; alignment=&#8221;center&#8221; css=&#8221;&#8221;][\/vc_column_inner][\/vc_row_inner][vc_row_inner][vc_column_inner width=&#8221;1\/2&#8243;][vc_column_text css=&#8221;&#8221;]\n<h3>Aby obejrze\u0107 film, nale\u017cy najpierw zap\u0142aci\u0107, klikaj\u0105c poni\u017cszy przycisk:<\/h3>\n[\/vc_column_text][\/vc_column_inner][vc_column_inner width=&#8221;1\/2&#8243;][vc_single_image image=&#8221;83&#8243; img_size=&#8221;full&#8221; alignment=&#8221;center&#8221; css=&#8221;&#8221;][\/vc_column_inner][\/vc_row_inner][vc_column_text css=&#8221;&#8221;]      <div class=\"paywall light\"\r\n           data-price=\"0.01\"\r\n           data-currency=\"EUR\"\r\n           data-duration=\"24\"\r\n           data-post-id=\"705\">\r\n        <h2>0,01 Euro Pay-per-Article<\/h2>\r\n        <p>Unlock the full article for \u20ac0,01 in Bitcoin (Lightning)<\/p>\r\n        <div class=\"price-display\">\r\n\t\t\t0.01 EUR        <\/div>\r\n        <button class=\"paywall-payment-button\">Pay Now<\/button>\r\n      <\/div>\r\n    <p class=\"restricted light\">\r\n        This content is restricted. Please complete payment to access.    <\/p>\r\n\r\n\t\t<\/div>","protected":false},"excerpt":{"rendered":"<p>[vc_row full_width=&#8221;stretch_row&#8221; fullwidth=&#8221;yes&#8221; background_color=&#8221;#6193C9&#8243; css=&#8221;.vc_custom_1732466484126{margin-top: -50px !important;}&#8221;][vc_column][vc_empty_space height=&#8221;70px&#8221;][vc_column_text css=&#8221;&#8221;] Demo: Pay-per-View Bitcoin Paywall [\/vc_column_text][vc_single_image image=&#8221;33&#8243; img_size=&#8221;full&#8221; alignment=&#8221;center&#8221; css=&#8221;.vc_custom_1732466358619{padding-top: -20px !important;}&#8221;][vc_column_text [&hellip;]<\/p>\n","protected":false},"author":1,"featured_media":0,"parent":0,"menu_order":0,"comment_status":"closed","ping_status":"closed","template":"","meta":{"footnotes":""},"class_list":["post-705","page","type-page","status-publish","hentry"],"_links":{"self":[{"href":"https:\/\/btcpaywall.com\/pl\/wp-json\/wp\/v2\/pages\/705","targetHints":{"allow":["GET"]}}],"collection":[{"href":"https:\/\/btcpaywall.com\/pl\/wp-json\/wp\/v2\/pages"}],"about":[{"href":"https:\/\/btcpaywall.com\/pl\/wp-json\/wp\/v2\/types\/page"}],"author":[{"embeddable":true,"href":"https:\/\/btcpaywall.com\/pl\/wp-json\/wp\/v2\/users\/1"}],"replies":[{"embeddable":true,"href":"https:\/\/btcpaywall.com\/pl\/wp-json\/wp\/v2\/comments?post=705"}],"version-history":[{"count":10,"href":"https:\/\/btcpaywall.com\/pl\/wp-json\/wp\/v2\/pages\/705\/revisions"}],"predecessor-version":[{"id":742,"href":"https:\/\/btcpaywall.com\/pl\/wp-json\/wp\/v2\/pages\/705\/revisions\/742"}],"wp:attachment":[{"href":"https:\/\/btcpaywall.com\/pl\/wp-json\/wp\/v2\/media?parent=705"}],"curies":[{"name":"wp","href":"https:\/\/api.w.org\/{rel}","templated":true}]}}