{"id":893,"date":"2024-11-25T16:25:18","date_gmt":"2024-11-25T16:25:18","guid":{"rendered":"https:\/\/btcpaywall.com\/instalacja\/"},"modified":"2025-02-17T22:05:15","modified_gmt":"2025-02-17T22:05:15","slug":"instalacja","status":"publish","type":"page","link":"https:\/\/btcpaywall.com\/pl\/instalacja\/","title":{"rendered":"Instalacja"},"content":{"rendered":"<div class=\"wpb-content-wrapper\">[vc_row full_width=&#8221;stretch_row&#8221; fullwidth=&#8221;yes&#8221; css=&#8221;.vc_custom_1732456449457{margin-top: -50px !important;}&#8221; background_color=&#8221;#6393C7&#8243;][vc_column][vc_empty_space height=&#8221;70px&#8221;][vc_column_text css=&#8221;&#8221;]\n<h1 style=\"text-align: center;\"><span style=\"color: #ffffff;\">Zainstaluj i u\u017cywaj Coinsnap Bitcoin Paywall<\/span><\/h1>\n[\/vc_column_text][vc_single_image image=&#8221;33&#8243; img_size=&#8221;full&#8221; alignment=&#8221;center&#8221; css=&#8221;.vc_custom_1732456342416{padding-top: -20px !important;}&#8221;][vc_column_text css=&#8221;&#8221;]\n<h3 style=\"text-align: center;\"><span style=\"color: #ffffff;\">Akceptuj Bitcoin za swoje tre\u015bci w zaledwie 5 minut!<\/span><\/h3>\n[\/vc_column_text][vc_empty_space height=&#8221;70px&#8221;][\/vc_column][\/vc_row][vc_row][vc_column][vc_empty_space height=&#8221;70px&#8221;][vc_column_text css=&#8221;&#8221;]Coinsnsap Bitcoin Paywall umo\u017cliwia \u0142atw\u0105 i szybk\u0105 sprzeda\u017c tekst\u00f3w za niewielk\u0105 op\u0142at\u0105 w Bitcoin (Satoshis). Pozwala to na zarabianie na tre\u015bciach i jednoczesne korzystanie z zalet Bitcoin Lightning Network. To bardzo proste:[\/vc_column_text][vc_row_inner][vc_column_inner width=&#8221;1\/2&#8243;][vc_column_text css=&#8221;&#8221;]\n<div class=\"markdown-heading\" dir=\"auto\">\n<h3>1. zainstalowa\u0107 Coinsnap Bitcoin Paywall ze strony Github<\/h3>\n<p>Je\u015bli chcesz zainstalowa\u0107 Coinsnap Bitcoin Paywall, musisz najpierw <a href=\"https:\/\/github.com\/Coinsnap\/Bitcoin-Paywall\">pobra\u0107 go ze strony Coinsnap Github tutaj<\/a>.<\/p>\n<p>Nast\u0119pnie poszukaj zielonego przycisku oznaczonego &#8222;Code&#8221;. Po jego klikni\u0119ciu otworzy si\u0119 menu i pojawi si\u0119 Download ZIP. <\/p>\n<p>Tutaj mo\u017cesz pobra\u0107 najnowsz\u0105 wersj\u0119 Coinsnap Bitcoin Paywall na sw\u00f3j komputer.<\/p><\/div>\n[\/vc_column_text][\/vc_column_inner][vc_column_inner width=&#8221;1\/2&#8243;][vc_single_image image=&#8221;95&#8243; img_size=&#8221;medium&#8221; onclick=&#8221;zoom&#8221; css=&#8221;&#8221;][vc_column_text css=&#8221;&#8221;]\n<p>Najpierw pobierz wtyczk\u0119 z <a href=\"https:\/\/github.com\/Coinsnap\/Bitcoin-Paywall\">Github<\/a>, a nast\u0119pnie prze\u015blij plik ZIP w panelu administracyjnym wtyczek WordPress:[\/vc_column_text][\/vc_column_inner][\/vc_row_inner][vc_row_inner][vc_column_inner width=&#8221;1\/2&#8243;][vc_column_text css=&#8221;&#8221;]Teraz u\u017cyj funkcji WordPress &#8222;Prze\u015blij wtyczk\u0119&#8221;, aby zainstalowa\u0107 paywall.<\/p>\n<p>Kliknij &#8222;Zainstaluj teraz&#8221;, a Coinsnap Bitcoin Paywall zostanie dodany do Twojej witryny WordPress. Nast\u0119pnie mo\u017cna go pod\u0142\u0105czy\u0107 do bramki p\u0142atno\u015bci Coinsnap.[\/vc_column_text][\/vc_column_inner][vc_column_inner width=&#8221;1\/2&#8243;][vc_single_image image=&#8221;96&#8243; img_size=&#8221;full&#8221; alignment=&#8221;center&#8221; onclick=&#8221;zoom&#8221; css=&#8221;&#8221;][\/vc_column_inner][\/vc_row_inner][vc_row_inner][vc_column_inner width=&#8221;1\/2&#8243;][vc_column_text css=&#8221;&#8221;]\n<h3>2. po\u0142\u0105czy\u0107 konto Coinsnap z Bitcoin Paywall<\/h3>\n<h4>2.1 Ustawienia paywalla Coinsnap Bitcoin <\/h4>\n<p>Po zainstalowaniu i aktywowaniu Coinsnap Bitcoin Paywall nale\u017cy wprowadzi\u0107 ustawienia Coinsnap. Mo\u017cna je znale\u017a\u0107 na pasku bocznym po lewej stronie w sekcji &#8222;Coinsnap Bitcoin Paywall&#8221;.[\/vc_column_text][\/vc_column_inner][vc_column_inner width=&#8221;1\/2&#8243;][vc_single_image image=&#8221;140&#8243; img_size=&#8221;large&#8221; onclick=&#8221;zoom&#8221; css=&#8221;&#8221;][\/vc_column_inner][\/vc_row_inner][vc_row_inner][vc_column_inner width=&#8221;1\/2&#8243;][vc_column_text css=&#8221;&#8221;]Po prostu wprowad\u017a tam sw\u00f3j identyfikator sklepu Coinsnap i klucz API; mo\u017cna je znale\u017a\u0107 na koncie Coinsnap w sekcji &#8222;Ustawienia&#8221;, &#8222;Ustawienia sklepu Coinsnap&#8221;.[\/vc_column_text][\/vc_column_inner][vc_column_inner width=&#8221;1\/2&#8243;][vc_single_image image=&#8221;141&#8243; img_size=&#8221;large&#8221; onclick=&#8221;zoom&#8221; css=&#8221;&#8221;][\/vc_column_inner][\/vc_row_inner][vc_column_text css=&#8221;&#8221;]\n<h4 style=\"text-align: center;\">Pomy\u015blnie aktywowa\u0142e\u015b Coinsnap Bitcoin Paywall i mo\u017cesz teraz akceptowa\u0107 Bitcoin Lightning za swoje tre\u015bci.<\/h4>\n<p style=\"text-align: center;\"><a href=\"https:\/\/github.com\/Coinsnap\/Bitcoin-Paywall\" class=\"hb-button special-icon hb-orange hb-large-button\" target=\"_blank\" style=\"-webkit-border-radius: 2px;-moz-border-radius: 2px;border-radius: 2px;\"><i class=\"icon-download-alt\"><\/i>Pobierz teraz!<\/a>\n[\/vc_column_text][vc_empty_space][\/vc_column][\/vc_row][vc_row full_width=&#8221;stretch_row&#8221; fullwidth=&#8221;yes&#8221; css=&#8221;.vc_custom_1732456449457{margin-top: -50px !important;}&#8221; background_color=&#8221;#6393C7&#8243;][vc_column][vc_empty_space height=&#8221;70px&#8221;][vc_column_text css=&#8221;&#8221;]\n<h2 style=\"text-align: center;\"><span style=\"color: #ffffff;\">Konfiguracja Coinsnap Bitcoin Paywall<\/span><\/h2>\n[\/vc_column_text][vc_empty_space height=&#8221;70px&#8221;][\/vc_column][\/vc_row][vc_row][vc_column][vc_empty_space][vc_row_inner][vc_column_inner width=&#8221;1\/2&#8243;][vc_column_text css=&#8221;&#8221;]\n<h3>1. utworzy\u0107 paywall shortcode<\/h3>\n<p>Przejd\u017a do Coinsnap Bitcoin Paywall w panelu bocznym po lewej stronie WordPressa i kliknij Paywall Shortcodes.<\/p>\n<p>Nast\u0119pnie kliknij &#8222;Add New Paywall Shortcode&#8221; u g\u00f3ry.<\/p>\n[\/vc_column_text][\/vc_column_inner][vc_column_inner width=&#8221;1\/2&#8243;][vc_single_image image=&#8221;105&#8243; img_size=&#8221;full&#8221; alignment=&#8221;center&#8221; onclick=&#8221;zoom&#8221; css=&#8221;&#8221;][\/vc_column_inner][\/vc_row_inner][vc_row_inner equal_height=&#8221;yes&#8221; content_placement=&#8221;middle&#8221;][vc_column_inner width=&#8221;1\/2&#8243;][vc_column_text css=&#8221;&#8221;]\n<h3>2. skonfiguruj sw\u00f3j paywall shortcode<\/h3>\n<p>W wy\u015bwietlonym oknie dokonaj nast\u0119puj\u0105cych ustawie\u0144 (patrz pomara\u0144czowe wpisy):[\/vc_column_text][vc_column_text css=&#8221;.vc_custom_1732610210604{padding-left: 20px !important;}&#8221;]\n<ol>\n<li>Najpierw przypisz nazw\u0119, aby p\u00f3\u017aniej wiedzie\u0107, do czego przeznaczony jest kr\u00f3tki kod.<\/li>\n<li>Nast\u0119pnie mo\u017cesz wprowadzi\u0107 kr\u00f3tki opis jako informacje og\u00f3lne dla siebie lub swoich redaktor\u00f3w.<\/li>\n<li>Nast\u0119pnie ustaw tekst przycisku p\u0142atno\u015bci.<\/li>\n<li>Ustal swoj\u0105 cen\u0119!<\/li>\n<li>Wybierz walut\u0119, w kt\u00f3rej ma by\u0107 wy\u015bwietlana cena.<\/li>\n<li>Ustaw czas trwania aktywacji i<\/li>\n<li>wybierz schemat kolor\u00f3w paywalla.<\/li>\n<\/ol>\n[\/vc_column_text][vc_column_text css=&#8221;&#8221;]Teraz mo\u017cesz skopiowa\u0107 kr\u00f3tki kod na dole i u\u017cy\u0107 go w swojej tre\u015bci (patrz poni\u017cej).[\/vc_column_text][\/vc_column_inner][vc_column_inner width=&#8221;1\/2&#8243;][vc_single_image image=&#8221;107&#8243; img_size=&#8221;full&#8221; alignment=&#8221;center&#8221; onclick=&#8221;zoom&#8221; css=&#8221;&#8221;][\/vc_column_inner][\/vc_row_inner][vc_empty_space][\/vc_column][\/vc_row][vc_row full_width=&#8221;stretch_row&#8221; fullwidth=&#8221;yes&#8221; css=&#8221;.vc_custom_1732456449457{margin-top: -50px !important;}&#8221; background_color=&#8221;#6393C7&#8243;][vc_column][vc_empty_space height=&#8221;70px&#8221;][vc_column_text css=&#8221;&#8221;]\n<h2 style=\"text-align: center;\"><span style=\"color: #ffffff;\">Umieszczanie tre\u015bci za paywallem Coinsnap Bitcoin<\/span><\/h2>\n[\/vc_column_text][vc_empty_space height=&#8221;70px&#8221;][\/vc_column][\/vc_row][vc_row][vc_column][vc_empty_space][vc_row_inner][vc_column_inner width=&#8221;1\/2&#8243;][vc_column_text css=&#8221;&#8221;]\n<h3>1. tworzenie tre\u015bci<\/h3>\n<p>Teraz utw\u00f3rz tre\u015b\u0107 jak zwykle w swoim WordPressie, na przyk\u0142ad tekst, jak w tym przyk\u0142adzie.<\/p>\n<p>Gdy tylko uko\u0144czysz artyku\u0142, musisz umie\u015bci\u0107 w\u0142a\u015bnie utworzony shortcode w miejscu, w kt\u00f3rym oczekujesz p\u0142atno\u015bci od czytelnika. Zwykle robi si\u0119 to po akapicie wprowadzaj\u0105cym, patrz po prawej:[\/vc_column_text][\/vc_column_inner][vc_column_inner width=&#8221;1\/2&#8243;][vc_single_image image=&#8221;112&#8243; img_size=&#8221;full&#8221; alignment=&#8221;center&#8221; onclick=&#8221;zoom&#8221; css=&#8221;&#8221;][\/vc_column_inner][\/vc_row_inner][vc_row_inner][vc_column_inner width=&#8221;1\/2&#8243;][vc_column_text css=&#8221;&#8221;]\n<h4>Wskaz\u00f3wka:<\/h4>\n<p>Je\u015bli chcesz umie\u015bci\u0107 paywall przed pobraniem filmu, utw\u00f3rz kr\u00f3tki opis tre\u015bci wideo jako wprowadzenie i umie\u015b\u0107 obok niego obraz ekranu pocz\u0105tkowego filmu.<\/p>\n<p>W ten spos\u00f3b u\u017cytkownicy mog\u0105 zobaczy\u0107, czego mog\u0105 si\u0119 spodziewa\u0107 i dlaczego chc\u0105 zap\u0142aci\u0107 za wideo![\/vc_column_text][\/vc_column_inner][vc_column_inner width=&#8221;1\/2&#8243;][vc_single_image image=&#8221;113&#8243; img_size=&#8221;full&#8221; alignment=&#8221;center&#8221; onclick=&#8221;zoom&#8221; css=&#8221;&#8221;][\/vc_column_inner][\/vc_row_inner][vc_empty_space][\/vc_column][\/vc_row]\n<\/div>","protected":false},"excerpt":{"rendered":"<p>[vc_row full_width=&#8221;stretch_row&#8221; fullwidth=&#8221;yes&#8221; css=&#8221;.vc_custom_1732456449457{margin-top: -50px !important;}&#8221; background_color=&#8221;#6393C7&#8243;][vc_column][vc_empty_space height=&#8221;70px&#8221;][vc_column_text css=&#8221;&#8221;] Zainstaluj i u\u017cywaj Coinsnap Bitcoin Paywall [\/vc_column_text][vc_single_image image=&#8221;33&#8243; img_size=&#8221;full&#8221; alignment=&#8221;center&#8221; css=&#8221;.vc_custom_1732456342416{padding-top: [&hellip;]<\/p>\n","protected":false},"author":1,"featured_media":261,"parent":0,"menu_order":0,"comment_status":"closed","ping_status":"closed","template":"","meta":{"footnotes":""},"class_list":["post-893","page","type-page","status-publish","has-post-thumbnail","hentry"],"_links":{"self":[{"href":"https:\/\/btcpaywall.com\/pl\/wp-json\/wp\/v2\/pages\/893","targetHints":{"allow":["GET"]}}],"collection":[{"href":"https:\/\/btcpaywall.com\/pl\/wp-json\/wp\/v2\/pages"}],"about":[{"href":"https:\/\/btcpaywall.com\/pl\/wp-json\/wp\/v2\/types\/page"}],"author":[{"embeddable":true,"href":"https:\/\/btcpaywall.com\/pl\/wp-json\/wp\/v2\/users\/1"}],"replies":[{"embeddable":true,"href":"https:\/\/btcpaywall.com\/pl\/wp-json\/wp\/v2\/comments?post=893"}],"version-history":[{"count":2,"href":"https:\/\/btcpaywall.com\/pl\/wp-json\/wp\/v2\/pages\/893\/revisions"}],"predecessor-version":[{"id":898,"href":"https:\/\/btcpaywall.com\/pl\/wp-json\/wp\/v2\/pages\/893\/revisions\/898"}],"wp:featuredmedia":[{"embeddable":true,"href":"https:\/\/btcpaywall.com\/pl\/wp-json\/wp\/v2\/media\/261"}],"wp:attachment":[{"href":"https:\/\/btcpaywall.com\/pl\/wp-json\/wp\/v2\/media?parent=893"}],"curies":[{"name":"wp","href":"https:\/\/api.w.org\/{rel}","templated":true}]}}