{"id":911,"date":"2024-11-24T13:44:45","date_gmt":"2024-11-24T13:44:45","guid":{"rendered":"https:\/\/btcpaywall.com\/demo-pay-per-post\/"},"modified":"2025-02-17T22:05:18","modified_gmt":"2025-02-17T22:05:18","slug":"demo-pay-per-post","status":"publish","type":"page","link":"https:\/\/btcpaywall.com\/pl\/demo-pay-per-post\/","title":{"rendered":"Demo pay-per-post"},"content":{"rendered":"<div class=\"wpb-content-wrapper\">[vc_row full_width=&#8221;stretch_row&#8221; fullwidth=&#8221;yes&#8221; background_color=&#8221;#6193C9&#8243; css=&#8221;.vc_custom_1732466484126{margin-top: -50px !important;}&#8221;][vc_column][vc_empty_space height=&#8221;70px&#8221;][vc_column_text css=&#8221;&#8221;]\n<h1 style=\"text-align: center;\"><span style=\"color: #ffffff;\">Demo: Pay-per-Post Bitcoin Paywall<\/span><\/h1>\n[\/vc_column_text][vc_single_image image=&#8221;33&#8243; img_size=&#8221;full&#8221; alignment=&#8221;center&#8221; css=&#8221;.vc_custom_1732466358619{padding-top: -20px !important;}&#8221;][vc_column_text css=&#8221;&#8221;]\n<h3 style=\"text-align: center;\"><span style=\"color: #ffffff;\">Przeczytaj ca\u0142y artyku\u0142 za jedyne 0,10 \u20ac!<\/span><\/h3>\n[\/vc_column_text][vc_empty_space height=&#8221;50px&#8221;][\/vc_column][\/vc_row][vc_row][vc_column][vc_empty_space height=&#8221;70px&#8221;][\/vc_column][\/vc_row][vc_row][vc_column][vc_column_text css=&#8221;&#8221;]\n<h2><b>Dlaczego dostawcy tre\u015bci mog\u0105 zarabia\u0107 pieni\u0105dze za swoj\u0105 prac\u0119 dzi\u0119ki \u015bcianie p\u0142atno\u015bci Bitcoin?<\/b><\/h2>\n[\/vc_column_text][vc_row_inner][vc_column_inner width=&#8221;2\/3&#8243;][vc_column_text css=&#8221;&#8221;]Internet zrewolucjonizowa\u0142 spos\u00f3b, w jaki tre\u015bci s\u0105 udost\u0119pniane i konsumowane. Jednak w \u015bwiecie, w kt\u00f3rym wysokiej jako\u015bci tre\u015bci s\u0105 cz\u0119sto dost\u0119pne za darmo, pojawia si\u0119 kluczowe pytanie dla dostawc\u00f3w tre\u015bci: w jaki spos\u00f3b mo\u017cna uzyska\u0107 uczciwe wynagrodzenie za swoj\u0105 prac\u0119? \u015aciana p\u0142atno\u015bci Bitcoin oferuje innowacyjne i wydajne rozwi\u0105zanie, kt\u00f3re zar\u00f3wno upraszcza monetyzacj\u0119, jak i spe\u0142nia potrzeby u\u017cytkownik\u00f3w.[\/vc_column_text][\/vc_column_inner][vc_column_inner width=&#8221;1\/3&#8243;][vc_single_image image=&#8221;60&#8243; img_size=&#8221;full&#8221; alignment=&#8221;center&#8221; css=&#8221;&#8221;][\/vc_column_inner][\/vc_row_inner][vc_column_text css=&#8221;&#8221;]      <div class=\"paywall light\"\r\n           data-price=\"0.01\"\r\n           data-currency=\"EUR\"\r\n           data-duration=\"24\"\r\n           data-post-id=\"911\">\r\n        <h2>0,01 Euro Pay-per-Article<\/h2>\r\n        <p>Unlock the full article for \u20ac0,01 in Bitcoin (Lightning)<\/p>\r\n        <div class=\"price-display\">\r\n\t\t\t0.01 EUR        <\/div>\r\n        <button class=\"paywall-payment-button\">Pay Now<\/button>\r\n      <\/div>\r\n    <p class=\"restricted light\">\r\n        This content is restricted. Please complete payment to access.    <\/p>\r\n\r\n\t\t<\/div>","protected":false},"excerpt":{"rendered":"<p>[vc_row full_width=&#8221;stretch_row&#8221; fullwidth=&#8221;yes&#8221; background_color=&#8221;#6193C9&#8243; css=&#8221;.vc_custom_1732466484126{margin-top: -50px !important;}&#8221;][vc_column][vc_empty_space height=&#8221;70px&#8221;][vc_column_text css=&#8221;&#8221;] Demo: Pay-per-Post Bitcoin Paywall [\/vc_column_text][vc_single_image image=&#8221;33&#8243; img_size=&#8221;full&#8221; alignment=&#8221;center&#8221; css=&#8221;.vc_custom_1732466358619{padding-top: -20px !important;}&#8221;][vc_column_text [&hellip;]<\/p>\n","protected":false},"author":1,"featured_media":0,"parent":0,"menu_order":0,"comment_status":"closed","ping_status":"closed","template":"","meta":{"footnotes":""},"class_list":["post-911","page","type-page","status-publish","hentry"],"_links":{"self":[{"href":"https:\/\/btcpaywall.com\/pl\/wp-json\/wp\/v2\/pages\/911","targetHints":{"allow":["GET"]}}],"collection":[{"href":"https:\/\/btcpaywall.com\/pl\/wp-json\/wp\/v2\/pages"}],"about":[{"href":"https:\/\/btcpaywall.com\/pl\/wp-json\/wp\/v2\/types\/page"}],"author":[{"embeddable":true,"href":"https:\/\/btcpaywall.com\/pl\/wp-json\/wp\/v2\/users\/1"}],"replies":[{"embeddable":true,"href":"https:\/\/btcpaywall.com\/pl\/wp-json\/wp\/v2\/comments?post=911"}],"version-history":[{"count":4,"href":"https:\/\/btcpaywall.com\/pl\/wp-json\/wp\/v2\/pages\/911\/revisions"}],"predecessor-version":[{"id":929,"href":"https:\/\/btcpaywall.com\/pl\/wp-json\/wp\/v2\/pages\/911\/revisions\/929"}],"wp:attachment":[{"href":"https:\/\/btcpaywall.com\/pl\/wp-json\/wp\/v2\/media?parent=911"}],"curies":[{"name":"wp","href":"https:\/\/api.w.org\/{rel}","templated":true}]}}