{"id":1677,"date":"2025-11-25T12:53:33","date_gmt":"2025-11-25T12:53:33","guid":{"rendered":"https:\/\/btcpaywall.com\/baixar-coinsnap-wordpress-bitcoin-paywall\/"},"modified":"2025-12-13T13:30:25","modified_gmt":"2025-12-13T13:30:25","slug":"baixar-coinsnap-wordpress-bitcoin-paywall","status":"publish","type":"page","link":"https:\/\/btcpaywall.com\/pt-br\/baixar-coinsnap-wordpress-bitcoin-paywall\/","title":{"rendered":"Baixar Coinsnap WordPress Bitcoin Paywall"},"content":{"rendered":"<div class=\"wpb-content-wrapper\">[vc_row full_width=&#8221;stretch_row&#8221; fullwidth=&#8221;yes&#8221; css=&#8221;.vc_custom_1732456449457{margin-top: -50px !important;}&#8221; background_color=&#8221;#6393C7&#8243;][vc_column][vc_empty_space height=&#8221;70px&#8221;][vc_column_text css=&#8221;&#8221;]\n<h1 style=\"text-align: center;\"><span style=\"color: #ffffff;\">Baixar Coinsnap WordPress Bitcoin Paywall<\/span><\/h1>\n[\/vc_column_text][vc_single_image image=&#8221;219&#8243; img_size=&#8221;full&#8221; alignment=&#8221;center&#8221; css=&#8221;.vc_custom_1732456342416{padding-top: -20px !important;}&#8221;][vc_empty_space height=&#8221;70px&#8221;][\/vc_column][\/vc_row][vc_row][vc_column][vc_empty_space height=&#8221;70px&#8221;][vc_column_text css=&#8221;&#8221;]\n<p data-start=\"261\" data-end=\"436\">O plug-in <strong data-start=\"265\" data-end=\"300\">Coinsnap Bitcoin Paywall<\/strong> \u00e9 totalmente gratuito e de c\u00f3digo aberto.<br data-start=\"336\" data-end=\"339\">Voc\u00ea pode baix\u00e1-lo do <strong data-start=\"377\" data-end=\"407\">diret\u00f3rio<\/strong> oficial <strong data-start=\"377\" data-end=\"407\">de plug-ins do WordPress<\/strong> ou diretamente do <strong data-start=\"425\" data-end=\"435\">GitHub<\/strong>.<\/p>\n<p data-start=\"438\" data-end=\"482\">Escolha a op\u00e7\u00e3o que melhor atenda \u00e0s suas necessidades:<\/p>\n[\/vc_column_text][vc_column_text css=&#8221;&#8221;]\n<h2 data-start=\"489\" data-end=\"545\"><strong data-start=\"492\" data-end=\"543\">1. Fa\u00e7a download do diret\u00f3rio de plug-ins do WordPress<\/strong><\/h2>\n[\/vc_column_text][vc_row_inner][vc_column_inner width=&#8221;1\/2&#8243;][vc_column_text css=&#8221;&#8221;]\n<div class=\"markdown-heading\" dir=\"auto\">\n<p data-start=\"546\" data-end=\"574\"><em data-start=\"546\" data-end=\"574\">Recomendado para a maioria dos usu\u00e1rios<\/em><\/p>\n<p data-start=\"576\" data-end=\"693\">O diret\u00f3rio de plug-ins do WordPress \u00e9 a maneira mais f\u00e1cil e conveniente de instalar o plug-in Coinsnap Bitcoin Paywall.<\/p>\n<p data-start=\"695\" data-end=\"810\">\u2714 Sempre a vers\u00e3o est\u00e1vel mais recente<br data-start=\"729\" data-end=\"732\">\u2714 Instala\u00e7\u00e3o com um clique<br data-start=\"756\" data-end=\"759\">\u2714 Atualiza\u00e7\u00f5es autom\u00e1ticas<br data-start=\"778\" data-end=\"781\">\u2714 Verificado pelo WordPress.org<\/p>\n<p data-start=\"812\" data-end=\"908\"><strong data-start=\"812\" data-end=\"908\">Perfeito para criadores, blogueiros e propriet\u00e1rios de sites que desejam uma experi\u00eancia de instala\u00e7\u00e3o perfeita.<\/strong><\/p>\n<p data-start=\"910\" data-end=\"946\">\ud83d\udc49 <a href=\"https:\/\/wordpress.org\/plugins\/coinsnap-paywall\/\" target=\"_blank\" rel=\"noopener\" data-schema-attribute=\"\"><strong data-start=\"913\" data-end=\"946\">Baixar do WordPress.org<\/strong><\/a><\/p>\n<\/div>\n[\/vc_column_text][\/vc_column_inner][vc_column_inner width=&#8221;1\/2&#8243;][vc_single_image image=&#8221;1730&#8243; img_size=&#8221;medium&#8221; alignment=&#8221;center&#8221; onclick=&#8221;custom_link&#8221; img_link_target=&#8221;_blank&#8221; css=&#8221;&#8221; link=&#8221;https:\/\/wordpress.org\/plugins\/coinsnap-paywall\/&#8221;][vc_column_text css=&#8221;&#8221;]Instale o <a href=\"https:\/\/wordpress.org\/plugins\/coinsnap-paywall\/\" target=\"_blank\" rel=\"noopener\" data-schema-attribute=\"\">Coinsnap WordPress Bitcoin Paywall<\/a> do WordPress.org[\/vc_column_text][\/vc_column_inner][\/vc_row_inner][vc_column_text css=&#8221;&#8221;]\n<h2 data-start=\"953\" data-end=\"985\"><strong data-start=\"956\" data-end=\"983\">2. Baixar do GitHub<\/strong><\/h2>\n[\/vc_column_text][vc_row_inner][vc_column_inner width=&#8221;1\/2&#8243;][vc_column_text css=&#8221;&#8221;]\n<div class=\"markdown-heading\" dir=\"auto\">\n<p data-start=\"986\" data-end=\"1026\"><em data-start=\"986\" data-end=\"1026\">Recomendado para desenvolvedores e testadores<\/em><\/p>\n<p data-start=\"1028\" data-end=\"1181\">Se preferir inspecionar o c\u00f3digo, contribuir com o desenvolvimento ou fazer download de vers\u00f5es de pr\u00e9-lan\u00e7amento, voc\u00ea pode acessar o reposit\u00f3rio completo de c\u00f3digo aberto no GitHub.<\/p>\n<p data-start=\"1183\" data-end=\"1274\">\u2714 Acesso ao c\u00f3digo-fonte<br data-start=\"1203\" data-end=\"1206\">\u2714 Filiais de desenvolvimento<br data-start=\"1228\" data-end=\"1231\">\u2714 Rastreamento de problemas<br data-start=\"1247\" data-end=\"1250\">\u2714 Downloads manuais em ZIP<\/p>\n<p data-start=\"1276\" data-end=\"1330\"><strong data-start=\"1276\" data-end=\"1330\">Ideal para desenvolvedores, testadores e usu\u00e1rios avan\u00e7ados.<\/strong><\/p>\n<p data-start=\"1332\" data-end=\"1355\">\ud83d\udc49 <a href=\"https:\/\/github.com\/Coinsnap\/Coinsnap-Paywall\"><strong data-start=\"1335\" data-end=\"1355\">Ver no GitHub<\/strong><\/a><\/p>\n<\/div>\n[\/vc_column_text][\/vc_column_inner][vc_column_inner width=&#8221;1\/2&#8243;][vc_single_image image=&#8221;497&#8243; img_size=&#8221;medium&#8221; alignment=&#8221;center&#8221; onclick=&#8221;custom_link&#8221; css=&#8221;&#8221; link=&#8221;https:\/\/github.com\/Coinsnap\/Coinsnap-Paywall&#8221;][vc_column_text css=&#8221;&#8221;]Primeiro, voc\u00ea faz o download do plugin do <a href=\"https:\/\/github.com\/Coinsnap\/Bitcoin-Paywall\">Github<\/a>.<\/p>\n<p>Em seguida, voc\u00ea deve fazer o upload do ZIP na administra\u00e7\u00e3o de plugins do WordPress:[\/vc_column_text][\/vc_column_inner][\/vc_row_inner][vc_empty_space][\/vc_column][\/vc_row][vc_row][vc_column][vc_column_text css=&#8221;&#8221;]\n<h2 data-start=\"1362\" data-end=\"1394\"><strong data-start=\"1365\" data-end=\"1394\">100% gratuito e de c\u00f3digo aberto<\/strong><\/h2>\n<p data-start=\"1396\" data-end=\"1435\">O Coinsnap Bitcoin Paywall Plugin \u00e9:<\/p>\n[\/vc_column_text][vc_column_text css=&#8221;.vc_custom_1764076422419{margin-left: 50px !important;}&#8221;]\n<ul>\n<li data-start=\"1439\" data-end=\"1452\">Uso gratuito<\/li>\n<li data-start=\"1455\" data-end=\"1486\">C\u00f3digo aberto sob a licen\u00e7a MIT<\/li>\n<li data-start=\"1489\" data-end=\"1514\">N\u00e3o custodial por design<\/li>\n<li data-start=\"1517\" data-end=\"1559\">Compat\u00edvel com o servidor BTCPay e Coinsnap<\/li>\n<li data-start=\"1562\" data-end=\"1617\">Criado para monetiza\u00e7\u00e3o Pay-Per-Article \/ Pay-Per-Post<\/li>\n<\/ul>\n[\/vc_column_text][vc_column_text css=&#8221;&#8221;]Voc\u00ea est\u00e1 livre para us\u00e1-lo, modific\u00e1-lo e integr\u00e1-lo aos seus projetos do WordPress.[\/vc_column_text][\/vc_column][\/vc_row][vc_row][vc_column][vc_column_text css=&#8221;&#8221;]\n<h2 data-start=\"1707\" data-end=\"1739\"><strong data-start=\"1710\" data-end=\"1739\">Instru\u00e7\u00f5es de instala\u00e7\u00e3o<\/strong><\/h2>\n<p data-start=\"1741\" data-end=\"1813\">Se voc\u00ea precisar de ajuda para configurar o plug-in, consulte nosso guia de instala\u00e7\u00e3o completo:<\/p>\n<p data-start=\"1815\" data-end=\"1842\">\ud83d\udc49 <a title=\"Guia de instala\u00e7\u00e3o do Bitcoin Paywall\" href=\"https:\/\/btcpaywall.com\/pt-br\/guia-de-instalacao-e-configuracao-do-bitcoin-paywall\/\" data-schema-attribute=\"\"><strong data-start=\"1818\" data-end=\"1842\">Guia de instala\u00e7\u00e3o<\/strong><\/a><\/p>\n<p data-start=\"1844\" data-end=\"1858\">Isso inclui:<\/p>\n[\/vc_column_text][vc_column_text css=&#8221;.vc_custom_1764076474845{margin-left: 50px !important;}&#8221;]\n<ul>\n<li data-start=\"1862\" data-end=\"1889\">Como instalar o plug-in<\/li>\n<li data-start=\"1892\" data-end=\"1932\">Como conectar seu site \u00e0 Coinsnap<\/li>\n<li data-start=\"1935\" data-end=\"1965\">Como conectar o servidor BTCPay<\/li>\n<li data-start=\"1968\" data-end=\"2012\">Como adicionar o Paywall Block \u00e0s suas postagens<\/li>\n<li data-start=\"2015\" data-end=\"2047\">Como definir seus pre\u00e7os em sats<\/li>\n<\/ul>\n[\/vc_column_text][vc_column_text css=&#8221;&#8221;]\n<h2 data-start=\"2054\" data-end=\"2078\"><strong data-start=\"2057\" data-end=\"2078\">Comece a trabalhar hoje mesmo<\/strong><\/h2>\n<p data-start=\"2080\" data-end=\"2185\">Adicione um paywall Pay-Per-Article com tecnologia Lightning ao seu site WordPress em apenas alguns minutos &#8211; totalmente gratuito.<\/p>\n<p data-start=\"2187\" data-end=\"2261\"><strong data-start=\"2190\" data-end=\"2261\"><a href=\"https:\/\/wordpress.org\/plugins\/coinsnap-paywall\/\" data-schema-attribute=\"\">Baixe o plug-in e comece a monetizar seu conte\u00fado com Bitcoin<\/a>.<\/strong><\/p>\n[\/vc_column_text][\/vc_column][\/vc_row]\n<\/div>","protected":false},"excerpt":{"rendered":"<p>[vc_row full_width=&#8221;stretch_row&#8221; fullwidth=&#8221;yes&#8221; css=&#8221;.vc_custom_1732456449457{margin-top: -50px !important;}&#8221; background_color=&#8221;#6393C7&#8243;][vc_column][vc_empty_space height=&#8221;70px&#8221;][vc_column_text css=&#8221;&#8221;] Baixar Coinsnap WordPress Bitcoin Paywall [\/vc_column_text][vc_single_image image=&#8221;219&#8243; img_size=&#8221;full&#8221; alignment=&#8221;center&#8221; css=&#8221;.vc_custom_1732456342416{padding-top: -20px [&hellip;]<\/p>\n","protected":false},"author":1,"featured_media":1225,"parent":0,"menu_order":0,"comment_status":"closed","ping_status":"closed","template":"","meta":{"footnotes":""},"class_list":["post-1677","page","type-page","status-publish","has-post-thumbnail","hentry"],"_links":{"self":[{"href":"https:\/\/btcpaywall.com\/pt-br\/wp-json\/wp\/v2\/pages\/1677","targetHints":{"allow":["GET"]}}],"collection":[{"href":"https:\/\/btcpaywall.com\/pt-br\/wp-json\/wp\/v2\/pages"}],"about":[{"href":"https:\/\/btcpaywall.com\/pt-br\/wp-json\/wp\/v2\/types\/page"}],"author":[{"embeddable":true,"href":"https:\/\/btcpaywall.com\/pt-br\/wp-json\/wp\/v2\/users\/1"}],"replies":[{"embeddable":true,"href":"https:\/\/btcpaywall.com\/pt-br\/wp-json\/wp\/v2\/comments?post=1677"}],"version-history":[{"count":36,"href":"https:\/\/btcpaywall.com\/pt-br\/wp-json\/wp\/v2\/pages\/1677\/revisions"}],"predecessor-version":[{"id":2475,"href":"https:\/\/btcpaywall.com\/pt-br\/wp-json\/wp\/v2\/pages\/1677\/revisions\/2475"}],"wp:featuredmedia":[{"embeddable":true,"href":"https:\/\/btcpaywall.com\/pt-br\/wp-json\/wp\/v2\/media\/1225"}],"wp:attachment":[{"href":"https:\/\/btcpaywall.com\/pt-br\/wp-json\/wp\/v2\/media?parent=1677"}],"curies":[{"name":"wp","href":"https:\/\/api.w.org\/{rel}","templated":true}]}}