{"id":2210,"date":"2024-11-22T13:39:12","date_gmt":"2024-11-22T13:39:12","guid":{"rendered":"https:\/\/btcpaywall.com\/inicio-2\/"},"modified":"2025-12-13T13:24:51","modified_gmt":"2025-12-13T13:24:51","slug":"inicio-2","status":"publish","type":"page","link":"https:\/\/btcpaywall.com\/pt-br\/","title":{"rendered":"IN\u00cdCIO"},"content":{"rendered":"<div class=\"wpb-content-wrapper\">[vc_row full_width=&#8221;stretch_row&#8221; fullwidth=&#8221;yes&#8221; css=&#8221;.vc_custom_1732456449457{margin-top: -50px !important;}&#8221; background_color=&#8221;#6393C7&#8243;][vc_column][vc_empty_space height=&#8221;70px&#8221;][vc_column_text css=&#8221;&#8221;]\n<h1 style=\"text-align: center;\"><span style=\"color: #ffffff;\"><strong>Monetize seu conte\u00fado do WordPress com o Bitcoin Lightning<\/strong><\/span><\/h1>\n[\/vc_column_text][vc_single_image image=&#8221;219&#8243; img_size=&#8221;full&#8221; alignment=&#8221;center&#8221; css=&#8221;.vc_custom_1732456342416{padding-top: -20px !important;}&#8221;][vc_column_text css=&#8221;&#8221;]\n<h2 style=\"text-align: center;\" data-start=\"530\" data-end=\"594\"><span style=\"color: #ffffff;\"><strong data-start=\"533\" data-end=\"594\">O Paywall Bitcoin do WordPress para conte\u00fado pago por artigo<\/strong><\/span><\/h2>\n[\/vc_column_text][vc_empty_space height=&#8221;70px&#8221;][\/vc_column][\/vc_row][vc_row][vc_column][vc_column_text css=&#8221;&#8221;]O Coinsnap WordPress Bitcoin Paywall \u00e9 o plug-in mais f\u00e1cil e r\u00e1pido para monetiza\u00e7\u00e3o de pagamento por artigo e pagamento por post.<br \/>\nOs leitores pagam com Bitcoin Lightning &#8211; e desbloqueiam posts individuais instantaneamente.<\/p>\n<p style=\"text-align: left;\" data-start=\"595\" data-end=\"677\">Monetize suas publica\u00e7\u00f5es de blog com pagamentos rel\u00e2mpago &#8211; r\u00e1pidos, sem cust\u00f3dia e globais<\/p>\n<p>Gr\u00e1tis. Simples. Voc\u00ea n\u00e3o precisa de contas.[\/vc_column_text][vc_row_inner][vc_column_inner width=&#8221;1\/2&#8243;][vc_btn title=&#8221;Ver demonstra\u00e7\u00e3o ao vivo&#8221; color=&#8221;warning&#8221; align=&#8221;center&#8221; css=&#8221;&#8221; link=&#8221;url:https%3A%2F%2Fbtcpaywall.com%2Fpay-per-article-demo%2F|title:Demonstra%C3%A7%C3%A3o%20de%20pagamento%20por%20artigo|&#8221;][\/vc_column_inner][vc_column_inner width=&#8221;1\/2&#8243;][vc_btn title=&#8221;Fa\u00e7a o download gratuito&#8221; color=&#8221;warning&#8221; align=&#8221;center&#8221; css=&#8221;&#8221; link=&#8221;url:https%3A%2F%2Fbtcpaywall.com%2Fpt-br%2Fbaixar-coinsnap-wordpress-bitcoin-paywall%2F|title:Baixe%20o%20plug-in%20gratuitamente|&#8221;][\/vc_column_inner][\/vc_row_inner][vc_empty_space height=&#8221;70px&#8221;][\/vc_column][\/vc_row][vc_row full_width=&#8221;stretch_row&#8221; fullwidth=&#8221;yes&#8221; css=&#8221;.vc_custom_1732460566869{margin-top: -50px !important;}&#8221; background_color=&#8221;#F7A611&#8243;][vc_column][vc_empty_space height=&#8221;70px&#8221;][vc_column_text css=&#8221;&#8221;]\n<h2 style=\"text-align: center;\"><strong><span style=\"color: #ffffff;\">O que \u00e9 o Paywall de Bitcoin do Coinsnap?<\/span><\/strong><\/h2>\n[\/vc_column_text][vc_single_image image=&#8221;1251&#8243; img_size=&#8221;full&#8221; alignment=&#8221;center&#8221; css=&#8221;&#8221;][vc_empty_space height=&#8221;70px&#8221;][\/vc_column][\/vc_row][vc_row][vc_column][vc_empty_space height=&#8221;70px&#8221;][vc_row_inner][vc_column_inner width=&#8221;1\/2&#8243;][vc_column_text css=&#8221;&#8221;]\n<p data-start=\"992\" data-end=\"1166\">O <strong data-start=\"959\" data-end=\"987\">Coinsnap Bitcoin Paywall<\/strong> \u00e9 um plug-in gratuito para WordPress que permite que voc\u00ea bloqueie postagens individuais ou blocos de conte\u00fado selecionados por meio de um pagamento <strong data-start=\"1087\" data-end=\"1124\">Bitcoin Lightning Pay-Per-Article<\/strong>.<\/p>\n[\/vc_column_text][vc_column_text css=&#8221;.vc_custom_1764064054458{margin-left: 50px !important;}&#8221;]\ud83d\udd38 <strong data-start=\"1138\" data-end=\"1157\">Pay-Per-Article<\/strong> &#8211; os leitores pagam por publica\u00e7\u00e3o<br data-start=\"1180\" data-end=\"1183\">\ud83d\udd38 <strong data-start=\"1186\" data-end=\"1202\">Pay-Per-Post<\/strong> &#8211; ideal para blogs, revistas e tutoriais<br data-start=\"1243\" data-end=\"1246\">\ud83d\udd38 <strong data-start=\"1249\" data-end=\"1271\">Lightning Payments<\/strong> &#8211; ultrarr\u00e1pido e perfeito para micropagamentos[\/vc_column_text][\/vc_column_inner][vc_column_inner width=&#8221;1\/2&#8243;][vc_single_image image=&#8221;2116&#8243; img_size=&#8221;full&#8221; alignment=&#8221;center&#8221; onclick=&#8221;custom_link&#8221; css=&#8221;&#8221; link=&#8221;https:\/\/wordpress.org\/plugins\/coinsnap-paywall\/&#8221;][\/vc_column_inner][\/vc_row_inner][vc_column_text css=&#8221;&#8221;]Quando o pagamento \u00e9 conclu\u00eddo, o conte\u00fado \u00e9 desbloqueado automaticamente &#8211; sem contas, sem assinaturas, sem atritos.[\/vc_column_text][vc_empty_space height=&#8221;50px&#8221;][\/vc_column][\/vc_row][vc_row full_width=&#8221;stretch_row&#8221; fullwidth=&#8221;yes&#8221; css=&#8221;.vc_custom_1732460566869{margin-top: -50px !important;}&#8221; background_color=&#8221;#F7A611&#8243;][vc_column][vc_empty_space height=&#8221;70px&#8221;][vc_column_text css=&#8221;&#8221;]\n<h2 style=\"text-align: center;\"><strong><span style=\"color: #ffffff;\">Por que pagar por artigo?<\/span><\/strong><\/h2>\n[\/vc_column_text][vc_single_image image=&#8221;1126&#8243; img_size=&#8221;full&#8221; alignment=&#8221;center&#8221; css=&#8221;&#8221;][vc_empty_space height=&#8221;70px&#8221;][\/vc_column][\/vc_row][vc_row][vc_column][vc_empty_space height=&#8221;70px&#8221;][vc_column_text css=&#8221;&#8221;]\n<h3 data-start=\"1461\" data-end=\"1504\">1. Ganhe Sats com postagens individuais<\/h3>\n<p data-start=\"1505\" data-end=\"1572\">Monetize artigos, insights de especialistas, tutoriais e conte\u00fado premium.<\/p>\n<h3 data-start=\"1574\" data-end=\"1610\">2. N\u00e3o h\u00e1 necessidade de assinatura<\/h3>\n<p data-start=\"1611\" data-end=\"1657\">Os leitores pagam apenas pelo que desejam acessar.<\/p>\n[\/vc_column_text][vc_column_text css=&#8221;&#8221;]\n<h3 data-start=\"1659\" data-end=\"1702\">3. Pagamentos em Bitcoin extremamente r\u00e1pidos<\/h3>\n<p data-start=\"1703\" data-end=\"1760\">Otimizado para micropagamentos de Bitcoin: r\u00e1pido, barato e global.<\/p>\n<h3 data-start=\"1762\" data-end=\"1800\">4. 100% de pagamentos sem cust\u00f3dia<\/h3>\n[\/vc_column_text][vc_column_text css=&#8221;.vc_custom_1764064356653{margin-left: 50px !important;}&#8221;]\n<ul data-start=\"1801\" data-end=\"1920\">\n<li data-start=\"1801\" data-end=\"1857\">\n<p data-start=\"1803\" data-end=\"1857\">Lightning \u2192 pago diretamente em <em data-start=\"1832\" data-end=\"1838\">sua<\/em> carteira Lightning<\/p>\n<\/li>\n<li data-start=\"1858\" data-end=\"1920\">\n<p data-start=\"1860\" data-end=\"1920\">On-Chain \u2192 pago diretamente em <em data-start=\"1888\" data-end=\"1894\">sua<\/em> carteira de Bitcoin via xPub<\/p>\n<\/li>\n<\/ul>\n[\/vc_column_text][vc_column_text css=&#8221;&#8221;]\n<p data-start=\"1922\" data-end=\"1993\">A Coinsnap nunca ret\u00e9m fundos do comerciante &#8211; o servidor BTCPay \u00e9 totalmente soberano.<\/p>\n<h3 data-start=\"1995\" data-end=\"2033\">5. F\u00e1cil integra\u00e7\u00e3o com o WordPress<\/h3>\n<p data-start=\"2034\" data-end=\"2094\">Funciona com qualquer tema do WordPress que use Gutenberg ou shortcode.<\/p>\n<h3 data-start=\"2096\" data-end=\"2134\">6. Amig\u00e1vel \u00e0 privacidade por design<\/h3>\n<p data-start=\"2135\" data-end=\"2266\">Usa um \u00fanico cookie <em data-start=\"2149\" data-end=\"2172\">tecnicamente necess\u00e1rio<\/em> para que os usu\u00e1rios que retornam mantenham o acesso.<br data-start=\"2211\" data-end=\"2214\">Sem cookies de rastreamento. Nenhuma an\u00e1lise. Sem dados pessoais.  <\/p>\n[\/vc_column_text][vc_empty_space height=&#8221;70px&#8221;][\/vc_column][\/vc_row][vc_row full_width=&#8221;stretch_row&#8221; fullwidth=&#8221;yes&#8221; css=&#8221;.vc_custom_1732460566869{margin-top: -50px !important;}&#8221; background_color=&#8221;#F7A611&#8243;][vc_column][vc_empty_space height=&#8221;70px&#8221;][vc_column_text css=&#8221;&#8221;]\n<h2 style=\"text-align: center;\"><strong><span style=\"color: #ffffff;\">Como funciona<\/span><\/strong><\/h2>\n[\/vc_column_text][vc_single_image image=&#8221;1144&#8243; img_size=&#8221;full&#8221; alignment=&#8221;center&#8221; css=&#8221;&#8221;][vc_empty_space height=&#8221;50px&#8221;][\/vc_column][\/vc_row][vc_row][vc_column][vc_empty_space height=&#8221;50px&#8221;][vc_column_text css=&#8221;&#8221;]\n<h3 data-start=\"2293\" data-end=\"2328\">1. Instale o plug-in gratuito<\/h3>\n<p data-start=\"2329\" data-end=\"2367\">Dispon\u00edvel em WordPress.org e GitHub.<\/p>\n<h3 data-start=\"2369\" data-end=\"2408\">2. Escolha seu gateway de pagamento<\/h3>\n[\/vc_column_text][vc_column_text css=&#8221;.vc_custom_1764064458596{margin-left: 50px !important;}&#8221;]\n<p data-start=\"1803\" data-end=\"1857\"><strong data-start=\"2411\" data-end=\"2423\">Coinsnap<\/strong> (Lightning e Bitcoin sem cust\u00f3dia, sem necessidade de n\u00f3)<br data-start=\"2475\" data-end=\"2478\">\u2714 <strong data-start=\"2480\" data-end=\"2497\">BTCPay Server<\/strong> (auto-hospedado, soberania total do Bitcoin)<\/p>\n[\/vc_column_text][vc_column_text css=&#8221;&#8221;]\n<h3 data-start=\"2539\" data-end=\"2571\">3. Proteja seu conte\u00fado<\/h3>\n<p data-start=\"2572\" data-end=\"2637\">Adicione o Paywall Block \u00e0 postagem ou envolva o conte\u00fado em um shortcode.<\/p>\n<h3 data-start=\"2639\" data-end=\"2662\">4. Definir um pre\u00e7o<\/h3>\n<p data-start=\"2663\" data-end=\"2697\">Defina seu pre\u00e7o em sats ou fiat.<\/p>\n<h3 data-start=\"2699\" data-end=\"2745\">5. Pagamento rel\u00e2mpago \u2192 Desbloqueio instant\u00e2neo<\/h3>\n<p data-start=\"2746\" data-end=\"2805\">Ap\u00f3s o pagamento do Lightning, a postagem completa fica vis\u00edvel.<\/p>\n[\/vc_column_text][vc_btn title=&#8221;Ver demonstra\u00e7\u00e3o ao vivo&#8221; color=&#8221;warning&#8221; align=&#8221;center&#8221; css=&#8221;&#8221; link=&#8221;url:https%3A%2F%2Fbtcpaywall.com%2Fpay-per-article-demo%2F|title:Demonstra%C3%A7%C3%A3o%20de%20pagamento%20por%20artigo|&#8221;][vc_empty_space height=&#8221;70px&#8221;][\/vc_column][\/vc_row][vc_row full_width=&#8221;stretch_row&#8221; fullwidth=&#8221;yes&#8221; css=&#8221;.vc_custom_1732460566869{margin-top: -50px !important;}&#8221; background_color=&#8221;#F7A611&#8243;][vc_column][vc_empty_space height=&#8221;70px&#8221;][vc_column_text css=&#8221;&#8221;]\n<h2 style=\"text-align: center;\"><strong><span style=\"color: #ffffff;\">Principais recursos<\/span><\/strong><\/h2>\n[\/vc_column_text][vc_single_image image=&#8221;1156&#8243; img_size=&#8221;full&#8221; alignment=&#8221;center&#8221; css=&#8221;&#8221;][vc_empty_space height=&#8221;50px&#8221;][\/vc_column][\/vc_row][vc_row][vc_column][vc_empty_space height=&#8221;50px&#8221;][vc_column_text css=&#8221;.vc_custom_1764082758980{margin-left: 50px !important;}&#8221;]\n<p data-start=\"2866\" data-end=\"2917\">Monetiza\u00e7\u00e3o de pagamento por artigo \/ pagamento por postagem<\/p>\n<p data-start=\"2920\" data-end=\"2954\">Pagamentos rel\u00e2mpago de Bitcoin<\/p>\n<p data-start=\"2957\" data-end=\"2998\">Suporte a Bitcoin na cadeia via xPub<\/p>\n<p data-start=\"3001\" data-end=\"3036\">Pagamentos totalmente sem cust\u00f3dia<\/p>\n<p data-start=\"3039\" data-end=\"3082\">Compat\u00edvel com servidor BTCPay e Coinsnap<\/p>\n<p data-start=\"3085\" data-end=\"3120\">Bloco de Gutenberg + c\u00f3digo curto<\/p>\n<p data-start=\"3123\" data-end=\"3170\">Apenas um cookie essencial (sem rastreamento)<\/p>\n<p data-start=\"3173\" data-end=\"3207\">Plugin para WordPress 100% gratuito<\/p>\n<p data-start=\"3210\" data-end=\"3232\">Configura\u00e7\u00e3o em minutos<\/p>\n[\/vc_column_text][vc_empty_space height=&#8221;50px&#8221;][\/vc_column][\/vc_row][vc_row full_width=&#8221;stretch_row&#8221; fullwidth=&#8221;yes&#8221; css=&#8221;.vc_custom_1732460566869{margin-top: -50px !important;}&#8221; background_color=&#8221;#F7A611&#8243;][vc_column][vc_empty_space height=&#8221;70px&#8221;][vc_column_text css=&#8221;&#8221;]\n<h2 style=\"text-align: center;\"><strong><span style=\"color: #ffffff;\">Compat\u00edvel com o servidor BTCPay e Coinsnap<\/span><\/strong><\/h2>\n[\/vc_column_text][vc_single_image image=&#8221;1201&#8243; img_size=&#8221;full&#8221; alignment=&#8221;center&#8221; css=&#8221;&#8221;][vc_empty_space height=&#8221;50px&#8221;][\/vc_column][\/vc_row][vc_row][vc_column][vc_empty_space height=&#8221;50px&#8221;][vc_column_text css=&#8221;&#8221;]\n<h3>Servidor BTCPay<\/h3>\n[\/vc_column_text][vc_row_inner][vc_column_inner width=&#8221;1\/2&#8243;][vc_column_text css=&#8221;.vc_custom_1764064646455{margin-left: 50px !important;}&#8221;]\n<ul>\n<li data-start=\"3332\" data-end=\"3365\">Bitcoin auto-hospedado e Lightning<\/li>\n<li data-start=\"3368\" data-end=\"3390\">Seu n\u00f3, suas chaves<\/li>\n<li data-start=\"3393\" data-end=\"3426\">M\u00e1xima soberania e privacidade<\/li>\n<\/ul>\n[\/vc_column_text][\/vc_column_inner][vc_column_inner width=&#8221;1\/2&#8243;][vc_single_image image=&#8221;1189&#8243; img_size=&#8221;medium&#8221; alignment=&#8221;center&#8221; onclick=&#8221;custom_link&#8221; img_link_target=&#8221;_blank&#8221; css=&#8221;&#8221; link=&#8221;https:\/\/btcpayserver.org&#8221;][\/vc_column_inner][\/vc_row_inner][vc_column_text css=&#8221;&#8221;]Perfeito para desenvolvedores e usu\u00e1rios t\u00e9cnicos.[\/vc_column_text][\/vc_column][\/vc_row][vc_row][vc_column][vc_column_text css=&#8221;&#8221;]\n<h3>Coinsnap<\/h3>\n[\/vc_column_text][vc_row_inner][vc_column_inner width=&#8221;1\/2&#8243;][vc_column_text css=&#8221;.vc_custom_1764064743090{margin-left: 50px !important;}&#8221;]\n<ul>\n<li data-start=\"3545\" data-end=\"3601\">Pagamentos Lightning \u2192 diretamente em sua carteira Lightning<\/li>\n<li data-start=\"3604\" data-end=\"3657\">Bitcoin on-chain \u2192 diretamente para sua carteira via xPub<\/li>\n<li data-start=\"3660\" data-end=\"3682\">N\u00e3o \u00e9 necess\u00e1rio um n\u00f3 pr\u00f3prio<\/li>\n<li data-start=\"3685\" data-end=\"3750\">Configura\u00e7\u00e3o f\u00e1cil para criadores, blogueiros, revistas e pequenas empresas<\/li>\n<\/ul>\n[\/vc_column_text][\/vc_column_inner][vc_column_inner width=&#8221;1\/2&#8243;][vc_single_image image=&#8221;1178&#8243; img_size=&#8221;medium&#8221; alignment=&#8221;center&#8221; onclick=&#8221;custom_link&#8221; img_link_target=&#8221;_blank&#8221; css=&#8221;&#8221; link=&#8221;https:\/\/coinsnap.io&#8221;][\/vc_column_inner][\/vc_row_inner][vc_column_text css=&#8221;&#8221;]O Coinsnap nunca armazena Bitcoin &#8211; todos os pagamentos v\u00e3o diretamente para o comerciante.[\/vc_column_text][vc_empty_space height=&#8221;50px&#8221;][\/vc_column][\/vc_row][vc_row full_width=&#8221;stretch_row&#8221; fullwidth=&#8221;yes&#8221; css=&#8221;.vc_custom_1732460566869{margin-top: -50px !important;}&#8221; background_color=&#8221;#F7A611&#8243;][vc_column][vc_empty_space height=&#8221;70px&#8221;][vc_column_text css=&#8221;&#8221;]\n<h2 style=\"text-align: center;\"><span style=\"color: #ffffff;\"><strong>Experimente a demonstra\u00e7\u00e3o do Pay-Per-Article<\/strong><\/span><\/h2>\n[\/vc_column_text][vc_single_image image=&#8221;1213&#8243; img_size=&#8221;full&#8221; alignment=&#8221;center&#8221; css=&#8221;&#8221;][vc_empty_space height=&#8221;50px&#8221;][\/vc_column][\/vc_row][vc_row][vc_column][vc_empty_space height=&#8221;50px&#8221;][vc_column_text css=&#8221;&#8221;]Veja exatamente o que seus leitores experimentar\u00e3o.<br data-start=\"3913\" data-end=\"3916\">Teste o Lightning Paywall em tempo real.[\/vc_column_text][vc_btn title=&#8221;Ver demonstra\u00e7\u00e3o ao vivo&#8221; color=&#8221;warning&#8221; align=&#8221;center&#8221; css=&#8221;&#8221; link=&#8221;url:https%3A%2F%2Fbtcpaywall.com%2Fpay-per-article-demo%2F|title:Demonstra%C3%A7%C3%A3o%20de%20pagamento%20por%20artigo|&#8221;][vc_empty_space height=&#8221;50px&#8221;][\/vc_column][\/vc_row][vc_row full_width=&#8221;stretch_row&#8221; fullwidth=&#8221;yes&#8221; css=&#8221;.vc_custom_1732460566869{margin-top: -50px !important;}&#8221; background_color=&#8221;#F7A611&#8243;][vc_column][vc_empty_space height=&#8221;70px&#8221;][vc_column_text css=&#8221;&#8221;]\n<h2 style=\"text-align: center;\"><span style=\"color: #ffffff;\"><strong>Fa\u00e7a o download do plug-in<\/strong><\/span><\/h2>\n[\/vc_column_text][vc_single_image image=&#8221;1225&#8243; img_size=&#8221;full&#8221; alignment=&#8221;center&#8221; css=&#8221;&#8221;][vc_empty_space height=&#8221;50px&#8221;][\/vc_column][\/vc_row][vc_row][vc_column][vc_empty_space height=&#8221;50px&#8221;][vc_column_text css=&#8221;&#8221;]O Bitcoin Paywall Plugin \u00e9 <strong data-start=\"4046\" data-end=\"4065\">totalmente gratuito<\/strong> e de c\u00f3digo aberto.[\/vc_column_text][vc_column_text css=&#8221;.vc_custom_1764065216710{margin-left: 50px !important;}&#8221;]<strong data-start=\"4087\" data-end=\"4117\">Diret\u00f3rio de plug-ins do WordPress<\/strong> &#8211; vers\u00f5es est\u00e1veis<br data-start=\"4135\" data-end=\"4138\">\ud83d\udd17 <strong data-start=\"4141\" data-end=\"4162\">Reposit\u00f3rio GitHub<\/strong> &#8211; desenvolvimento e vers\u00f5es iniciais[\/vc_column_text][vc_row_inner][vc_column_inner width=&#8221;1\/2&#8243;][vc_btn title=&#8221;Fa\u00e7a o download no WordPress.org&#8221; color=&#8221;warning&#8221; align=&#8221;center&#8221; css=&#8221;&#8221; link=&#8221;url:https%3A%2F%2Fwordpress.org%2Fplugins%2Fcoinsnap-paywall%2F|title:Paywall%20de%20Bitcoin%20do%20WordPress|target:_blank|&#8221;][\/vc_column_inner][vc_column_inner width=&#8221;1\/2&#8243;][vc_btn title=&#8221;Exibir no GitHub&#8221; color=&#8221;warning&#8221; align=&#8221;center&#8221; css=&#8221;&#8221; link=&#8221;url:https%3A%2F%2Fgithub.com%2FCoinsnap%2FCoinsnap-Paywall|title:Bitcoin%20Paywall%20GitHub|target:_blank|&#8221;][\/vc_column_inner][\/vc_row_inner][vc_empty_space height=&#8221;50px&#8221;][\/vc_column][\/vc_row][vc_row full_width=&#8221;stretch_row&#8221; fullwidth=&#8221;yes&#8221; css=&#8221;.vc_custom_1732460566869{margin-top: -50px !important;}&#8221; background_color=&#8221;#F7A611&#8243;][vc_column][vc_empty_space height=&#8221;70px&#8221;][vc_column_text css=&#8221;&#8221;]\n<h2 style=\"text-align: center;\"><span style=\"color: #ffffff;\"><strong>Blog: Saiba mais sobre Pay-Per-Use e Bitcoin Paywalls<\/strong><\/span><\/h2>\n[\/vc_column_text][vc_single_image image=&#8221;1237&#8243; img_size=&#8221;full&#8221; alignment=&#8221;center&#8221; css=&#8221;&#8221;][vc_empty_space height=&#8221;50px&#8221;][\/vc_column][\/vc_row][vc_row][vc_column][vc_column_text css=&#8221;&#8221;]\n<p data-start=\"4317\" data-end=\"4442\">Explore tutoriais, artigos e insights sobre Bitcoin Paywalls, micropagamentos Lightning e monetiza\u00e7\u00e3o Pay-Per-Article.<\/p>\n[\/vc_column_text][vc_btn title=&#8221;Visite o blog&#8221; color=&#8221;warning&#8221; align=&#8221;center&#8221; css=&#8221;&#8221; link=&#8221;url:https%3A%2F%2Fbtcpaywall.com%2Fpt-br%2Fblog%2F|title:Blog%20da%20BTCPaywall|&#8221;][\/vc_column][\/vc_row]\n<\/div>","protected":false},"excerpt":{"rendered":"<p>[vc_row full_width=&#8221;stretch_row&#8221; fullwidth=&#8221;yes&#8221; css=&#8221;.vc_custom_1732456449457{margin-top: -50px !important;}&#8221; background_color=&#8221;#6393C7&#8243;][vc_column][vc_empty_space height=&#8221;70px&#8221;][vc_column_text css=&#8221;&#8221;] Monetize seu conte\u00fado do WordPress com o Bitcoin Lightning [\/vc_column_text][vc_single_image image=&#8221;219&#8243; [&hellip;]<\/p>\n","protected":false},"author":1,"featured_media":1113,"parent":0,"menu_order":0,"comment_status":"closed","ping_status":"closed","template":"","meta":{"footnotes":""},"class_list":["post-2210","page","type-page","status-publish","has-post-thumbnail","hentry"],"_links":{"self":[{"href":"https:\/\/btcpaywall.com\/pt-br\/wp-json\/wp\/v2\/pages\/2210","targetHints":{"allow":["GET"]}}],"collection":[{"href":"https:\/\/btcpaywall.com\/pt-br\/wp-json\/wp\/v2\/pages"}],"about":[{"href":"https:\/\/btcpaywall.com\/pt-br\/wp-json\/wp\/v2\/types\/page"}],"author":[{"embeddable":true,"href":"https:\/\/btcpaywall.com\/pt-br\/wp-json\/wp\/v2\/users\/1"}],"replies":[{"embeddable":true,"href":"https:\/\/btcpaywall.com\/pt-br\/wp-json\/wp\/v2\/comments?post=2210"}],"version-history":[{"count":3,"href":"https:\/\/btcpaywall.com\/pt-br\/wp-json\/wp\/v2\/pages\/2210\/revisions"}],"predecessor-version":[{"id":2225,"href":"https:\/\/btcpaywall.com\/pt-br\/wp-json\/wp\/v2\/pages\/2210\/revisions\/2225"}],"wp:featuredmedia":[{"embeddable":true,"href":"https:\/\/btcpaywall.com\/pt-br\/wp-json\/wp\/v2\/media\/1113"}],"wp:attachment":[{"href":"https:\/\/btcpaywall.com\/pt-br\/wp-json\/wp\/v2\/media?parent=2210"}],"curies":[{"name":"wp","href":"https:\/\/api.w.org\/{rel}","templated":true}]}}