{"id":2360,"date":"2024-11-24T13:44:45","date_gmt":"2024-11-24T13:44:45","guid":{"rendered":"https:\/\/btcpaywall.com\/demonstracao-de-pagamento-por-artigo\/"},"modified":"2025-12-13T13:29:27","modified_gmt":"2025-12-13T13:29:27","slug":"demonstracao-de-pagamento-por-artigo","status":"publish","type":"page","link":"https:\/\/btcpaywall.com\/pt-br\/demonstracao-de-pagamento-por-artigo\/","title":{"rendered":"Demonstra\u00e7\u00e3o de pagamento por artigo"},"content":{"rendered":"<div class=\"wpb-content-wrapper\">[vc_row full_width=&#8221;stretch_row&#8221; fullwidth=&#8221;yes&#8221; background_color=&#8221;#6193C9&#8243; css=&#8221;.vc_custom_1732466484126{margin-top: -50px !important;}&#8221;][vc_column][vc_empty_space height=&#8221;70px&#8221;][vc_column_text css=&#8221;&#8221;]\n<h1 style=\"text-align: center;\"><span style=\"color: #ffffff;\"><strong>Demonstra\u00e7\u00e3o de pagamento por artigo<\/strong><\/span><\/h1>\n[\/vc_column_text][vc_single_image image=&#8221;219&#8243; img_size=&#8221;full&#8221; alignment=&#8221;center&#8221; css=&#8221;.vc_custom_1732466358619{padding-top: -20px !important;}&#8221;][vc_empty_space height=&#8221;50px&#8221;][\/vc_column][\/vc_row][vc_row][vc_column][vc_empty_space height=&#8221;70px&#8221;][\/vc_column][\/vc_row][vc_row][vc_column][vc_column_text css=&#8221;&#8221;]\n<h2><strong>Por que o pagamento por artigo \u00e9 um divisor de \u00e1guas para os criadores de conte\u00fado<\/strong><\/h2>\n[\/vc_column_text][vc_row_inner][vc_column_inner width=&#8221;2\/3&#8243;][vc_column_text css=&#8221;&#8221;]\n<p data-start=\"436\" data-end=\"732\">Cada vez mais criadores e blogueiros independentes est\u00e3o procurando maneiras de monetizar seu trabalho sem depender de an\u00fancios, pop-ups intrusivos, algoritmos ou modelos de assinatura de longo prazo. Gra\u00e7as aos pagamentos Bitcoin Lightning, est\u00e1 surgindo uma forma completamente nova de monetiza\u00e7\u00e3o on-line: <strong data-start=\"712\" data-end=\"731\">Pay-Per-Article<\/strong>. <\/p>\n<p data-start=\"734\" data-end=\"954\">Em vez de vender acesso por meio de assinaturas mensais ou coletar dados de usu\u00e1rios, os leitores podem simplesmente pagar <strong data-start=\"838\" data-end=\"865\">pequenas quantias em Bitcoin<\/strong> para desbloquear artigos individuais &#8211; instantaneamente, anonimamente e sem criar uma conta.<\/p>\n<p data-start=\"956\" data-end=\"1083\">Voc\u00ea descobrir\u00e1 no artigo completo por que esse modelo \u00e9 t\u00e3o poderoso para criadores independentes, educadores e jornalistas.<\/p>\n[\/vc_column_text][\/vc_column_inner][vc_column_inner width=&#8221;1\/3&#8243;][vc_single_image image=&#8221;1213&#8243; img_size=&#8221;full&#8221; alignment=&#8221;center&#8221; css=&#8221;&#8221;][\/vc_column_inner][\/vc_row_inner][\/vc_column][\/vc_row][vc_row css=&#8221;.vc_custom_1764072915983{border-top-width: 5px !important;background-color: #FFFFFF !important;border-color: #DD3333 !important;}&#8221;][vc_column][vc_column_text css=&#8221;&#8221;]\n<p data-start=\"1148\" data-end=\"1320\"><strong data-start=\"1151\" data-end=\"1181\">Este \u00e9 um artigo premium.<\/strong><br data-start=\"1181\" data-end=\"1184\">Desbloqueie a publica\u00e7\u00e3o completa por <strong data-start=\"1209\" data-end=\"1247\">1 centavo de euro em Bitcoin (Lightning)<\/strong> e apoie conte\u00fado independente sem an\u00fancios, assinaturas ou rastreamento.<\/p>\n<p data-start=\"1322\" data-end=\"1376\"><em data-start=\"1325\" data-end=\"1376\">Pagamento com Lightning &#8211; acesso instant\u00e2neo ap\u00f3s o pagamento<\/em><\/p>\n[\/vc_column_text][vc_column_text css=&#8221;.vc_custom_1764072951373{border-color: #DD9933 !important;}&#8221;]\n<p style=\"text-align: center;\">      <div class=\"paywall light\"\r\n           data-price=\"0.01\"\r\n           data-currency=\"EUR\"\r\n           data-duration=\"24\"\r\n           data-post-id=\"2360\">\r\n        <h2>0,01 Euro Pay-per-Article<\/h2>\r\n        <p>Unlock the full article for \u20ac0,01 in Bitcoin (Lightning)<\/p>\r\n        <div class=\"price-display\">\r\n\t\t\t0.01 EUR        <\/div>\r\n        <button class=\"paywall-payment-button\">Pay Now<\/button>\r\n      <\/div>\r\n    <p class=\"restricted light\">\r\n        This content is restricted. Please complete payment to access.    <\/p>\r\n\r\n\t\t<\/div>","protected":false},"excerpt":{"rendered":"<p>[vc_row full_width=&#8221;stretch_row&#8221; fullwidth=&#8221;yes&#8221; background_color=&#8221;#6193C9&#8243; css=&#8221;.vc_custom_1732466484126{margin-top: -50px !important;}&#8221;][vc_column][vc_empty_space height=&#8221;70px&#8221;][vc_column_text css=&#8221;&#8221;] Demonstra\u00e7\u00e3o de pagamento por artigo [\/vc_column_text][vc_single_image image=&#8221;219&#8243; img_size=&#8221;full&#8221; alignment=&#8221;center&#8221; css=&#8221;.vc_custom_1732466358619{padding-top: -20px [&hellip;]<\/p>\n","protected":false},"author":1,"featured_media":0,"parent":0,"menu_order":0,"comment_status":"closed","ping_status":"closed","template":"","meta":{"footnotes":""},"class_list":["post-2360","page","type-page","status-publish","hentry"],"_links":{"self":[{"href":"https:\/\/btcpaywall.com\/pt-br\/wp-json\/wp\/v2\/pages\/2360","targetHints":{"allow":["GET"]}}],"collection":[{"href":"https:\/\/btcpaywall.com\/pt-br\/wp-json\/wp\/v2\/pages"}],"about":[{"href":"https:\/\/btcpaywall.com\/pt-br\/wp-json\/wp\/v2\/types\/page"}],"author":[{"embeddable":true,"href":"https:\/\/btcpaywall.com\/pt-br\/wp-json\/wp\/v2\/users\/1"}],"replies":[{"embeddable":true,"href":"https:\/\/btcpaywall.com\/pt-br\/wp-json\/wp\/v2\/comments?post=2360"}],"version-history":[{"count":3,"href":"https:\/\/btcpaywall.com\/pt-br\/wp-json\/wp\/v2\/pages\/2360\/revisions"}],"predecessor-version":[{"id":2375,"href":"https:\/\/btcpaywall.com\/pt-br\/wp-json\/wp\/v2\/pages\/2360\/revisions\/2375"}],"wp:attachment":[{"href":"https:\/\/btcpaywall.com\/pt-br\/wp-json\/wp\/v2\/media?parent=2360"}],"curies":[{"name":"wp","href":"https:\/\/api.w.org\/{rel}","templated":true}]}}