{"id":693,"date":"2024-11-24T13:46:14","date_gmt":"2024-11-24T13:46:14","guid":{"rendered":"https:\/\/btcpaywall.com\/demo-pay-per-view\/"},"modified":"2025-02-17T22:04:31","modified_gmt":"2025-02-17T22:04:31","slug":"demo-pay-per-view","status":"publish","type":"page","link":"https:\/\/btcpaywall.com\/pt-br\/demo-pay-per-view\/","title":{"rendered":"Demo pay-per-view"},"content":{"rendered":"<div class=\"wpb-content-wrapper\">[vc_row full_width=&#8221;stretch_row&#8221; fullwidth=&#8221;yes&#8221; background_color=&#8221;#6193C9&#8243; css=&#8221;.vc_custom_1732466484126{margin-top: -50px !important;}&#8221;][vc_column][vc_empty_space height=&#8221;70px&#8221;][vc_column_text css=&#8221;&#8221;]\n<h1 style=\"text-align: center;\"><span style=\"color: #ffffff;\">Demonstra\u00e7\u00e3o: Pay-per-View Bitcoin Paywall<\/span><\/h1>\n[\/vc_column_text][vc_single_image image=&#8221;33&#8243; img_size=&#8221;full&#8221; alignment=&#8221;center&#8221; css=&#8221;.vc_custom_1732466358619{padding-top: -20px !important;}&#8221;][vc_column_text css=&#8221;&#8221;]\n<h3 style=\"text-align: center;\"><span style=\"color: #ffffff;\">Assista ao v\u00eddeo por apenas \u20ac 0,10!<\/span><\/h3>\n[\/vc_column_text][vc_empty_space height=&#8221;50px&#8221;][\/vc_column][\/vc_row][vc_row][vc_column][vc_empty_space height=&#8221;70px&#8221;][\/vc_column][\/vc_row][vc_row][vc_column][vc_column_text css=&#8221;&#8221;]\n<h2>Como blogueiros e produtores de v\u00eddeo podem ganhar dinheiro com o Coinsnap Bitcoin Payment Wall<\/h2>\n[\/vc_column_text][vc_row_inner][vc_column_inner width=&#8221;2\/3&#8243;][vc_column_text css=&#8221;&#8221;]O mundo dos produtores de v\u00eddeo e influenciadores oferece in\u00fameras oportunidades de criar conte\u00fado e atingir um grande p\u00fablico. No entanto, esse sucesso muitas vezes s\u00f3 pode ser monetizado por meio de canais limitados, como receita de publicidade, coloca\u00e7\u00e3o de produtos ou assinaturas. O Coinsnap Bitcoin Payment Wall oferece uma solu\u00e7\u00e3o inovadora que permite que influenciadores e produtores de v\u00eddeo ganhem dinheiro de forma direta e independente por seu trabalho criativo.[\/vc_column_text][\/vc_column_inner][vc_column_inner width=&#8221;1\/3&#8243;][vc_single_image image=&#8221;76&#8243; img_size=&#8221;full&#8221; alignment=&#8221;center&#8221; css=&#8221;&#8221;][\/vc_column_inner][\/vc_row_inner][vc_row_inner][vc_column_inner width=&#8221;1\/2&#8243;][vc_column_text css=&#8221;&#8221;]\n<h3>Para assistir ao v\u00eddeo, pague primeiro clicando no bot\u00e3o abaixo:<\/h3>\n[\/vc_column_text][\/vc_column_inner][vc_column_inner width=&#8221;1\/2&#8243;][vc_single_image image=&#8221;83&#8243; img_size=&#8221;full&#8221; alignment=&#8221;center&#8221; css=&#8221;&#8221;][\/vc_column_inner][\/vc_row_inner][vc_column_text css=&#8221;&#8221;]      <div class=\"paywall light\"\r\n           data-price=\"0.01\"\r\n           data-currency=\"EUR\"\r\n           data-duration=\"24\"\r\n           data-post-id=\"693\">\r\n        <h2>0,01 Euro Pay-per-Article<\/h2>\r\n        <p>Unlock the full article for \u20ac0,01 in Bitcoin (Lightning)<\/p>\r\n        <div class=\"price-display\">\r\n\t\t\t0.01 EUR        <\/div>\r\n        <button class=\"paywall-payment-button\">Pay Now<\/button>\r\n      <\/div>\r\n    <p class=\"restricted light\">\r\n        This content is restricted. Please complete payment to access.    <\/p>\r\n\r\n\t\t<\/div>","protected":false},"excerpt":{"rendered":"<p>[vc_row full_width=&#8221;stretch_row&#8221; fullwidth=&#8221;yes&#8221; background_color=&#8221;#6193C9&#8243; css=&#8221;.vc_custom_1732466484126{margin-top: -50px !important;}&#8221;][vc_column][vc_empty_space height=&#8221;70px&#8221;][vc_column_text css=&#8221;&#8221;] Demonstra\u00e7\u00e3o: Pay-per-View Bitcoin Paywall [\/vc_column_text][vc_single_image image=&#8221;33&#8243; img_size=&#8221;full&#8221; alignment=&#8221;center&#8221; css=&#8221;.vc_custom_1732466358619{padding-top: -20px !important;}&#8221;][vc_column_text [&hellip;]<\/p>\n","protected":false},"author":1,"featured_media":0,"parent":0,"menu_order":0,"comment_status":"closed","ping_status":"closed","template":"","meta":{"footnotes":""},"class_list":["post-693","page","type-page","status-publish","hentry"],"_links":{"self":[{"href":"https:\/\/btcpaywall.com\/pt-br\/wp-json\/wp\/v2\/pages\/693","targetHints":{"allow":["GET"]}}],"collection":[{"href":"https:\/\/btcpaywall.com\/pt-br\/wp-json\/wp\/v2\/pages"}],"about":[{"href":"https:\/\/btcpaywall.com\/pt-br\/wp-json\/wp\/v2\/types\/page"}],"author":[{"embeddable":true,"href":"https:\/\/btcpaywall.com\/pt-br\/wp-json\/wp\/v2\/users\/1"}],"replies":[{"embeddable":true,"href":"https:\/\/btcpaywall.com\/pt-br\/wp-json\/wp\/v2\/comments?post=693"}],"version-history":[{"count":2,"href":"https:\/\/btcpaywall.com\/pt-br\/wp-json\/wp\/v2\/pages\/693\/revisions"}],"predecessor-version":[{"id":704,"href":"https:\/\/btcpaywall.com\/pt-br\/wp-json\/wp\/v2\/pages\/693\/revisions\/704"}],"wp:attachment":[{"href":"https:\/\/btcpaywall.com\/pt-br\/wp-json\/wp\/v2\/media?parent=693"}],"curies":[{"name":"wp","href":"https:\/\/api.w.org\/{rel}","templated":true}]}}