{"id":763,"date":"2024-11-25T16:25:18","date_gmt":"2024-11-25T16:25:18","guid":{"rendered":"https:\/\/btcpaywall.com\/instalacao\/"},"modified":"2025-02-17T22:04:41","modified_gmt":"2025-02-17T22:04:41","slug":"instalacao","status":"publish","type":"page","link":"https:\/\/btcpaywall.com\/pt-br\/instalacao\/","title":{"rendered":"Instala\u00e7\u00e3o"},"content":{"rendered":"<div class=\"wpb-content-wrapper\">[vc_row full_width=&#8221;stretch_row&#8221; fullwidth=&#8221;yes&#8221; css=&#8221;.vc_custom_1732456449457{margin-top: -50px !important;}&#8221; background_color=&#8221;#6393C7&#8243;][vc_column][vc_empty_space height=&#8221;70px&#8221;][vc_column_text css=&#8221;&#8221;]\n<h1 style=\"text-align: center;\"><span style=\"color: #ffffff;\">Instalar e usar o Coinsnap Bitcoin Paywall<\/span><\/h1>\n[\/vc_column_text][vc_single_image image=&#8221;33&#8243; img_size=&#8221;full&#8221; alignment=&#8221;center&#8221; css=&#8221;.vc_custom_1732456342416{padding-top: -20px !important;}&#8221;][vc_column_text css=&#8221;&#8221;]\n<h3 style=\"text-align: center;\"><span style=\"color: #ffffff;\">Aceite Bitcoin pelo seu conte\u00fado em apenas 5 minutos!<\/span><\/h3>\n[\/vc_column_text][vc_empty_space height=&#8221;70px&#8221;][\/vc_column][\/vc_row][vc_row][vc_column][vc_empty_space height=&#8221;70px&#8221;][vc_column_text css=&#8221;&#8221;]O Coinsnsap Bitcoin Paywall permite que voc\u00ea venda seus textos de forma f\u00e1cil e r\u00e1pida por uma pequena taxa em Bitcoin (Satoshis). Isso permite que voc\u00ea monetize seu conte\u00fado e se beneficie das vantagens da Bitcoin Lightning Network ao mesmo tempo. \u00c9 muito simples:[\/vc_column_text][vc_row_inner][vc_column_inner width=&#8221;1\/2&#8243;][vc_column_text css=&#8221;&#8221;]\n<div class=\"markdown-heading\" dir=\"auto\">\n<h3>1. instale o Coinsnap Bitcoin Paywall a partir da p\u00e1gina do Github<\/h3>\n<p>Se quiser instalar o Coinsnap Bitcoin Paywall, voc\u00ea deve primeiro <a href=\"https:\/\/github.com\/Coinsnap\/Bitcoin-Paywall\">fazer o download na p\u00e1gina do Github do Coinsnap aqui<\/a>.<\/p>\n<p>Em seguida, procure o bot\u00e3o verde chamado &#8220;Code&#8221; (C\u00f3digo). Quando voc\u00ea clicar nele, o menu ser\u00e1 aberto e Download ZIP ser\u00e1 exibido. <\/p>\n<p>Aqui voc\u00ea pode fazer o download da vers\u00e3o mais recente do Coinsnap Bitcoin Paywall para o seu computador.<\/p><\/div>\n[\/vc_column_text][\/vc_column_inner][vc_column_inner width=&#8221;1\/2&#8243;][vc_single_image image=&#8221;95&#8243; img_size=&#8221;medium&#8221; onclick=&#8221;zoom&#8221; css=&#8221;&#8221;][vc_column_text css=&#8221;&#8221;]\n<p>Primeiro, baixe o plug-in do <a href=\"https:\/\/github.com\/Coinsnap\/Bitcoin-Paywall\">Github<\/a> e, em seguida, voc\u00ea deve carregar o ZIP na administra\u00e7\u00e3o de plug-ins do WordPress:[\/vc_column_text][\/vc_column_inner][\/vc_row_inner][vc_row_inner][vc_column_inner width=&#8221;1\/2&#8243;][vc_column_text css=&#8221;&#8221;]Agora, use a fun\u00e7\u00e3o do WordPress &#8220;Upload plugin&#8221; para instalar o paywall.<\/p>\n<p>Clique em &#8220;Install now&#8221; (Instalar agora) e o Coinsnap Bitcoin Paywall ser\u00e1 adicionado ao seu site WordPress. Em seguida, voc\u00ea poder\u00e1 se conectar ao gateway de pagamento do Coinsnap.[\/vc_column_text][\/vc_column_inner][vc_column_inner width=&#8221;1\/2&#8243;][vc_single_image image=&#8221;96&#8243; img_size=&#8221;full&#8221; alignment=&#8221;center&#8221; onclick=&#8221;zoom&#8221; css=&#8221;&#8221;][\/vc_column_inner][\/vc_row_inner][vc_row_inner][vc_column_inner width=&#8221;1\/2&#8243;][vc_column_text css=&#8221;&#8221;]\n<h3>2. conectar a conta Coinsnap com o Bitcoin Paywall<\/h3>\n<h4>2.1 Configura\u00e7\u00f5es de paywall do Coinsnap Bitcoin <\/h4>\n<p>Depois de instalar e ativar o Coinsnap Bitcoin Paywall, voc\u00ea deve fazer as configura\u00e7\u00f5es do Coinsnap. Voc\u00ea pode encontr\u00e1-las na barra lateral \u00e0 esquerda em &#8220;Coinsnap Bitcoin Paywall&#8221;.[\/vc_column_text][\/vc_column_inner][vc_column_inner width=&#8221;1\/2&#8243;][vc_single_image image=&#8221;140&#8243; img_size=&#8221;large&#8221; onclick=&#8221;zoom&#8221; css=&#8221;&#8221;][\/vc_column_inner][\/vc_row_inner][vc_row_inner][vc_column_inner width=&#8221;1\/2&#8243;][vc_column_text css=&#8221;&#8221;]Basta inserir seu Coinsnap Store ID e sua chave API; voc\u00ea pode encontr\u00e1-los em sua conta Coinsnap em &#8220;Settings&#8221;, &#8220;Coinsnap Shop Settings&#8221;.[\/vc_column_text][\/vc_column_inner][vc_column_inner width=&#8221;1\/2&#8243;][vc_single_image image=&#8221;141&#8243; img_size=&#8221;large&#8221; onclick=&#8221;zoom&#8221; css=&#8221;&#8221;][\/vc_column_inner][\/vc_row_inner][vc_column_text css=&#8221;&#8221;]\n<h4 style=\"text-align: center;\">Agora voc\u00ea ativou com sucesso seu Coinsnap Bitcoin Paywall e pode aceitar Bitcoin Lightning para seu conte\u00fado.<\/h4>\n<p style=\"text-align: center;\"><a href=\"https:\/\/github.com\/Coinsnap\/Bitcoin-Paywall\" class=\"hb-button special-icon hb-orange hb-large-button\" target=\"_blank\" style=\"-webkit-border-radius: 2px;-moz-border-radius: 2px;border-radius: 2px;\"><i class=\"icon-download-alt\"><\/i>Fa\u00e7a o download agora!<\/a>\n[\/vc_column_text][vc_empty_space][\/vc_column][\/vc_row][vc_row full_width=&#8221;stretch_row&#8221; fullwidth=&#8221;yes&#8221; css=&#8221;.vc_custom_1732456449457{margin-top: -50px !important;}&#8221; background_color=&#8221;#6393C7&#8243;][vc_column][vc_empty_space height=&#8221;70px&#8221;][vc_column_text css=&#8221;&#8221;]\n<h2 style=\"text-align: center;\"><span style=\"color: #ffffff;\">Configurar o Paywall de Bitcoin do Coinsnap<\/span><\/h2>\n[\/vc_column_text][vc_empty_space height=&#8221;70px&#8221;][\/vc_column][\/vc_row][vc_row][vc_column][vc_empty_space][vc_row_inner][vc_column_inner width=&#8221;1\/2&#8243;][vc_column_text css=&#8221;&#8221;]\n<h3>1. criar um shortcode de paywall<\/h3>\n<p>V\u00e1 para Coinsnap Bitcoin Paywall no painel lateral \u00e0 esquerda em seu WordPress e clique em Paywall Shortcodes.<\/p>\n<p>Em seguida, clique em &#8220;Add New Paywall Shortcode&#8221; na parte superior.<\/p>\n[\/vc_column_text][\/vc_column_inner][vc_column_inner width=&#8221;1\/2&#8243;][vc_single_image image=&#8221;105&#8243; img_size=&#8221;full&#8221; alignment=&#8221;center&#8221; onclick=&#8221;zoom&#8221; css=&#8221;&#8221;][\/vc_column_inner][\/vc_row_inner][vc_row_inner equal_height=&#8221;yes&#8221; content_placement=&#8221;middle&#8221;][vc_column_inner width=&#8221;1\/2&#8243;][vc_column_text css=&#8221;&#8221;]\n<h3>2. Configure seu shortcode de paywall<\/h3>\n<p>Na janela que aparece agora, fa\u00e7a as seguintes configura\u00e7\u00f5es (veja as entradas em laranja):[\/vc_column_text][vc_column_text css=&#8221;.vc_custom_1732610210604{padding-left: 20px !important;}&#8221;]\n<ol>\n<li>Primeiro, atribua um nome para que voc\u00ea saiba posteriormente a que se destina o c\u00f3digo curto.<\/li>\n<li>Em seguida, voc\u00ea pode inserir uma breve descri\u00e7\u00e3o como informa\u00e7\u00e3o de fundo para voc\u00ea ou seus editores.<\/li>\n<li>Em seguida, defina o texto do bot\u00e3o de pagamento.<\/li>\n<li>Defina seu pre\u00e7o!<\/li>\n<li>Selecione a moeda em que o pre\u00e7o deve ser exibido<\/li>\n<li>Defina a dura\u00e7\u00e3o da ativa\u00e7\u00e3o e<\/li>\n<li>selecione o esquema de cores do paywall.<\/li>\n<\/ol>\n[\/vc_column_text][vc_column_text css=&#8221;&#8221;]Agora voc\u00ea pode copiar o shortcode na parte inferior e us\u00e1-lo em seu conte\u00fado (veja abaixo).[\/vc_column_text][\/vc_column_inner][vc_column_inner width=&#8221;1\/2&#8243;][vc_single_image image=&#8221;107&#8243; img_size=&#8221;full&#8221; alignment=&#8221;center&#8221; onclick=&#8221;zoom&#8221; css=&#8221;&#8221;][\/vc_column_inner][\/vc_row_inner][vc_empty_space][\/vc_column][\/vc_row][vc_row full_width=&#8221;stretch_row&#8221; fullwidth=&#8221;yes&#8221; css=&#8221;.vc_custom_1732456449457{margin-top: -50px !important;}&#8221; background_color=&#8221;#6393C7&#8243;][vc_column][vc_empty_space height=&#8221;70px&#8221;][vc_column_text css=&#8221;&#8221;]\n<h2 style=\"text-align: center;\"><span style=\"color: #ffffff;\">Coloque o conte\u00fado atr\u00e1s do paywall do Coinsnap Bitcoin<\/span><\/h2>\n[\/vc_column_text][vc_empty_space height=&#8221;70px&#8221;][\/vc_column][\/vc_row][vc_row][vc_column][vc_empty_space][vc_row_inner][vc_column_inner width=&#8221;1\/2&#8243;][vc_column_text css=&#8221;&#8221;]\n<h3>1. criar conte\u00fado<\/h3>\n<p>Agora, crie conte\u00fado como de costume em seu WordPress, por exemplo, um texto como neste exemplo.<\/p>\n<p>Assim que tiver conclu\u00eddo o artigo, voc\u00ea dever\u00e1 colocar o shortcode que acabou de produzir no ponto em que espera o pagamento do leitor. Normalmente, voc\u00ea faz isso ap\u00f3s o par\u00e1grafo introdut\u00f3rio, veja \u00e0 direita:[\/vc_column_text][\/vc_column_inner][vc_column_inner width=&#8221;1\/2&#8243;][vc_single_image image=&#8221;112&#8243; img_size=&#8221;full&#8221; alignment=&#8221;center&#8221; onclick=&#8221;zoom&#8221; css=&#8221;&#8221;][\/vc_column_inner][\/vc_row_inner][vc_row_inner][vc_column_inner width=&#8221;1\/2&#8243;][vc_column_text css=&#8221;&#8221;]\n<h4>Dica:<\/h4>\n<p>Se voc\u00ea quiser colocar um paywall antes do download de um v\u00eddeo, crie uma breve descri\u00e7\u00e3o do conte\u00fado do v\u00eddeo como introdu\u00e7\u00e3o e coloque uma imagem da tela inicial do v\u00eddeo ao lado dela.<\/p>\n<p>Dessa forma, seus usu\u00e1rios podem ver o que podem esperar e por que querem pagar pelo v\u00eddeo![\/vc_column_text][\/vc_column_inner][vc_column_inner width=&#8221;1\/2&#8243;][vc_single_image image=&#8221;113&#8243; img_size=&#8221;full&#8221; alignment=&#8221;center&#8221; onclick=&#8221;zoom&#8221; css=&#8221;&#8221;][\/vc_column_inner][\/vc_row_inner][vc_empty_space][\/vc_column][\/vc_row]\n<\/div>","protected":false},"excerpt":{"rendered":"<p>[vc_row full_width=&#8221;stretch_row&#8221; fullwidth=&#8221;yes&#8221; css=&#8221;.vc_custom_1732456449457{margin-top: -50px !important;}&#8221; background_color=&#8221;#6393C7&#8243;][vc_column][vc_empty_space height=&#8221;70px&#8221;][vc_column_text css=&#8221;&#8221;] Instalar e usar o Coinsnap Bitcoin Paywall [\/vc_column_text][vc_single_image image=&#8221;33&#8243; img_size=&#8221;full&#8221; alignment=&#8221;center&#8221; [&hellip;]<\/p>\n","protected":false},"author":1,"featured_media":221,"parent":0,"menu_order":0,"comment_status":"closed","ping_status":"closed","template":"","meta":{"footnotes":""},"class_list":["post-763","page","type-page","status-publish","has-post-thumbnail","hentry"],"_links":{"self":[{"href":"https:\/\/btcpaywall.com\/pt-br\/wp-json\/wp\/v2\/pages\/763","targetHints":{"allow":["GET"]}}],"collection":[{"href":"https:\/\/btcpaywall.com\/pt-br\/wp-json\/wp\/v2\/pages"}],"about":[{"href":"https:\/\/btcpaywall.com\/pt-br\/wp-json\/wp\/v2\/types\/page"}],"author":[{"embeddable":true,"href":"https:\/\/btcpaywall.com\/pt-br\/wp-json\/wp\/v2\/users\/1"}],"replies":[{"embeddable":true,"href":"https:\/\/btcpaywall.com\/pt-br\/wp-json\/wp\/v2\/comments?post=763"}],"version-history":[{"count":2,"href":"https:\/\/btcpaywall.com\/pt-br\/wp-json\/wp\/v2\/pages\/763\/revisions"}],"predecessor-version":[{"id":773,"href":"https:\/\/btcpaywall.com\/pt-br\/wp-json\/wp\/v2\/pages\/763\/revisions\/773"}],"wp:featuredmedia":[{"embeddable":true,"href":"https:\/\/btcpaywall.com\/pt-br\/wp-json\/wp\/v2\/media\/221"}],"wp:attachment":[{"href":"https:\/\/btcpaywall.com\/pt-br\/wp-json\/wp\/v2\/media?parent=763"}],"curies":[{"name":"wp","href":"https:\/\/api.w.org\/{rel}","templated":true}]}}