{"id":780,"date":"2024-11-26T10:10:17","date_gmt":"2024-11-26T10:10:17","guid":{"rendered":"https:\/\/btcpaywall.com\/%d0%bf%d1%80%d0%b5%d0%b4%d0%bd%d0%be%d1%81%d1%82%d0%b8\/"},"modified":"2025-02-18T15:56:57","modified_gmt":"2025-02-18T15:56:57","slug":"prednosti","status":"publish","type":"page","link":"https:\/\/btcpaywall.com\/sr\/prednosti\/","title":{"rendered":"Prednosti"},"content":{"rendered":"<div class=\"wpb-content-wrapper\">[vc_row fullwidth=&#8220;yes&#8220; background_color=&#8220;#6192C6&#8243; css=&#8220;.vc_custom_1732623135531{margin-top: -50px !important;}&#8220;][vc_column][vc_empty_space height=&#8220;70px&#8220;][vc_column_text css=&#8220;&#8220;]\n<h1 style=\"text-align: center;\"><span style=\"color: #ffffff;\">Dobri razlozi za Bitcoin Paywall<\/span><\/h1>\n[\/vc_column_text][vc_single_image image=&#8220;33&#8243; img_size=&#8220;full&#8220; alignment=&#8220;center&#8220; css=&#8220;.vc_custom_1732456374553{padding-top: -20px !important;}&#8220;][vc_column_text css=&#8220;&#8220;]\n<h3 style=\"text-align: center;\"><span style=\"color: #ffffff;\">Kako unov\u010diti sadr\u017eaj pomo\u0107u Coinsnap Bitcoin Paywall-a<\/span><\/h3>\n[\/vc_column_text][vc_empty_space height=&#8220;70px&#8220;][\/vc_column][\/vc_row][vc_row][vc_column][vc_empty_space height=&#8220;30px&#8220;][vc_row_inner][vc_column_inner width=&#8220;3\/4&#8243;][vc_column_text css=&#8220;&#8220;]\n<h3>Izazovi monetizacije za video producente i Influensere<\/h3>\n<p>Mnogi Infueseri i Video Producenti se oslanjaju na platforme kao \u0161to su YouTube, Instagram ili TikTok da bi ostvarili doseg. Me\u0111utim, ove platforme nude samo ograni\u010dene mogu\u0107nosti monetizacije, koje dolaze sa nedostacima:<\/p>\n<h4>1. Zavisnost od algoritama<\/h4>\n<p>Prihodi u velikoj meri zavise od algoritama platforme, koji se mogu promeniti u bilo kom trenutku.<\/p>\n<h4>2. Prihodi od ogla\u0161avanja su ograni\u010deni<\/h4>\n<p>Naro\u010dito manji kanali ili ni\u0161ni sadr\u017eaj \u010desto generi\u0161u samo male prihode od ogla\u0161avanja, \u010dak i uz visoku lojalnost gledalaca.<\/p>\n<h4>3. Spoljna saradnja je neizvesna<\/h4>\n<p>Plasman proizvoda i saradnja zahtevaju pregovore, \u010desto sa neizvesnim prihodima i dugoro\u010dnim zavisnostima.<\/p>\n<h4>4. Modeli pretplate su slo\u017eeni<\/h4>\n<p>Modeli pretplate zahtevaju od gledalaca da ostanu anga\u017eovani na du\u017ei rok, \u0161to ne funkcioni\u0161e za svakog uticajnog ili video producenta.<\/p>\n<p>Bitcoin Payment Wall stvara alternativu koja omogu\u0107ava direktan i nezavisan prihod.[\/vc_column_text][\/vc_column_inner][vc_column_inner width=&#8220;1\/4&#8243;][vc_column_text css=&#8220;&#8220;]\n\n[\/vc_column_text][\/vc_column_inner][\/vc_row_inner][vc_empty_space height=&#8220;30px&#8220;][vc_separator color=&#8220;custom&#8220; css=&#8220;&#8220; accent_color=&#8220;#6192C6&#8243;][vc_empty_space height=&#8220;30px&#8220;][vc_row_inner][vc_column_inner width=&#8220;2\/3&#8243;][vc_column_text css=&#8220;&#8220;]\n<h3>\u0160ta je Coinsnap Bitcoin Payment Wall?<\/h3>\n<p>Coinsnap Bitcoin Payment Vall je digitalni paivall koji omogu\u0107ava proizvo\u0111a\u010dima video zapisa i uticajnim osobama da objave svoj sadr\u017eaj u zamenu za pla\u0107anje u Bitcoin-u. Ovo se mo\u017ee uraditi putem opcije pla\u0107anja po prikazu, otklju\u010davanja ekskluzivnog sadr\u017eaja ili sistema jednokratnog pla\u0107anja.<\/p>\n<p>Pla\u0107anje se vr\u0161i preko Bitcoin Lightning mre\u017ee, re\u0161enja posebno dizajniranog za brze i jeftine transakcije.[\/vc_column_text][\/vc_column_inner][vc_column_inner width=&#8220;1\/3&#8243;][vc_single_image image=&#8220;41&#8243; img_size=&#8220;full&#8220; css=&#8220;&#8220;][\/vc_column_inner][\/vc_row_inner][vc_empty_space height=&#8220;30px&#8220;][vc_separator color=&#8220;custom&#8220; css=&#8220;&#8220; accent_color=&#8220;#6192C6&#8243;][vc_empty_space height=&#8220;30px&#8220;][vc_column_text css=&#8220;&#8220;]\n<h3>\u0417\u0430\u0448\u0442\u043e \u0458\u0435 \u0411\u0438\u0442\u0446\u043e\u0438\u043d \u041f\u0430\u0438\u043c\u0435\u043d\u0442 \u0412\u0430\u043b\u043b \u0438\u0434\u0435\u0430\u043b\u0430\u043d \u0437\u0430 \u0432\u0438\u0434\u0435\u043e \u043f\u0440\u043e\u0434\u0443\u0446\u0435\u043d\u0442\u0435 \u0438 \u0443\u0442\u0438\u0446\u0430\u0458\u043d\u0435 \u0459\u0443\u0434\u0435?<\/h3>\n<h4>1. \u0414\u0438\u0440\u0435\u043a\u0442\u043d\u0430 \u043c\u043e\u043d\u0435\u0442\u0438\u0437\u0430\u0446\u0438\u0458\u0430 \u0431\u0435\u0437 \u043d\u0430\u043a\u043d\u0430\u0434\u0430 \u0437\u0430 \u043f\u043b\u0430\u0442\u0444\u043e\u0440\u043c\u0443<\/h4>\n<p>\u041f\u043b\u0430\u0442\u0444\u043e\u0440\u043c\u0435 \u043a\u0430\u043e \u0448\u0442\u043e \u0441\u0443 \u0418\u043e\u0443\u0422\u0443\u0431\u0435 \u0438\u043b\u0438 \u041f\u0430\u0442\u0440\u0435\u043e\u043d \u0437\u0430\u0434\u0440\u0436\u0430\u0432\u0430\u0458\u0443 \u0437\u043d\u0430\u0447\u0430\u0458\u0430\u043d \u0434\u0435\u043e \u043f\u0440\u0438\u0445\u043e\u0434\u0430. \u0421\u0430 \u0437\u0438\u0434\u043e\u043c \u0437\u0430 \u043f\u043b\u0430\u045b\u0430\u045a\u0435 \u0431\u0438\u0442\u043a\u043e\u0438\u043d\u043e\u043c, \u043c\u043e\u0436\u0435\u0442\u0435 \u043d\u0435\u0437\u0430\u0432\u0438\u0441\u043d\u043e \u0434\u0438\u0441\u0442\u0440\u0438\u0431\u0443\u0438\u0440\u0430\u0442\u0438 \u0441\u0432\u043e\u0458 \u0441\u0430\u0434\u0440\u0436\u0430\u0458 \u0438 \u0437\u0430\u0434\u0440\u0436\u0430\u0442\u0438 \u043f\u0443\u043d \u0438\u0437\u043d\u043e\u0441 \u2013 \u043c\u0438\u043d\u0443\u0441 \u043c\u0438\u043d\u0438\u043c\u0430\u043b\u043d\u0435 \u043d\u0430\u043a\u043d\u0430\u0434\u0435 \u0437\u0430 \u043c\u0440\u0435\u0436\u0443 \u0411\u0438\u0442\u0446\u043e\u0438\u043d.<\/p>\n<h4>2. \u041c\u0438\u043a\u0440\u043e\u0442\u0440\u0430\u043d\u0441\u0430\u043a\u0446\u0438\u0458\u0435 \u0437\u0430 \u043c\u0430\u045a\u0438 \u0441\u0430\u0434\u0440\u0436\u0430\u0458<\/h4>\n<p>\u0411\u0438\u0442\u0446\u043e\u0438\u043d \u041b\u0438\u0433\u0445\u0442\u043d\u0438\u043d\u0433 \u043c\u0440\u0435\u0436\u0430 \u043e\u043c\u043e\u0433\u0443\u045b\u0430\u0432\u0430 \u043f\u0440\u0438\u0445\u0432\u0430\u0442\u0430\u045a\u0435 \u0447\u0430\u043a \u0438 \u043d\u0430\u0458\u043c\u0430\u045a\u0438\u0445 \u0438\u0437\u043d\u043e\u0441\u0430 (\u043c\u0438\u043a\u0440\u043e\u0442\u0440\u0430\u043d\u0441\u0430\u043a\u0446\u0438\u0458\u0430). \u0413\u043b\u0435\u0434\u0430\u043e\u0446\u0438 \u043c\u043e\u0433\u0443 \u0434\u0430 \u043f\u043b\u0430\u0442\u0435 \u043d\u0435\u043a\u043e\u043b\u0438\u043a\u043e \u0446\u0435\u043d\u0442\u0438 \u0437\u0430 \u043a\u0440\u0430\u0442\u043a\u0435 \u0432\u0438\u0434\u0435\u043e \u0441\u043d\u0438\u043c\u043a\u0435 \u0438\u043b\u0438 \u0435\u043a\u0441\u043a\u043b\u0443\u0437\u0438\u0432\u043d\u0435 \u043a\u043b\u0438\u043f\u043e\u0432\u0435, \u043d\u0435\u0448\u0442\u043e \u0448\u0442\u043e \u0458\u0435 \u0440\u0430\u043d\u0438\u0458\u0435 \u0431\u0438\u043b\u043e \u0442\u0435\u0448\u043a\u043e \u0435\u043a\u043e\u043d\u043e\u043c\u0441\u043a\u0438 \u043c\u043e\u0433\u0443\u045b\u0435.<\/p>\n<h4>3. \u0426\u0438\u0459\u0430\u0458\u0442\u0435 \u0433\u043b\u043e\u0431\u0430\u043b\u043d\u0443 \u043f\u0443\u0431\u043b\u0438\u043a\u0443<\/h4>\n<p>\u0411\u0438\u0442\u0446\u043e\u0438\u043d \u0458\u0435 \u0443\u043d\u0438\u0432\u0435\u0440\u0437\u0430\u043b\u043d\u0430 \u0432\u0430\u043b\u0443\u0442\u0430. \u0411\u0435\u0437 \u043e\u0431\u0437\u0438\u0440\u0430 \u0433\u0434\u0435 \u0441\u0435 \u0432\u0430\u0448\u0438 \u0433\u043b\u0435\u0434\u0430\u043e\u0446\u0438 \u043d\u0430\u043b\u0430\u0437\u0435, \u043e\u043d\u0438 \u043c\u043e\u0433\u0443 \u043b\u0430\u043a\u043e \u0434\u0430 \u043e\u0442\u043a\u0459\u0443\u0447\u0430\u0458\u0443 \u0432\u0430\u0448 \u0441\u0430\u0434\u0440\u0436\u0430\u0458 \u0431\u0435\u0437 \u043a\u043e\u043d\u0432\u0435\u0440\u0437\u0438\u0458\u0435 \u0432\u0430\u043b\u0443\u0442\u0430 \u0438\u043b\u0438 \u0441\u043a\u0443\u043f\u0438\u0445 \u043d\u0430\u043a\u043d\u0430\u0434\u0430 \u0437\u0430 \u043c\u0435\u0452\u0443\u043d\u0430\u0440\u043e\u0434\u043d\u0435 \u0442\u0440\u0430\u043d\u0441\u0430\u043a\u0446\u0438\u0458\u0435.<\/p>\n<h4>4. \u041d\u0435\u043c\u0430 \u043f\u043e\u0432\u0440\u0430\u045b\u0430\u0458\u0430 \u0441\u0440\u0435\u0434\u0441\u0442\u0430\u0432\u0430 \u0438\u043b\u0438 \u043d\u0435\u0438\u0437\u0432\u0440\u0448\u0435\u043d\u0438\u0445 \u043f\u043b\u0430\u045b\u0430\u045a\u0430<\/h4>\n<p>\u0417\u0430 \u0440\u0430\u0437\u043b\u0438\u043a\u0443 \u043e\u0434 \u043f\u043b\u0430\u045b\u0430\u045a\u0430 \u043a\u0440\u0435\u0434\u0438\u0442\u043d\u0438\u043c \u043a\u0430\u0440\u0442\u0438\u0446\u0430\u043c\u0430, \u043a\u043e\u0458\u0435 \u0441\u0443 \u043f\u043e\u0434\u043b\u043e\u0436\u043d\u0435 \u043f\u043e\u0432\u0440\u0430\u045b\u0430\u0458\u0443 \u0441\u0440\u0435\u0434\u0441\u0442\u0430\u0432\u0430, \u0411\u0438\u0442\u0446\u043e\u0438\u043d \u043f\u043b\u0430\u045b\u0430\u045a\u0430 \u0441\u0443 \u043a\u043e\u043d\u0430\u0447\u043d\u0430 \u0438 \u0431\u0435\u0437\u0431\u0435\u0434\u043d\u0430. \u041d\u0435 \u043c\u043e\u0440\u0430\u0442\u0435 \u0434\u0430 \u0431\u0440\u0438\u043d\u0435\u0442\u0435 \u043e \u0438\u0437\u0433\u0443\u0431\u0459\u0435\u043d\u043e\u043c \u043f\u0440\u0438\u0445\u043e\u0434\u0443.<\/p>\n<h4>5. \u0424\u043b\u0435\u043a\u0441\u0438\u0431\u0438\u043b\u043d\u043e\u0441\u0442 \u0438 \u043a\u0440\u0435\u0430\u0442\u0438\u0432\u043d\u0430 \u0441\u043b\u043e\u0431\u043e\u0434\u0430<\/h4>\n<p>\u0412\u0438 \u043e\u0434\u043b\u0443\u0447\u0443\u0458\u0435\u0442\u0435 \u043a\u0430\u043a\u043e \u0434\u0430 \u0443\u043d\u043e\u0432\u0447\u0438\u0442\u0435 \u0441\u0432\u043e\u0458 \u0441\u0430\u0434\u0440\u0436\u0430\u0458:<\/p>\n<p>\u2022 \u0408\u0435\u0434\u043d\u043e\u043a\u0440\u0430\u0442\u043d\u043e \u043f\u043b\u0430\u045b\u0430\u045a\u0435 \u0437\u0430 \u0435\u043a\u0441\u043a\u043b\u0443\u0437\u0438\u0432\u043d\u0435 \u0432\u0438\u0434\u0435\u043e \u0437\u0430\u043f\u0438\u0441\u0435 \u0438\u043b\u0438 \u0442\u0443\u0442\u043e\u0440\u0438\u0458\u0430\u043b\u0435.<br \/>\n\u2022 \u041c\u043e\u0434\u0435\u043b\u0438 \u0441\u0430 \u043f\u043b\u0430\u045b\u0430\u045a\u0435\u043c \u043f\u043e \u0433\u043b\u0435\u0434\u0430\u045a\u0443 \u0437\u0430 \u043f\u043e\u0441\u0435\u0431\u043d\u0435 \u0441\u0442\u0440\u0435\u0430\u043c\u043e\u0432\u0435 \u0443\u0436\u0438\u0432\u043e \u0438\u043b\u0438 \u0434\u043e\u0433\u0430\u0452\u0430\u0458\u0435.<br \/>\n\u2022 \u041f\u0440\u0438\u0441\u0442\u0443\u043f \u0437\u0430\u0442\u0432\u043e\u0440\u0435\u043d\u043e\u0458 \u0437\u0430\u0458\u0435\u0434\u043d\u0438\u0446\u0438 \u0433\u0434\u0435 \u0447\u043b\u0430\u043d\u043e\u0432\u0438 \u043c\u043e\u0433\u0443 \u0434\u0430 \u043f\u043b\u0430\u045b\u0430\u0458\u0443 \u0441\u0430\u0434\u0440\u0436\u0430\u0458.<\/p>\n<h4>6. \u0417\u0430\u0448\u0442\u0438\u0442\u0430 \u043f\u043e\u0434\u0430\u0442\u0430\u043a\u0430 \u0438 \u0430\u043d\u043e\u043d\u0438\u043c\u043d\u043e\u0441\u0442 \u043a\u043e\u0440\u0438\u0441\u043d\u0438\u043a\u0430<\/h4>\n<p>\u041c\u043d\u043e\u0433\u0438 \u0433\u043b\u0435\u0434\u0430\u043e\u0446\u0438 \u043d\u0435 \u0436\u0435\u043b\u0435 \u0434\u0430 \u043e\u0442\u043a\u0440\u0438\u0458\u0443 \u043e\u0441\u0435\u0442\u0459\u0438\u0432\u0435 \u0438\u043d\u0444\u043e\u0440\u043c\u0430\u0446\u0438\u0458\u0435 \u043e \u043f\u043b\u0430\u045b\u0430\u045a\u0443. \u0411\u0438\u0442\u0446\u043e\u0438\u043d \u043f\u043b\u0430\u045b\u0430\u045a\u0430 \u0441\u0443 \u0430\u043d\u043e\u043d\u0438\u043c\u043d\u0430 \u0438 \u0448\u0442\u0438\u0442\u0435 \u043f\u0440\u0438\u0432\u0430\u0442\u043d\u043e\u0441\u0442 \u043a\u043e\u0440\u0438\u0441\u043d\u0438\u043a\u0430, \u0448\u0442\u043e \u043f\u043e\u0432\u0435\u045b\u0430\u0432\u0430 \u043f\u043e\u0432\u0435\u0440\u0435\u045a\u0435 \u0438 \u0441\u043f\u0440\u0435\u043c\u043d\u043e\u0441\u0442 \u0437\u0430 \u043f\u043b\u0430\u045b\u0430\u045a\u0435.<\/p>\n<h4>7. \u0411\u0440\u0437\u0430 \u0438\u0441\u043f\u043b\u0430\u0442\u0430<\/h4>\n<p>\u0421\u0430 \u0411\u0438\u0442\u0446\u043e\u0438\u043d \u041f\u0430\u0438\u043c\u0435\u043d\u0442 \u0412\u0430\u043b\u043b-\u043e\u043c, \u043f\u0440\u0438\u043c\u0430\u0442\u0435 \u0441\u0432\u043e\u0458\u0443 \u0437\u0430\u0440\u0430\u0434\u0443 \u0443 \u0440\u0435\u0430\u043b\u043d\u043e\u043c \u0432\u0440\u0435\u043c\u0435\u043d\u0443, \u0431\u0435\u0437 \u0434\u0443\u0433\u043e\u0433 \u0447\u0435\u043a\u0430\u045a\u0430 \u043a\u0430\u043e \u043d\u0430 \u0442\u0440\u0430\u0434\u0438\u0446\u0438\u043e\u043d\u0430\u043b\u043d\u0438\u043c \u043f\u043b\u0430\u0442\u0444\u043e\u0440\u043c\u0430\u043c\u0430.[\/vc_column_text][vc_empty_space height=&#8220;30px&#8220;][vc_separator color=&#8220;custom&#8220; css=&#8220;&#8220; accent_color=&#8220;#6192C6&#8243;][vc_empty_space height=&#8220;30px&#8220;][vc_column_text css=&#8220;&#8220;]\n<h3>\u041f\u0440\u0438\u043c\u0435\u0440\u0438 \u0430\u043f\u043b\u0438\u043a\u0430\u0446\u0438\u0458\u0430 \u0437\u0430 \u0438\u043d\u0444\u043b\u0443\u0435\u043d\u0441\u0435\u0440\u0435 \u0438 \u0432\u0438\u0434\u0435\u043e \u043f\u0440\u043e\u0434\u0443\u0446\u0435\u043d\u0442\u0435<\/h3>\n<h4>1. \u0415\u043a\u0441\u043a\u043b\u0443\u0437\u0438\u0432\u043d\u0438 \u0442\u0443\u0442\u043e\u0440\u0438\u0458\u0430\u043b\u0438 \u0438 \u0440\u0430\u0434\u0438\u043e\u043d\u0438\u0446\u0435<\/h4>\n<p>\u0424\u0438\u0442\u043d\u0435\u0441\u0441 \u0438\u043d\u0444\u043b\u0443\u0435\u043d\u0446\u0435\u0440 \u043d\u0443\u0434\u0438 \u0434\u0435\u0442\u0430\u0459\u043d\u0435 \u0432\u0438\u0434\u0435\u043e \u0437\u0430\u043f\u0438\u0441\u0435 \u043e \u0442\u0440\u0435\u043d\u0438\u043d\u0433\u0443 \u0438\u043b\u0438 \u043f\u043b\u0430\u043d\u043e\u0432\u0435 \u0438\u0441\u0445\u0440\u0430\u043d\u0435 \u0438\u0437\u0430 \u0437\u0438\u0434\u0430 \u0437\u0430 \u043f\u043b\u0430\u045b\u0430\u045a\u0435 \u0431\u0438\u0442\u043a\u043e\u0438\u043d\u0430. \u0413\u043b\u0435\u0434\u0430\u043e\u0446\u0438 \u043c\u043e\u0433\u0443 \u0434\u0430 \u043e\u0442\u043a\u0459\u0443\u0447\u0430\u0458\u0443 \u0441\u0430\u0434\u0440\u0436\u0430\u0458 \u0437\u0430 \u043c\u0430\u043b\u0443 \u0443\u043f\u043b\u0430\u0442\u0443, \u043d\u043f\u0440. \u0411. 5.000 \u0441\u0430\u0442\u043e\u0448\u0438\u0458\u0430 (\u043f\u0440\u0438\u0431\u043b\u0438\u0436\u043d\u043e 1,50 \u0434\u043e\u043b\u0430\u0440\u0430).<\/p>\n<h4>2. \u041f\u0440\u0435\u043c\u0438\u0443\u043c \u0441\u0442\u0440\u0438\u043c\u043e\u0432\u0438 \u0443\u0436\u0438\u0432\u043e<\/h4>\n<p>\u0421\u0442\u0440\u0435\u0430\u043c \u0438\u0433\u0440\u0438\u0446\u0430 \u0458\u0435 \u0434\u043e\u043c\u0430\u045b\u0438\u043d \u0435\u043a\u0441\u043a\u043b\u0443\u0437\u0438\u0432\u043d\u043e\u0433 \u0434\u043e\u0433\u0430\u0452\u0430\u0458\u0430 \u0443\u0436\u0438\u0432\u043e \u0437\u0430 \u0441\u0432\u043e\u0458\u0435 \u0444\u0430\u043d\u043e\u0432\u0435. \u041f\u0440\u0438\u0441\u0442\u0443\u043f \u0458\u0435 \u0434\u043e\u0441\u0442\u0443\u043f\u0430\u043d \u0437\u0430 10.000 \u0441\u0430\u0442\u043e\u0448\u0438\u0458\u0430 (\u043e\u043a\u043e 3 \u0434\u043e\u043b\u0430\u0440\u0430). \u041d\u0430\u043a\u043e\u043d \u0443\u043f\u043b\u0430\u0442\u0435, \u0443\u0447\u0435\u0441\u043d\u0438\u0446\u0438 \u045b\u0435 \u0434\u043e\u0431\u0438\u0442\u0438 \u043f\u0440\u0438\u0441\u0442\u0443\u043f\u043d\u0438 \u043a\u043e\u0434 \u0437\u0430 \u0441\u0442\u0440\u0438\u043c.<\/p>\n<h4>3. \u0420\u0430\u043d\u0438 \u043f\u0440\u0438\u0441\u0442\u0443\u043f \u0438 \u0435\u043a\u0441\u043a\u043b\u0443\u0437\u0438\u0432\u043d\u0438 \u0441\u0430\u0434\u0440\u0436\u0430\u0458<\/h4>\n<p>\u0412\u0438\u0434\u0435\u043e \u043f\u0440\u043e\u0434\u0443\u0446\u0435\u043d\u0442 \u043a\u043e\u0458\u0438 \u0440\u0435\u0434\u043e\u0432\u043d\u043e \u0441\u0442\u0432\u0430\u0440\u0430 \u0434\u043e\u043a\u0443\u043c\u0435\u043d\u0442\u0430\u0440\u043d\u0435 \u0444\u0438\u043b\u043c\u043e\u0432\u0435 \u0434\u0430\u0458\u0435 \u043a\u043e\u0440\u0438\u0441\u043d\u0438\u0446\u0438\u043c\u0430 \u043a\u043e\u0458\u0438 \u043f\u043b\u0430\u045b\u0430\u0458\u0443 \u0435\u043a\u0441\u043a\u043b\u0443\u0437\u0438\u0432\u043d\u0438 \u0440\u0430\u043d\u0438 \u043f\u0440\u0438\u0441\u0442\u0443\u043f \u043d\u043e\u0432\u043e\u043c \u0441\u0430\u0434\u0440\u0436\u0430\u0458\u0443 \u043f\u0440\u0435 \u043d\u0435\u0433\u043e \u0448\u0442\u043e \u0441\u0435 \u043e\u0431\u0458\u0430\u0432\u0438 \u043f\u0440\u0435\u043a\u043e \u0437\u0438\u0434\u0430 \u0437\u0430 \u043f\u043b\u0430\u045b\u0430\u045a\u0435 \u0431\u0438\u0442\u043a\u043e\u0438\u043d\u0430.<\/p>\n<h4>4. \u041f\u0430\u0438-\u043f\u0435\u0440-\u0432\u0438\u0435\u0432 \u0437\u0430 \u043f\u043e\u0441\u0435\u0431\u043d\u0435 \u0434\u043e\u0433\u0430\u0452\u0430\u0458\u0435<\/h4>\n<p>\u0418\u043d\u0444\u043b\u0443\u0435\u043d\u0446\u0435\u0440 \u043a\u043e\u0458\u0438 \u0458\u0435 \u0434\u043e\u043c\u0430\u045b\u0438\u043d \u043f\u043e\u0441\u0435\u0431\u043d\u0435 \u043f\u0430\u043d\u0435\u043b \u0434\u0438\u0441\u043a\u0443\u0441\u0438\u0458\u0435 \u0438\u043b\u0438 \u0441\u0442\u0440\u0443\u0447\u043d\u043e\u0433 \u045b\u0430\u0441\u043a\u0430\u045a\u0430 \u043c\u043e\u0436\u0435 \u0441\u0442\u0430\u0432\u0438\u0442\u0438 \u0434\u043e\u0433\u0430\u0452\u0430\u0458 \u0438\u0437\u0430 \u0411\u0438\u0442\u0446\u043e\u0438\u043d \u043f\u0430\u0438\u0432\u0430\u043b\u043b-\u0430. \u0413\u043b\u0435\u0434\u0430\u043e\u0446\u0438 \u043f\u043b\u0430\u045b\u0430\u0458\u0443 \u043c\u0430\u043b\u0438 \u0438\u0437\u043d\u043e\u0441 \u0437\u0430 \u0443\u0447\u0435\u0448\u045b\u0435.[\/vc_column_text][vc_empty_space height=&#8220;30px&#8220;][vc_separator color=&#8220;custom&#8220; css=&#8220;&#8220; accent_color=&#8220;#6192C6&#8243;][vc_empty_space height=&#8220;30px&#8220;][vc_column_text css=&#8220;&#8220;]\n<h3>\u0417\u0430\u0448\u0442\u043e \u0458\u0435 \u0411\u0438\u0442\u0446\u043e\u0438\u043d \u0431\u0443\u0434\u0443\u045b\u043d\u043e\u0441\u0442 \u043c\u043e\u043d\u0435\u0442\u0438\u0437\u0430\u0446\u0438\u0458\u0435 \u0437\u0430 \u0438\u043d\u0444\u043b\u0443\u0435\u043d\u0441\u0435\u0440\u0435 \u0438 \u0432\u0438\u0434\u0435\u043e \u043f\u0440\u043e\u0434\u0443\u0446\u0435\u043d\u0442\u0435<\/h3>\n<p>\u0411\u0438\u0442\u0446\u043e\u0438\u043d \u0438 \u041b\u0438\u0433\u0445\u0442\u043d\u0438\u043d\u0433 \u041d\u0435\u0442\u0432\u043e\u0440\u043a \u043d\u0443\u0434\u0435 \u0440\u0435\u0432\u043e\u043b\u0443\u0446\u0438\u043e\u043d\u0430\u0440\u0430\u043d \u043d\u0430\u0447\u0438\u043d \u0437\u0430 \u0434\u0438\u0440\u0435\u043a\u0442\u043d\u0443 \u043c\u043e\u043d\u0435\u0442\u0438\u0437\u0430\u0446\u0438\u0458\u0443 \u0441\u0430\u0434\u0440\u0436\u0430\u0458\u0430. \u0411\u0435\u0437 \u0437\u0430\u0432\u0438\u0441\u043d\u043e\u0441\u0442\u0438 \u043e\u0434 \u043f\u043b\u0430\u0442\u0444\u043e\u0440\u043c\u0438, \u0431\u0435\u0437 \u0432\u0438\u0441\u043e\u043a\u0438\u0445 \u043d\u0430\u043a\u043d\u0430\u0434\u0430 \u0438 \u0444\u043b\u0435\u043a\u0441\u0438\u0431\u0438\u043b\u043d\u043e\u0441\u0442\u0438 \u0434\u0430 \u0441\u0435 \u043f\u043e\u043d\u0443\u0434\u0438 \u043c\u0430\u043b\u0438 \u0438 \u0432\u0435\u043b\u0438\u043a\u0438 \u0441\u0430\u0434\u0440\u0436\u0430\u0458 \u043f\u043e \u0440\u0430\u0437\u043b\u0438\u0447\u0438\u0442\u0438\u043c \u0446\u0435\u043d\u0430\u043c\u0430, \u0411\u0438\u0442\u0446\u043e\u0438\u043d \u041f\u0430\u0438\u043c\u0435\u043d\u0442 \u0412\u0430\u043b\u043b \u043f\u043e\u0441\u0442\u0430\u0458\u0435 \u0438\u0434\u0435\u0430\u043b\u043d\u043e \u0441\u0440\u0435\u0434\u0441\u0442\u0432\u043e \u0437\u0430 \u043a\u0440\u0435\u0430\u0442\u0438\u0432\u043d\u0435 \u0443\u043c\u043e\u0432\u0435.<\/p>\n<p>\u041e\u043c\u043e\u0433\u0443\u045b\u0430\u0432\u0430 \u0438\u043d\u0444\u043b\u0443\u0435\u043d\u0441\u0435\u0440\u0438\u043c\u0430 \u0438 \u0432\u0438\u0434\u0435\u043e \u043f\u0440\u043e\u0434\u0443\u0446\u0435\u043d\u0442\u0438\u043c\u0430 \u0434\u0430 \u0431\u0443\u0434\u0443 \u043d\u0435\u0437\u0430\u0432\u0438\u0441\u043d\u043e \u0438 \u043f\u0440\u0430\u0432\u0438\u0447\u043d\u043e \u043d\u0430\u0434\u043e\u043a\u043d\u0430\u0452\u0435\u043d\u0438 \u0437\u0430 \u0441\u0432\u043e\u0458 \u0440\u0430\u0434 \u0434\u043e\u043a \u0434\u043e\u043f\u0438\u0440\u0443 \u0434\u043e \u0433\u043b\u043e\u0431\u0430\u043b\u043d\u0435 \u043f\u0443\u0431\u043b\u0438\u043a\u0435 \u043a\u043e\u0458\u0430 \u0458\u0435 \u0443\u043f\u0443\u045b\u0435\u043d\u0430 \u0443 \u0442\u0435\u0445\u043d\u043e\u043b\u043e\u0433\u0438\u0458\u0443.<\/p>\n<p>\u0411\u0443\u0434\u0443\u045b\u043d\u043e\u0441\u0442 \u043f\u0440\u0438\u043f\u0430\u0434\u0430 \u043e\u043d\u0438\u043c\u0430 \u043a\u043e\u0458\u0438 \u043d\u0435 \u0441\u0430\u043c\u043e \u0434\u0430 \u043a\u0440\u0435\u0430\u0442\u0438\u0432\u043d\u043e \u0434\u0438\u0437\u0430\u0458\u043d\u0438\u0440\u0430\u0458\u0443 \u0441\u0432\u043e\u0458 \u0441\u0430\u0434\u0440\u0436\u0430\u0458, \u0432\u0435\u045b \u0433\u0430 \u0438 \u0438\u043d\u043e\u0432\u0430\u0442\u0438\u0432\u043d\u043e \u0443\u043d\u043e\u0432\u0447\u0430\u0432\u0430\u0458\u0443 \u2013 \u0441\u0430 \u0437\u0438\u0434\u043e\u043c \u0437\u0430 \u043f\u043b\u0430\u045b\u0430\u045a\u0435 \u0431\u0438\u0442\u043a\u043e\u0438\u043d\u043e\u043c, \u043e\u0432\u043e \u0458\u0435 \u0441\u0430\u0434\u0430 \u043b\u0430\u043a\u0448\u0435 \u043d\u0435\u0433\u043e \u0438\u043a\u0430\u0434.[\/vc_column_text][vc_empty_space height=&#8220;30px&#8220;][vc_column_text css=&#8220;&#8220;]\n<p style=\"text-align: center;\"><a href=\"https:\/\/github.com\/Coinsnap\/Bitcoin-Paywall\" class=\"hb-button special-icon hb-orange hb-large-button\" target=\"_blank\" style=\"-webkit-border-radius: 2px;-moz-border-radius: 2px;border-radius: 2px;\"><i class=\"icon-download-alt\"><\/i>\u043f\u0440\u0435\u0443\u0437\u043c\u0438 \u043e\u0434\u043c\u0430\u0445!<\/a>\n[\/vc_column_text][vc_empty_space height=&#8220;30px&#8220;][\/vc_column][\/vc_row]\n<\/div>","protected":false},"excerpt":{"rendered":"<p>[vc_row fullwidth=&#8220;yes&#8220; background_color=&#8220;#6192C6&#8243; css=&#8220;.vc_custom_1732623135531{margin-top: -50px !important;}&#8220;][vc_column][vc_empty_space height=&#8220;70px&#8220;][vc_column_text css=&#8220;&#8220;] Dobri razlozi za Bitcoin Paywall [\/vc_column_text][vc_single_image image=&#8220;33&#8243; img_size=&#8220;full&#8220; alignment=&#8220;center&#8220; css=&#8220;.vc_custom_1732456374553{padding-top: -20px !important;}&#8220;][vc_column_text [&hellip;]<\/p>\n","protected":false},"author":1,"featured_media":0,"parent":0,"menu_order":0,"comment_status":"closed","ping_status":"closed","template":"","meta":{"footnotes":""},"class_list":["post-780","page","type-page","status-publish","hentry"],"_links":{"self":[{"href":"https:\/\/btcpaywall.com\/sr\/wp-json\/wp\/v2\/pages\/780","targetHints":{"allow":["GET"]}}],"collection":[{"href":"https:\/\/btcpaywall.com\/sr\/wp-json\/wp\/v2\/pages"}],"about":[{"href":"https:\/\/btcpaywall.com\/sr\/wp-json\/wp\/v2\/types\/page"}],"author":[{"embeddable":true,"href":"https:\/\/btcpaywall.com\/sr\/wp-json\/wp\/v2\/users\/1"}],"replies":[{"embeddable":true,"href":"https:\/\/btcpaywall.com\/sr\/wp-json\/wp\/v2\/comments?post=780"}],"version-history":[{"count":10,"href":"https:\/\/btcpaywall.com\/sr\/wp-json\/wp\/v2\/pages\/780\/revisions"}],"predecessor-version":[{"id":1045,"href":"https:\/\/btcpaywall.com\/sr\/wp-json\/wp\/v2\/pages\/780\/revisions\/1045"}],"wp:attachment":[{"href":"https:\/\/btcpaywall.com\/sr\/wp-json\/wp\/v2\/media?parent=780"}],"curies":[{"name":"wp","href":"https:\/\/api.w.org\/{rel}","templated":true}]}}